{"id":42964,"date":"2020-04-20T05:57:30","date_gmt":"2020-04-20T05:57:30","guid":{"rendered":"https:\/\/toys.lt\/produktas\/trisritenu-skrejritenis-lidz-60-kg-3\/"},"modified":"2026-04-09T00:02:30","modified_gmt":"2026-04-09T00:02:30","slug":"trisritenu-skrejritenis-lidz-60-kg-3","status":"publish","type":"product","link":"https:\/\/toys.lt\/lv\/produktas\/trisritenu-skrejritenis-lidz-60-kg-3\/","title":{"rendered":"Tr\u012bsrite\u0146u skrejritenis (l\u012bdz 60 kg)"},"content":{"rendered":"<p><strong>Funkcijas:<\/strong><\/p>\n<ul style=\"list-style-type: square;\">\n<li>Viegli vad\u0101ms, manevr\u0113tsp\u0113j\u012bgs un stabils<\/li>\n<li>Iztur l\u012bdz 60 kg lielu slodzi.<\/li>\n<li>Caursp\u012bd\u012bgi poliuret\u0101na rite\u0146i ar LED apgaismojumu<\/li>\n<li style=\"margin: 0px; padding: 0px; font: inherit; border: 0px;\">K\u0101jbremze virs aizmugur\u0113j\u0101 rite\u0146a<\/li>\n<li style=\"margin: 0px; padding: 0px; font: inherit; border: 0px;\">T-veida rokturis \u0113rt\u012bbai<\/li>\n<li style=\"margin: 0px; padding: 0px; font: inherit; border: 0px;\">St\u016bres rot\u0101cijas princips darbojas kop\u0101 ar \u0137erme\u0146a l\u012bdzsvaru.<\/li>\n<li>Roktura augstums regul\u0113jams l\u012bdz 87 cm<\/li>\n<li style=\"margin: 0px; padding: 0px; font: inherit; border: 0px;\">Sk\u016btera st\u016bre ir no\u0146emama, padarot to kompaktu un mobilu.<\/li>\n<li style=\"margin: 0px; padding: 0px; font: inherit; border: 0px;\">Brauciena laik\u0101 j\u016bsu b\u0113rns m\u0101c\u012bsies l\u012bdzsvarot un att\u012bst\u012bt koordin\u0101ciju.<\/li>\n<\/ul>\n<p>&nbsp;<\/p>\n","protected":false},"excerpt":{"rendered":"<p>Produkta veids: p\u0101rvieto\u0161an\u0101s pal\u012bgl\u012bdzeklis<\/p>\n<p>Izcelsmes valsts: \u0136\u012bna<\/p>\n<p>Iepakojuma izm\u0113ri: 62,5 x 15 x 26 cm<\/p>\n<p>Sk\u016btera izm\u0113ri: 67 x 22 x 55 cm<\/p>\n<p>Svars: 1,8 kg<\/p>\n<p>Rite\u0146a diametrs: 8 cm (aizmugur\u0113jais), 12,5 cm (priek\u0161\u0113jais)<\/p>\n<p>Izstr\u0101d\u0101juma materi\u0101ls: GFK, PP, ALU<\/p>\n<p>Rite\u0146a materi\u0101ls: PU, 78&#8217;shore A<\/p>\n<p>Ieteicamais vecums: no 3 gadiem<\/p>\n","protected":false},"featured_media":36807,"comment_status":"open","ping_status":"closed","template":"","meta":[],"product_brand":[],"product_cat":[1162,1166],"product_tag":[],"class_list":{"0":"post-42964","1":"product","2":"type-product","3":"status-publish","4":"has-post-thumbnail","6":"product_cat-ara-un-vasaras-rotallietas","7":"product_cat-skuteri-tricikli-motocikli-kvadracikli","8":"pa_prek-s-tipas-skuteri","10":"first","11":"instock","12":"sale","13":"taxable","14":"shipping-taxable","15":"purchasable","16":"product-type-simple"},"yoast_head":"<!-- This site is optimized with the Yoast SEO plugin v26.3 - https:\/\/yoast.com\/wordpress\/plugins\/seo\/ -->\n<title>Tr\u012bsrite\u0146u skrejritenis (l\u012bdz 60 kg) - Toys.lt<\/title>\n<meta name=\"robots\" content=\"index, follow, max-snippet:-1, max-image-preview:large, max-video-preview:-1\" \/>\n<link rel=\"canonical\" href=\"https:\/\/toys.lt\/lv\/produktas\/trisritenu-skrejritenis-lidz-60-kg-3\/\" \/>\n<meta property=\"og:locale\" content=\"lv_LV\" \/>\n<meta property=\"og:type\" content=\"article\" \/>\n<meta property=\"og:title\" content=\"Tr\u012bsrite\u0146u skrejritenis (l\u012bdz 60 kg) - Toys.lt\" \/>\n<meta property=\"og:description\" content=\"Produkta veids: p\u0101rvieto\u0161an\u0101s pal\u012bgl\u012bdzeklis Izcelsmes valsts: \u0136\u012bna Iepakojuma izm\u0113ri: 62,5 x 15 x 26 cm Sk\u016btera izm\u0113ri: 67 x 22 x 55 cm Svars: 1,8 kg Rite\u0146a diametrs: 8 cm (aizmugur\u0113jais), 12,5 cm (priek\u0161\u0113jais) Izstr\u0101d\u0101juma materi\u0101ls: GFK, PP, ALU Rite\u0146a materi\u0101ls: PU, 78&#039;shore A Ieteicamais vecums: no 3 gadiem\" \/>\n<meta property=\"og:url\" content=\"https:\/\/toys.lt\/lv\/produktas\/trisritenu-skrejritenis-lidz-60-kg-3\/\" \/>\n<meta property=\"og:site_name\" content=\"Toys.lt\" \/>\n<meta property=\"article:modified_time\" content=\"2026-04-09T00:02:30+00:00\" \/>\n<meta property=\"og:image\" content=\"https:\/\/toys.lt\/wp-content\/uploads\/2020\/04\/products-692.jpg\" \/>\n\t<meta property=\"og:image:width\" content=\"520\" \/>\n\t<meta property=\"og:image:height\" content=\"692\" \/>\n\t<meta property=\"og:image:type\" content=\"image\/jpeg\" \/>\n<meta name=\"twitter:card\" content=\"summary_large_image\" \/>\n<script type=\"application\/ld+json\" class=\"yoast-schema-graph\">{\"@context\":\"https:\/\/schema.org\",\"@graph\":[{\"@type\":\"WebPage\",\"@id\":\"https:\/\/toys.lt\/lv\/produktas\/trisritenu-skrejritenis-lidz-60-kg-3\/\",\"url\":\"https:\/\/toys.lt\/lv\/produktas\/trisritenu-skrejritenis-lidz-60-kg-3\/\",\"name\":\"Tr\u012bsrite\u0146u skrejritenis (l\u012bdz 60 kg) - Toys.lt\",\"isPartOf\":{\"@id\":\"https:\/\/toys.lt\/lv\/#website\"},\"primaryImageOfPage\":{\"@id\":\"https:\/\/toys.lt\/lv\/produktas\/trisritenu-skrejritenis-lidz-60-kg-3\/#primaryimage\"},\"image\":{\"@id\":\"https:\/\/toys.lt\/lv\/produktas\/trisritenu-skrejritenis-lidz-60-kg-3\/#primaryimage\"},\"thumbnailUrl\":\"https:\/\/toys.lt\/wp-content\/uploads\/2020\/04\/products-692.jpg\",\"datePublished\":\"2020-04-20T05:57:30+00:00\",\"dateModified\":\"2026-04-09T00:02:30+00:00\",\"breadcrumb\":{\"@id\":\"https:\/\/toys.lt\/lv\/produktas\/trisritenu-skrejritenis-lidz-60-kg-3\/#breadcrumb\"},\"inLanguage\":\"lv-LV\",\"potentialAction\":[{\"@type\":\"ReadAction\",\"target\":[\"https:\/\/toys.lt\/lv\/produktas\/trisritenu-skrejritenis-lidz-60-kg-3\/\"]}]},{\"@type\":\"ImageObject\",\"inLanguage\":\"lv-LV\",\"@id\":\"https:\/\/toys.lt\/lv\/produktas\/trisritenu-skrejritenis-lidz-60-kg-3\/#primaryimage\",\"url\":\"https:\/\/toys.lt\/wp-content\/uploads\/2020\/04\/products-692.jpg\",\"contentUrl\":\"https:\/\/toys.lt\/wp-content\/uploads\/2020\/04\/products-692.jpg\",\"width\":520,\"height\":692,\"caption\":\"Trij\u0173 rat\u0173 paspirtukas\"},{\"@type\":\"BreadcrumbList\",\"@id\":\"https:\/\/toys.lt\/lv\/produktas\/trisritenu-skrejritenis-lidz-60-kg-3\/#breadcrumb\",\"itemListElement\":[{\"@type\":\"ListItem\",\"position\":1,\"name\":\"Home\",\"item\":\"https:\/\/toys.lt\/lv\/\"},{\"@type\":\"ListItem\",\"position\":2,\"name\":\"Veikals\",\"item\":\"https:\/\/toys.lt\/lv\/shop\/\"},{\"@type\":\"ListItem\",\"position\":3,\"name\":\"Tr\u012bsrite\u0146u skrejritenis (l\u012bdz 60 kg)\"}]},{\"@type\":\"WebSite\",\"@id\":\"https:\/\/toys.lt\/lv\/#website\",\"url\":\"https:\/\/toys.lt\/lv\/\",\"name\":\"Toys.lt\",\"description\":\"\",\"potentialAction\":[{\"@type\":\"SearchAction\",\"target\":{\"@type\":\"EntryPoint\",\"urlTemplate\":\"https:\/\/toys.lt\/lv\/?s={search_term_string}\"},\"query-input\":{\"@type\":\"PropertyValueSpecification\",\"valueRequired\":true,\"valueName\":\"search_term_string\"}}],\"inLanguage\":\"lv-LV\"}]}<\/script>\n<!-- \/ Yoast SEO plugin. -->","yoast_head_json":{"title":"Tr\u012bsrite\u0146u skrejritenis (l\u012bdz 60 kg) - Toys.lt","robots":{"index":"index","follow":"follow","max-snippet":"max-snippet:-1","max-image-preview":"max-image-preview:large","max-video-preview":"max-video-preview:-1"},"canonical":"https:\/\/toys.lt\/lv\/produktas\/trisritenu-skrejritenis-lidz-60-kg-3\/","og_locale":"lv_LV","og_type":"article","og_title":"Tr\u012bsrite\u0146u skrejritenis (l\u012bdz 60 kg) - Toys.lt","og_description":"Produkta veids: p\u0101rvieto\u0161an\u0101s pal\u012bgl\u012bdzeklis Izcelsmes valsts: \u0136\u012bna Iepakojuma izm\u0113ri: 62,5 x 15 x 26 cm Sk\u016btera izm\u0113ri: 67 x 22 x 55 cm Svars: 1,8 kg Rite\u0146a diametrs: 8 cm (aizmugur\u0113jais), 12,5 cm (priek\u0161\u0113jais) Izstr\u0101d\u0101juma materi\u0101ls: GFK, PP, ALU Rite\u0146a materi\u0101ls: PU, 78'shore A Ieteicamais vecums: no 3 gadiem","og_url":"https:\/\/toys.lt\/lv\/produktas\/trisritenu-skrejritenis-lidz-60-kg-3\/","og_site_name":"Toys.lt","article_modified_time":"2026-04-09T00:02:30+00:00","og_image":[{"width":520,"height":692,"url":"https:\/\/toys.lt\/wp-content\/uploads\/2020\/04\/products-692.jpg","type":"image\/jpeg"}],"twitter_card":"summary_large_image","schema":{"@context":"https:\/\/schema.org","@graph":[{"@type":"WebPage","@id":"https:\/\/toys.lt\/lv\/produktas\/trisritenu-skrejritenis-lidz-60-kg-3\/","url":"https:\/\/toys.lt\/lv\/produktas\/trisritenu-skrejritenis-lidz-60-kg-3\/","name":"Tr\u012bsrite\u0146u skrejritenis (l\u012bdz 60 kg) - Toys.lt","isPartOf":{"@id":"https:\/\/toys.lt\/lv\/#website"},"primaryImageOfPage":{"@id":"https:\/\/toys.lt\/lv\/produktas\/trisritenu-skrejritenis-lidz-60-kg-3\/#primaryimage"},"image":{"@id":"https:\/\/toys.lt\/lv\/produktas\/trisritenu-skrejritenis-lidz-60-kg-3\/#primaryimage"},"thumbnailUrl":"https:\/\/toys.lt\/wp-content\/uploads\/2020\/04\/products-692.jpg","datePublished":"2020-04-20T05:57:30+00:00","dateModified":"2026-04-09T00:02:30+00:00","breadcrumb":{"@id":"https:\/\/toys.lt\/lv\/produktas\/trisritenu-skrejritenis-lidz-60-kg-3\/#breadcrumb"},"inLanguage":"lv-LV","potentialAction":[{"@type":"ReadAction","target":["https:\/\/toys.lt\/lv\/produktas\/trisritenu-skrejritenis-lidz-60-kg-3\/"]}]},{"@type":"ImageObject","inLanguage":"lv-LV","@id":"https:\/\/toys.lt\/lv\/produktas\/trisritenu-skrejritenis-lidz-60-kg-3\/#primaryimage","url":"https:\/\/toys.lt\/wp-content\/uploads\/2020\/04\/products-692.jpg","contentUrl":"https:\/\/toys.lt\/wp-content\/uploads\/2020\/04\/products-692.jpg","width":520,"height":692,"caption":"Trij\u0173 rat\u0173 paspirtukas"},{"@type":"BreadcrumbList","@id":"https:\/\/toys.lt\/lv\/produktas\/trisritenu-skrejritenis-lidz-60-kg-3\/#breadcrumb","itemListElement":[{"@type":"ListItem","position":1,"name":"Home","item":"https:\/\/toys.lt\/lv\/"},{"@type":"ListItem","position":2,"name":"Veikals","item":"https:\/\/toys.lt\/lv\/shop\/"},{"@type":"ListItem","position":3,"name":"Tr\u012bsrite\u0146u skrejritenis (l\u012bdz 60 kg)"}]},{"@type":"WebSite","@id":"https:\/\/toys.lt\/lv\/#website","url":"https:\/\/toys.lt\/lv\/","name":"Toys.lt","description":"","potentialAction":[{"@type":"SearchAction","target":{"@type":"EntryPoint","urlTemplate":"https:\/\/toys.lt\/lv\/?s={search_term_string}"},"query-input":{"@type":"PropertyValueSpecification","valueRequired":true,"valueName":"search_term_string"}}],"inLanguage":"lv-LV"}]}},"_links":{"self":[{"href":"https:\/\/toys.lt\/lv\/wp-json\/wp\/v2\/product\/42964","targetHints":{"allow":["GET"]}}],"collection":[{"href":"https:\/\/toys.lt\/lv\/wp-json\/wp\/v2\/product"}],"about":[{"href":"https:\/\/toys.lt\/lv\/wp-json\/wp\/v2\/types\/product"}],"replies":[{"embeddable":true,"href":"https:\/\/toys.lt\/lv\/wp-json\/wp\/v2\/comments?post=42964"}],"version-history":[{"count":1,"href":"https:\/\/toys.lt\/lv\/wp-json\/wp\/v2\/product\/42964\/revisions"}],"predecessor-version":[{"id":46324,"href":"https:\/\/toys.lt\/lv\/wp-json\/wp\/v2\/product\/42964\/revisions\/46324"}],"wp:featuredmedia":[{"embeddable":true,"href":"https:\/\/toys.lt\/lv\/wp-json\/wp\/v2\/media\/36807"}],"wp:attachment":[{"href":"https:\/\/toys.lt\/lv\/wp-json\/wp\/v2\/media?parent=42964"}],"wp:term":[{"taxonomy":"product_brand","embeddable":true,"href":"https:\/\/toys.lt\/lv\/wp-json\/wp\/v2\/product_brand?post=42964"},{"taxonomy":"product_cat","embeddable":true,"href":"https:\/\/toys.lt\/lv\/wp-json\/wp\/v2\/product_cat?post=42964"},{"taxonomy":"product_tag","embeddable":true,"href":"https:\/\/toys.lt\/lv\/wp-json\/wp\/v2\/product_tag?post=42964"}],"curies":[{"name":"wp","href":"https:\/\/api.w.org\/{rel}","templated":true}]}}