{"id":42953,"date":"2020-04-20T08:11:37","date_gmt":"2020-04-20T08:11:37","guid":{"rendered":"https:\/\/toys.lt\/produktas\/r-b-sturejams-metala-kapurkezu-iekravejs-114\/"},"modified":"2026-04-09T00:02:30","modified_gmt":"2026-04-09T00:02:30","slug":"r-b-sturejams-metala-kapurkezu-iekravejs-114","status":"publish","type":"product","link":"https:\/\/toys.lt\/lv\/produktas\/r-b-sturejams-metala-kapurkezu-iekravejs-114\/","title":{"rendered":"R\/B st\u016br\u0113jams met\u0101la k\u0101pur\u0137\u0113\u017eu iekr\u0101v\u0113js 1:14"},"content":{"rendered":"<p><strong>Funkcijas:<\/strong><\/p>\n<ul style=\"list-style-type: square;\">\n<li style=\"margin: 0px; padding: 0px; font: inherit; border: 0px;\">Sp\u0113c\u012bga satv\u0113riena jauda<\/li>\n<li style=\"margin: 0px; padding: 0px; font: inherit; border: 0px;\">Imit\u0113ts ska\u0146as efekts un kr\u0101sainas darba gaismas<\/li>\n<li style=\"margin: 0px; padding: 0px; font: inherit; border: 0px;\">Kust\u012bba visos virzienos<\/li>\n<li style=\"margin: 0px; padding: 0px; font: inherit; border: 0px;\">Mobil\u0101 skava<\/li>\n<li style=\"margin: 0px; padding: 0px; font: inherit; border: 0px;\">16 kan\u0101lu vad\u012bba<\/li>\n<li style=\"margin: 0px; padding: 0px; font: inherit; border: 0px;\">Kab\u012bne, kas grie\u017eas ap savu asi<\/li>\n<li style=\"margin: 0px; padding: 0px; font: inherit; border: 0px;\">Met\u0101la korpuss<\/li>\n<li style=\"margin: 0px; padding: 0px; font: inherit; border: 0px;\">Rota\u013clietu darbina uzl\u0101d\u0113jams akumulators.<\/li>\n<li style=\"margin: 0px; padding: 0px; font: inherit; border: 0px;\">T\u0101lvad\u012bbas pults<\/li>\n<li style=\"margin: 0px; padding: 0px; font: inherit; border: 0px;\">Dro\u0161s b\u0113rna vesel\u012bbai<\/li>\n<li style=\"margin: 0px; padding: 0px; font: inherit; border: 0px;\">Piem\u0113rots lieto\u0161anai m\u0101j\u0101s un \u0101rpus telp\u0101m<\/li>\n<\/ul>\n<p>&nbsp;<\/p>\n","protected":false},"excerpt":{"rendered":"<p>Produkta veids: st\u016br\u0113jamas rota\u013clietas<\/p>\n<p>Izcelsmes valsts: \u0136\u012bna<\/p>\n<p>Iepakojuma izm\u0113ri: 19 x 62 x 36 cm<\/p>\n<p>Svars: 2 kg<\/p>\n<p>Izstr\u0101d\u0101juma materi\u0101ls: met\u0101ls, plastmasa, gumija<\/p>\n<p>M\u0113rogi: 1:14<\/p>\n<p>Frekvence: 2,4 GHz<\/p>\n<p>Darb\u012bbas att\u0101lums: aptuveni 50 metri<\/p>\n<p>Ieteicamais vecums: no 8 gadiem<\/p>\n<p>Baterijas: 2 x AA (nav iek\u013cautas komplekt\u0101)<\/p>\n","protected":false},"featured_media":36822,"comment_status":"open","ping_status":"closed","template":"","meta":[],"product_brand":[],"product_cat":[1176,1160,1155],"product_tag":[],"class_list":{"0":"post-42953","1":"product","2":"type-product","3":"status-publish","4":"has-post-thumbnail","6":"product_cat-rotallietas-zeniem","7":"product_cat-kontroletas-rotallietas","8":"product_cat-leti","9":"pa_amziaus-grupe-8-lv","10":"pa_prek-s-tipas-smaga-tehnika","12":"first","13":"outofstock","14":"taxable","15":"shipping-taxable","16":"purchasable","17":"product-type-simple"},"yoast_head":"<!-- This site is optimized with the Yoast SEO plugin v26.3 - https:\/\/yoast.com\/wordpress\/plugins\/seo\/ -->\n<title>R\/B st\u016br\u0113jams met\u0101la k\u0101pur\u0137\u0113\u017eu iekr\u0101v\u0113js 1:14 - Toys.lt<\/title>\n<meta name=\"robots\" content=\"index, follow, max-snippet:-1, max-image-preview:large, max-video-preview:-1\" \/>\n<link rel=\"canonical\" href=\"https:\/\/toys.lt\/lv\/produktas\/r-b-sturejams-metala-kapurkezu-iekravejs-114\/\" \/>\n<meta property=\"og:locale\" content=\"lv_LV\" \/>\n<meta property=\"og:type\" content=\"article\" \/>\n<meta property=\"og:title\" content=\"R\/B st\u016br\u0113jams met\u0101la k\u0101pur\u0137\u0113\u017eu iekr\u0101v\u0113js 1:14 - Toys.lt\" \/>\n<meta property=\"og:description\" content=\"Produkta veids: st\u016br\u0113jamas rota\u013clietas Izcelsmes valsts: \u0136\u012bna Iepakojuma izm\u0113ri: 19 x 62 x 36 cm Svars: 2 kg Izstr\u0101d\u0101juma materi\u0101ls: met\u0101ls, plastmasa, gumija M\u0113rogi: 1:14 Frekvence: 2,4 GHz Darb\u012bbas att\u0101lums: aptuveni 50 metri Ieteicamais vecums: no 8 gadiem Baterijas: 2 x AA (nav iek\u013cautas komplekt\u0101)\" \/>\n<meta property=\"og:url\" content=\"https:\/\/toys.lt\/lv\/produktas\/r-b-sturejams-metala-kapurkezu-iekravejs-114\/\" \/>\n<meta property=\"og:site_name\" content=\"Toys.lt\" \/>\n<meta property=\"article:modified_time\" content=\"2026-04-09T00:02:30+00:00\" \/>\n<meta property=\"og:image\" content=\"https:\/\/toys.lt\/wp-content\/uploads\/2020\/04\/products-698-scaled.jpg\" \/>\n\t<meta property=\"og:image:width\" content=\"2560\" \/>\n\t<meta property=\"og:image:height\" content=\"1838\" \/>\n\t<meta property=\"og:image:type\" content=\"image\/jpeg\" \/>\n<meta name=\"twitter:card\" content=\"summary_large_image\" \/>\n<script type=\"application\/ld+json\" class=\"yoast-schema-graph\">{\"@context\":\"https:\/\/schema.org\",\"@graph\":[{\"@type\":\"WebPage\",\"@id\":\"https:\/\/toys.lt\/lv\/produktas\/r-b-sturejams-metala-kapurkezu-iekravejs-114\/\",\"url\":\"https:\/\/toys.lt\/lv\/produktas\/r-b-sturejams-metala-kapurkezu-iekravejs-114\/\",\"name\":\"R\/B st\u016br\u0113jams met\u0101la k\u0101pur\u0137\u0113\u017eu iekr\u0101v\u0113js 1:14 - Toys.lt\",\"isPartOf\":{\"@id\":\"https:\/\/toys.lt\/lv\/#website\"},\"primaryImageOfPage\":{\"@id\":\"https:\/\/toys.lt\/lv\/produktas\/r-b-sturejams-metala-kapurkezu-iekravejs-114\/#primaryimage\"},\"image\":{\"@id\":\"https:\/\/toys.lt\/lv\/produktas\/r-b-sturejams-metala-kapurkezu-iekravejs-114\/#primaryimage\"},\"thumbnailUrl\":\"https:\/\/toys.lt\/wp-content\/uploads\/2020\/04\/products-698-scaled.jpg\",\"datePublished\":\"2020-04-20T08:11:37+00:00\",\"dateModified\":\"2026-04-09T00:02:30+00:00\",\"breadcrumb\":{\"@id\":\"https:\/\/toys.lt\/lv\/produktas\/r-b-sturejams-metala-kapurkezu-iekravejs-114\/#breadcrumb\"},\"inLanguage\":\"lv-LV\",\"potentialAction\":[{\"@type\":\"ReadAction\",\"target\":[\"https:\/\/toys.lt\/lv\/produktas\/r-b-sturejams-metala-kapurkezu-iekravejs-114\/\"]}]},{\"@type\":\"ImageObject\",\"inLanguage\":\"lv-LV\",\"@id\":\"https:\/\/toys.lt\/lv\/produktas\/r-b-sturejams-metala-kapurkezu-iekravejs-114\/#primaryimage\",\"url\":\"https:\/\/toys.lt\/wp-content\/uploads\/2020\/04\/products-698-scaled.jpg\",\"contentUrl\":\"https:\/\/toys.lt\/wp-content\/uploads\/2020\/04\/products-698-scaled.jpg\",\"width\":2560,\"height\":1838,\"caption\":\"zaislai berniukams\"},{\"@type\":\"BreadcrumbList\",\"@id\":\"https:\/\/toys.lt\/lv\/produktas\/r-b-sturejams-metala-kapurkezu-iekravejs-114\/#breadcrumb\",\"itemListElement\":[{\"@type\":\"ListItem\",\"position\":1,\"name\":\"Home\",\"item\":\"https:\/\/toys.lt\/lv\/\"},{\"@type\":\"ListItem\",\"position\":2,\"name\":\"Veikals\",\"item\":\"https:\/\/toys.lt\/lv\/shop\/\"},{\"@type\":\"ListItem\",\"position\":3,\"name\":\"R\/B st\u016br\u0113jams met\u0101la k\u0101pur\u0137\u0113\u017eu iekr\u0101v\u0113js 1:14\"}]},{\"@type\":\"WebSite\",\"@id\":\"https:\/\/toys.lt\/lv\/#website\",\"url\":\"https:\/\/toys.lt\/lv\/\",\"name\":\"Toys.lt\",\"description\":\"\",\"potentialAction\":[{\"@type\":\"SearchAction\",\"target\":{\"@type\":\"EntryPoint\",\"urlTemplate\":\"https:\/\/toys.lt\/lv\/?s={search_term_string}\"},\"query-input\":{\"@type\":\"PropertyValueSpecification\",\"valueRequired\":true,\"valueName\":\"search_term_string\"}}],\"inLanguage\":\"lv-LV\"}]}<\/script>\n<!-- \/ Yoast SEO plugin. -->","yoast_head_json":{"title":"R\/B st\u016br\u0113jams met\u0101la k\u0101pur\u0137\u0113\u017eu iekr\u0101v\u0113js 1:14 - Toys.lt","robots":{"index":"index","follow":"follow","max-snippet":"max-snippet:-1","max-image-preview":"max-image-preview:large","max-video-preview":"max-video-preview:-1"},"canonical":"https:\/\/toys.lt\/lv\/produktas\/r-b-sturejams-metala-kapurkezu-iekravejs-114\/","og_locale":"lv_LV","og_type":"article","og_title":"R\/B st\u016br\u0113jams met\u0101la k\u0101pur\u0137\u0113\u017eu iekr\u0101v\u0113js 1:14 - Toys.lt","og_description":"Produkta veids: st\u016br\u0113jamas rota\u013clietas Izcelsmes valsts: \u0136\u012bna Iepakojuma izm\u0113ri: 19 x 62 x 36 cm Svars: 2 kg Izstr\u0101d\u0101juma materi\u0101ls: met\u0101ls, plastmasa, gumija M\u0113rogi: 1:14 Frekvence: 2,4 GHz Darb\u012bbas att\u0101lums: aptuveni 50 metri Ieteicamais vecums: no 8 gadiem Baterijas: 2 x AA (nav iek\u013cautas komplekt\u0101)","og_url":"https:\/\/toys.lt\/lv\/produktas\/r-b-sturejams-metala-kapurkezu-iekravejs-114\/","og_site_name":"Toys.lt","article_modified_time":"2026-04-09T00:02:30+00:00","og_image":[{"width":2560,"height":1838,"url":"https:\/\/toys.lt\/wp-content\/uploads\/2020\/04\/products-698-scaled.jpg","type":"image\/jpeg"}],"twitter_card":"summary_large_image","schema":{"@context":"https:\/\/schema.org","@graph":[{"@type":"WebPage","@id":"https:\/\/toys.lt\/lv\/produktas\/r-b-sturejams-metala-kapurkezu-iekravejs-114\/","url":"https:\/\/toys.lt\/lv\/produktas\/r-b-sturejams-metala-kapurkezu-iekravejs-114\/","name":"R\/B st\u016br\u0113jams met\u0101la k\u0101pur\u0137\u0113\u017eu iekr\u0101v\u0113js 1:14 - Toys.lt","isPartOf":{"@id":"https:\/\/toys.lt\/lv\/#website"},"primaryImageOfPage":{"@id":"https:\/\/toys.lt\/lv\/produktas\/r-b-sturejams-metala-kapurkezu-iekravejs-114\/#primaryimage"},"image":{"@id":"https:\/\/toys.lt\/lv\/produktas\/r-b-sturejams-metala-kapurkezu-iekravejs-114\/#primaryimage"},"thumbnailUrl":"https:\/\/toys.lt\/wp-content\/uploads\/2020\/04\/products-698-scaled.jpg","datePublished":"2020-04-20T08:11:37+00:00","dateModified":"2026-04-09T00:02:30+00:00","breadcrumb":{"@id":"https:\/\/toys.lt\/lv\/produktas\/r-b-sturejams-metala-kapurkezu-iekravejs-114\/#breadcrumb"},"inLanguage":"lv-LV","potentialAction":[{"@type":"ReadAction","target":["https:\/\/toys.lt\/lv\/produktas\/r-b-sturejams-metala-kapurkezu-iekravejs-114\/"]}]},{"@type":"ImageObject","inLanguage":"lv-LV","@id":"https:\/\/toys.lt\/lv\/produktas\/r-b-sturejams-metala-kapurkezu-iekravejs-114\/#primaryimage","url":"https:\/\/toys.lt\/wp-content\/uploads\/2020\/04\/products-698-scaled.jpg","contentUrl":"https:\/\/toys.lt\/wp-content\/uploads\/2020\/04\/products-698-scaled.jpg","width":2560,"height":1838,"caption":"zaislai berniukams"},{"@type":"BreadcrumbList","@id":"https:\/\/toys.lt\/lv\/produktas\/r-b-sturejams-metala-kapurkezu-iekravejs-114\/#breadcrumb","itemListElement":[{"@type":"ListItem","position":1,"name":"Home","item":"https:\/\/toys.lt\/lv\/"},{"@type":"ListItem","position":2,"name":"Veikals","item":"https:\/\/toys.lt\/lv\/shop\/"},{"@type":"ListItem","position":3,"name":"R\/B st\u016br\u0113jams met\u0101la k\u0101pur\u0137\u0113\u017eu iekr\u0101v\u0113js 1:14"}]},{"@type":"WebSite","@id":"https:\/\/toys.lt\/lv\/#website","url":"https:\/\/toys.lt\/lv\/","name":"Toys.lt","description":"","potentialAction":[{"@type":"SearchAction","target":{"@type":"EntryPoint","urlTemplate":"https:\/\/toys.lt\/lv\/?s={search_term_string}"},"query-input":{"@type":"PropertyValueSpecification","valueRequired":true,"valueName":"search_term_string"}}],"inLanguage":"lv-LV"}]}},"_links":{"self":[{"href":"https:\/\/toys.lt\/lv\/wp-json\/wp\/v2\/product\/42953","targetHints":{"allow":["GET"]}}],"collection":[{"href":"https:\/\/toys.lt\/lv\/wp-json\/wp\/v2\/product"}],"about":[{"href":"https:\/\/toys.lt\/lv\/wp-json\/wp\/v2\/types\/product"}],"replies":[{"embeddable":true,"href":"https:\/\/toys.lt\/lv\/wp-json\/wp\/v2\/comments?post=42953"}],"version-history":[{"count":1,"href":"https:\/\/toys.lt\/lv\/wp-json\/wp\/v2\/product\/42953\/revisions"}],"predecessor-version":[{"id":46326,"href":"https:\/\/toys.lt\/lv\/wp-json\/wp\/v2\/product\/42953\/revisions\/46326"}],"wp:featuredmedia":[{"embeddable":true,"href":"https:\/\/toys.lt\/lv\/wp-json\/wp\/v2\/media\/36822"}],"wp:attachment":[{"href":"https:\/\/toys.lt\/lv\/wp-json\/wp\/v2\/media?parent=42953"}],"wp:term":[{"taxonomy":"product_brand","embeddable":true,"href":"https:\/\/toys.lt\/lv\/wp-json\/wp\/v2\/product_brand?post=42953"},{"taxonomy":"product_cat","embeddable":true,"href":"https:\/\/toys.lt\/lv\/wp-json\/wp\/v2\/product_cat?post=42953"},{"taxonomy":"product_tag","embeddable":true,"href":"https:\/\/toys.lt\/lv\/wp-json\/wp\/v2\/product_tag?post=42953"}],"curies":[{"name":"wp","href":"https:\/\/api.w.org\/{rel}","templated":true}]}}