{"id":42946,"date":"2020-04-12T05:55:08","date_gmt":"2020-04-12T05:55:08","guid":{"rendered":"https:\/\/toys.lt\/produktas\/lelle-ar-piederumiem-6\/"},"modified":"2026-04-09T00:02:33","modified_gmt":"2026-04-09T00:02:33","slug":"lelle-ar-piederumiem-6","status":"publish","type":"product","link":"https:\/\/toys.lt\/lv\/produktas\/lelle-ar-piederumiem-6\/","title":{"rendered":"Lelle ar piederumiem"},"content":{"rendered":"<p><strong>Funkcijas:<\/strong><\/p>\n<ul style=\"list-style-type: square\">\n<li style=\"margin: 0px;padding: 0px;font: inherit;border: 0px\">Lelle izdod ska\u0146as<\/li>\n<li style=\"margin: 0px;padding: 0px;font: inherit;border: 0px\">Blink<\/li>\n<li>Da\u017e\u0101di aksesu\u0101ri rota\u013c\u0101m ar lelli<\/li>\n<li>Lelles augstums 30 cm<\/li>\n<li style=\"margin: 0px;padding: 0px;font: inherit;border: 0px\">Att\u012bsta dom\u0101\u0161anu, izt\u0113li, neatkar\u012bbu, rado\u0161umu.<\/li>\n<\/ul>\n","protected":false},"excerpt":{"rendered":"<p>Preces veids: lelle<\/p>\n<p>Izcelsmes valsts: \u0136\u012bna<\/p>\n<p>Iepakojuma izm\u0113ri: 32 x 30 x 13 cm<\/p>\n<p>Ieteicamais vecums: no 3 gadiem<\/p>\n<p>Nepiecie\u0161amie elementi: 3 x LR44<\/p>\n","protected":false},"featured_media":40410,"comment_status":"open","ping_status":"closed","template":"","meta":[],"product_brand":[],"product_cat":[1180,1221,1155],"product_tag":[],"class_list":{"0":"post-42946","1":"product","2":"type-product","3":"status-publish","4":"has-post-thumbnail","6":"product_cat-rotallietas-meitenem","7":"product_cat-rotalu-lelles-un-aksesuari","8":"product_cat-leti","9":"pa_amziaus-grupe-3-lv","11":"first","12":"instock","13":"taxable","14":"shipping-taxable","15":"purchasable","16":"product-type-simple"},"yoast_head":"<!-- This site is optimized with the Yoast SEO plugin v26.3 - https:\/\/yoast.com\/wordpress\/plugins\/seo\/ -->\n<title>Lelle ar piederumiem - Toys.lt<\/title>\n<meta name=\"robots\" content=\"index, follow, max-snippet:-1, max-image-preview:large, max-video-preview:-1\" \/>\n<link rel=\"canonical\" href=\"https:\/\/toys.lt\/lv\/produktas\/lelle-ar-piederumiem-6\/\" \/>\n<meta property=\"og:locale\" content=\"lv_LV\" \/>\n<meta property=\"og:type\" content=\"article\" \/>\n<meta property=\"og:title\" content=\"Lelle ar piederumiem - Toys.lt\" \/>\n<meta property=\"og:description\" content=\"Preces veids: lelle Izcelsmes valsts: \u0136\u012bna Iepakojuma izm\u0113ri: 32 x 30 x 13 cm Ieteicamais vecums: no 3 gadiem Nepiecie\u0161amie elementi: 3 x LR44\" \/>\n<meta property=\"og:url\" content=\"https:\/\/toys.lt\/lv\/produktas\/lelle-ar-piederumiem-6\/\" \/>\n<meta property=\"og:site_name\" content=\"Toys.lt\" \/>\n<meta property=\"article:modified_time\" content=\"2026-04-09T00:02:33+00:00\" \/>\n<meta property=\"og:image\" content=\"https:\/\/toys.lt\/wp-content\/uploads\/2020\/04\/YL130-10-lele-1.jpg\" \/>\n\t<meta property=\"og:image:width\" content=\"700\" \/>\n\t<meta property=\"og:image:height\" content=\"700\" \/>\n\t<meta property=\"og:image:type\" content=\"image\/jpeg\" \/>\n<meta name=\"twitter:card\" content=\"summary_large_image\" \/>\n<script type=\"application\/ld+json\" class=\"yoast-schema-graph\">{\"@context\":\"https:\/\/schema.org\",\"@graph\":[{\"@type\":\"WebPage\",\"@id\":\"https:\/\/toys.lt\/lv\/produktas\/lelle-ar-piederumiem-6\/\",\"url\":\"https:\/\/toys.lt\/lv\/produktas\/lelle-ar-piederumiem-6\/\",\"name\":\"Lelle ar piederumiem - Toys.lt\",\"isPartOf\":{\"@id\":\"https:\/\/toys.lt\/lv\/#website\"},\"primaryImageOfPage\":{\"@id\":\"https:\/\/toys.lt\/lv\/produktas\/lelle-ar-piederumiem-6\/#primaryimage\"},\"image\":{\"@id\":\"https:\/\/toys.lt\/lv\/produktas\/lelle-ar-piederumiem-6\/#primaryimage\"},\"thumbnailUrl\":\"https:\/\/toys.lt\/wp-content\/uploads\/2020\/04\/YL130-10-lele-1.jpg\",\"datePublished\":\"2020-04-12T05:55:08+00:00\",\"dateModified\":\"2026-04-09T00:02:33+00:00\",\"breadcrumb\":{\"@id\":\"https:\/\/toys.lt\/lv\/produktas\/lelle-ar-piederumiem-6\/#breadcrumb\"},\"inLanguage\":\"lv-LV\",\"potentialAction\":[{\"@type\":\"ReadAction\",\"target\":[\"https:\/\/toys.lt\/lv\/produktas\/lelle-ar-piederumiem-6\/\"]}]},{\"@type\":\"ImageObject\",\"inLanguage\":\"lv-LV\",\"@id\":\"https:\/\/toys.lt\/lv\/produktas\/lelle-ar-piederumiem-6\/#primaryimage\",\"url\":\"https:\/\/toys.lt\/wp-content\/uploads\/2020\/04\/YL130-10-lele-1.jpg\",\"contentUrl\":\"https:\/\/toys.lt\/wp-content\/uploads\/2020\/04\/YL130-10-lele-1.jpg\",\"width\":700,\"height\":700,\"caption\":\"L\u0117l\u0117 su priedais\"},{\"@type\":\"BreadcrumbList\",\"@id\":\"https:\/\/toys.lt\/lv\/produktas\/lelle-ar-piederumiem-6\/#breadcrumb\",\"itemListElement\":[{\"@type\":\"ListItem\",\"position\":1,\"name\":\"Home\",\"item\":\"https:\/\/toys.lt\/lv\/\"},{\"@type\":\"ListItem\",\"position\":2,\"name\":\"Veikals\",\"item\":\"https:\/\/toys.lt\/lv\/shop\/\"},{\"@type\":\"ListItem\",\"position\":3,\"name\":\"Lelle ar piederumiem\"}]},{\"@type\":\"WebSite\",\"@id\":\"https:\/\/toys.lt\/lv\/#website\",\"url\":\"https:\/\/toys.lt\/lv\/\",\"name\":\"Toys.lt\",\"description\":\"\",\"potentialAction\":[{\"@type\":\"SearchAction\",\"target\":{\"@type\":\"EntryPoint\",\"urlTemplate\":\"https:\/\/toys.lt\/lv\/?s={search_term_string}\"},\"query-input\":{\"@type\":\"PropertyValueSpecification\",\"valueRequired\":true,\"valueName\":\"search_term_string\"}}],\"inLanguage\":\"lv-LV\"}]}<\/script>\n<!-- \/ Yoast SEO plugin. -->","yoast_head_json":{"title":"Lelle ar piederumiem - Toys.lt","robots":{"index":"index","follow":"follow","max-snippet":"max-snippet:-1","max-image-preview":"max-image-preview:large","max-video-preview":"max-video-preview:-1"},"canonical":"https:\/\/toys.lt\/lv\/produktas\/lelle-ar-piederumiem-6\/","og_locale":"lv_LV","og_type":"article","og_title":"Lelle ar piederumiem - Toys.lt","og_description":"Preces veids: lelle Izcelsmes valsts: \u0136\u012bna Iepakojuma izm\u0113ri: 32 x 30 x 13 cm Ieteicamais vecums: no 3 gadiem Nepiecie\u0161amie elementi: 3 x LR44","og_url":"https:\/\/toys.lt\/lv\/produktas\/lelle-ar-piederumiem-6\/","og_site_name":"Toys.lt","article_modified_time":"2026-04-09T00:02:33+00:00","og_image":[{"width":700,"height":700,"url":"https:\/\/toys.lt\/wp-content\/uploads\/2020\/04\/YL130-10-lele-1.jpg","type":"image\/jpeg"}],"twitter_card":"summary_large_image","schema":{"@context":"https:\/\/schema.org","@graph":[{"@type":"WebPage","@id":"https:\/\/toys.lt\/lv\/produktas\/lelle-ar-piederumiem-6\/","url":"https:\/\/toys.lt\/lv\/produktas\/lelle-ar-piederumiem-6\/","name":"Lelle ar piederumiem - Toys.lt","isPartOf":{"@id":"https:\/\/toys.lt\/lv\/#website"},"primaryImageOfPage":{"@id":"https:\/\/toys.lt\/lv\/produktas\/lelle-ar-piederumiem-6\/#primaryimage"},"image":{"@id":"https:\/\/toys.lt\/lv\/produktas\/lelle-ar-piederumiem-6\/#primaryimage"},"thumbnailUrl":"https:\/\/toys.lt\/wp-content\/uploads\/2020\/04\/YL130-10-lele-1.jpg","datePublished":"2020-04-12T05:55:08+00:00","dateModified":"2026-04-09T00:02:33+00:00","breadcrumb":{"@id":"https:\/\/toys.lt\/lv\/produktas\/lelle-ar-piederumiem-6\/#breadcrumb"},"inLanguage":"lv-LV","potentialAction":[{"@type":"ReadAction","target":["https:\/\/toys.lt\/lv\/produktas\/lelle-ar-piederumiem-6\/"]}]},{"@type":"ImageObject","inLanguage":"lv-LV","@id":"https:\/\/toys.lt\/lv\/produktas\/lelle-ar-piederumiem-6\/#primaryimage","url":"https:\/\/toys.lt\/wp-content\/uploads\/2020\/04\/YL130-10-lele-1.jpg","contentUrl":"https:\/\/toys.lt\/wp-content\/uploads\/2020\/04\/YL130-10-lele-1.jpg","width":700,"height":700,"caption":"L\u0117l\u0117 su priedais"},{"@type":"BreadcrumbList","@id":"https:\/\/toys.lt\/lv\/produktas\/lelle-ar-piederumiem-6\/#breadcrumb","itemListElement":[{"@type":"ListItem","position":1,"name":"Home","item":"https:\/\/toys.lt\/lv\/"},{"@type":"ListItem","position":2,"name":"Veikals","item":"https:\/\/toys.lt\/lv\/shop\/"},{"@type":"ListItem","position":3,"name":"Lelle ar piederumiem"}]},{"@type":"WebSite","@id":"https:\/\/toys.lt\/lv\/#website","url":"https:\/\/toys.lt\/lv\/","name":"Toys.lt","description":"","potentialAction":[{"@type":"SearchAction","target":{"@type":"EntryPoint","urlTemplate":"https:\/\/toys.lt\/lv\/?s={search_term_string}"},"query-input":{"@type":"PropertyValueSpecification","valueRequired":true,"valueName":"search_term_string"}}],"inLanguage":"lv-LV"}]}},"_links":{"self":[{"href":"https:\/\/toys.lt\/lv\/wp-json\/wp\/v2\/product\/42946","targetHints":{"allow":["GET"]}}],"collection":[{"href":"https:\/\/toys.lt\/lv\/wp-json\/wp\/v2\/product"}],"about":[{"href":"https:\/\/toys.lt\/lv\/wp-json\/wp\/v2\/types\/product"}],"replies":[{"embeddable":true,"href":"https:\/\/toys.lt\/lv\/wp-json\/wp\/v2\/comments?post=42946"}],"version-history":[{"count":1,"href":"https:\/\/toys.lt\/lv\/wp-json\/wp\/v2\/product\/42946\/revisions"}],"predecessor-version":[{"id":46316,"href":"https:\/\/toys.lt\/lv\/wp-json\/wp\/v2\/product\/42946\/revisions\/46316"}],"wp:featuredmedia":[{"embeddable":true,"href":"https:\/\/toys.lt\/lv\/wp-json\/wp\/v2\/media\/40410"}],"wp:attachment":[{"href":"https:\/\/toys.lt\/lv\/wp-json\/wp\/v2\/media?parent=42946"}],"wp:term":[{"taxonomy":"product_brand","embeddable":true,"href":"https:\/\/toys.lt\/lv\/wp-json\/wp\/v2\/product_brand?post=42946"},{"taxonomy":"product_cat","embeddable":true,"href":"https:\/\/toys.lt\/lv\/wp-json\/wp\/v2\/product_cat?post=42946"},{"taxonomy":"product_tag","embeddable":true,"href":"https:\/\/toys.lt\/lv\/wp-json\/wp\/v2\/product_tag?post=42946"}],"curies":[{"name":"wp","href":"https:\/\/api.w.org\/{rel}","templated":true}]}}