{"id":42943,"date":"2020-05-21T06:08:42","date_gmt":"2020-05-21T06:08:42","guid":{"rendered":"https:\/\/toys.lt\/produktas\/koka-labirinta-ratini\/"},"modified":"2026-04-09T00:02:28","modified_gmt":"2026-04-09T00:02:28","slug":"koka-labirinta-ratini","status":"publish","type":"product","link":"https:\/\/toys.lt\/lv\/produktas\/koka-labirinta-ratini\/","title":{"rendered":"Koka labirinta rati\u0146i"},"content":{"rendered":"<p><strong>Funkcijas:<\/strong><\/p>\n<ul style=\"list-style-type: square;\">\n<li>Uz rota\u013clietas nav asu st\u016bru vai raupju virsmu.<\/li>\n<li>Rota\u013clietai piestiprin\u0101ta izliekta stieple, pa kuru var br\u012bvi p\u0101rvietoties da\u017e\u0101das kr\u0101sas un formas fig\u016bras.<\/li>\n<li>Aitas formas rota\u013clieta ir uz rite\u0146iem, t\u0101p\u0113c to var p\u0101rvietot<\/li>\n<li>Rota\u013clieta veicina b\u0113rna lo\u0123ikas, motorikas un rado\u0161o sp\u0113ju att\u012bst\u012bbu.<\/li>\n<li style=\"margin: 0px; padding: 0px; font: inherit; border: 0px;\">Biolo\u0123iskais produkts<\/li>\n<li style=\"margin: 0px; padding: 0px; font: inherit; border: 0px;\">dro\u0161i, netoksiski materi\u0101li<\/li>\n<\/ul>\n<p>&nbsp;<\/p>\n","protected":false},"excerpt":{"rendered":"<p>Produkta veids: koka rota\u013clietas<\/p>\n<p>Izcelsmes valsts: \u0136\u012bna<\/p>\n<p>Iepakojuma izm\u0113ri: 21,5 x 10 x 22,7 cm<\/p>\n<p>Produkta izm\u0113ri: 17 x 2 x 13,5 cm<\/p>\n<p>Produkta materi\u0101ls: koks, met\u0101ls<\/p>\n<p>Ieteicamais vecums: no 3 gadiem.<\/p>\n","protected":false},"featured_media":36984,"comment_status":"open","ping_status":"closed","template":"","meta":[],"product_brand":[],"product_cat":[1349,1180,1176,1157,1406],"product_tag":[],"class_list":{"0":"post-42943","1":"product","2":"type-product","3":"status-publish","4":"has-post-thumbnail","6":"product_cat-koka-rotallietas","7":"product_cat-rotallietas-meitenem","8":"product_cat-rotallietas-zeniem","9":"product_cat-izglitojosas-un-interaktivas-rotallietas","10":"product_cat-letakais","11":"pa_amziaus-grupe-3-lv","12":"pa_prek-s-tipas-koka-rotallietas","14":"first","15":"instock","16":"sale","17":"taxable","18":"shipping-taxable","19":"purchasable","20":"product-type-simple"},"yoast_head":"<!-- This site is optimized with the Yoast SEO plugin v26.3 - https:\/\/yoast.com\/wordpress\/plugins\/seo\/ -->\n<title>Koka labirinta rati\u0146i - Toys.lt<\/title>\n<meta name=\"robots\" content=\"index, follow, max-snippet:-1, max-image-preview:large, max-video-preview:-1\" \/>\n<link rel=\"canonical\" href=\"https:\/\/toys.lt\/lv\/produktas\/koka-labirinta-ratini\/\" \/>\n<meta property=\"og:locale\" content=\"lv_LV\" \/>\n<meta property=\"og:type\" content=\"article\" \/>\n<meta property=\"og:title\" content=\"Koka labirinta rati\u0146i - Toys.lt\" \/>\n<meta property=\"og:description\" content=\"Produkta veids: koka rota\u013clietas Izcelsmes valsts: \u0136\u012bna Iepakojuma izm\u0113ri: 21,5 x 10 x 22,7 cm Produkta izm\u0113ri: 17 x 2 x 13,5 cm Produkta materi\u0101ls: koks, met\u0101ls Ieteicamais vecums: no 3 gadiem.\" \/>\n<meta property=\"og:url\" content=\"https:\/\/toys.lt\/lv\/produktas\/koka-labirinta-ratini\/\" \/>\n<meta property=\"og:site_name\" content=\"Toys.lt\" \/>\n<meta property=\"article:modified_time\" content=\"2026-04-09T00:02:28+00:00\" \/>\n<meta property=\"og:image\" content=\"https:\/\/toys.lt\/wp-content\/uploads\/2020\/05\/products-880.jpg\" \/>\n\t<meta property=\"og:image:width\" content=\"965\" \/>\n\t<meta property=\"og:image:height\" content=\"1200\" \/>\n\t<meta property=\"og:image:type\" content=\"image\/jpeg\" \/>\n<meta name=\"twitter:card\" content=\"summary_large_image\" \/>\n<script type=\"application\/ld+json\" class=\"yoast-schema-graph\">{\"@context\":\"https:\/\/schema.org\",\"@graph\":[{\"@type\":\"WebPage\",\"@id\":\"https:\/\/toys.lt\/lv\/produktas\/koka-labirinta-ratini\/\",\"url\":\"https:\/\/toys.lt\/lv\/produktas\/koka-labirinta-ratini\/\",\"name\":\"Koka labirinta rati\u0146i - Toys.lt\",\"isPartOf\":{\"@id\":\"https:\/\/toys.lt\/lv\/#website\"},\"primaryImageOfPage\":{\"@id\":\"https:\/\/toys.lt\/lv\/produktas\/koka-labirinta-ratini\/#primaryimage\"},\"image\":{\"@id\":\"https:\/\/toys.lt\/lv\/produktas\/koka-labirinta-ratini\/#primaryimage\"},\"thumbnailUrl\":\"https:\/\/toys.lt\/wp-content\/uploads\/2020\/05\/products-880.jpg\",\"datePublished\":\"2020-05-21T06:08:42+00:00\",\"dateModified\":\"2026-04-09T00:02:28+00:00\",\"breadcrumb\":{\"@id\":\"https:\/\/toys.lt\/lv\/produktas\/koka-labirinta-ratini\/#breadcrumb\"},\"inLanguage\":\"lv-LV\",\"potentialAction\":[{\"@type\":\"ReadAction\",\"target\":[\"https:\/\/toys.lt\/lv\/produktas\/koka-labirinta-ratini\/\"]}]},{\"@type\":\"ImageObject\",\"inLanguage\":\"lv-LV\",\"@id\":\"https:\/\/toys.lt\/lv\/produktas\/koka-labirinta-ratini\/#primaryimage\",\"url\":\"https:\/\/toys.lt\/wp-content\/uploads\/2020\/05\/products-880.jpg\",\"contentUrl\":\"https:\/\/toys.lt\/wp-content\/uploads\/2020\/05\/products-880.jpg\",\"width\":965,\"height\":1200,\"caption\":\"Medinis labirinto ve\u017eim\u0117lis\"},{\"@type\":\"BreadcrumbList\",\"@id\":\"https:\/\/toys.lt\/lv\/produktas\/koka-labirinta-ratini\/#breadcrumb\",\"itemListElement\":[{\"@type\":\"ListItem\",\"position\":1,\"name\":\"Home\",\"item\":\"https:\/\/toys.lt\/lv\/\"},{\"@type\":\"ListItem\",\"position\":2,\"name\":\"Veikals\",\"item\":\"https:\/\/toys.lt\/lv\/shop\/\"},{\"@type\":\"ListItem\",\"position\":3,\"name\":\"Koka labirinta rati\u0146i\"}]},{\"@type\":\"WebSite\",\"@id\":\"https:\/\/toys.lt\/lv\/#website\",\"url\":\"https:\/\/toys.lt\/lv\/\",\"name\":\"Toys.lt\",\"description\":\"\",\"potentialAction\":[{\"@type\":\"SearchAction\",\"target\":{\"@type\":\"EntryPoint\",\"urlTemplate\":\"https:\/\/toys.lt\/lv\/?s={search_term_string}\"},\"query-input\":{\"@type\":\"PropertyValueSpecification\",\"valueRequired\":true,\"valueName\":\"search_term_string\"}}],\"inLanguage\":\"lv-LV\"}]}<\/script>\n<!-- \/ Yoast SEO plugin. -->","yoast_head_json":{"title":"Koka labirinta rati\u0146i - Toys.lt","robots":{"index":"index","follow":"follow","max-snippet":"max-snippet:-1","max-image-preview":"max-image-preview:large","max-video-preview":"max-video-preview:-1"},"canonical":"https:\/\/toys.lt\/lv\/produktas\/koka-labirinta-ratini\/","og_locale":"lv_LV","og_type":"article","og_title":"Koka labirinta rati\u0146i - Toys.lt","og_description":"Produkta veids: koka rota\u013clietas Izcelsmes valsts: \u0136\u012bna Iepakojuma izm\u0113ri: 21,5 x 10 x 22,7 cm Produkta izm\u0113ri: 17 x 2 x 13,5 cm Produkta materi\u0101ls: koks, met\u0101ls Ieteicamais vecums: no 3 gadiem.","og_url":"https:\/\/toys.lt\/lv\/produktas\/koka-labirinta-ratini\/","og_site_name":"Toys.lt","article_modified_time":"2026-04-09T00:02:28+00:00","og_image":[{"width":965,"height":1200,"url":"https:\/\/toys.lt\/wp-content\/uploads\/2020\/05\/products-880.jpg","type":"image\/jpeg"}],"twitter_card":"summary_large_image","schema":{"@context":"https:\/\/schema.org","@graph":[{"@type":"WebPage","@id":"https:\/\/toys.lt\/lv\/produktas\/koka-labirinta-ratini\/","url":"https:\/\/toys.lt\/lv\/produktas\/koka-labirinta-ratini\/","name":"Koka labirinta rati\u0146i - Toys.lt","isPartOf":{"@id":"https:\/\/toys.lt\/lv\/#website"},"primaryImageOfPage":{"@id":"https:\/\/toys.lt\/lv\/produktas\/koka-labirinta-ratini\/#primaryimage"},"image":{"@id":"https:\/\/toys.lt\/lv\/produktas\/koka-labirinta-ratini\/#primaryimage"},"thumbnailUrl":"https:\/\/toys.lt\/wp-content\/uploads\/2020\/05\/products-880.jpg","datePublished":"2020-05-21T06:08:42+00:00","dateModified":"2026-04-09T00:02:28+00:00","breadcrumb":{"@id":"https:\/\/toys.lt\/lv\/produktas\/koka-labirinta-ratini\/#breadcrumb"},"inLanguage":"lv-LV","potentialAction":[{"@type":"ReadAction","target":["https:\/\/toys.lt\/lv\/produktas\/koka-labirinta-ratini\/"]}]},{"@type":"ImageObject","inLanguage":"lv-LV","@id":"https:\/\/toys.lt\/lv\/produktas\/koka-labirinta-ratini\/#primaryimage","url":"https:\/\/toys.lt\/wp-content\/uploads\/2020\/05\/products-880.jpg","contentUrl":"https:\/\/toys.lt\/wp-content\/uploads\/2020\/05\/products-880.jpg","width":965,"height":1200,"caption":"Medinis labirinto ve\u017eim\u0117lis"},{"@type":"BreadcrumbList","@id":"https:\/\/toys.lt\/lv\/produktas\/koka-labirinta-ratini\/#breadcrumb","itemListElement":[{"@type":"ListItem","position":1,"name":"Home","item":"https:\/\/toys.lt\/lv\/"},{"@type":"ListItem","position":2,"name":"Veikals","item":"https:\/\/toys.lt\/lv\/shop\/"},{"@type":"ListItem","position":3,"name":"Koka labirinta rati\u0146i"}]},{"@type":"WebSite","@id":"https:\/\/toys.lt\/lv\/#website","url":"https:\/\/toys.lt\/lv\/","name":"Toys.lt","description":"","potentialAction":[{"@type":"SearchAction","target":{"@type":"EntryPoint","urlTemplate":"https:\/\/toys.lt\/lv\/?s={search_term_string}"},"query-input":{"@type":"PropertyValueSpecification","valueRequired":true,"valueName":"search_term_string"}}],"inLanguage":"lv-LV"}]}},"_links":{"self":[{"href":"https:\/\/toys.lt\/lv\/wp-json\/wp\/v2\/product\/42943","targetHints":{"allow":["GET"]}}],"collection":[{"href":"https:\/\/toys.lt\/lv\/wp-json\/wp\/v2\/product"}],"about":[{"href":"https:\/\/toys.lt\/lv\/wp-json\/wp\/v2\/types\/product"}],"replies":[{"embeddable":true,"href":"https:\/\/toys.lt\/lv\/wp-json\/wp\/v2\/comments?post=42943"}],"version-history":[{"count":1,"href":"https:\/\/toys.lt\/lv\/wp-json\/wp\/v2\/product\/42943\/revisions"}],"predecessor-version":[{"id":46361,"href":"https:\/\/toys.lt\/lv\/wp-json\/wp\/v2\/product\/42943\/revisions\/46361"}],"wp:featuredmedia":[{"embeddable":true,"href":"https:\/\/toys.lt\/lv\/wp-json\/wp\/v2\/media\/36984"}],"wp:attachment":[{"href":"https:\/\/toys.lt\/lv\/wp-json\/wp\/v2\/media?parent=42943"}],"wp:term":[{"taxonomy":"product_brand","embeddable":true,"href":"https:\/\/toys.lt\/lv\/wp-json\/wp\/v2\/product_brand?post=42943"},{"taxonomy":"product_cat","embeddable":true,"href":"https:\/\/toys.lt\/lv\/wp-json\/wp\/v2\/product_cat?post=42943"},{"taxonomy":"product_tag","embeddable":true,"href":"https:\/\/toys.lt\/lv\/wp-json\/wp\/v2\/product_tag?post=42943"}],"curies":[{"name":"wp","href":"https:\/\/api.w.org\/{rel}","templated":true}]}}