{"id":42940,"date":"2020-05-21T06:55:50","date_gmt":"2020-05-21T06:55:50","guid":{"rendered":"https:\/\/toys.lt\/produktas\/koka-lellu-figurinas-happy-family\/"},"modified":"2026-04-09T00:02:28","modified_gmt":"2026-04-09T00:02:28","slug":"koka-lellu-figurinas-happy-family","status":"publish","type":"product","link":"https:\/\/toys.lt\/lv\/produktas\/koka-lellu-figurinas-happy-family\/","title":{"rendered":"Koka le\u013c\u013cu fig\u016bri\u0146as Happy Family"},"content":{"rendered":"<p><strong>Funkcijas:<\/strong><\/p>\n<ul style=\"list-style-type: square;\">\n<li>Koka-tekstila le\u013c\u013cu komplektu Family var izmantot neliel\u0101m te\u0101tra izr\u0101d\u0113m m\u0101j\u0101s vai b\u0113rnud\u0101rz\u0101.<\/li>\n<li>6 le\u013c\u013cu komplekts (m\u0101te, t\u0113vs, vecm\u0101mi\u0146a, vect\u0113vs, meitene, z\u0113ns) 9-11 cm augsts<\/li>\n<li>Le\u013c\u013cu galva, rumpis un k\u0101jas ir izgatavotas no koka, bet dr\u0113bes un mati &#8211; no auduma un diegiem.<\/li>\n<li>Att\u012bsta komunik\u0101cijas prasmes, kust\u012bbu koordin\u0101ciju un izt\u0113li.<\/li>\n<li style=\"margin: 0px; padding: 0px; font: inherit; border: 0px;\">Biolo\u0123isks, augstas kvalit\u0101tes produkts<\/li>\n<li style=\"margin: 0px; padding: 0px; font: inherit; border: 0px;\">dro\u0161i, netoksiski materi\u0101li<\/li>\n<\/ul>\n<p>&nbsp;<\/p>\n","protected":false},"excerpt":{"rendered":"<p>Produkta veids: koka rota\u013clietas<\/p>\n<p>Izcelsmes valsts: \u0136\u012bna<\/p>\n<p>Iepakojuma izm\u0113ri: 29,5 x 6 x 16 cm<\/p>\n<p>Produkta materi\u0101ls: koks, tekstils<\/p>\n<p>Ieteicamais vecums: no 3 gadiem.<\/p>\n","protected":false},"featured_media":36989,"comment_status":"open","ping_status":"closed","template":"","meta":[],"product_brand":[],"product_cat":[1349,1180,1176,1221],"product_tag":[],"class_list":{"0":"post-42940","1":"product","2":"type-product","3":"status-publish","4":"has-post-thumbnail","6":"product_cat-koka-rotallietas","7":"product_cat-rotallietas-meitenem","8":"product_cat-rotallietas-zeniem","9":"product_cat-rotalu-lelles-un-aksesuari","10":"pa_amziaus-grupe-3-lv","11":"pa_prek-s-tipas-koka-rotallietas","13":"first","14":"outofstock","15":"sale","16":"taxable","17":"shipping-taxable","18":"purchasable","19":"product-type-simple"},"yoast_head":"<!-- This site is optimized with the Yoast SEO plugin v26.3 - https:\/\/yoast.com\/wordpress\/plugins\/seo\/ -->\n<title>Koka le\u013c\u013cu fig\u016bri\u0146as Happy Family - Toys.lt<\/title>\n<meta name=\"robots\" content=\"index, follow, max-snippet:-1, max-image-preview:large, max-video-preview:-1\" \/>\n<link rel=\"canonical\" href=\"https:\/\/toys.lt\/lv\/produktas\/koka-lellu-figurinas-happy-family\/\" \/>\n<meta property=\"og:locale\" content=\"lv_LV\" \/>\n<meta property=\"og:type\" content=\"article\" \/>\n<meta property=\"og:title\" content=\"Koka le\u013c\u013cu fig\u016bri\u0146as Happy Family - Toys.lt\" \/>\n<meta property=\"og:description\" content=\"Produkta veids: koka rota\u013clietas Izcelsmes valsts: \u0136\u012bna Iepakojuma izm\u0113ri: 29,5 x 6 x 16 cm Produkta materi\u0101ls: koks, tekstils Ieteicamais vecums: no 3 gadiem.\" \/>\n<meta property=\"og:url\" content=\"https:\/\/toys.lt\/lv\/produktas\/koka-lellu-figurinas-happy-family\/\" \/>\n<meta property=\"og:site_name\" content=\"Toys.lt\" \/>\n<meta property=\"article:modified_time\" content=\"2026-04-09T00:02:28+00:00\" \/>\n<meta property=\"og:image\" content=\"https:\/\/toys.lt\/wp-content\/uploads\/2020\/05\/products-885.jpg\" \/>\n\t<meta property=\"og:image:width\" content=\"576\" \/>\n\t<meta property=\"og:image:height\" content=\"538\" \/>\n\t<meta property=\"og:image:type\" content=\"image\/jpeg\" \/>\n<meta name=\"twitter:card\" content=\"summary_large_image\" \/>\n<script type=\"application\/ld+json\" class=\"yoast-schema-graph\">{\"@context\":\"https:\/\/schema.org\",\"@graph\":[{\"@type\":\"WebPage\",\"@id\":\"https:\/\/toys.lt\/lv\/produktas\/koka-lellu-figurinas-happy-family\/\",\"url\":\"https:\/\/toys.lt\/lv\/produktas\/koka-lellu-figurinas-happy-family\/\",\"name\":\"Koka le\u013c\u013cu fig\u016bri\u0146as Happy Family - Toys.lt\",\"isPartOf\":{\"@id\":\"https:\/\/toys.lt\/lv\/#website\"},\"primaryImageOfPage\":{\"@id\":\"https:\/\/toys.lt\/lv\/produktas\/koka-lellu-figurinas-happy-family\/#primaryimage\"},\"image\":{\"@id\":\"https:\/\/toys.lt\/lv\/produktas\/koka-lellu-figurinas-happy-family\/#primaryimage\"},\"thumbnailUrl\":\"https:\/\/toys.lt\/wp-content\/uploads\/2020\/05\/products-885.jpg\",\"datePublished\":\"2020-05-21T06:55:50+00:00\",\"dateModified\":\"2026-04-09T00:02:28+00:00\",\"breadcrumb\":{\"@id\":\"https:\/\/toys.lt\/lv\/produktas\/koka-lellu-figurinas-happy-family\/#breadcrumb\"},\"inLanguage\":\"lv-LV\",\"potentialAction\":[{\"@type\":\"ReadAction\",\"target\":[\"https:\/\/toys.lt\/lv\/produktas\/koka-lellu-figurinas-happy-family\/\"]}]},{\"@type\":\"ImageObject\",\"inLanguage\":\"lv-LV\",\"@id\":\"https:\/\/toys.lt\/lv\/produktas\/koka-lellu-figurinas-happy-family\/#primaryimage\",\"url\":\"https:\/\/toys.lt\/wp-content\/uploads\/2020\/05\/products-885.jpg\",\"contentUrl\":\"https:\/\/toys.lt\/wp-content\/uploads\/2020\/05\/products-885.jpg\",\"width\":576,\"height\":538,\"caption\":\"Medin\u0117s l\u0117li\u0173 fig\u016br\u0117l\u0117s &#8220;Happy Family&#8221;\"},{\"@type\":\"BreadcrumbList\",\"@id\":\"https:\/\/toys.lt\/lv\/produktas\/koka-lellu-figurinas-happy-family\/#breadcrumb\",\"itemListElement\":[{\"@type\":\"ListItem\",\"position\":1,\"name\":\"Home\",\"item\":\"https:\/\/toys.lt\/lv\/\"},{\"@type\":\"ListItem\",\"position\":2,\"name\":\"Veikals\",\"item\":\"https:\/\/toys.lt\/lv\/shop\/\"},{\"@type\":\"ListItem\",\"position\":3,\"name\":\"Koka le\u013c\u013cu fig\u016bri\u0146as Happy Family\"}]},{\"@type\":\"WebSite\",\"@id\":\"https:\/\/toys.lt\/lv\/#website\",\"url\":\"https:\/\/toys.lt\/lv\/\",\"name\":\"Toys.lt\",\"description\":\"\",\"potentialAction\":[{\"@type\":\"SearchAction\",\"target\":{\"@type\":\"EntryPoint\",\"urlTemplate\":\"https:\/\/toys.lt\/lv\/?s={search_term_string}\"},\"query-input\":{\"@type\":\"PropertyValueSpecification\",\"valueRequired\":true,\"valueName\":\"search_term_string\"}}],\"inLanguage\":\"lv-LV\"}]}<\/script>\n<!-- \/ Yoast SEO plugin. -->","yoast_head_json":{"title":"Koka le\u013c\u013cu fig\u016bri\u0146as Happy Family - Toys.lt","robots":{"index":"index","follow":"follow","max-snippet":"max-snippet:-1","max-image-preview":"max-image-preview:large","max-video-preview":"max-video-preview:-1"},"canonical":"https:\/\/toys.lt\/lv\/produktas\/koka-lellu-figurinas-happy-family\/","og_locale":"lv_LV","og_type":"article","og_title":"Koka le\u013c\u013cu fig\u016bri\u0146as Happy Family - Toys.lt","og_description":"Produkta veids: koka rota\u013clietas Izcelsmes valsts: \u0136\u012bna Iepakojuma izm\u0113ri: 29,5 x 6 x 16 cm Produkta materi\u0101ls: koks, tekstils Ieteicamais vecums: no 3 gadiem.","og_url":"https:\/\/toys.lt\/lv\/produktas\/koka-lellu-figurinas-happy-family\/","og_site_name":"Toys.lt","article_modified_time":"2026-04-09T00:02:28+00:00","og_image":[{"width":576,"height":538,"url":"https:\/\/toys.lt\/wp-content\/uploads\/2020\/05\/products-885.jpg","type":"image\/jpeg"}],"twitter_card":"summary_large_image","schema":{"@context":"https:\/\/schema.org","@graph":[{"@type":"WebPage","@id":"https:\/\/toys.lt\/lv\/produktas\/koka-lellu-figurinas-happy-family\/","url":"https:\/\/toys.lt\/lv\/produktas\/koka-lellu-figurinas-happy-family\/","name":"Koka le\u013c\u013cu fig\u016bri\u0146as Happy Family - Toys.lt","isPartOf":{"@id":"https:\/\/toys.lt\/lv\/#website"},"primaryImageOfPage":{"@id":"https:\/\/toys.lt\/lv\/produktas\/koka-lellu-figurinas-happy-family\/#primaryimage"},"image":{"@id":"https:\/\/toys.lt\/lv\/produktas\/koka-lellu-figurinas-happy-family\/#primaryimage"},"thumbnailUrl":"https:\/\/toys.lt\/wp-content\/uploads\/2020\/05\/products-885.jpg","datePublished":"2020-05-21T06:55:50+00:00","dateModified":"2026-04-09T00:02:28+00:00","breadcrumb":{"@id":"https:\/\/toys.lt\/lv\/produktas\/koka-lellu-figurinas-happy-family\/#breadcrumb"},"inLanguage":"lv-LV","potentialAction":[{"@type":"ReadAction","target":["https:\/\/toys.lt\/lv\/produktas\/koka-lellu-figurinas-happy-family\/"]}]},{"@type":"ImageObject","inLanguage":"lv-LV","@id":"https:\/\/toys.lt\/lv\/produktas\/koka-lellu-figurinas-happy-family\/#primaryimage","url":"https:\/\/toys.lt\/wp-content\/uploads\/2020\/05\/products-885.jpg","contentUrl":"https:\/\/toys.lt\/wp-content\/uploads\/2020\/05\/products-885.jpg","width":576,"height":538,"caption":"Medin\u0117s l\u0117li\u0173 fig\u016br\u0117l\u0117s &#8220;Happy Family&#8221;"},{"@type":"BreadcrumbList","@id":"https:\/\/toys.lt\/lv\/produktas\/koka-lellu-figurinas-happy-family\/#breadcrumb","itemListElement":[{"@type":"ListItem","position":1,"name":"Home","item":"https:\/\/toys.lt\/lv\/"},{"@type":"ListItem","position":2,"name":"Veikals","item":"https:\/\/toys.lt\/lv\/shop\/"},{"@type":"ListItem","position":3,"name":"Koka le\u013c\u013cu fig\u016bri\u0146as Happy Family"}]},{"@type":"WebSite","@id":"https:\/\/toys.lt\/lv\/#website","url":"https:\/\/toys.lt\/lv\/","name":"Toys.lt","description":"","potentialAction":[{"@type":"SearchAction","target":{"@type":"EntryPoint","urlTemplate":"https:\/\/toys.lt\/lv\/?s={search_term_string}"},"query-input":{"@type":"PropertyValueSpecification","valueRequired":true,"valueName":"search_term_string"}}],"inLanguage":"lv-LV"}]}},"_links":{"self":[{"href":"https:\/\/toys.lt\/lv\/wp-json\/wp\/v2\/product\/42940","targetHints":{"allow":["GET"]}}],"collection":[{"href":"https:\/\/toys.lt\/lv\/wp-json\/wp\/v2\/product"}],"about":[{"href":"https:\/\/toys.lt\/lv\/wp-json\/wp\/v2\/types\/product"}],"replies":[{"embeddable":true,"href":"https:\/\/toys.lt\/lv\/wp-json\/wp\/v2\/comments?post=42940"}],"version-history":[{"count":0,"href":"https:\/\/toys.lt\/lv\/wp-json\/wp\/v2\/product\/42940\/revisions"}],"wp:featuredmedia":[{"embeddable":true,"href":"https:\/\/toys.lt\/lv\/wp-json\/wp\/v2\/media\/36989"}],"wp:attachment":[{"href":"https:\/\/toys.lt\/lv\/wp-json\/wp\/v2\/media?parent=42940"}],"wp:term":[{"taxonomy":"product_brand","embeddable":true,"href":"https:\/\/toys.lt\/lv\/wp-json\/wp\/v2\/product_brand?post=42940"},{"taxonomy":"product_cat","embeddable":true,"href":"https:\/\/toys.lt\/lv\/wp-json\/wp\/v2\/product_cat?post=42940"},{"taxonomy":"product_tag","embeddable":true,"href":"https:\/\/toys.lt\/lv\/wp-json\/wp\/v2\/product_tag?post=42940"}],"curies":[{"name":"wp","href":"https:\/\/api.w.org\/{rel}","templated":true}]}}