{"id":42939,"date":"2020-06-22T09:14:06","date_gmt":"2020-06-22T09:14:06","guid":{"rendered":"https:\/\/toys.lt\/produktas\/pilsan-bernu-slidkalnins-dino\/"},"modified":"2026-04-09T00:02:18","modified_gmt":"2026-04-09T00:02:18","slug":"pilsan-bernu-slidkalnins-dino","status":"publish","type":"product","link":"https:\/\/toys.lt\/lv\/produktas\/pilsan-bernu-slidkalnins-dino\/","title":{"rendered":"Pilsan b\u0113rnu slidkalni\u0146\u0161 &#8220;Dino&#8221;"},"content":{"rendered":"<p><strong>Funkcijas:<\/strong><\/p>\n<ul style=\"list-style-type: square\">\n<li>Maksim\u0101lais svars: 35 kg<\/li>\n<li>Slaids ar Dino dizainu<\/li>\n<li>Viegla uzst\u0101d\u012b\u0161ana bez skr\u016bv\u0113m un instrumentiem<\/li>\n<li>Var izmantot atkl\u0101t\u0101s un sl\u0113gt\u0101s telp\u0101s<\/li>\n<li>Elegants un ergonomisks dizains<\/li>\n<li>B\u0113rnu vesel\u012bbai piem\u0113rota izejviela, kas nesatur kancerog\u0113nas vielas<\/li>\n<li>Pilsan rota\u013clietas no Turcijas izce\u013cas ar augstu kvalit\u0101ti.<\/li>\n<\/ul>\n","protected":false},"excerpt":{"rendered":"<p>Produkta veids: slidotava<\/p>\n<p>Izcelsmes valsts: Turcija<\/p>\n<p>Z\u012bmola nosaukums: Pilsan<\/p>\n<p>Iepakojuma izm\u0113ri: 123,5 x 37 x 61 cm<\/p>\n<p>Produkta izm\u0113ri: 140,3 x 62 x 122 cm<\/p>\n<p>Svars: 11,53 kg<\/p>\n<p>Ieteicamais vecums: no 1 gada vecuma<\/p>\n","protected":false},"featured_media":37224,"comment_status":"open","ping_status":"closed","template":"","meta":[],"product_brand":[],"product_cat":[1162,1155,1167],"product_tag":[],"class_list":{"0":"post-42939","1":"product","2":"type-product","3":"status-publish","4":"has-post-thumbnail","6":"product_cat-ara-un-vasaras-rotallietas","7":"product_cat-leti","8":"product_cat-supoles-un-slidkalnini","9":"pa_amziaus-grupe-1-lv","10":"pa_prekes-zenklas-citizen","11":"pa_spalva-dzeltenais","13":"first","14":"instock","15":"sale","16":"taxable","17":"shipping-taxable","18":"purchasable","19":"product-type-simple"},"yoast_head":"<!-- This site is optimized with the Yoast SEO plugin v26.3 - https:\/\/yoast.com\/wordpress\/plugins\/seo\/ -->\n<title>Pilsan b\u0113rnu slidkalni\u0146\u0161 &quot;Dino&quot; - Toys.lt<\/title>\n<meta name=\"robots\" content=\"index, follow, max-snippet:-1, max-image-preview:large, max-video-preview:-1\" \/>\n<link rel=\"canonical\" href=\"https:\/\/toys.lt\/lv\/produktas\/pilsan-bernu-slidkalnins-dino\/\" \/>\n<meta property=\"og:locale\" content=\"lv_LV\" \/>\n<meta property=\"og:type\" content=\"article\" \/>\n<meta property=\"og:title\" content=\"Pilsan b\u0113rnu slidkalni\u0146\u0161 &quot;Dino&quot; - Toys.lt\" \/>\n<meta property=\"og:description\" content=\"Produkta veids: slidotava Izcelsmes valsts: Turcija Z\u012bmola nosaukums: Pilsan Iepakojuma izm\u0113ri: 123,5 x 37 x 61 cm Produkta izm\u0113ri: 140,3 x 62 x 122 cm Svars: 11,53 kg Ieteicamais vecums: no 1 gada vecuma\" \/>\n<meta property=\"og:url\" content=\"https:\/\/toys.lt\/lv\/produktas\/pilsan-bernu-slidkalnins-dino\/\" \/>\n<meta property=\"og:site_name\" content=\"Toys.lt\" \/>\n<meta property=\"article:modified_time\" content=\"2026-04-09T00:02:18+00:00\" \/>\n<meta property=\"og:image\" content=\"https:\/\/toys.lt\/wp-content\/uploads\/2020\/06\/products-1166.jpg\" \/>\n\t<meta property=\"og:image:width\" content=\"1024\" \/>\n\t<meta property=\"og:image:height\" content=\"768\" \/>\n\t<meta property=\"og:image:type\" content=\"image\/jpeg\" \/>\n<meta name=\"twitter:card\" content=\"summary_large_image\" \/>\n<script type=\"application\/ld+json\" class=\"yoast-schema-graph\">{\"@context\":\"https:\/\/schema.org\",\"@graph\":[{\"@type\":\"WebPage\",\"@id\":\"https:\/\/toys.lt\/lv\/produktas\/pilsan-bernu-slidkalnins-dino\/\",\"url\":\"https:\/\/toys.lt\/lv\/produktas\/pilsan-bernu-slidkalnins-dino\/\",\"name\":\"Pilsan b\u0113rnu slidkalni\u0146\u0161 \\\"Dino\\\" - Toys.lt\",\"isPartOf\":{\"@id\":\"https:\/\/toys.lt\/lv\/#website\"},\"primaryImageOfPage\":{\"@id\":\"https:\/\/toys.lt\/lv\/produktas\/pilsan-bernu-slidkalnins-dino\/#primaryimage\"},\"image\":{\"@id\":\"https:\/\/toys.lt\/lv\/produktas\/pilsan-bernu-slidkalnins-dino\/#primaryimage\"},\"thumbnailUrl\":\"https:\/\/toys.lt\/wp-content\/uploads\/2020\/06\/products-1166.jpg\",\"datePublished\":\"2020-06-22T09:14:06+00:00\",\"dateModified\":\"2026-04-09T00:02:18+00:00\",\"breadcrumb\":{\"@id\":\"https:\/\/toys.lt\/lv\/produktas\/pilsan-bernu-slidkalnins-dino\/#breadcrumb\"},\"inLanguage\":\"lv-LV\",\"potentialAction\":[{\"@type\":\"ReadAction\",\"target\":[\"https:\/\/toys.lt\/lv\/produktas\/pilsan-bernu-slidkalnins-dino\/\"]}]},{\"@type\":\"ImageObject\",\"inLanguage\":\"lv-LV\",\"@id\":\"https:\/\/toys.lt\/lv\/produktas\/pilsan-bernu-slidkalnins-dino\/#primaryimage\",\"url\":\"https:\/\/toys.lt\/wp-content\/uploads\/2020\/06\/products-1166.jpg\",\"contentUrl\":\"https:\/\/toys.lt\/wp-content\/uploads\/2020\/06\/products-1166.jpg\",\"width\":1024,\"height\":768,\"caption\":\"Pilsan vaiki\u0161ka \u010diuo\u017eykla &#8220;Dino&#8221;\"},{\"@type\":\"BreadcrumbList\",\"@id\":\"https:\/\/toys.lt\/lv\/produktas\/pilsan-bernu-slidkalnins-dino\/#breadcrumb\",\"itemListElement\":[{\"@type\":\"ListItem\",\"position\":1,\"name\":\"Home\",\"item\":\"https:\/\/toys.lt\/lv\/\"},{\"@type\":\"ListItem\",\"position\":2,\"name\":\"Veikals\",\"item\":\"https:\/\/toys.lt\/lv\/shop\/\"},{\"@type\":\"ListItem\",\"position\":3,\"name\":\"Pilsan b\u0113rnu slidkalni\u0146\u0161 &#8222;Dino&#8221;\"}]},{\"@type\":\"WebSite\",\"@id\":\"https:\/\/toys.lt\/lv\/#website\",\"url\":\"https:\/\/toys.lt\/lv\/\",\"name\":\"Toys.lt\",\"description\":\"\",\"potentialAction\":[{\"@type\":\"SearchAction\",\"target\":{\"@type\":\"EntryPoint\",\"urlTemplate\":\"https:\/\/toys.lt\/lv\/?s={search_term_string}\"},\"query-input\":{\"@type\":\"PropertyValueSpecification\",\"valueRequired\":true,\"valueName\":\"search_term_string\"}}],\"inLanguage\":\"lv-LV\"}]}<\/script>\n<!-- \/ Yoast SEO plugin. -->","yoast_head_json":{"title":"Pilsan b\u0113rnu slidkalni\u0146\u0161 \"Dino\" - Toys.lt","robots":{"index":"index","follow":"follow","max-snippet":"max-snippet:-1","max-image-preview":"max-image-preview:large","max-video-preview":"max-video-preview:-1"},"canonical":"https:\/\/toys.lt\/lv\/produktas\/pilsan-bernu-slidkalnins-dino\/","og_locale":"lv_LV","og_type":"article","og_title":"Pilsan b\u0113rnu slidkalni\u0146\u0161 \"Dino\" - Toys.lt","og_description":"Produkta veids: slidotava Izcelsmes valsts: Turcija Z\u012bmola nosaukums: Pilsan Iepakojuma izm\u0113ri: 123,5 x 37 x 61 cm Produkta izm\u0113ri: 140,3 x 62 x 122 cm Svars: 11,53 kg Ieteicamais vecums: no 1 gada vecuma","og_url":"https:\/\/toys.lt\/lv\/produktas\/pilsan-bernu-slidkalnins-dino\/","og_site_name":"Toys.lt","article_modified_time":"2026-04-09T00:02:18+00:00","og_image":[{"width":1024,"height":768,"url":"https:\/\/toys.lt\/wp-content\/uploads\/2020\/06\/products-1166.jpg","type":"image\/jpeg"}],"twitter_card":"summary_large_image","schema":{"@context":"https:\/\/schema.org","@graph":[{"@type":"WebPage","@id":"https:\/\/toys.lt\/lv\/produktas\/pilsan-bernu-slidkalnins-dino\/","url":"https:\/\/toys.lt\/lv\/produktas\/pilsan-bernu-slidkalnins-dino\/","name":"Pilsan b\u0113rnu slidkalni\u0146\u0161 \"Dino\" - Toys.lt","isPartOf":{"@id":"https:\/\/toys.lt\/lv\/#website"},"primaryImageOfPage":{"@id":"https:\/\/toys.lt\/lv\/produktas\/pilsan-bernu-slidkalnins-dino\/#primaryimage"},"image":{"@id":"https:\/\/toys.lt\/lv\/produktas\/pilsan-bernu-slidkalnins-dino\/#primaryimage"},"thumbnailUrl":"https:\/\/toys.lt\/wp-content\/uploads\/2020\/06\/products-1166.jpg","datePublished":"2020-06-22T09:14:06+00:00","dateModified":"2026-04-09T00:02:18+00:00","breadcrumb":{"@id":"https:\/\/toys.lt\/lv\/produktas\/pilsan-bernu-slidkalnins-dino\/#breadcrumb"},"inLanguage":"lv-LV","potentialAction":[{"@type":"ReadAction","target":["https:\/\/toys.lt\/lv\/produktas\/pilsan-bernu-slidkalnins-dino\/"]}]},{"@type":"ImageObject","inLanguage":"lv-LV","@id":"https:\/\/toys.lt\/lv\/produktas\/pilsan-bernu-slidkalnins-dino\/#primaryimage","url":"https:\/\/toys.lt\/wp-content\/uploads\/2020\/06\/products-1166.jpg","contentUrl":"https:\/\/toys.lt\/wp-content\/uploads\/2020\/06\/products-1166.jpg","width":1024,"height":768,"caption":"Pilsan vaiki\u0161ka \u010diuo\u017eykla &#8220;Dino&#8221;"},{"@type":"BreadcrumbList","@id":"https:\/\/toys.lt\/lv\/produktas\/pilsan-bernu-slidkalnins-dino\/#breadcrumb","itemListElement":[{"@type":"ListItem","position":1,"name":"Home","item":"https:\/\/toys.lt\/lv\/"},{"@type":"ListItem","position":2,"name":"Veikals","item":"https:\/\/toys.lt\/lv\/shop\/"},{"@type":"ListItem","position":3,"name":"Pilsan b\u0113rnu slidkalni\u0146\u0161 &#8222;Dino&#8221;"}]},{"@type":"WebSite","@id":"https:\/\/toys.lt\/lv\/#website","url":"https:\/\/toys.lt\/lv\/","name":"Toys.lt","description":"","potentialAction":[{"@type":"SearchAction","target":{"@type":"EntryPoint","urlTemplate":"https:\/\/toys.lt\/lv\/?s={search_term_string}"},"query-input":{"@type":"PropertyValueSpecification","valueRequired":true,"valueName":"search_term_string"}}],"inLanguage":"lv-LV"}]}},"_links":{"self":[{"href":"https:\/\/toys.lt\/lv\/wp-json\/wp\/v2\/product\/42939","targetHints":{"allow":["GET"]}}],"collection":[{"href":"https:\/\/toys.lt\/lv\/wp-json\/wp\/v2\/product"}],"about":[{"href":"https:\/\/toys.lt\/lv\/wp-json\/wp\/v2\/types\/product"}],"replies":[{"embeddable":true,"href":"https:\/\/toys.lt\/lv\/wp-json\/wp\/v2\/comments?post=42939"}],"version-history":[{"count":1,"href":"https:\/\/toys.lt\/lv\/wp-json\/wp\/v2\/product\/42939\/revisions"}],"predecessor-version":[{"id":46274,"href":"https:\/\/toys.lt\/lv\/wp-json\/wp\/v2\/product\/42939\/revisions\/46274"}],"wp:featuredmedia":[{"embeddable":true,"href":"https:\/\/toys.lt\/lv\/wp-json\/wp\/v2\/media\/37224"}],"wp:attachment":[{"href":"https:\/\/toys.lt\/lv\/wp-json\/wp\/v2\/media?parent=42939"}],"wp:term":[{"taxonomy":"product_brand","embeddable":true,"href":"https:\/\/toys.lt\/lv\/wp-json\/wp\/v2\/product_brand?post=42939"},{"taxonomy":"product_cat","embeddable":true,"href":"https:\/\/toys.lt\/lv\/wp-json\/wp\/v2\/product_cat?post=42939"},{"taxonomy":"product_tag","embeddable":true,"href":"https:\/\/toys.lt\/lv\/wp-json\/wp\/v2\/product_tag?post=42939"}],"curies":[{"name":"wp","href":"https:\/\/api.w.org\/{rel}","templated":true}]}}