{"id":42936,"date":"2020-05-22T07:13:09","date_gmt":"2020-05-22T07:13:09","guid":{"rendered":"https:\/\/toys.lt\/produktas\/tricikls-bez-pedaliem-technok\/"},"modified":"2026-03-30T00:25:26","modified_gmt":"2026-03-30T00:25:26","slug":"tricikls-bez-pedaliem-technok","status":"publish","type":"product","link":"https:\/\/toys.lt\/lv\/produktas\/tricikls-bez-pedaliem-technok\/","title":{"rendered":"Tricikls bez ped\u0101\u013ciem &#8220;TechnoK&#8221;"},"content":{"rendered":"<p><strong>Funkcijas:<\/strong><\/p>\n<ul style=\"list-style-type: square\">\n<li style=\"margin: 0px;padding: 0px;font: inherit;border: 0px\">To ir \u013coti viegli p\u0101rvietot &#8211; vienk\u0101r\u0161i atbalstiet k\u0101jas uz virsmas.<\/li>\n<li style=\"margin: 0px;padding: 0px;font: inherit;border: 0px\">Groz\u0101mi priek\u0161\u0113jie rite\u0146i ar st\u016bri, ergonomisks s\u0113deklis, divi aizmugur\u0113jie rite\u0146i stabilit\u0101tei.<\/li>\n<li style=\"margin: 0px;padding: 0px;font: inherit;border: 0px\">Liel\u0101 sign\u0101la regul\u0113\u0161anas poga uz st\u016bres rata<\/li>\n<li style=\"margin: 0px;padding: 0px;font: inherit;border: 0px\">Cietie rite\u0146i vienm\u0113r\u012bgai brauk\u0161anai gan \u0101r\u0101, gan m\u0101j\u0101s<\/li>\n<li style=\"margin: 0px;padding: 0px;font: inherit;border: 0px\">Divu triciklu kr\u0101su izv\u0113le<\/li>\n<li style=\"margin: 0px;padding: 0px;font: inherit;border: 0px\">Pamatojoties uz k\u0101j\u0101m, b\u0113rns savuk\u0101rt vienm\u0113r\u012bgi att\u012bsta musku\u013cus, kas labv\u0113l\u012bgi ietekm\u0113 vesel\u012bbu.<\/li>\n<\/ul>\n","protected":false},"excerpt":{"rendered":"<p>Izstr\u0101d\u0101juma tips: p\u0101rvieto\u0161an\u0101s pal\u012bgl\u012bdzeklis<\/p>\n<p>Izcelsmes valsts: Ukraina<\/p>\n<p>Izstr\u0101d\u0101juma izm\u0113ri: 61 x 49,5 x 26 cm<\/p>\n<p>Maksim\u0101l\u0101 slodze: 20 kg<\/p>\n<p>Svars: 1,355 kg<\/p>\n<p>Izstr\u0101d\u0101juma materi\u0101ls: plastmasa<\/p>\n<p>Ieteicamais vecums: no 1 gada vecuma.<\/p>\n","protected":false},"featured_media":37034,"comment_status":"open","ping_status":"closed","template":"","meta":[],"product_brand":[],"product_cat":[1162,1155,1166,1169],"product_tag":[],"class_list":{"0":"post-42936","1":"product","2":"type-product","3":"status-publish","4":"has-post-thumbnail","6":"product_cat-ara-un-vasaras-rotallietas","7":"product_cat-leti","8":"product_cat-skuteri-tricikli-motocikli-kvadracikli","9":"product_cat-uzsezamas-un-pedalu-rotallietu-masinas-un-traktori","10":"pa_amziaus-grupe-1-lv","11":"pa_prek-s-spalva-bordo","12":"pa_prek-s-spalva-zilais","13":"pa_prek-s-tipas-tricikli","15":"first","16":"instock","17":"taxable","18":"shipping-taxable","19":"purchasable","20":"product-type-variable"},"yoast_head":"<!-- This site is optimized with the Yoast SEO plugin v26.3 - https:\/\/yoast.com\/wordpress\/plugins\/seo\/ -->\n<title>Tricikls bez ped\u0101\u013ciem &quot;TechnoK&quot; - Toys.lt<\/title>\n<meta name=\"robots\" content=\"index, follow, max-snippet:-1, max-image-preview:large, max-video-preview:-1\" \/>\n<link rel=\"canonical\" href=\"https:\/\/toys.lt\/lv\/produktas\/tricikls-bez-pedaliem-technok\/\" \/>\n<meta property=\"og:locale\" content=\"lv_LV\" \/>\n<meta property=\"og:type\" content=\"article\" \/>\n<meta property=\"og:title\" content=\"Tricikls bez ped\u0101\u013ciem &quot;TechnoK&quot; - Toys.lt\" \/>\n<meta property=\"og:description\" content=\"Izstr\u0101d\u0101juma tips: p\u0101rvieto\u0161an\u0101s pal\u012bgl\u012bdzeklis Izcelsmes valsts: Ukraina Izstr\u0101d\u0101juma izm\u0113ri: 61 x 49,5 x 26 cm Maksim\u0101l\u0101 slodze: 20 kg Svars: 1,355 kg Izstr\u0101d\u0101juma materi\u0101ls: plastmasa Ieteicamais vecums: no 1 gada vecuma.\" \/>\n<meta property=\"og:url\" content=\"https:\/\/toys.lt\/lv\/produktas\/tricikls-bez-pedaliem-technok\/\" \/>\n<meta property=\"og:site_name\" content=\"Toys.lt\" \/>\n<meta property=\"article:modified_time\" content=\"2026-03-30T00:25:26+00:00\" \/>\n<meta property=\"og:image\" content=\"https:\/\/toys.lt\/wp-content\/uploads\/2020\/05\/products-940.jpg\" \/>\n\t<meta property=\"og:image:width\" content=\"1200\" \/>\n\t<meta property=\"og:image:height\" content=\"800\" \/>\n\t<meta property=\"og:image:type\" content=\"image\/jpeg\" \/>\n<meta name=\"twitter:card\" content=\"summary_large_image\" \/>\n<script type=\"application\/ld+json\" class=\"yoast-schema-graph\">{\"@context\":\"https:\/\/schema.org\",\"@graph\":[{\"@type\":\"WebPage\",\"@id\":\"https:\/\/toys.lt\/lv\/produktas\/tricikls-bez-pedaliem-technok\/\",\"url\":\"https:\/\/toys.lt\/lv\/produktas\/tricikls-bez-pedaliem-technok\/\",\"name\":\"Tricikls bez ped\u0101\u013ciem \\\"TechnoK\\\" - Toys.lt\",\"isPartOf\":{\"@id\":\"https:\/\/toys.lt\/lv\/#website\"},\"primaryImageOfPage\":{\"@id\":\"https:\/\/toys.lt\/lv\/produktas\/tricikls-bez-pedaliem-technok\/#primaryimage\"},\"image\":{\"@id\":\"https:\/\/toys.lt\/lv\/produktas\/tricikls-bez-pedaliem-technok\/#primaryimage\"},\"thumbnailUrl\":\"https:\/\/toys.lt\/wp-content\/uploads\/2020\/05\/products-940.jpg\",\"datePublished\":\"2020-05-22T07:13:09+00:00\",\"dateModified\":\"2026-03-30T00:25:26+00:00\",\"breadcrumb\":{\"@id\":\"https:\/\/toys.lt\/lv\/produktas\/tricikls-bez-pedaliem-technok\/#breadcrumb\"},\"inLanguage\":\"lv-LV\",\"potentialAction\":[{\"@type\":\"ReadAction\",\"target\":[\"https:\/\/toys.lt\/lv\/produktas\/tricikls-bez-pedaliem-technok\/\"]}]},{\"@type\":\"ImageObject\",\"inLanguage\":\"lv-LV\",\"@id\":\"https:\/\/toys.lt\/lv\/produktas\/tricikls-bez-pedaliem-technok\/#primaryimage\",\"url\":\"https:\/\/toys.lt\/wp-content\/uploads\/2020\/05\/products-940.jpg\",\"contentUrl\":\"https:\/\/toys.lt\/wp-content\/uploads\/2020\/05\/products-940.jpg\",\"width\":1200,\"height\":800,\"caption\":\"Triratis be pedal\u0173 &#8220;TechnoK&#8221;\"},{\"@type\":\"BreadcrumbList\",\"@id\":\"https:\/\/toys.lt\/lv\/produktas\/tricikls-bez-pedaliem-technok\/#breadcrumb\",\"itemListElement\":[{\"@type\":\"ListItem\",\"position\":1,\"name\":\"Home\",\"item\":\"https:\/\/toys.lt\/lv\/\"},{\"@type\":\"ListItem\",\"position\":2,\"name\":\"Veikals\",\"item\":\"https:\/\/toys.lt\/lv\/shop\/\"},{\"@type\":\"ListItem\",\"position\":3,\"name\":\"Tricikls bez ped\u0101\u013ciem &#8222;TechnoK&#8221;\"}]},{\"@type\":\"WebSite\",\"@id\":\"https:\/\/toys.lt\/lv\/#website\",\"url\":\"https:\/\/toys.lt\/lv\/\",\"name\":\"Toys.lt\",\"description\":\"\",\"potentialAction\":[{\"@type\":\"SearchAction\",\"target\":{\"@type\":\"EntryPoint\",\"urlTemplate\":\"https:\/\/toys.lt\/lv\/?s={search_term_string}\"},\"query-input\":{\"@type\":\"PropertyValueSpecification\",\"valueRequired\":true,\"valueName\":\"search_term_string\"}}],\"inLanguage\":\"lv-LV\"}]}<\/script>\n<!-- \/ Yoast SEO plugin. -->","yoast_head_json":{"title":"Tricikls bez ped\u0101\u013ciem \"TechnoK\" - Toys.lt","robots":{"index":"index","follow":"follow","max-snippet":"max-snippet:-1","max-image-preview":"max-image-preview:large","max-video-preview":"max-video-preview:-1"},"canonical":"https:\/\/toys.lt\/lv\/produktas\/tricikls-bez-pedaliem-technok\/","og_locale":"lv_LV","og_type":"article","og_title":"Tricikls bez ped\u0101\u013ciem \"TechnoK\" - Toys.lt","og_description":"Izstr\u0101d\u0101juma tips: p\u0101rvieto\u0161an\u0101s pal\u012bgl\u012bdzeklis Izcelsmes valsts: Ukraina Izstr\u0101d\u0101juma izm\u0113ri: 61 x 49,5 x 26 cm Maksim\u0101l\u0101 slodze: 20 kg Svars: 1,355 kg Izstr\u0101d\u0101juma materi\u0101ls: plastmasa Ieteicamais vecums: no 1 gada vecuma.","og_url":"https:\/\/toys.lt\/lv\/produktas\/tricikls-bez-pedaliem-technok\/","og_site_name":"Toys.lt","article_modified_time":"2026-03-30T00:25:26+00:00","og_image":[{"width":1200,"height":800,"url":"https:\/\/toys.lt\/wp-content\/uploads\/2020\/05\/products-940.jpg","type":"image\/jpeg"}],"twitter_card":"summary_large_image","schema":{"@context":"https:\/\/schema.org","@graph":[{"@type":"WebPage","@id":"https:\/\/toys.lt\/lv\/produktas\/tricikls-bez-pedaliem-technok\/","url":"https:\/\/toys.lt\/lv\/produktas\/tricikls-bez-pedaliem-technok\/","name":"Tricikls bez ped\u0101\u013ciem \"TechnoK\" - Toys.lt","isPartOf":{"@id":"https:\/\/toys.lt\/lv\/#website"},"primaryImageOfPage":{"@id":"https:\/\/toys.lt\/lv\/produktas\/tricikls-bez-pedaliem-technok\/#primaryimage"},"image":{"@id":"https:\/\/toys.lt\/lv\/produktas\/tricikls-bez-pedaliem-technok\/#primaryimage"},"thumbnailUrl":"https:\/\/toys.lt\/wp-content\/uploads\/2020\/05\/products-940.jpg","datePublished":"2020-05-22T07:13:09+00:00","dateModified":"2026-03-30T00:25:26+00:00","breadcrumb":{"@id":"https:\/\/toys.lt\/lv\/produktas\/tricikls-bez-pedaliem-technok\/#breadcrumb"},"inLanguage":"lv-LV","potentialAction":[{"@type":"ReadAction","target":["https:\/\/toys.lt\/lv\/produktas\/tricikls-bez-pedaliem-technok\/"]}]},{"@type":"ImageObject","inLanguage":"lv-LV","@id":"https:\/\/toys.lt\/lv\/produktas\/tricikls-bez-pedaliem-technok\/#primaryimage","url":"https:\/\/toys.lt\/wp-content\/uploads\/2020\/05\/products-940.jpg","contentUrl":"https:\/\/toys.lt\/wp-content\/uploads\/2020\/05\/products-940.jpg","width":1200,"height":800,"caption":"Triratis be pedal\u0173 &#8220;TechnoK&#8221;"},{"@type":"BreadcrumbList","@id":"https:\/\/toys.lt\/lv\/produktas\/tricikls-bez-pedaliem-technok\/#breadcrumb","itemListElement":[{"@type":"ListItem","position":1,"name":"Home","item":"https:\/\/toys.lt\/lv\/"},{"@type":"ListItem","position":2,"name":"Veikals","item":"https:\/\/toys.lt\/lv\/shop\/"},{"@type":"ListItem","position":3,"name":"Tricikls bez ped\u0101\u013ciem &#8222;TechnoK&#8221;"}]},{"@type":"WebSite","@id":"https:\/\/toys.lt\/lv\/#website","url":"https:\/\/toys.lt\/lv\/","name":"Toys.lt","description":"","potentialAction":[{"@type":"SearchAction","target":{"@type":"EntryPoint","urlTemplate":"https:\/\/toys.lt\/lv\/?s={search_term_string}"},"query-input":{"@type":"PropertyValueSpecification","valueRequired":true,"valueName":"search_term_string"}}],"inLanguage":"lv-LV"}]}},"_links":{"self":[{"href":"https:\/\/toys.lt\/lv\/wp-json\/wp\/v2\/product\/42936","targetHints":{"allow":["GET"]}}],"collection":[{"href":"https:\/\/toys.lt\/lv\/wp-json\/wp\/v2\/product"}],"about":[{"href":"https:\/\/toys.lt\/lv\/wp-json\/wp\/v2\/types\/product"}],"replies":[{"embeddable":true,"href":"https:\/\/toys.lt\/lv\/wp-json\/wp\/v2\/comments?post=42936"}],"version-history":[{"count":1,"href":"https:\/\/toys.lt\/lv\/wp-json\/wp\/v2\/product\/42936\/revisions"}],"predecessor-version":[{"id":46258,"href":"https:\/\/toys.lt\/lv\/wp-json\/wp\/v2\/product\/42936\/revisions\/46258"}],"wp:featuredmedia":[{"embeddable":true,"href":"https:\/\/toys.lt\/lv\/wp-json\/wp\/v2\/media\/37034"}],"wp:attachment":[{"href":"https:\/\/toys.lt\/lv\/wp-json\/wp\/v2\/media?parent=42936"}],"wp:term":[{"taxonomy":"product_brand","embeddable":true,"href":"https:\/\/toys.lt\/lv\/wp-json\/wp\/v2\/product_brand?post=42936"},{"taxonomy":"product_cat","embeddable":true,"href":"https:\/\/toys.lt\/lv\/wp-json\/wp\/v2\/product_cat?post=42936"},{"taxonomy":"product_tag","embeddable":true,"href":"https:\/\/toys.lt\/lv\/wp-json\/wp\/v2\/product_tag?post=42936"}],"curies":[{"name":"wp","href":"https:\/\/api.w.org\/{rel}","templated":true}]}}