{"id":42913,"date":"2020-06-22T15:43:29","date_gmt":"2020-06-22T15:43:29","guid":{"rendered":"https:\/\/toys.lt\/produktas\/pilsanas-bernu-rotalu-maja-princeses-pils\/"},"modified":"2026-03-30T00:25:25","modified_gmt":"2026-03-30T00:25:25","slug":"pilsanas-bernu-rotalu-maja-princeses-pils","status":"publish","type":"product","link":"https:\/\/toys.lt\/lv\/produktas\/pilsanas-bernu-rotalu-maja-princeses-pils\/","title":{"rendered":"Pilsanas b\u0113rnu rota\u013cu m\u0101ja &#8220;Princeses pils&#8221;"},"content":{"rendered":"<p><strong>Funkcijas:<\/strong><\/p>\n<ul style=\"list-style-type: square\">\n<li>Atv\u0113rtas durvis un logi<\/li>\n<li>Var izmantot atkl\u0101t\u0101s un sl\u0113gt\u0101s telp\u0101s<\/li>\n<li>Dro\u0161s un iztur\u012bgs<\/li>\n<li>Viegli samont\u0113jams<\/li>\n<li>Elegants un ergonomisks dizains<\/li>\n<li>B\u0113rnu vesel\u012bbai piem\u0113rota izejviela, kas nesatur kancerog\u0113nas vielas<\/li>\n<li>Pilsan rota\u013clietas no Turcijas izce\u013cas ar augstu kvalit\u0101ti.<\/li>\n<\/ul>\n","protected":false},"excerpt":{"rendered":"<p>Produkta veids: rota\u013cu m\u0101ja<\/p>\n<p>Izcelsmes valsts: Turcija<\/p>\n<p>Z\u012bmola nosaukums: Pilsan<\/p>\n<p>Iepakojuma izm\u0113ri: 129,5 x 95,5 x 54 cm<\/p>\n<p>Produkta izm\u0113ri: 129 x 125 x 168 cm<\/p>\n<p>Svars: 18,63 kg<\/p>\n<p>Ieteicamais vecums: no 3 gadiem.<\/p>\n","protected":false},"featured_media":37287,"comment_status":"open","ping_status":"closed","template":"","meta":[],"product_brand":[],"product_cat":[1168,1155],"product_tag":[],"class_list":{"0":"post-42913","1":"product","2":"type-product","3":"status-publish","4":"has-post-thumbnail","6":"product_cat-bernu-rotalu-majas","7":"product_cat-leti","8":"pa_amziaus-grupe-3-lv","9":"pa_prek-s-spalva-peleks","10":"pa_prek-s-spalva-violeta","11":"pa_prek-s-tipas-brivdienu-majas","12":"pa_prekes-zenklas-citizen","14":"first","15":"instock","16":"taxable","17":"shipping-taxable","18":"purchasable","19":"product-type-variable"},"yoast_head":"<!-- This site is optimized with the Yoast SEO plugin v27.6 - https:\/\/yoast.com\/product\/yoast-seo-wordpress\/ -->\n<title>Pilsanas b\u0113rnu rota\u013cu m\u0101ja &quot;Princeses pils&quot; - Toys.lt<\/title>\n<meta name=\"robots\" content=\"index, follow, max-snippet:-1, max-image-preview:large, max-video-preview:-1\" \/>\n<link rel=\"canonical\" href=\"https:\/\/toys.lt\/lv\/produktas\/pilsanas-bernu-rotalu-maja-princeses-pils\/\" \/>\n<meta property=\"og:locale\" content=\"lv_LV\" \/>\n<meta property=\"og:type\" content=\"article\" \/>\n<meta property=\"og:title\" content=\"Pilsanas b\u0113rnu rota\u013cu m\u0101ja &quot;Princeses pils&quot; - Toys.lt\" \/>\n<meta property=\"og:description\" content=\"Produkta veids: rota\u013cu m\u0101ja Izcelsmes valsts: Turcija Z\u012bmola nosaukums: Pilsan Iepakojuma izm\u0113ri: 129,5 x 95,5 x 54 cm Produkta izm\u0113ri: 129 x 125 x 168 cm Svars: 18,63 kg Ieteicamais vecums: no 3 gadiem.\" \/>\n<meta property=\"og:url\" content=\"https:\/\/toys.lt\/lv\/produktas\/pilsanas-bernu-rotalu-maja-princeses-pils\/\" \/>\n<meta property=\"og:site_name\" content=\"Toys.lt\" \/>\n<meta property=\"article:modified_time\" content=\"2026-03-30T00:25:25+00:00\" \/>\n<meta property=\"og:image\" content=\"https:\/\/toys.lt\/wp-content\/uploads\/2020\/06\/products-1230.jpg\" \/>\n\t<meta property=\"og:image:width\" content=\"1080\" \/>\n\t<meta property=\"og:image:height\" content=\"1080\" \/>\n\t<meta property=\"og:image:type\" content=\"image\/jpeg\" \/>\n<meta name=\"twitter:card\" content=\"summary_large_image\" \/>\n<script type=\"application\/ld+json\" class=\"yoast-schema-graph\">{\"@context\":\"https:\\\/\\\/schema.org\",\"@graph\":[{\"@type\":\"WebPage\",\"@id\":\"https:\\\/\\\/toys.lt\\\/lv\\\/produktas\\\/pilsanas-bernu-rotalu-maja-princeses-pils\\\/\",\"url\":\"https:\\\/\\\/toys.lt\\\/lv\\\/produktas\\\/pilsanas-bernu-rotalu-maja-princeses-pils\\\/\",\"name\":\"Pilsanas b\u0113rnu rota\u013cu m\u0101ja \\\"Princeses pils\\\" - Toys.lt\",\"isPartOf\":{\"@id\":\"https:\\\/\\\/toys.lt\\\/lv\\\/#website\"},\"primaryImageOfPage\":{\"@id\":\"https:\\\/\\\/toys.lt\\\/lv\\\/produktas\\\/pilsanas-bernu-rotalu-maja-princeses-pils\\\/#primaryimage\"},\"image\":{\"@id\":\"https:\\\/\\\/toys.lt\\\/lv\\\/produktas\\\/pilsanas-bernu-rotalu-maja-princeses-pils\\\/#primaryimage\"},\"thumbnailUrl\":\"https:\\\/\\\/toys.lt\\\/wp-content\\\/uploads\\\/2020\\\/06\\\/products-1230.jpg\",\"datePublished\":\"2020-06-22T15:43:29+00:00\",\"dateModified\":\"2026-03-30T00:25:25+00:00\",\"breadcrumb\":{\"@id\":\"https:\\\/\\\/toys.lt\\\/lv\\\/produktas\\\/pilsanas-bernu-rotalu-maja-princeses-pils\\\/#breadcrumb\"},\"inLanguage\":\"lv-LV\",\"potentialAction\":[{\"@type\":\"ReadAction\",\"target\":[\"https:\\\/\\\/toys.lt\\\/lv\\\/produktas\\\/pilsanas-bernu-rotalu-maja-princeses-pils\\\/\"]}]},{\"@type\":\"ImageObject\",\"inLanguage\":\"lv-LV\",\"@id\":\"https:\\\/\\\/toys.lt\\\/lv\\\/produktas\\\/pilsanas-bernu-rotalu-maja-princeses-pils\\\/#primaryimage\",\"url\":\"https:\\\/\\\/toys.lt\\\/wp-content\\\/uploads\\\/2020\\\/06\\\/products-1230.jpg\",\"contentUrl\":\"https:\\\/\\\/toys.lt\\\/wp-content\\\/uploads\\\/2020\\\/06\\\/products-1230.jpg\",\"width\":1080,\"height\":1080,\"caption\":\"Pilsan vaiki\u0161kas namelis &#8220;Princes\u0117s pilis&#8221; &#8211; Pilka\"},{\"@type\":\"BreadcrumbList\",\"@id\":\"https:\\\/\\\/toys.lt\\\/lv\\\/produktas\\\/pilsanas-bernu-rotalu-maja-princeses-pils\\\/#breadcrumb\",\"itemListElement\":[{\"@type\":\"ListItem\",\"position\":1,\"name\":\"Home\",\"item\":\"https:\\\/\\\/toys.lt\\\/lv\\\/\"},{\"@type\":\"ListItem\",\"position\":2,\"name\":\"Veikals\",\"item\":\"https:\\\/\\\/toys.lt\\\/lv\\\/shop\\\/\"},{\"@type\":\"ListItem\",\"position\":3,\"name\":\"Pilsanas b\u0113rnu rota\u013cu m\u0101ja &#8222;Princeses pils&#8221;\"}]},{\"@type\":\"WebSite\",\"@id\":\"https:\\\/\\\/toys.lt\\\/lv\\\/#website\",\"url\":\"https:\\\/\\\/toys.lt\\\/lv\\\/\",\"name\":\"Toys.lt\",\"description\":\"\",\"potentialAction\":[{\"@type\":\"SearchAction\",\"target\":{\"@type\":\"EntryPoint\",\"urlTemplate\":\"https:\\\/\\\/toys.lt\\\/lv\\\/?s={search_term_string}\"},\"query-input\":{\"@type\":\"PropertyValueSpecification\",\"valueRequired\":true,\"valueName\":\"search_term_string\"}}],\"inLanguage\":\"lv-LV\"}]}<\/script>\n<!-- \/ Yoast SEO plugin. -->","yoast_head_json":{"title":"Pilsanas b\u0113rnu rota\u013cu m\u0101ja \"Princeses pils\" - Toys.lt","robots":{"index":"index","follow":"follow","max-snippet":"max-snippet:-1","max-image-preview":"max-image-preview:large","max-video-preview":"max-video-preview:-1"},"canonical":"https:\/\/toys.lt\/lv\/produktas\/pilsanas-bernu-rotalu-maja-princeses-pils\/","og_locale":"lv_LV","og_type":"article","og_title":"Pilsanas b\u0113rnu rota\u013cu m\u0101ja \"Princeses pils\" - Toys.lt","og_description":"Produkta veids: rota\u013cu m\u0101ja Izcelsmes valsts: Turcija Z\u012bmola nosaukums: Pilsan Iepakojuma izm\u0113ri: 129,5 x 95,5 x 54 cm Produkta izm\u0113ri: 129 x 125 x 168 cm Svars: 18,63 kg Ieteicamais vecums: no 3 gadiem.","og_url":"https:\/\/toys.lt\/lv\/produktas\/pilsanas-bernu-rotalu-maja-princeses-pils\/","og_site_name":"Toys.lt","article_modified_time":"2026-03-30T00:25:25+00:00","og_image":[{"width":1080,"height":1080,"url":"https:\/\/toys.lt\/wp-content\/uploads\/2020\/06\/products-1230.jpg","type":"image\/jpeg"}],"twitter_card":"summary_large_image","schema":{"@context":"https:\/\/schema.org","@graph":[{"@type":"WebPage","@id":"https:\/\/toys.lt\/lv\/produktas\/pilsanas-bernu-rotalu-maja-princeses-pils\/","url":"https:\/\/toys.lt\/lv\/produktas\/pilsanas-bernu-rotalu-maja-princeses-pils\/","name":"Pilsanas b\u0113rnu rota\u013cu m\u0101ja \"Princeses pils\" - Toys.lt","isPartOf":{"@id":"https:\/\/toys.lt\/lv\/#website"},"primaryImageOfPage":{"@id":"https:\/\/toys.lt\/lv\/produktas\/pilsanas-bernu-rotalu-maja-princeses-pils\/#primaryimage"},"image":{"@id":"https:\/\/toys.lt\/lv\/produktas\/pilsanas-bernu-rotalu-maja-princeses-pils\/#primaryimage"},"thumbnailUrl":"https:\/\/toys.lt\/wp-content\/uploads\/2020\/06\/products-1230.jpg","datePublished":"2020-06-22T15:43:29+00:00","dateModified":"2026-03-30T00:25:25+00:00","breadcrumb":{"@id":"https:\/\/toys.lt\/lv\/produktas\/pilsanas-bernu-rotalu-maja-princeses-pils\/#breadcrumb"},"inLanguage":"lv-LV","potentialAction":[{"@type":"ReadAction","target":["https:\/\/toys.lt\/lv\/produktas\/pilsanas-bernu-rotalu-maja-princeses-pils\/"]}]},{"@type":"ImageObject","inLanguage":"lv-LV","@id":"https:\/\/toys.lt\/lv\/produktas\/pilsanas-bernu-rotalu-maja-princeses-pils\/#primaryimage","url":"https:\/\/toys.lt\/wp-content\/uploads\/2020\/06\/products-1230.jpg","contentUrl":"https:\/\/toys.lt\/wp-content\/uploads\/2020\/06\/products-1230.jpg","width":1080,"height":1080,"caption":"Pilsan vaiki\u0161kas namelis &#8220;Princes\u0117s pilis&#8221; &#8211; Pilka"},{"@type":"BreadcrumbList","@id":"https:\/\/toys.lt\/lv\/produktas\/pilsanas-bernu-rotalu-maja-princeses-pils\/#breadcrumb","itemListElement":[{"@type":"ListItem","position":1,"name":"Home","item":"https:\/\/toys.lt\/lv\/"},{"@type":"ListItem","position":2,"name":"Veikals","item":"https:\/\/toys.lt\/lv\/shop\/"},{"@type":"ListItem","position":3,"name":"Pilsanas b\u0113rnu rota\u013cu m\u0101ja &#8222;Princeses pils&#8221;"}]},{"@type":"WebSite","@id":"https:\/\/toys.lt\/lv\/#website","url":"https:\/\/toys.lt\/lv\/","name":"Toys.lt","description":"","potentialAction":[{"@type":"SearchAction","target":{"@type":"EntryPoint","urlTemplate":"https:\/\/toys.lt\/lv\/?s={search_term_string}"},"query-input":{"@type":"PropertyValueSpecification","valueRequired":true,"valueName":"search_term_string"}}],"inLanguage":"lv-LV"}]}},"_links":{"self":[{"href":"https:\/\/toys.lt\/lv\/wp-json\/wp\/v2\/product\/42913","targetHints":{"allow":["GET"]}}],"collection":[{"href":"https:\/\/toys.lt\/lv\/wp-json\/wp\/v2\/product"}],"about":[{"href":"https:\/\/toys.lt\/lv\/wp-json\/wp\/v2\/types\/product"}],"replies":[{"embeddable":true,"href":"https:\/\/toys.lt\/lv\/wp-json\/wp\/v2\/comments?post=42913"}],"version-history":[{"count":1,"href":"https:\/\/toys.lt\/lv\/wp-json\/wp\/v2\/product\/42913\/revisions"}],"predecessor-version":[{"id":46277,"href":"https:\/\/toys.lt\/lv\/wp-json\/wp\/v2\/product\/42913\/revisions\/46277"}],"wp:featuredmedia":[{"embeddable":true,"href":"https:\/\/toys.lt\/lv\/wp-json\/wp\/v2\/media\/37287"}],"wp:attachment":[{"href":"https:\/\/toys.lt\/lv\/wp-json\/wp\/v2\/media?parent=42913"}],"wp:term":[{"taxonomy":"product_brand","embeddable":true,"href":"https:\/\/toys.lt\/lv\/wp-json\/wp\/v2\/product_brand?post=42913"},{"taxonomy":"product_cat","embeddable":true,"href":"https:\/\/toys.lt\/lv\/wp-json\/wp\/v2\/product_cat?post=42913"},{"taxonomy":"product_tag","embeddable":true,"href":"https:\/\/toys.lt\/lv\/wp-json\/wp\/v2\/product_tag?post=42913"}],"curies":[{"name":"wp","href":"https:\/\/api.w.org\/{rel}","templated":true}]}}