{"id":42906,"date":"2020-06-15T12:09:03","date_gmt":"2020-06-15T12:09:03","guid":{"rendered":"https:\/\/toys.lt\/produktas\/caurulu-frezesana-ar-r-b-vadamu-masinu\/"},"modified":"2026-04-09T00:02:21","modified_gmt":"2026-04-09T00:02:21","slug":"caurulu-frezesana-ar-r-b-vadamu-masinu","status":"publish","type":"product","link":"https:\/\/toys.lt\/lv\/produktas\/caurulu-frezesana-ar-r-b-vadamu-masinu\/","title":{"rendered":"Cauru\u013cu fr\u0113z\u0113\u0161ana ar R\/B vad\u0101mu ma\u0161\u012bnu"},"content":{"rendered":"<p><strong>Funkcijas:<\/strong><\/p>\n<ul style=\"list-style-type: square;\">\n<li style=\"margin: 0px; padding: 0px; font: inherit; border: 0px;\">Caurules var savienot jebkur\u0101 sec\u012bb\u0101, izmantojot \u012bpa\u0161us stiprin\u0101jumus.<\/li>\n<li style=\"margin: 0px; padding: 0px; font: inherit; border: 0px;\">19 elementi: 8 izliektas caurules, 2 taisnas caurules, 6 savienot\u0101ji, ma\u0161\u012bna, t\u0101lvad\u012bbas pults, USB kabelis.<\/li>\n<li style=\"margin: 0px; padding: 0px; font: inherit; border: 0px;\">R\/B kontrol\u0113ta ma\u0161\u012bna<\/li>\n<li style=\"margin: 0px; padding: 0px; font: inherit; border: 0px;\">Vienk\u0101r\u0161a deta\u013cu savieno\u0161ana<\/li>\n<li style=\"margin: 0px; padding: 0px; font: inherit; border: 0px;\">Dro\u0161s b\u0113rnu vesel\u012bbai<\/li>\n<li style=\"margin: 0px; padding: 0px; font: inherit; border: 0px;\">Att\u012bsta rado\u0161umu, motoriku, dom\u0101\u0161anu<\/li>\n<\/ul>\n","protected":false},"excerpt":{"rendered":"<p>Produkta veids: rota\u013cu trase<\/p>\n<p>Izcelsmes valsts: \u0136\u012bna<\/p>\n<p>Iepakojuma izm\u0113ri: 40 x 7 x 34 cm<\/p>\n<p>Da\u013cu skaits: 19<\/p>\n<p>Produkta materi\u0101ls: plastmasa (PVC)<\/p>\n<p>Ieteicamais vecums: 5 gadi un vec\u0101ki<\/p>\n<p>Elementi: 2 x AA (nav iek\u013cauti komplekt\u0101).<\/p>\n","protected":false},"featured_media":37147,"comment_status":"open","ping_status":"closed","template":"","meta":[],"product_brand":[],"product_cat":[1176,1177,1160],"product_tag":[],"class_list":{"0":"post-42906","1":"product","2":"type-product","3":"status-publish","4":"has-post-thumbnail","6":"product_cat-rotallietas-zeniem","7":"product_cat-rotalu-automasinas-traktori-un-kapurkedes","8":"product_cat-kontroletas-rotallietas","9":"pa_amziaus-grupe-5-lv","10":"pa_prek-s-tipas-automasinas","12":"first","13":"instock","14":"sale","15":"taxable","16":"shipping-taxable","17":"purchasable","18":"product-type-simple"},"yoast_head":"<!-- This site is optimized with the Yoast SEO plugin v26.3 - https:\/\/yoast.com\/wordpress\/plugins\/seo\/ -->\n<title>Cauru\u013cu fr\u0113z\u0113\u0161ana ar R\/B vad\u0101mu ma\u0161\u012bnu - Toys.lt<\/title>\n<meta name=\"robots\" content=\"index, follow, max-snippet:-1, max-image-preview:large, max-video-preview:-1\" \/>\n<link rel=\"canonical\" href=\"https:\/\/toys.lt\/lv\/produktas\/caurulu-frezesana-ar-r-b-vadamu-masinu\/\" \/>\n<meta property=\"og:locale\" content=\"lv_LV\" \/>\n<meta property=\"og:type\" content=\"article\" \/>\n<meta property=\"og:title\" content=\"Cauru\u013cu fr\u0113z\u0113\u0161ana ar R\/B vad\u0101mu ma\u0161\u012bnu - Toys.lt\" \/>\n<meta property=\"og:description\" content=\"Produkta veids: rota\u013cu trase Izcelsmes valsts: \u0136\u012bna Iepakojuma izm\u0113ri: 40 x 7 x 34 cm Da\u013cu skaits: 19 Produkta materi\u0101ls: plastmasa (PVC) Ieteicamais vecums: 5 gadi un vec\u0101ki Elementi: 2 x AA (nav iek\u013cauti komplekt\u0101).\" \/>\n<meta property=\"og:url\" content=\"https:\/\/toys.lt\/lv\/produktas\/caurulu-frezesana-ar-r-b-vadamu-masinu\/\" \/>\n<meta property=\"og:site_name\" content=\"Toys.lt\" \/>\n<meta property=\"article:modified_time\" content=\"2026-04-09T00:02:21+00:00\" \/>\n<meta property=\"og:image\" content=\"https:\/\/toys.lt\/wp-content\/uploads\/2020\/06\/products-1081-scaled.jpg\" \/>\n\t<meta property=\"og:image:width\" content=\"2560\" \/>\n\t<meta property=\"og:image:height\" content=\"1810\" \/>\n\t<meta property=\"og:image:type\" content=\"image\/jpeg\" \/>\n<meta name=\"twitter:card\" content=\"summary_large_image\" \/>\n<script type=\"application\/ld+json\" class=\"yoast-schema-graph\">{\"@context\":\"https:\/\/schema.org\",\"@graph\":[{\"@type\":\"WebPage\",\"@id\":\"https:\/\/toys.lt\/lv\/produktas\/caurulu-frezesana-ar-r-b-vadamu-masinu\/\",\"url\":\"https:\/\/toys.lt\/lv\/produktas\/caurulu-frezesana-ar-r-b-vadamu-masinu\/\",\"name\":\"Cauru\u013cu fr\u0113z\u0113\u0161ana ar R\/B vad\u0101mu ma\u0161\u012bnu - Toys.lt\",\"isPartOf\":{\"@id\":\"https:\/\/toys.lt\/lv\/#website\"},\"primaryImageOfPage\":{\"@id\":\"https:\/\/toys.lt\/lv\/produktas\/caurulu-frezesana-ar-r-b-vadamu-masinu\/#primaryimage\"},\"image\":{\"@id\":\"https:\/\/toys.lt\/lv\/produktas\/caurulu-frezesana-ar-r-b-vadamu-masinu\/#primaryimage\"},\"thumbnailUrl\":\"https:\/\/toys.lt\/wp-content\/uploads\/2020\/06\/products-1081-scaled.jpg\",\"datePublished\":\"2020-06-15T12:09:03+00:00\",\"dateModified\":\"2026-04-09T00:02:21+00:00\",\"breadcrumb\":{\"@id\":\"https:\/\/toys.lt\/lv\/produktas\/caurulu-frezesana-ar-r-b-vadamu-masinu\/#breadcrumb\"},\"inLanguage\":\"lv-LV\",\"potentialAction\":[{\"@type\":\"ReadAction\",\"target\":[\"https:\/\/toys.lt\/lv\/produktas\/caurulu-frezesana-ar-r-b-vadamu-masinu\/\"]}]},{\"@type\":\"ImageObject\",\"inLanguage\":\"lv-LV\",\"@id\":\"https:\/\/toys.lt\/lv\/produktas\/caurulu-frezesana-ar-r-b-vadamu-masinu\/#primaryimage\",\"url\":\"https:\/\/toys.lt\/wp-content\/uploads\/2020\/06\/products-1081-scaled.jpg\",\"contentUrl\":\"https:\/\/toys.lt\/wp-content\/uploads\/2020\/06\/products-1081-scaled.jpg\",\"width\":2560,\"height\":1810,\"caption\":\"Vamzd\u017ei\u0173 trasa su R\/B valdoma ma\u0161ina\"},{\"@type\":\"BreadcrumbList\",\"@id\":\"https:\/\/toys.lt\/lv\/produktas\/caurulu-frezesana-ar-r-b-vadamu-masinu\/#breadcrumb\",\"itemListElement\":[{\"@type\":\"ListItem\",\"position\":1,\"name\":\"Home\",\"item\":\"https:\/\/toys.lt\/lv\/\"},{\"@type\":\"ListItem\",\"position\":2,\"name\":\"Veikals\",\"item\":\"https:\/\/toys.lt\/lv\/shop\/\"},{\"@type\":\"ListItem\",\"position\":3,\"name\":\"Cauru\u013cu fr\u0113z\u0113\u0161ana ar R\/B vad\u0101mu ma\u0161\u012bnu\"}]},{\"@type\":\"WebSite\",\"@id\":\"https:\/\/toys.lt\/lv\/#website\",\"url\":\"https:\/\/toys.lt\/lv\/\",\"name\":\"Toys.lt\",\"description\":\"\",\"potentialAction\":[{\"@type\":\"SearchAction\",\"target\":{\"@type\":\"EntryPoint\",\"urlTemplate\":\"https:\/\/toys.lt\/lv\/?s={search_term_string}\"},\"query-input\":{\"@type\":\"PropertyValueSpecification\",\"valueRequired\":true,\"valueName\":\"search_term_string\"}}],\"inLanguage\":\"lv-LV\"}]}<\/script>\n<!-- \/ Yoast SEO plugin. -->","yoast_head_json":{"title":"Cauru\u013cu fr\u0113z\u0113\u0161ana ar R\/B vad\u0101mu ma\u0161\u012bnu - Toys.lt","robots":{"index":"index","follow":"follow","max-snippet":"max-snippet:-1","max-image-preview":"max-image-preview:large","max-video-preview":"max-video-preview:-1"},"canonical":"https:\/\/toys.lt\/lv\/produktas\/caurulu-frezesana-ar-r-b-vadamu-masinu\/","og_locale":"lv_LV","og_type":"article","og_title":"Cauru\u013cu fr\u0113z\u0113\u0161ana ar R\/B vad\u0101mu ma\u0161\u012bnu - Toys.lt","og_description":"Produkta veids: rota\u013cu trase Izcelsmes valsts: \u0136\u012bna Iepakojuma izm\u0113ri: 40 x 7 x 34 cm Da\u013cu skaits: 19 Produkta materi\u0101ls: plastmasa (PVC) Ieteicamais vecums: 5 gadi un vec\u0101ki Elementi: 2 x AA (nav iek\u013cauti komplekt\u0101).","og_url":"https:\/\/toys.lt\/lv\/produktas\/caurulu-frezesana-ar-r-b-vadamu-masinu\/","og_site_name":"Toys.lt","article_modified_time":"2026-04-09T00:02:21+00:00","og_image":[{"width":2560,"height":1810,"url":"https:\/\/toys.lt\/wp-content\/uploads\/2020\/06\/products-1081-scaled.jpg","type":"image\/jpeg"}],"twitter_card":"summary_large_image","schema":{"@context":"https:\/\/schema.org","@graph":[{"@type":"WebPage","@id":"https:\/\/toys.lt\/lv\/produktas\/caurulu-frezesana-ar-r-b-vadamu-masinu\/","url":"https:\/\/toys.lt\/lv\/produktas\/caurulu-frezesana-ar-r-b-vadamu-masinu\/","name":"Cauru\u013cu fr\u0113z\u0113\u0161ana ar R\/B vad\u0101mu ma\u0161\u012bnu - Toys.lt","isPartOf":{"@id":"https:\/\/toys.lt\/lv\/#website"},"primaryImageOfPage":{"@id":"https:\/\/toys.lt\/lv\/produktas\/caurulu-frezesana-ar-r-b-vadamu-masinu\/#primaryimage"},"image":{"@id":"https:\/\/toys.lt\/lv\/produktas\/caurulu-frezesana-ar-r-b-vadamu-masinu\/#primaryimage"},"thumbnailUrl":"https:\/\/toys.lt\/wp-content\/uploads\/2020\/06\/products-1081-scaled.jpg","datePublished":"2020-06-15T12:09:03+00:00","dateModified":"2026-04-09T00:02:21+00:00","breadcrumb":{"@id":"https:\/\/toys.lt\/lv\/produktas\/caurulu-frezesana-ar-r-b-vadamu-masinu\/#breadcrumb"},"inLanguage":"lv-LV","potentialAction":[{"@type":"ReadAction","target":["https:\/\/toys.lt\/lv\/produktas\/caurulu-frezesana-ar-r-b-vadamu-masinu\/"]}]},{"@type":"ImageObject","inLanguage":"lv-LV","@id":"https:\/\/toys.lt\/lv\/produktas\/caurulu-frezesana-ar-r-b-vadamu-masinu\/#primaryimage","url":"https:\/\/toys.lt\/wp-content\/uploads\/2020\/06\/products-1081-scaled.jpg","contentUrl":"https:\/\/toys.lt\/wp-content\/uploads\/2020\/06\/products-1081-scaled.jpg","width":2560,"height":1810,"caption":"Vamzd\u017ei\u0173 trasa su R\/B valdoma ma\u0161ina"},{"@type":"BreadcrumbList","@id":"https:\/\/toys.lt\/lv\/produktas\/caurulu-frezesana-ar-r-b-vadamu-masinu\/#breadcrumb","itemListElement":[{"@type":"ListItem","position":1,"name":"Home","item":"https:\/\/toys.lt\/lv\/"},{"@type":"ListItem","position":2,"name":"Veikals","item":"https:\/\/toys.lt\/lv\/shop\/"},{"@type":"ListItem","position":3,"name":"Cauru\u013cu fr\u0113z\u0113\u0161ana ar R\/B vad\u0101mu ma\u0161\u012bnu"}]},{"@type":"WebSite","@id":"https:\/\/toys.lt\/lv\/#website","url":"https:\/\/toys.lt\/lv\/","name":"Toys.lt","description":"","potentialAction":[{"@type":"SearchAction","target":{"@type":"EntryPoint","urlTemplate":"https:\/\/toys.lt\/lv\/?s={search_term_string}"},"query-input":{"@type":"PropertyValueSpecification","valueRequired":true,"valueName":"search_term_string"}}],"inLanguage":"lv-LV"}]}},"_links":{"self":[{"href":"https:\/\/toys.lt\/lv\/wp-json\/wp\/v2\/product\/42906","targetHints":{"allow":["GET"]}}],"collection":[{"href":"https:\/\/toys.lt\/lv\/wp-json\/wp\/v2\/product"}],"about":[{"href":"https:\/\/toys.lt\/lv\/wp-json\/wp\/v2\/types\/product"}],"replies":[{"embeddable":true,"href":"https:\/\/toys.lt\/lv\/wp-json\/wp\/v2\/comments?post=42906"}],"version-history":[{"count":0,"href":"https:\/\/toys.lt\/lv\/wp-json\/wp\/v2\/product\/42906\/revisions"}],"wp:featuredmedia":[{"embeddable":true,"href":"https:\/\/toys.lt\/lv\/wp-json\/wp\/v2\/media\/37147"}],"wp:attachment":[{"href":"https:\/\/toys.lt\/lv\/wp-json\/wp\/v2\/media?parent=42906"}],"wp:term":[{"taxonomy":"product_brand","embeddable":true,"href":"https:\/\/toys.lt\/lv\/wp-json\/wp\/v2\/product_brand?post=42906"},{"taxonomy":"product_cat","embeddable":true,"href":"https:\/\/toys.lt\/lv\/wp-json\/wp\/v2\/product_cat?post=42906"},{"taxonomy":"product_tag","embeddable":true,"href":"https:\/\/toys.lt\/lv\/wp-json\/wp\/v2\/product_tag?post=42906"}],"curies":[{"name":"wp","href":"https:\/\/api.w.org\/{rel}","templated":true}]}}