{"id":42900,"date":"2020-08-18T14:51:45","date_gmt":"2020-08-18T14:51:45","guid":{"rendered":"https:\/\/toys.lt\/produktas\/bernu-spele-mans-pirmais-kimijas-komplekts-lteneeru\/"},"modified":"2026-04-09T00:02:16","modified_gmt":"2026-04-09T00:02:16","slug":"bernu-spele-mans-pirmais-kimijas-komplekts-lteneeru","status":"publish","type":"product","link":"https:\/\/toys.lt\/lv\/produktas\/bernu-spele-mans-pirmais-kimijas-komplekts-lteneeru\/","title":{"rendered":"B\u0113rnu sp\u0113le &#8220;Mans pirmais \u0137\u012bmijas komplekts&#8221; (LT+EN+EE+RU)"},"content":{"rendered":"<p class=\"MsoNormal\" style=\"margin: 0px;font-size: medium;color: #7a7a7a;padding: 0px;line-height: inherit;border: 0px;font-family: Roboto, sans-serif;background-color: #fefefe;text-align: center\" align=\"center\"><i style=\"line-height: inherit;margin: 0px;padding: 0px;border: 0px;font-variant: inherit;font-weight: inherit;font-size: inherit;font-family: inherit\"><span style=\"margin: 0px;padding: 0px;border: 0px;font-style: inherit;font-variant: inherit;font-weight: inherit;font-size: 8.5pt;line-height: inherit;font-family: Verdana, sans-serif;color: #000000\">Clementoni &#8211; dibin\u0101ts It\u0101lij\u0101 un veiksm\u012bgi darbojas jau vair\u0101k nek\u0101 50 gadus! Uz\u0146\u0113muma misija ir rad\u012bt sp\u0113les, kas pal\u012bdz b\u0113rniem augt.   <\/span><\/i><\/p>\n<p class=\"MsoNormal\" style=\"margin: 0px;font-size: medium;color: #7a7a7a;padding: 0px;line-height: inherit;border: 0px;font-family: Roboto, sans-serif;background-color: #fefefe;text-align: center\" align=\"center\"><i style=\"line-height: inherit;margin: 0px;padding: 0px;border: 0px;font-variant: inherit;font-weight: inherit;font-size: inherit;font-family: inherit\"><span style=\"margin: 0px;padding: 0px;border: 0px;font-style: inherit;font-variant: inherit;font-weight: inherit;font-size: 8.5pt;line-height: inherit;font-family: Verdana, sans-serif;color: #000000\">Tas viss ir izstr\u0101d\u0101ts, lai apmierin\u0101tu jaunie\u0161u vajadz\u012bbas, \u0146emot v\u0113r\u0101 m\u016bsdienu tehnolo\u0123ijas un glob\u0101l\u0101s izgl\u012bt\u012bbas tendences.<\/span><\/i><\/p>\n<p><strong>Komplekt\u0101 ietilpst:<\/strong><\/p>\n<ul style=\"list-style-type: square\">\n<li>Dro\u0161\u012bbas brilles<\/li>\n<li>Laboratorijas m\u0113rgl\u0101zes ar v\u0101kiem<\/li>\n<li>M\u0113\u0123enes ar aizb\u0101\u017e\u0146iem<\/li>\n<li>Birste trauku t\u012br\u012b\u0161anai<\/li>\n<li>Mikseris<\/li>\n<li>Pipete<\/li>\n<li>M\u0113\u0123enes dro\u0161\u012bbas atsl\u0113ga<\/li>\n<li>Piltuve<\/li>\n<li>M\u0113\u0123en\u012b\u0161u stat\u012bvs<\/li>\n<li>Menthe ar karoti<\/li>\n<li>Filtrpap\u012brs<\/li>\n<li>Pincet<\/li>\n<li>\u0136imik\u0101lijas (vara (II) sulf\u0101ts, v\u012bnsk\u0101be, univers\u0101lais indikatorpap\u012brs)<\/li>\n<li>\u0136\u012bmisko elementu periodisk\u0101s tabulas puzle (ang\u013cu valod\u0101)<\/li>\n<li>Instrukcijas<\/li>\n<\/ul>\n<p><strong>Funkcijas:<\/strong><\/p>\n<ul style=\"list-style-type: square\">\n<li>\u0136\u012bmijas laboratorijas komplekts iepaz\u012bstin\u0101s b\u0113rnus ar zin\u0101tniskiem eksperimentiem un \u0137\u012bmijas likumiem.<\/li>\n<li style=\"margin: 0px;padding: 0px;font: inherit;border: 0px\">Vair\u0101k nek\u0101 80 jautri un dro\u0161i eksperimenti<\/li>\n<li style=\"margin: 0px;padding: 0px;font: inherit;border: 0px\">Izmantojiet komplekt\u0101 iek\u013cautos instrumentus, lai izveidotu savu m\u0101jas laboratoriju.<\/li>\n<li style=\"margin: 0px;padding: 0px;font: inherit;border: 0px\">Att\u012bsta lo\u0123isko dom\u0101\u0161anu, roku veikl\u012bbu, uzman\u012bbu, rado\u0161umu.<\/li>\n<\/ul>\n<p><strong>Br\u012bdin\u0101jums. Nav piem\u0113rots b\u0113rniem l\u012bdz 8 gadu vecumam. Lietojiet ar pieaugu\u0161o uzraudz\u012bbu. Pirms lieto\u0161anas izlasiet \u0161os nor\u0101d\u012bjumus, iev\u0113rojiet tos un paturiet tos lieto\u0161anai. Glab\u0101jiet sp\u0113li\/komplektu b\u0113rniem, kas jaun\u0101ki par 8 gadiem, nepieejam\u0101 viet\u0101.    <\/strong><\/p>\n","protected":false},"excerpt":{"rendered":"<p>Produkta veids: rado\u0161ais komplekts<\/p>\n<p>Z\u012bmola nosaukums: Clementoni<\/p>\n<p>Izcelsmes valsts: It\u0101lija<\/p>\n<p>Iepakojuma izm\u0113ri: 35 x 26 x 7 cm<\/p>\n<p>Ieteicamais vecums: no 8 gadiem.<\/p>\n","protected":false},"featured_media":37422,"comment_status":"open","ping_status":"closed","template":"","meta":[],"product_brand":[384],"product_cat":[1257,1180,1176,1151,1155],"product_tag":[],"class_list":{"0":"post-42900","1":"product","2":"type-product","3":"status-publish","4":"has-post-thumbnail","6":"product_brand-clementoni-2","7":"product_cat-rokdarbi-un-radosums","8":"product_cat-rotallietas-meitenem","9":"product_cat-rotallietas-zeniem","10":"product_cat-specializeti-rotallietu-darbariki","11":"product_cat-leti","12":"pa_amziaus-grupe-8-lv","13":"pa_prek-s-tipas-radosas-kolekcijas","14":"pa_prekes-zenklas-clementoni-lv","16":"first","17":"outofstock","18":"taxable","19":"shipping-taxable","20":"purchasable","21":"product-type-simple"},"yoast_head":"<!-- This site is optimized with the Yoast SEO plugin v26.3 - https:\/\/yoast.com\/wordpress\/plugins\/seo\/ -->\n<title>B\u0113rnu sp\u0113le &quot;Mans pirmais \u0137\u012bmijas komplekts&quot; (LT+EN+EE+RU) - Toys.lt<\/title>\n<meta name=\"robots\" content=\"index, follow, max-snippet:-1, max-image-preview:large, max-video-preview:-1\" \/>\n<link rel=\"canonical\" href=\"https:\/\/toys.lt\/lv\/produktas\/bernu-spele-mans-pirmais-kimijas-komplekts-lteneeru\/\" \/>\n<meta property=\"og:locale\" content=\"lv_LV\" \/>\n<meta property=\"og:type\" content=\"article\" \/>\n<meta property=\"og:title\" content=\"B\u0113rnu sp\u0113le &quot;Mans pirmais \u0137\u012bmijas komplekts&quot; (LT+EN+EE+RU) - Toys.lt\" \/>\n<meta property=\"og:description\" content=\"Produkta veids: rado\u0161ais komplekts Z\u012bmola nosaukums: Clementoni Izcelsmes valsts: It\u0101lija Iepakojuma izm\u0113ri: 35 x 26 x 7 cm Ieteicamais vecums: no 8 gadiem.\" \/>\n<meta property=\"og:url\" content=\"https:\/\/toys.lt\/lv\/produktas\/bernu-spele-mans-pirmais-kimijas-komplekts-lteneeru\/\" \/>\n<meta property=\"og:site_name\" content=\"Toys.lt\" \/>\n<meta property=\"article:modified_time\" content=\"2026-04-09T00:02:16+00:00\" \/>\n<meta property=\"og:image\" content=\"https:\/\/toys.lt\/wp-content\/uploads\/2020\/08\/products-1384.jpg\" \/>\n\t<meta property=\"og:image:width\" content=\"800\" \/>\n\t<meta property=\"og:image:height\" content=\"800\" \/>\n\t<meta property=\"og:image:type\" content=\"image\/jpeg\" \/>\n<meta name=\"twitter:card\" content=\"summary_large_image\" \/>\n<meta name=\"twitter:label1\" content=\"Est. reading time\" \/>\n\t<meta name=\"twitter:data1\" content=\"1 minute\" \/>\n<script type=\"application\/ld+json\" class=\"yoast-schema-graph\">{\"@context\":\"https:\/\/schema.org\",\"@graph\":[{\"@type\":\"WebPage\",\"@id\":\"https:\/\/toys.lt\/lv\/produktas\/bernu-spele-mans-pirmais-kimijas-komplekts-lteneeru\/\",\"url\":\"https:\/\/toys.lt\/lv\/produktas\/bernu-spele-mans-pirmais-kimijas-komplekts-lteneeru\/\",\"name\":\"B\u0113rnu sp\u0113le \\\"Mans pirmais \u0137\u012bmijas komplekts\\\" (LT+EN+EE+RU) - Toys.lt\",\"isPartOf\":{\"@id\":\"https:\/\/toys.lt\/lv\/#website\"},\"primaryImageOfPage\":{\"@id\":\"https:\/\/toys.lt\/lv\/produktas\/bernu-spele-mans-pirmais-kimijas-komplekts-lteneeru\/#primaryimage\"},\"image\":{\"@id\":\"https:\/\/toys.lt\/lv\/produktas\/bernu-spele-mans-pirmais-kimijas-komplekts-lteneeru\/#primaryimage\"},\"thumbnailUrl\":\"https:\/\/toys.lt\/wp-content\/uploads\/2020\/08\/products-1384.jpg\",\"datePublished\":\"2020-08-18T14:51:45+00:00\",\"dateModified\":\"2026-04-09T00:02:16+00:00\",\"breadcrumb\":{\"@id\":\"https:\/\/toys.lt\/lv\/produktas\/bernu-spele-mans-pirmais-kimijas-komplekts-lteneeru\/#breadcrumb\"},\"inLanguage\":\"lv-LV\",\"potentialAction\":[{\"@type\":\"ReadAction\",\"target\":[\"https:\/\/toys.lt\/lv\/produktas\/bernu-spele-mans-pirmais-kimijas-komplekts-lteneeru\/\"]}]},{\"@type\":\"ImageObject\",\"inLanguage\":\"lv-LV\",\"@id\":\"https:\/\/toys.lt\/lv\/produktas\/bernu-spele-mans-pirmais-kimijas-komplekts-lteneeru\/#primaryimage\",\"url\":\"https:\/\/toys.lt\/wp-content\/uploads\/2020\/08\/products-1384.jpg\",\"contentUrl\":\"https:\/\/toys.lt\/wp-content\/uploads\/2020\/08\/products-1384.jpg\",\"width\":800,\"height\":800,\"caption\":\"Vaiki\u0161kas \u017eaidimas &#8220;Mano pirmasis chemijos rinkinys&#8221; (LT+LV+EE+RU)\"},{\"@type\":\"BreadcrumbList\",\"@id\":\"https:\/\/toys.lt\/lv\/produktas\/bernu-spele-mans-pirmais-kimijas-komplekts-lteneeru\/#breadcrumb\",\"itemListElement\":[{\"@type\":\"ListItem\",\"position\":1,\"name\":\"Home\",\"item\":\"https:\/\/toys.lt\/lv\/\"},{\"@type\":\"ListItem\",\"position\":2,\"name\":\"Veikals\",\"item\":\"https:\/\/toys.lt\/lv\/shop\/\"},{\"@type\":\"ListItem\",\"position\":3,\"name\":\"B\u0113rnu sp\u0113le &#8222;Mans pirmais \u0137\u012bmijas komplekts&#8221; (LT+EN+EE+RU)\"}]},{\"@type\":\"WebSite\",\"@id\":\"https:\/\/toys.lt\/lv\/#website\",\"url\":\"https:\/\/toys.lt\/lv\/\",\"name\":\"Toys.lt\",\"description\":\"\",\"potentialAction\":[{\"@type\":\"SearchAction\",\"target\":{\"@type\":\"EntryPoint\",\"urlTemplate\":\"https:\/\/toys.lt\/lv\/?s={search_term_string}\"},\"query-input\":{\"@type\":\"PropertyValueSpecification\",\"valueRequired\":true,\"valueName\":\"search_term_string\"}}],\"inLanguage\":\"lv-LV\"}]}<\/script>\n<!-- \/ Yoast SEO plugin. -->","yoast_head_json":{"title":"B\u0113rnu sp\u0113le \"Mans pirmais \u0137\u012bmijas komplekts\" (LT+EN+EE+RU) - Toys.lt","robots":{"index":"index","follow":"follow","max-snippet":"max-snippet:-1","max-image-preview":"max-image-preview:large","max-video-preview":"max-video-preview:-1"},"canonical":"https:\/\/toys.lt\/lv\/produktas\/bernu-spele-mans-pirmais-kimijas-komplekts-lteneeru\/","og_locale":"lv_LV","og_type":"article","og_title":"B\u0113rnu sp\u0113le \"Mans pirmais \u0137\u012bmijas komplekts\" (LT+EN+EE+RU) - Toys.lt","og_description":"Produkta veids: rado\u0161ais komplekts Z\u012bmola nosaukums: Clementoni Izcelsmes valsts: It\u0101lija Iepakojuma izm\u0113ri: 35 x 26 x 7 cm Ieteicamais vecums: no 8 gadiem.","og_url":"https:\/\/toys.lt\/lv\/produktas\/bernu-spele-mans-pirmais-kimijas-komplekts-lteneeru\/","og_site_name":"Toys.lt","article_modified_time":"2026-04-09T00:02:16+00:00","og_image":[{"width":800,"height":800,"url":"https:\/\/toys.lt\/wp-content\/uploads\/2020\/08\/products-1384.jpg","type":"image\/jpeg"}],"twitter_card":"summary_large_image","twitter_misc":{"Est. reading time":"1 minute"},"schema":{"@context":"https:\/\/schema.org","@graph":[{"@type":"WebPage","@id":"https:\/\/toys.lt\/lv\/produktas\/bernu-spele-mans-pirmais-kimijas-komplekts-lteneeru\/","url":"https:\/\/toys.lt\/lv\/produktas\/bernu-spele-mans-pirmais-kimijas-komplekts-lteneeru\/","name":"B\u0113rnu sp\u0113le \"Mans pirmais \u0137\u012bmijas komplekts\" (LT+EN+EE+RU) - Toys.lt","isPartOf":{"@id":"https:\/\/toys.lt\/lv\/#website"},"primaryImageOfPage":{"@id":"https:\/\/toys.lt\/lv\/produktas\/bernu-spele-mans-pirmais-kimijas-komplekts-lteneeru\/#primaryimage"},"image":{"@id":"https:\/\/toys.lt\/lv\/produktas\/bernu-spele-mans-pirmais-kimijas-komplekts-lteneeru\/#primaryimage"},"thumbnailUrl":"https:\/\/toys.lt\/wp-content\/uploads\/2020\/08\/products-1384.jpg","datePublished":"2020-08-18T14:51:45+00:00","dateModified":"2026-04-09T00:02:16+00:00","breadcrumb":{"@id":"https:\/\/toys.lt\/lv\/produktas\/bernu-spele-mans-pirmais-kimijas-komplekts-lteneeru\/#breadcrumb"},"inLanguage":"lv-LV","potentialAction":[{"@type":"ReadAction","target":["https:\/\/toys.lt\/lv\/produktas\/bernu-spele-mans-pirmais-kimijas-komplekts-lteneeru\/"]}]},{"@type":"ImageObject","inLanguage":"lv-LV","@id":"https:\/\/toys.lt\/lv\/produktas\/bernu-spele-mans-pirmais-kimijas-komplekts-lteneeru\/#primaryimage","url":"https:\/\/toys.lt\/wp-content\/uploads\/2020\/08\/products-1384.jpg","contentUrl":"https:\/\/toys.lt\/wp-content\/uploads\/2020\/08\/products-1384.jpg","width":800,"height":800,"caption":"Vaiki\u0161kas \u017eaidimas &#8220;Mano pirmasis chemijos rinkinys&#8221; (LT+LV+EE+RU)"},{"@type":"BreadcrumbList","@id":"https:\/\/toys.lt\/lv\/produktas\/bernu-spele-mans-pirmais-kimijas-komplekts-lteneeru\/#breadcrumb","itemListElement":[{"@type":"ListItem","position":1,"name":"Home","item":"https:\/\/toys.lt\/lv\/"},{"@type":"ListItem","position":2,"name":"Veikals","item":"https:\/\/toys.lt\/lv\/shop\/"},{"@type":"ListItem","position":3,"name":"B\u0113rnu sp\u0113le &#8222;Mans pirmais \u0137\u012bmijas komplekts&#8221; (LT+EN+EE+RU)"}]},{"@type":"WebSite","@id":"https:\/\/toys.lt\/lv\/#website","url":"https:\/\/toys.lt\/lv\/","name":"Toys.lt","description":"","potentialAction":[{"@type":"SearchAction","target":{"@type":"EntryPoint","urlTemplate":"https:\/\/toys.lt\/lv\/?s={search_term_string}"},"query-input":{"@type":"PropertyValueSpecification","valueRequired":true,"valueName":"search_term_string"}}],"inLanguage":"lv-LV"}]}},"_links":{"self":[{"href":"https:\/\/toys.lt\/lv\/wp-json\/wp\/v2\/product\/42900","targetHints":{"allow":["GET"]}}],"collection":[{"href":"https:\/\/toys.lt\/lv\/wp-json\/wp\/v2\/product"}],"about":[{"href":"https:\/\/toys.lt\/lv\/wp-json\/wp\/v2\/types\/product"}],"replies":[{"embeddable":true,"href":"https:\/\/toys.lt\/lv\/wp-json\/wp\/v2\/comments?post=42900"}],"version-history":[{"count":1,"href":"https:\/\/toys.lt\/lv\/wp-json\/wp\/v2\/product\/42900\/revisions"}],"predecessor-version":[{"id":46288,"href":"https:\/\/toys.lt\/lv\/wp-json\/wp\/v2\/product\/42900\/revisions\/46288"}],"wp:featuredmedia":[{"embeddable":true,"href":"https:\/\/toys.lt\/lv\/wp-json\/wp\/v2\/media\/37422"}],"wp:attachment":[{"href":"https:\/\/toys.lt\/lv\/wp-json\/wp\/v2\/media?parent=42900"}],"wp:term":[{"taxonomy":"product_brand","embeddable":true,"href":"https:\/\/toys.lt\/lv\/wp-json\/wp\/v2\/product_brand?post=42900"},{"taxonomy":"product_cat","embeddable":true,"href":"https:\/\/toys.lt\/lv\/wp-json\/wp\/v2\/product_cat?post=42900"},{"taxonomy":"product_tag","embeddable":true,"href":"https:\/\/toys.lt\/lv\/wp-json\/wp\/v2\/product_tag?post=42900"}],"curies":[{"name":"wp","href":"https:\/\/api.w.org\/{rel}","templated":true}]}}