{"id":42897,"date":"2023-03-19T18:47:51","date_gmt":"2023-03-19T18:47:51","guid":{"rendered":"https:\/\/toys.lt\/produktas\/ara-baseins-intex-peldesanas-centrs-gimenes-atputas-baseins-229x229x66cm\/"},"modified":"2026-04-08T00:03:08","modified_gmt":"2026-04-08T00:03:08","slug":"ara-baseins-intex-peldesanas-centrs-gimenes-atputas-baseins-229x229x66cm","status":"publish","type":"product","link":"https:\/\/toys.lt\/lv\/produktas\/ara-baseins-intex-peldesanas-centrs-gimenes-atputas-baseins-229x229x66cm\/","title":{"rendered":"\u0100ra baseins INTEX peld\u0113\u0161anas centrs \u0122imenes atp\u016btas baseins 229x229x66cm"},"content":{"rendered":"<p><strong>Piep\u016b\u0161amais \u0101ra baseins <\/strong>ar 4 s\u0113dviet\u0101m un 2 dz\u0113rienu tur\u0113t\u0101jiem \u0113rtai atp\u016btai.<\/p>\n<ul style=\"list-style-type: disc;\">\n<li>Baseina izm\u0113ri: 229 x 229 x 66 cm<\/li>\n<li>Iepakojuma izm\u0113ri: 40 x 13 x 45 cm<\/li>\n<li>Svars: 6,45 kg<\/li>\n<li>\u016adens tilpums: 882 litri<\/li>\n<\/ul>\n","protected":false},"excerpt":{"rendered":"<p>Produkta veids: baseins<\/p>\n<p>Baseina izm\u0113ri: 229 x 229 x 66 cm<\/p>\n<p>Iepakojuma izm\u0113ri: 40 x 13 x 45 cm<\/p>\n<p>Svars: 6,45 kg<\/p>\n<p>\u016adens tilpums: 882 litri<\/p>\n<p>Ieteicamais vecums: no 3 gadiem.<\/p>\n","protected":false},"featured_media":38725,"comment_status":"open","ping_status":"closed","template":"","meta":[],"product_brand":[],"product_cat":[1262,1155],"product_tag":[],"class_list":{"0":"post-42897","1":"product","2":"type-product","3":"status-publish","4":"has-post-thumbnail","6":"product_cat-bernu-baseini","7":"product_cat-leti","8":"pa_prek-s-tipas-peldbaseini","9":"pa_prekes-zenklas-intex-lv","11":"first","12":"instock","13":"taxable","14":"shipping-taxable","15":"purchasable","16":"product-type-simple"},"yoast_head":"<!-- This site is optimized with the Yoast SEO plugin v26.3 - https:\/\/yoast.com\/wordpress\/plugins\/seo\/ -->\n<title>\u0100ra baseins INTEX peld\u0113\u0161anas centrs \u0122imenes atp\u016btas baseins 229x229x66cm - Toys.lt<\/title>\n<meta name=\"robots\" content=\"index, follow, max-snippet:-1, max-image-preview:large, max-video-preview:-1\" \/>\n<link rel=\"canonical\" href=\"https:\/\/toys.lt\/lv\/produktas\/ara-baseins-intex-peldesanas-centrs-gimenes-atputas-baseins-229x229x66cm\/\" \/>\n<meta property=\"og:locale\" content=\"lv_LV\" \/>\n<meta property=\"og:type\" content=\"article\" \/>\n<meta property=\"og:title\" content=\"\u0100ra baseins INTEX peld\u0113\u0161anas centrs \u0122imenes atp\u016btas baseins 229x229x66cm - Toys.lt\" \/>\n<meta property=\"og:description\" content=\"Produkta veids: baseins Baseina izm\u0113ri: 229 x 229 x 66 cm Iepakojuma izm\u0113ri: 40 x 13 x 45 cm Svars: 6,45 kg \u016adens tilpums: 882 litri Ieteicamais vecums: no 3 gadiem.\" \/>\n<meta property=\"og:url\" content=\"https:\/\/toys.lt\/lv\/produktas\/ara-baseins-intex-peldesanas-centrs-gimenes-atputas-baseins-229x229x66cm\/\" \/>\n<meta property=\"og:site_name\" content=\"Toys.lt\" \/>\n<meta property=\"article:modified_time\" content=\"2026-04-08T00:03:08+00:00\" \/>\n<meta property=\"og:image\" content=\"https:\/\/toys.lt\/wp-content\/uploads\/2023\/03\/products-3719-scaled.jpg\" \/>\n\t<meta property=\"og:image:width\" content=\"2560\" \/>\n\t<meta property=\"og:image:height\" content=\"1778\" \/>\n\t<meta property=\"og:image:type\" content=\"image\/jpeg\" \/>\n<meta name=\"twitter:card\" content=\"summary_large_image\" \/>\n<script type=\"application\/ld+json\" class=\"yoast-schema-graph\">{\"@context\":\"https:\/\/schema.org\",\"@graph\":[{\"@type\":\"WebPage\",\"@id\":\"https:\/\/toys.lt\/lv\/produktas\/ara-baseins-intex-peldesanas-centrs-gimenes-atputas-baseins-229x229x66cm\/\",\"url\":\"https:\/\/toys.lt\/lv\/produktas\/ara-baseins-intex-peldesanas-centrs-gimenes-atputas-baseins-229x229x66cm\/\",\"name\":\"\u0100ra baseins INTEX peld\u0113\u0161anas centrs \u0122imenes atp\u016btas baseins 229x229x66cm - Toys.lt\",\"isPartOf\":{\"@id\":\"https:\/\/toys.lt\/lv\/#website\"},\"primaryImageOfPage\":{\"@id\":\"https:\/\/toys.lt\/lv\/produktas\/ara-baseins-intex-peldesanas-centrs-gimenes-atputas-baseins-229x229x66cm\/#primaryimage\"},\"image\":{\"@id\":\"https:\/\/toys.lt\/lv\/produktas\/ara-baseins-intex-peldesanas-centrs-gimenes-atputas-baseins-229x229x66cm\/#primaryimage\"},\"thumbnailUrl\":\"https:\/\/toys.lt\/wp-content\/uploads\/2023\/03\/products-3719-scaled.jpg\",\"datePublished\":\"2023-03-19T18:47:51+00:00\",\"dateModified\":\"2026-04-08T00:03:08+00:00\",\"breadcrumb\":{\"@id\":\"https:\/\/toys.lt\/lv\/produktas\/ara-baseins-intex-peldesanas-centrs-gimenes-atputas-baseins-229x229x66cm\/#breadcrumb\"},\"inLanguage\":\"lv-LV\",\"potentialAction\":[{\"@type\":\"ReadAction\",\"target\":[\"https:\/\/toys.lt\/lv\/produktas\/ara-baseins-intex-peldesanas-centrs-gimenes-atputas-baseins-229x229x66cm\/\"]}]},{\"@type\":\"ImageObject\",\"inLanguage\":\"lv-LV\",\"@id\":\"https:\/\/toys.lt\/lv\/produktas\/ara-baseins-intex-peldesanas-centrs-gimenes-atputas-baseins-229x229x66cm\/#primaryimage\",\"url\":\"https:\/\/toys.lt\/wp-content\/uploads\/2023\/03\/products-3719-scaled.jpg\",\"contentUrl\":\"https:\/\/toys.lt\/wp-content\/uploads\/2023\/03\/products-3719-scaled.jpg\",\"width\":2560,\"height\":1778,\"caption\":\"Lauko baseinas INTEX Swim Center Family Lounge Pool 229x229x66cm\"},{\"@type\":\"BreadcrumbList\",\"@id\":\"https:\/\/toys.lt\/lv\/produktas\/ara-baseins-intex-peldesanas-centrs-gimenes-atputas-baseins-229x229x66cm\/#breadcrumb\",\"itemListElement\":[{\"@type\":\"ListItem\",\"position\":1,\"name\":\"Home\",\"item\":\"https:\/\/toys.lt\/lv\/\"},{\"@type\":\"ListItem\",\"position\":2,\"name\":\"Veikals\",\"item\":\"https:\/\/toys.lt\/lv\/shop\/\"},{\"@type\":\"ListItem\",\"position\":3,\"name\":\"\u0100ra baseins INTEX peld\u0113\u0161anas centrs \u0122imenes atp\u016btas baseins 229x229x66cm\"}]},{\"@type\":\"WebSite\",\"@id\":\"https:\/\/toys.lt\/lv\/#website\",\"url\":\"https:\/\/toys.lt\/lv\/\",\"name\":\"Toys.lt\",\"description\":\"\",\"potentialAction\":[{\"@type\":\"SearchAction\",\"target\":{\"@type\":\"EntryPoint\",\"urlTemplate\":\"https:\/\/toys.lt\/lv\/?s={search_term_string}\"},\"query-input\":{\"@type\":\"PropertyValueSpecification\",\"valueRequired\":true,\"valueName\":\"search_term_string\"}}],\"inLanguage\":\"lv-LV\"}]}<\/script>\n<!-- \/ Yoast SEO plugin. -->","yoast_head_json":{"title":"\u0100ra baseins INTEX peld\u0113\u0161anas centrs \u0122imenes atp\u016btas baseins 229x229x66cm - Toys.lt","robots":{"index":"index","follow":"follow","max-snippet":"max-snippet:-1","max-image-preview":"max-image-preview:large","max-video-preview":"max-video-preview:-1"},"canonical":"https:\/\/toys.lt\/lv\/produktas\/ara-baseins-intex-peldesanas-centrs-gimenes-atputas-baseins-229x229x66cm\/","og_locale":"lv_LV","og_type":"article","og_title":"\u0100ra baseins INTEX peld\u0113\u0161anas centrs \u0122imenes atp\u016btas baseins 229x229x66cm - Toys.lt","og_description":"Produkta veids: baseins Baseina izm\u0113ri: 229 x 229 x 66 cm Iepakojuma izm\u0113ri: 40 x 13 x 45 cm Svars: 6,45 kg \u016adens tilpums: 882 litri Ieteicamais vecums: no 3 gadiem.","og_url":"https:\/\/toys.lt\/lv\/produktas\/ara-baseins-intex-peldesanas-centrs-gimenes-atputas-baseins-229x229x66cm\/","og_site_name":"Toys.lt","article_modified_time":"2026-04-08T00:03:08+00:00","og_image":[{"width":2560,"height":1778,"url":"https:\/\/toys.lt\/wp-content\/uploads\/2023\/03\/products-3719-scaled.jpg","type":"image\/jpeg"}],"twitter_card":"summary_large_image","schema":{"@context":"https:\/\/schema.org","@graph":[{"@type":"WebPage","@id":"https:\/\/toys.lt\/lv\/produktas\/ara-baseins-intex-peldesanas-centrs-gimenes-atputas-baseins-229x229x66cm\/","url":"https:\/\/toys.lt\/lv\/produktas\/ara-baseins-intex-peldesanas-centrs-gimenes-atputas-baseins-229x229x66cm\/","name":"\u0100ra baseins INTEX peld\u0113\u0161anas centrs \u0122imenes atp\u016btas baseins 229x229x66cm - Toys.lt","isPartOf":{"@id":"https:\/\/toys.lt\/lv\/#website"},"primaryImageOfPage":{"@id":"https:\/\/toys.lt\/lv\/produktas\/ara-baseins-intex-peldesanas-centrs-gimenes-atputas-baseins-229x229x66cm\/#primaryimage"},"image":{"@id":"https:\/\/toys.lt\/lv\/produktas\/ara-baseins-intex-peldesanas-centrs-gimenes-atputas-baseins-229x229x66cm\/#primaryimage"},"thumbnailUrl":"https:\/\/toys.lt\/wp-content\/uploads\/2023\/03\/products-3719-scaled.jpg","datePublished":"2023-03-19T18:47:51+00:00","dateModified":"2026-04-08T00:03:08+00:00","breadcrumb":{"@id":"https:\/\/toys.lt\/lv\/produktas\/ara-baseins-intex-peldesanas-centrs-gimenes-atputas-baseins-229x229x66cm\/#breadcrumb"},"inLanguage":"lv-LV","potentialAction":[{"@type":"ReadAction","target":["https:\/\/toys.lt\/lv\/produktas\/ara-baseins-intex-peldesanas-centrs-gimenes-atputas-baseins-229x229x66cm\/"]}]},{"@type":"ImageObject","inLanguage":"lv-LV","@id":"https:\/\/toys.lt\/lv\/produktas\/ara-baseins-intex-peldesanas-centrs-gimenes-atputas-baseins-229x229x66cm\/#primaryimage","url":"https:\/\/toys.lt\/wp-content\/uploads\/2023\/03\/products-3719-scaled.jpg","contentUrl":"https:\/\/toys.lt\/wp-content\/uploads\/2023\/03\/products-3719-scaled.jpg","width":2560,"height":1778,"caption":"Lauko baseinas INTEX Swim Center Family Lounge Pool 229x229x66cm"},{"@type":"BreadcrumbList","@id":"https:\/\/toys.lt\/lv\/produktas\/ara-baseins-intex-peldesanas-centrs-gimenes-atputas-baseins-229x229x66cm\/#breadcrumb","itemListElement":[{"@type":"ListItem","position":1,"name":"Home","item":"https:\/\/toys.lt\/lv\/"},{"@type":"ListItem","position":2,"name":"Veikals","item":"https:\/\/toys.lt\/lv\/shop\/"},{"@type":"ListItem","position":3,"name":"\u0100ra baseins INTEX peld\u0113\u0161anas centrs \u0122imenes atp\u016btas baseins 229x229x66cm"}]},{"@type":"WebSite","@id":"https:\/\/toys.lt\/lv\/#website","url":"https:\/\/toys.lt\/lv\/","name":"Toys.lt","description":"","potentialAction":[{"@type":"SearchAction","target":{"@type":"EntryPoint","urlTemplate":"https:\/\/toys.lt\/lv\/?s={search_term_string}"},"query-input":{"@type":"PropertyValueSpecification","valueRequired":true,"valueName":"search_term_string"}}],"inLanguage":"lv-LV"}]}},"_links":{"self":[{"href":"https:\/\/toys.lt\/lv\/wp-json\/wp\/v2\/product\/42897","targetHints":{"allow":["GET"]}}],"collection":[{"href":"https:\/\/toys.lt\/lv\/wp-json\/wp\/v2\/product"}],"about":[{"href":"https:\/\/toys.lt\/lv\/wp-json\/wp\/v2\/types\/product"}],"replies":[{"embeddable":true,"href":"https:\/\/toys.lt\/lv\/wp-json\/wp\/v2\/comments?post=42897"}],"version-history":[{"count":1,"href":"https:\/\/toys.lt\/lv\/wp-json\/wp\/v2\/product\/42897\/revisions"}],"predecessor-version":[{"id":46080,"href":"https:\/\/toys.lt\/lv\/wp-json\/wp\/v2\/product\/42897\/revisions\/46080"}],"wp:featuredmedia":[{"embeddable":true,"href":"https:\/\/toys.lt\/lv\/wp-json\/wp\/v2\/media\/38725"}],"wp:attachment":[{"href":"https:\/\/toys.lt\/lv\/wp-json\/wp\/v2\/media?parent=42897"}],"wp:term":[{"taxonomy":"product_brand","embeddable":true,"href":"https:\/\/toys.lt\/lv\/wp-json\/wp\/v2\/product_brand?post=42897"},{"taxonomy":"product_cat","embeddable":true,"href":"https:\/\/toys.lt\/lv\/wp-json\/wp\/v2\/product_cat?post=42897"},{"taxonomy":"product_tag","embeddable":true,"href":"https:\/\/toys.lt\/lv\/wp-json\/wp\/v2\/product_tag?post=42897"}],"curies":[{"name":"wp","href":"https:\/\/api.w.org\/{rel}","templated":true}]}}