{"id":42890,"date":"2023-03-21T01:14:06","date_gmt":"2023-03-21T01:14:06","guid":{"rendered":"https:\/\/toys.lt\/produktas\/piepusamais-batuts-intex-jump-o-lene-pils-175m-x-175m-x-135m\/"},"modified":"2026-04-08T00:03:02","modified_gmt":"2026-04-08T00:03:02","slug":"piepusamais-batuts-intex-jump-o-lene-pils-175m-x-175m-x-135m","status":"publish","type":"product","link":"https:\/\/toys.lt\/lv\/produktas\/piepusamais-batuts-intex-jump-o-lene-pils-175m-x-175m-x-135m\/","title":{"rendered":"Piep\u016b\u0161amais batuts INTEX Jump-O-Lene pils (1,75m x 1,75m x 1,35m)"},"content":{"rendered":"<p><strong>Piep\u016b\u0161am\u0101 batutu pils<\/strong> ar 4 tor\u0146iem, cietoksnis b\u0113rnu izklaidei j\u016bsu pagalm\u0101, m\u0101j\u0101s un jebkur\u0101 cit\u0101 viet\u0101.<\/p>\n<ul style=\"list-style-type: disc;\">\n<li>Izm\u0113ri 175 x 175 x 135 cm<\/li>\n<li>M\u012bkst\u0101s piep\u016b\u0161am\u0101s gr\u012bdas un augst\u0101s sienas nodro\u0161ina dro\u0161u l\u0113k\u0161anas platformu.<\/li>\n<li>54 kg maksim\u0101l\u0101 slodze<\/li>\n<\/ul>\n","protected":false},"excerpt":{"rendered":"<p>Produkta veids: batuts<\/p>\n<p>Batuta izm\u0113ri: 175 x 175 x 135 cm<\/p>\n<p>Maksim\u0101l\u0101 slodze: 54 kg<\/p>\n<p>Iepakojuma izm\u0113ri: 40 x 16 x 54 cm<\/p>\n<p>Svars: 11 kg<\/p>\n<p>Ieteicamais vecums: no 3 l\u012bdz 6 gadiem.<\/p>\n","protected":false},"featured_media":38956,"comment_status":"open","ping_status":"closed","template":"","meta":[],"product_brand":[],"product_cat":[1264,1272,1215,1155],"product_tag":[],"class_list":{"0":"post-42890","1":"product","2":"type-product","3":"status-publish","4":"has-post-thumbnail","6":"product_cat-piepusamas-iekstelpu-mebeles","7":"product_cat-piepusamie-plosti-pludmales-preces","8":"product_cat-sports-atputa-turisms","9":"product_cat-leti","10":"pa_amziaus-grupe-3-lv","11":"pa_prek-s-tipas-piepusamie-plosti-pludmales-preces","12":"pa_prekes-zenklas-intex-lv","14":"first","15":"instock","16":"sale","17":"taxable","18":"shipping-taxable","19":"purchasable","20":"product-type-simple"},"yoast_head":"<!-- This site is optimized with the Yoast SEO plugin v26.3 - https:\/\/yoast.com\/wordpress\/plugins\/seo\/ -->\n<title>Piep\u016b\u0161amais batuts INTEX Jump-O-Lene pils (1,75m x 1,75m x 1,35m) - Toys.lt<\/title>\n<meta name=\"robots\" content=\"index, follow, max-snippet:-1, max-image-preview:large, max-video-preview:-1\" \/>\n<link rel=\"canonical\" href=\"https:\/\/toys.lt\/lv\/produktas\/piepusamais-batuts-intex-jump-o-lene-pils-175m-x-175m-x-135m\/\" \/>\n<meta property=\"og:locale\" content=\"lv_LV\" \/>\n<meta property=\"og:type\" content=\"article\" \/>\n<meta property=\"og:title\" content=\"Piep\u016b\u0161amais batuts INTEX Jump-O-Lene pils (1,75m x 1,75m x 1,35m) - Toys.lt\" \/>\n<meta property=\"og:description\" content=\"Produkta veids: batuts Batuta izm\u0113ri: 175 x 175 x 135 cm Maksim\u0101l\u0101 slodze: 54 kg Iepakojuma izm\u0113ri: 40 x 16 x 54 cm Svars: 11 kg Ieteicamais vecums: no 3 l\u012bdz 6 gadiem.\" \/>\n<meta property=\"og:url\" content=\"https:\/\/toys.lt\/lv\/produktas\/piepusamais-batuts-intex-jump-o-lene-pils-175m-x-175m-x-135m\/\" \/>\n<meta property=\"og:site_name\" content=\"Toys.lt\" \/>\n<meta property=\"article:modified_time\" content=\"2026-04-08T00:03:02+00:00\" \/>\n<meta property=\"og:image\" content=\"https:\/\/toys.lt\/wp-content\/uploads\/2023\/03\/products-4169-scaled.jpg\" \/>\n\t<meta property=\"og:image:width\" content=\"2560\" \/>\n\t<meta property=\"og:image:height\" content=\"1778\" \/>\n\t<meta property=\"og:image:type\" content=\"image\/jpeg\" \/>\n<meta name=\"twitter:card\" content=\"summary_large_image\" \/>\n<script type=\"application\/ld+json\" class=\"yoast-schema-graph\">{\"@context\":\"https:\/\/schema.org\",\"@graph\":[{\"@type\":\"WebPage\",\"@id\":\"https:\/\/toys.lt\/lv\/produktas\/piepusamais-batuts-intex-jump-o-lene-pils-175m-x-175m-x-135m\/\",\"url\":\"https:\/\/toys.lt\/lv\/produktas\/piepusamais-batuts-intex-jump-o-lene-pils-175m-x-175m-x-135m\/\",\"name\":\"Piep\u016b\u0161amais batuts INTEX Jump-O-Lene pils (1,75m x 1,75m x 1,35m) - Toys.lt\",\"isPartOf\":{\"@id\":\"https:\/\/toys.lt\/lv\/#website\"},\"primaryImageOfPage\":{\"@id\":\"https:\/\/toys.lt\/lv\/produktas\/piepusamais-batuts-intex-jump-o-lene-pils-175m-x-175m-x-135m\/#primaryimage\"},\"image\":{\"@id\":\"https:\/\/toys.lt\/lv\/produktas\/piepusamais-batuts-intex-jump-o-lene-pils-175m-x-175m-x-135m\/#primaryimage\"},\"thumbnailUrl\":\"https:\/\/toys.lt\/wp-content\/uploads\/2023\/03\/products-4169-scaled.jpg\",\"datePublished\":\"2023-03-21T01:14:06+00:00\",\"dateModified\":\"2026-04-08T00:03:02+00:00\",\"breadcrumb\":{\"@id\":\"https:\/\/toys.lt\/lv\/produktas\/piepusamais-batuts-intex-jump-o-lene-pils-175m-x-175m-x-135m\/#breadcrumb\"},\"inLanguage\":\"lv-LV\",\"potentialAction\":[{\"@type\":\"ReadAction\",\"target\":[\"https:\/\/toys.lt\/lv\/produktas\/piepusamais-batuts-intex-jump-o-lene-pils-175m-x-175m-x-135m\/\"]}]},{\"@type\":\"ImageObject\",\"inLanguage\":\"lv-LV\",\"@id\":\"https:\/\/toys.lt\/lv\/produktas\/piepusamais-batuts-intex-jump-o-lene-pils-175m-x-175m-x-135m\/#primaryimage\",\"url\":\"https:\/\/toys.lt\/wp-content\/uploads\/2023\/03\/products-4169-scaled.jpg\",\"contentUrl\":\"https:\/\/toys.lt\/wp-content\/uploads\/2023\/03\/products-4169-scaled.jpg\",\"width\":2560,\"height\":1778,\"caption\":\"Pripu\u010diamas batutas INTEX Jump-O-Lene Castle (1.75m x 1.75m x 1.35m)\"},{\"@type\":\"BreadcrumbList\",\"@id\":\"https:\/\/toys.lt\/lv\/produktas\/piepusamais-batuts-intex-jump-o-lene-pils-175m-x-175m-x-135m\/#breadcrumb\",\"itemListElement\":[{\"@type\":\"ListItem\",\"position\":1,\"name\":\"Home\",\"item\":\"https:\/\/toys.lt\/lv\/\"},{\"@type\":\"ListItem\",\"position\":2,\"name\":\"Veikals\",\"item\":\"https:\/\/toys.lt\/lv\/shop\/\"},{\"@type\":\"ListItem\",\"position\":3,\"name\":\"Piep\u016b\u0161amais batuts INTEX Jump-O-Lene pils (1,75m x 1,75m x 1,35m)\"}]},{\"@type\":\"WebSite\",\"@id\":\"https:\/\/toys.lt\/lv\/#website\",\"url\":\"https:\/\/toys.lt\/lv\/\",\"name\":\"Toys.lt\",\"description\":\"\",\"potentialAction\":[{\"@type\":\"SearchAction\",\"target\":{\"@type\":\"EntryPoint\",\"urlTemplate\":\"https:\/\/toys.lt\/lv\/?s={search_term_string}\"},\"query-input\":{\"@type\":\"PropertyValueSpecification\",\"valueRequired\":true,\"valueName\":\"search_term_string\"}}],\"inLanguage\":\"lv-LV\"}]}<\/script>\n<!-- \/ Yoast SEO plugin. -->","yoast_head_json":{"title":"Piep\u016b\u0161amais batuts INTEX Jump-O-Lene pils (1,75m x 1,75m x 1,35m) - Toys.lt","robots":{"index":"index","follow":"follow","max-snippet":"max-snippet:-1","max-image-preview":"max-image-preview:large","max-video-preview":"max-video-preview:-1"},"canonical":"https:\/\/toys.lt\/lv\/produktas\/piepusamais-batuts-intex-jump-o-lene-pils-175m-x-175m-x-135m\/","og_locale":"lv_LV","og_type":"article","og_title":"Piep\u016b\u0161amais batuts INTEX Jump-O-Lene pils (1,75m x 1,75m x 1,35m) - Toys.lt","og_description":"Produkta veids: batuts Batuta izm\u0113ri: 175 x 175 x 135 cm Maksim\u0101l\u0101 slodze: 54 kg Iepakojuma izm\u0113ri: 40 x 16 x 54 cm Svars: 11 kg Ieteicamais vecums: no 3 l\u012bdz 6 gadiem.","og_url":"https:\/\/toys.lt\/lv\/produktas\/piepusamais-batuts-intex-jump-o-lene-pils-175m-x-175m-x-135m\/","og_site_name":"Toys.lt","article_modified_time":"2026-04-08T00:03:02+00:00","og_image":[{"width":2560,"height":1778,"url":"https:\/\/toys.lt\/wp-content\/uploads\/2023\/03\/products-4169-scaled.jpg","type":"image\/jpeg"}],"twitter_card":"summary_large_image","schema":{"@context":"https:\/\/schema.org","@graph":[{"@type":"WebPage","@id":"https:\/\/toys.lt\/lv\/produktas\/piepusamais-batuts-intex-jump-o-lene-pils-175m-x-175m-x-135m\/","url":"https:\/\/toys.lt\/lv\/produktas\/piepusamais-batuts-intex-jump-o-lene-pils-175m-x-175m-x-135m\/","name":"Piep\u016b\u0161amais batuts INTEX Jump-O-Lene pils (1,75m x 1,75m x 1,35m) - Toys.lt","isPartOf":{"@id":"https:\/\/toys.lt\/lv\/#website"},"primaryImageOfPage":{"@id":"https:\/\/toys.lt\/lv\/produktas\/piepusamais-batuts-intex-jump-o-lene-pils-175m-x-175m-x-135m\/#primaryimage"},"image":{"@id":"https:\/\/toys.lt\/lv\/produktas\/piepusamais-batuts-intex-jump-o-lene-pils-175m-x-175m-x-135m\/#primaryimage"},"thumbnailUrl":"https:\/\/toys.lt\/wp-content\/uploads\/2023\/03\/products-4169-scaled.jpg","datePublished":"2023-03-21T01:14:06+00:00","dateModified":"2026-04-08T00:03:02+00:00","breadcrumb":{"@id":"https:\/\/toys.lt\/lv\/produktas\/piepusamais-batuts-intex-jump-o-lene-pils-175m-x-175m-x-135m\/#breadcrumb"},"inLanguage":"lv-LV","potentialAction":[{"@type":"ReadAction","target":["https:\/\/toys.lt\/lv\/produktas\/piepusamais-batuts-intex-jump-o-lene-pils-175m-x-175m-x-135m\/"]}]},{"@type":"ImageObject","inLanguage":"lv-LV","@id":"https:\/\/toys.lt\/lv\/produktas\/piepusamais-batuts-intex-jump-o-lene-pils-175m-x-175m-x-135m\/#primaryimage","url":"https:\/\/toys.lt\/wp-content\/uploads\/2023\/03\/products-4169-scaled.jpg","contentUrl":"https:\/\/toys.lt\/wp-content\/uploads\/2023\/03\/products-4169-scaled.jpg","width":2560,"height":1778,"caption":"Pripu\u010diamas batutas INTEX Jump-O-Lene Castle (1.75m x 1.75m x 1.35m)"},{"@type":"BreadcrumbList","@id":"https:\/\/toys.lt\/lv\/produktas\/piepusamais-batuts-intex-jump-o-lene-pils-175m-x-175m-x-135m\/#breadcrumb","itemListElement":[{"@type":"ListItem","position":1,"name":"Home","item":"https:\/\/toys.lt\/lv\/"},{"@type":"ListItem","position":2,"name":"Veikals","item":"https:\/\/toys.lt\/lv\/shop\/"},{"@type":"ListItem","position":3,"name":"Piep\u016b\u0161amais batuts INTEX Jump-O-Lene pils (1,75m x 1,75m x 1,35m)"}]},{"@type":"WebSite","@id":"https:\/\/toys.lt\/lv\/#website","url":"https:\/\/toys.lt\/lv\/","name":"Toys.lt","description":"","potentialAction":[{"@type":"SearchAction","target":{"@type":"EntryPoint","urlTemplate":"https:\/\/toys.lt\/lv\/?s={search_term_string}"},"query-input":{"@type":"PropertyValueSpecification","valueRequired":true,"valueName":"search_term_string"}}],"inLanguage":"lv-LV"}]}},"_links":{"self":[{"href":"https:\/\/toys.lt\/lv\/wp-json\/wp\/v2\/product\/42890","targetHints":{"allow":["GET"]}}],"collection":[{"href":"https:\/\/toys.lt\/lv\/wp-json\/wp\/v2\/product"}],"about":[{"href":"https:\/\/toys.lt\/lv\/wp-json\/wp\/v2\/types\/product"}],"replies":[{"embeddable":true,"href":"https:\/\/toys.lt\/lv\/wp-json\/wp\/v2\/comments?post=42890"}],"version-history":[{"count":1,"href":"https:\/\/toys.lt\/lv\/wp-json\/wp\/v2\/product\/42890\/revisions"}],"predecessor-version":[{"id":45881,"href":"https:\/\/toys.lt\/lv\/wp-json\/wp\/v2\/product\/42890\/revisions\/45881"}],"wp:featuredmedia":[{"embeddable":true,"href":"https:\/\/toys.lt\/lv\/wp-json\/wp\/v2\/media\/38956"}],"wp:attachment":[{"href":"https:\/\/toys.lt\/lv\/wp-json\/wp\/v2\/media?parent=42890"}],"wp:term":[{"taxonomy":"product_brand","embeddable":true,"href":"https:\/\/toys.lt\/lv\/wp-json\/wp\/v2\/product_brand?post=42890"},{"taxonomy":"product_cat","embeddable":true,"href":"https:\/\/toys.lt\/lv\/wp-json\/wp\/v2\/product_cat?post=42890"},{"taxonomy":"product_tag","embeddable":true,"href":"https:\/\/toys.lt\/lv\/wp-json\/wp\/v2\/product_tag?post=42890"}],"curies":[{"name":"wp","href":"https:\/\/api.w.org\/{rel}","templated":true}]}}