{"id":42885,"date":"2023-03-19T20:19:51","date_gmt":"2023-03-19T20:19:51","guid":{"rendered":"https:\/\/toys.lt\/produktas\/piepusamais-baseins-rotalu-laukums-intex-fishing-fun-play-center-218-m-x-188-m-x-099-m\/"},"modified":"2026-04-08T00:03:08","modified_gmt":"2026-04-08T00:03:08","slug":"piepusamais-baseins-rotalu-laukums-intex-fishing-fun-play-center-218-m-x-188-m-x-099-m","status":"publish","type":"product","link":"https:\/\/toys.lt\/lv\/produktas\/piepusamais-baseins-rotalu-laukums-intex-fishing-fun-play-center-218-m-x-188-m-x-099-m\/","title":{"rendered":"Piep\u016b\u0161amais baseins (rota\u013cu laukums) INTEX Fishing Fun Play Center (2,18 m x 1,88 m x 0,99 m)"},"content":{"rendered":"<p><strong>Piep\u016b\u0161amais \u0101ra baseins <\/strong>ar slidkalni\u0146u, rota\u013cliet\u0101m un torni.<\/p>\n<ul style=\"list-style-type: disc;\">\n<li>Baseina izm\u0113ri: 218 x 188 x 99 cm<\/li>\n<li>\u016adens tilpums: 182 litri<\/li>\n<li>\u016adens iztuk\u0161o\u0161anas kontaktdak\u0161a<\/li>\n<li>Menca ar 2 ziv\u012bm<\/li>\n<\/ul>\n","protected":false},"excerpt":{"rendered":"<p>Produkta veids: baseins<\/p>\n<p>Baseina izm\u0113ri: 218 x 188 x 99 cm<\/p>\n<p>Iepakojuma izm\u0113ri: 38 x 40 x 13 cm<\/p>\n<p>Svars: 4,15 kg<\/p>\n<p>\u016adens tilpums: 182 litri<\/p>\n<p>Ieteicamais vecums: no 2 gadiem.<\/p>\n","protected":false},"featured_media":38738,"comment_status":"open","ping_status":"closed","template":"","meta":[],"product_brand":[],"product_cat":[1262,1155],"product_tag":[],"class_list":{"0":"post-42885","1":"product","2":"type-product","3":"status-publish","4":"has-post-thumbnail","6":"product_cat-bernu-baseini","7":"product_cat-leti","8":"pa_amziaus-grupe-2-lv","9":"pa_prek-s-tipas-peldbaseini","10":"pa_prekes-zenklas-intex-lv","12":"first","13":"instock","14":"taxable","15":"shipping-taxable","16":"purchasable","17":"product-type-simple"},"yoast_head":"<!-- This site is optimized with the Yoast SEO plugin v26.3 - https:\/\/yoast.com\/wordpress\/plugins\/seo\/ -->\n<title>Piep\u016b\u0161amais baseins (rota\u013cu laukums) INTEX Fishing Fun Play Center (2,18 m x 1,88 m x 0,99 m) - Toys.lt<\/title>\n<meta name=\"robots\" content=\"index, follow, max-snippet:-1, max-image-preview:large, max-video-preview:-1\" \/>\n<link rel=\"canonical\" href=\"https:\/\/toys.lt\/lv\/produktas\/piepusamais-baseins-rotalu-laukums-intex-fishing-fun-play-center-218-m-x-188-m-x-099-m\/\" \/>\n<meta property=\"og:locale\" content=\"lv_LV\" \/>\n<meta property=\"og:type\" content=\"article\" \/>\n<meta property=\"og:title\" content=\"Piep\u016b\u0161amais baseins (rota\u013cu laukums) INTEX Fishing Fun Play Center (2,18 m x 1,88 m x 0,99 m) - Toys.lt\" \/>\n<meta property=\"og:description\" content=\"Produkta veids: baseins Baseina izm\u0113ri: 218 x 188 x 99 cm Iepakojuma izm\u0113ri: 38 x 40 x 13 cm Svars: 4,15 kg \u016adens tilpums: 182 litri Ieteicamais vecums: no 2 gadiem.\" \/>\n<meta property=\"og:url\" content=\"https:\/\/toys.lt\/lv\/produktas\/piepusamais-baseins-rotalu-laukums-intex-fishing-fun-play-center-218-m-x-188-m-x-099-m\/\" \/>\n<meta property=\"og:site_name\" content=\"Toys.lt\" \/>\n<meta property=\"article:modified_time\" content=\"2026-04-08T00:03:08+00:00\" \/>\n<meta property=\"og:image\" content=\"https:\/\/toys.lt\/wp-content\/uploads\/2023\/03\/products-3746-scaled.jpg\" \/>\n\t<meta property=\"og:image:width\" content=\"2560\" \/>\n\t<meta property=\"og:image:height\" content=\"1778\" \/>\n\t<meta property=\"og:image:type\" content=\"image\/jpeg\" \/>\n<meta name=\"twitter:card\" content=\"summary_large_image\" \/>\n<script type=\"application\/ld+json\" class=\"yoast-schema-graph\">{\"@context\":\"https:\/\/schema.org\",\"@graph\":[{\"@type\":\"WebPage\",\"@id\":\"https:\/\/toys.lt\/lv\/produktas\/piepusamais-baseins-rotalu-laukums-intex-fishing-fun-play-center-218-m-x-188-m-x-099-m\/\",\"url\":\"https:\/\/toys.lt\/lv\/produktas\/piepusamais-baseins-rotalu-laukums-intex-fishing-fun-play-center-218-m-x-188-m-x-099-m\/\",\"name\":\"Piep\u016b\u0161amais baseins (rota\u013cu laukums) INTEX Fishing Fun Play Center (2,18 m x 1,88 m x 0,99 m) - Toys.lt\",\"isPartOf\":{\"@id\":\"https:\/\/toys.lt\/lv\/#website\"},\"primaryImageOfPage\":{\"@id\":\"https:\/\/toys.lt\/lv\/produktas\/piepusamais-baseins-rotalu-laukums-intex-fishing-fun-play-center-218-m-x-188-m-x-099-m\/#primaryimage\"},\"image\":{\"@id\":\"https:\/\/toys.lt\/lv\/produktas\/piepusamais-baseins-rotalu-laukums-intex-fishing-fun-play-center-218-m-x-188-m-x-099-m\/#primaryimage\"},\"thumbnailUrl\":\"https:\/\/toys.lt\/wp-content\/uploads\/2023\/03\/products-3746-scaled.jpg\",\"datePublished\":\"2023-03-19T20:19:51+00:00\",\"dateModified\":\"2026-04-08T00:03:08+00:00\",\"breadcrumb\":{\"@id\":\"https:\/\/toys.lt\/lv\/produktas\/piepusamais-baseins-rotalu-laukums-intex-fishing-fun-play-center-218-m-x-188-m-x-099-m\/#breadcrumb\"},\"inLanguage\":\"lv-LV\",\"potentialAction\":[{\"@type\":\"ReadAction\",\"target\":[\"https:\/\/toys.lt\/lv\/produktas\/piepusamais-baseins-rotalu-laukums-intex-fishing-fun-play-center-218-m-x-188-m-x-099-m\/\"]}]},{\"@type\":\"ImageObject\",\"inLanguage\":\"lv-LV\",\"@id\":\"https:\/\/toys.lt\/lv\/produktas\/piepusamais-baseins-rotalu-laukums-intex-fishing-fun-play-center-218-m-x-188-m-x-099-m\/#primaryimage\",\"url\":\"https:\/\/toys.lt\/wp-content\/uploads\/2023\/03\/products-3746-scaled.jpg\",\"contentUrl\":\"https:\/\/toys.lt\/wp-content\/uploads\/2023\/03\/products-3746-scaled.jpg\",\"width\":2560,\"height\":1778,\"caption\":\"Pripu\u010diamas baseinas (\u017eaidim\u0173 aik\u0161tel\u0117) INTEX Fishing Fun Play Center (2.18m x 1.88m x 0.99m)\"},{\"@type\":\"BreadcrumbList\",\"@id\":\"https:\/\/toys.lt\/lv\/produktas\/piepusamais-baseins-rotalu-laukums-intex-fishing-fun-play-center-218-m-x-188-m-x-099-m\/#breadcrumb\",\"itemListElement\":[{\"@type\":\"ListItem\",\"position\":1,\"name\":\"Home\",\"item\":\"https:\/\/toys.lt\/lv\/\"},{\"@type\":\"ListItem\",\"position\":2,\"name\":\"Veikals\",\"item\":\"https:\/\/toys.lt\/lv\/shop\/\"},{\"@type\":\"ListItem\",\"position\":3,\"name\":\"Piep\u016b\u0161amais baseins (rota\u013cu laukums) INTEX Fishing Fun Play Center (2,18 m x 1,88 m x 0,99 m)\"}]},{\"@type\":\"WebSite\",\"@id\":\"https:\/\/toys.lt\/lv\/#website\",\"url\":\"https:\/\/toys.lt\/lv\/\",\"name\":\"Toys.lt\",\"description\":\"\",\"potentialAction\":[{\"@type\":\"SearchAction\",\"target\":{\"@type\":\"EntryPoint\",\"urlTemplate\":\"https:\/\/toys.lt\/lv\/?s={search_term_string}\"},\"query-input\":{\"@type\":\"PropertyValueSpecification\",\"valueRequired\":true,\"valueName\":\"search_term_string\"}}],\"inLanguage\":\"lv-LV\"}]}<\/script>\n<!-- \/ Yoast SEO plugin. -->","yoast_head_json":{"title":"Piep\u016b\u0161amais baseins (rota\u013cu laukums) INTEX Fishing Fun Play Center (2,18 m x 1,88 m x 0,99 m) - Toys.lt","robots":{"index":"index","follow":"follow","max-snippet":"max-snippet:-1","max-image-preview":"max-image-preview:large","max-video-preview":"max-video-preview:-1"},"canonical":"https:\/\/toys.lt\/lv\/produktas\/piepusamais-baseins-rotalu-laukums-intex-fishing-fun-play-center-218-m-x-188-m-x-099-m\/","og_locale":"lv_LV","og_type":"article","og_title":"Piep\u016b\u0161amais baseins (rota\u013cu laukums) INTEX Fishing Fun Play Center (2,18 m x 1,88 m x 0,99 m) - Toys.lt","og_description":"Produkta veids: baseins Baseina izm\u0113ri: 218 x 188 x 99 cm Iepakojuma izm\u0113ri: 38 x 40 x 13 cm Svars: 4,15 kg \u016adens tilpums: 182 litri Ieteicamais vecums: no 2 gadiem.","og_url":"https:\/\/toys.lt\/lv\/produktas\/piepusamais-baseins-rotalu-laukums-intex-fishing-fun-play-center-218-m-x-188-m-x-099-m\/","og_site_name":"Toys.lt","article_modified_time":"2026-04-08T00:03:08+00:00","og_image":[{"width":2560,"height":1778,"url":"https:\/\/toys.lt\/wp-content\/uploads\/2023\/03\/products-3746-scaled.jpg","type":"image\/jpeg"}],"twitter_card":"summary_large_image","schema":{"@context":"https:\/\/schema.org","@graph":[{"@type":"WebPage","@id":"https:\/\/toys.lt\/lv\/produktas\/piepusamais-baseins-rotalu-laukums-intex-fishing-fun-play-center-218-m-x-188-m-x-099-m\/","url":"https:\/\/toys.lt\/lv\/produktas\/piepusamais-baseins-rotalu-laukums-intex-fishing-fun-play-center-218-m-x-188-m-x-099-m\/","name":"Piep\u016b\u0161amais baseins (rota\u013cu laukums) INTEX Fishing Fun Play Center (2,18 m x 1,88 m x 0,99 m) - Toys.lt","isPartOf":{"@id":"https:\/\/toys.lt\/lv\/#website"},"primaryImageOfPage":{"@id":"https:\/\/toys.lt\/lv\/produktas\/piepusamais-baseins-rotalu-laukums-intex-fishing-fun-play-center-218-m-x-188-m-x-099-m\/#primaryimage"},"image":{"@id":"https:\/\/toys.lt\/lv\/produktas\/piepusamais-baseins-rotalu-laukums-intex-fishing-fun-play-center-218-m-x-188-m-x-099-m\/#primaryimage"},"thumbnailUrl":"https:\/\/toys.lt\/wp-content\/uploads\/2023\/03\/products-3746-scaled.jpg","datePublished":"2023-03-19T20:19:51+00:00","dateModified":"2026-04-08T00:03:08+00:00","breadcrumb":{"@id":"https:\/\/toys.lt\/lv\/produktas\/piepusamais-baseins-rotalu-laukums-intex-fishing-fun-play-center-218-m-x-188-m-x-099-m\/#breadcrumb"},"inLanguage":"lv-LV","potentialAction":[{"@type":"ReadAction","target":["https:\/\/toys.lt\/lv\/produktas\/piepusamais-baseins-rotalu-laukums-intex-fishing-fun-play-center-218-m-x-188-m-x-099-m\/"]}]},{"@type":"ImageObject","inLanguage":"lv-LV","@id":"https:\/\/toys.lt\/lv\/produktas\/piepusamais-baseins-rotalu-laukums-intex-fishing-fun-play-center-218-m-x-188-m-x-099-m\/#primaryimage","url":"https:\/\/toys.lt\/wp-content\/uploads\/2023\/03\/products-3746-scaled.jpg","contentUrl":"https:\/\/toys.lt\/wp-content\/uploads\/2023\/03\/products-3746-scaled.jpg","width":2560,"height":1778,"caption":"Pripu\u010diamas baseinas (\u017eaidim\u0173 aik\u0161tel\u0117) INTEX Fishing Fun Play Center (2.18m x 1.88m x 0.99m)"},{"@type":"BreadcrumbList","@id":"https:\/\/toys.lt\/lv\/produktas\/piepusamais-baseins-rotalu-laukums-intex-fishing-fun-play-center-218-m-x-188-m-x-099-m\/#breadcrumb","itemListElement":[{"@type":"ListItem","position":1,"name":"Home","item":"https:\/\/toys.lt\/lv\/"},{"@type":"ListItem","position":2,"name":"Veikals","item":"https:\/\/toys.lt\/lv\/shop\/"},{"@type":"ListItem","position":3,"name":"Piep\u016b\u0161amais baseins (rota\u013cu laukums) INTEX Fishing Fun Play Center (2,18 m x 1,88 m x 0,99 m)"}]},{"@type":"WebSite","@id":"https:\/\/toys.lt\/lv\/#website","url":"https:\/\/toys.lt\/lv\/","name":"Toys.lt","description":"","potentialAction":[{"@type":"SearchAction","target":{"@type":"EntryPoint","urlTemplate":"https:\/\/toys.lt\/lv\/?s={search_term_string}"},"query-input":{"@type":"PropertyValueSpecification","valueRequired":true,"valueName":"search_term_string"}}],"inLanguage":"lv-LV"}]}},"_links":{"self":[{"href":"https:\/\/toys.lt\/lv\/wp-json\/wp\/v2\/product\/42885","targetHints":{"allow":["GET"]}}],"collection":[{"href":"https:\/\/toys.lt\/lv\/wp-json\/wp\/v2\/product"}],"about":[{"href":"https:\/\/toys.lt\/lv\/wp-json\/wp\/v2\/types\/product"}],"replies":[{"embeddable":true,"href":"https:\/\/toys.lt\/lv\/wp-json\/wp\/v2\/comments?post=42885"}],"version-history":[{"count":1,"href":"https:\/\/toys.lt\/lv\/wp-json\/wp\/v2\/product\/42885\/revisions"}],"predecessor-version":[{"id":45867,"href":"https:\/\/toys.lt\/lv\/wp-json\/wp\/v2\/product\/42885\/revisions\/45867"}],"wp:featuredmedia":[{"embeddable":true,"href":"https:\/\/toys.lt\/lv\/wp-json\/wp\/v2\/media\/38738"}],"wp:attachment":[{"href":"https:\/\/toys.lt\/lv\/wp-json\/wp\/v2\/media?parent=42885"}],"wp:term":[{"taxonomy":"product_brand","embeddable":true,"href":"https:\/\/toys.lt\/lv\/wp-json\/wp\/v2\/product_brand?post=42885"},{"taxonomy":"product_cat","embeddable":true,"href":"https:\/\/toys.lt\/lv\/wp-json\/wp\/v2\/product_cat?post=42885"},{"taxonomy":"product_tag","embeddable":true,"href":"https:\/\/toys.lt\/lv\/wp-json\/wp\/v2\/product_tag?post=42885"}],"curies":[{"name":"wp","href":"https:\/\/api.w.org\/{rel}","templated":true}]}}