{"id":42876,"date":"2023-03-02T03:49:12","date_gmt":"2023-03-02T03:49:12","guid":{"rendered":"https:\/\/toys.lt\/produktas\/piekaramais-muzikalais-karuselis-bernu-gultinai\/"},"modified":"2026-02-18T00:02:10","modified_gmt":"2026-02-18T00:02:10","slug":"piekaramais-muzikalais-karuselis-bernu-gultinai","status":"publish","type":"product","link":"https:\/\/toys.lt\/lv\/produktas\/piekaramais-muzikalais-karuselis-bernu-gultinai\/","title":{"rendered":"Piekaramais muzik\u0101lais karuselis b\u0113rnu gulti\u0146ai"},"content":{"rendered":"<p><strong>Funkcijas:<\/strong><\/p>\n<ul style=\"list-style-type: square;\">\n<li>Piekarin\u0101m\u0101 rota\u013clieta ar pievilc\u012bgu izskatu mazulim<\/li>\n<li>\u0112rti iek\u013caujas virs b\u0113rnu gulti\u0146as<\/li>\n<li>M\u016bzikas atska\u0146o\u0161ana<\/li>\n<li>Dz\u012bvnieki grie\u017eas par 360 gr\u0101diem<\/li>\n<li>Var regul\u0113t m\u016bziku, apgaismojumu un karuse\u013ca rot\u0101ciju.<\/li>\n<\/ul>\n","protected":false},"excerpt":{"rendered":"<p>Izcelsmes valsts: \u0136\u012bna<\/p>\n<p>Izm\u0113ri: 36 x 27 x 7 cm<\/p>\n<p>Ieteicamais vecums: no 0 gadiem<\/p>\n<p>Nepiecie\u0161amie elementi: 3 x AA.<\/p>\n","protected":false},"featured_media":38713,"comment_status":"open","ping_status":"closed","template":"","meta":[],"product_brand":[],"product_cat":[1183,1155],"product_tag":[],"class_list":{"0":"post-42876","1":"product","2":"type-product","3":"status-publish","4":"has-post-thumbnail","6":"product_cat-rotallietas-maziem-berniem","7":"product_cat-leti","8":"pa_amziaus-grupe-0-lv","10":"first","11":"instock","12":"sale","13":"taxable","14":"shipping-taxable","15":"purchasable","16":"product-type-simple"},"yoast_head":"<!-- This site is optimized with the Yoast SEO plugin v26.3 - https:\/\/yoast.com\/wordpress\/plugins\/seo\/ -->\n<title>Piekaramais muzik\u0101lais karuselis b\u0113rnu gulti\u0146ai - Toys.lt<\/title>\n<meta name=\"robots\" content=\"index, follow, max-snippet:-1, max-image-preview:large, max-video-preview:-1\" \/>\n<link rel=\"canonical\" href=\"https:\/\/toys.lt\/lv\/produktas\/piekaramais-muzikalais-karuselis-bernu-gultinai\/\" \/>\n<meta property=\"og:locale\" content=\"lv_LV\" \/>\n<meta property=\"og:type\" content=\"article\" \/>\n<meta property=\"og:title\" content=\"Piekaramais muzik\u0101lais karuselis b\u0113rnu gulti\u0146ai - Toys.lt\" \/>\n<meta property=\"og:description\" content=\"Izcelsmes valsts: \u0136\u012bna Izm\u0113ri: 36 x 27 x 7 cm Ieteicamais vecums: no 0 gadiem Nepiecie\u0161amie elementi: 3 x AA.\" \/>\n<meta property=\"og:url\" content=\"https:\/\/toys.lt\/lv\/produktas\/piekaramais-muzikalais-karuselis-bernu-gultinai\/\" \/>\n<meta property=\"og:site_name\" content=\"Toys.lt\" \/>\n<meta property=\"article:modified_time\" content=\"2026-02-18T00:02:10+00:00\" \/>\n<meta property=\"og:image\" content=\"https:\/\/toys.lt\/wp-content\/uploads\/2023\/03\/products-3697.jpg\" \/>\n\t<meta property=\"og:image:width\" content=\"997\" \/>\n\t<meta property=\"og:image:height\" content=\"1127\" \/>\n\t<meta property=\"og:image:type\" content=\"image\/jpeg\" \/>\n<meta name=\"twitter:card\" content=\"summary_large_image\" \/>\n<script type=\"application\/ld+json\" class=\"yoast-schema-graph\">{\"@context\":\"https:\/\/schema.org\",\"@graph\":[{\"@type\":\"WebPage\",\"@id\":\"https:\/\/toys.lt\/lv\/produktas\/piekaramais-muzikalais-karuselis-bernu-gultinai\/\",\"url\":\"https:\/\/toys.lt\/lv\/produktas\/piekaramais-muzikalais-karuselis-bernu-gultinai\/\",\"name\":\"Piekaramais muzik\u0101lais karuselis b\u0113rnu gulti\u0146ai - Toys.lt\",\"isPartOf\":{\"@id\":\"https:\/\/toys.lt\/lv\/#website\"},\"primaryImageOfPage\":{\"@id\":\"https:\/\/toys.lt\/lv\/produktas\/piekaramais-muzikalais-karuselis-bernu-gultinai\/#primaryimage\"},\"image\":{\"@id\":\"https:\/\/toys.lt\/lv\/produktas\/piekaramais-muzikalais-karuselis-bernu-gultinai\/#primaryimage\"},\"thumbnailUrl\":\"https:\/\/toys.lt\/wp-content\/uploads\/2023\/03\/products-3697.jpg\",\"datePublished\":\"2023-03-02T03:49:12+00:00\",\"dateModified\":\"2026-02-18T00:02:10+00:00\",\"breadcrumb\":{\"@id\":\"https:\/\/toys.lt\/lv\/produktas\/piekaramais-muzikalais-karuselis-bernu-gultinai\/#breadcrumb\"},\"inLanguage\":\"lv-LV\",\"potentialAction\":[{\"@type\":\"ReadAction\",\"target\":[\"https:\/\/toys.lt\/lv\/produktas\/piekaramais-muzikalais-karuselis-bernu-gultinai\/\"]}]},{\"@type\":\"ImageObject\",\"inLanguage\":\"lv-LV\",\"@id\":\"https:\/\/toys.lt\/lv\/produktas\/piekaramais-muzikalais-karuselis-bernu-gultinai\/#primaryimage\",\"url\":\"https:\/\/toys.lt\/wp-content\/uploads\/2023\/03\/products-3697.jpg\",\"contentUrl\":\"https:\/\/toys.lt\/wp-content\/uploads\/2023\/03\/products-3697.jpg\",\"width\":997,\"height\":1127,\"caption\":\"Pakabinama muzikin\u0117 karusel\u0117 prie lovyt\u0117s\"},{\"@type\":\"BreadcrumbList\",\"@id\":\"https:\/\/toys.lt\/lv\/produktas\/piekaramais-muzikalais-karuselis-bernu-gultinai\/#breadcrumb\",\"itemListElement\":[{\"@type\":\"ListItem\",\"position\":1,\"name\":\"Home\",\"item\":\"https:\/\/toys.lt\/lv\/\"},{\"@type\":\"ListItem\",\"position\":2,\"name\":\"Veikals\",\"item\":\"https:\/\/toys.lt\/lv\/shop\/\"},{\"@type\":\"ListItem\",\"position\":3,\"name\":\"Piekaramais muzik\u0101lais karuselis b\u0113rnu gulti\u0146ai\"}]},{\"@type\":\"WebSite\",\"@id\":\"https:\/\/toys.lt\/lv\/#website\",\"url\":\"https:\/\/toys.lt\/lv\/\",\"name\":\"Toys.lt\",\"description\":\"\",\"potentialAction\":[{\"@type\":\"SearchAction\",\"target\":{\"@type\":\"EntryPoint\",\"urlTemplate\":\"https:\/\/toys.lt\/lv\/?s={search_term_string}\"},\"query-input\":{\"@type\":\"PropertyValueSpecification\",\"valueRequired\":true,\"valueName\":\"search_term_string\"}}],\"inLanguage\":\"lv-LV\"}]}<\/script>\n<!-- \/ Yoast SEO plugin. -->","yoast_head_json":{"title":"Piekaramais muzik\u0101lais karuselis b\u0113rnu gulti\u0146ai - Toys.lt","robots":{"index":"index","follow":"follow","max-snippet":"max-snippet:-1","max-image-preview":"max-image-preview:large","max-video-preview":"max-video-preview:-1"},"canonical":"https:\/\/toys.lt\/lv\/produktas\/piekaramais-muzikalais-karuselis-bernu-gultinai\/","og_locale":"lv_LV","og_type":"article","og_title":"Piekaramais muzik\u0101lais karuselis b\u0113rnu gulti\u0146ai - Toys.lt","og_description":"Izcelsmes valsts: \u0136\u012bna Izm\u0113ri: 36 x 27 x 7 cm Ieteicamais vecums: no 0 gadiem Nepiecie\u0161amie elementi: 3 x AA.","og_url":"https:\/\/toys.lt\/lv\/produktas\/piekaramais-muzikalais-karuselis-bernu-gultinai\/","og_site_name":"Toys.lt","article_modified_time":"2026-02-18T00:02:10+00:00","og_image":[{"width":997,"height":1127,"url":"https:\/\/toys.lt\/wp-content\/uploads\/2023\/03\/products-3697.jpg","type":"image\/jpeg"}],"twitter_card":"summary_large_image","schema":{"@context":"https:\/\/schema.org","@graph":[{"@type":"WebPage","@id":"https:\/\/toys.lt\/lv\/produktas\/piekaramais-muzikalais-karuselis-bernu-gultinai\/","url":"https:\/\/toys.lt\/lv\/produktas\/piekaramais-muzikalais-karuselis-bernu-gultinai\/","name":"Piekaramais muzik\u0101lais karuselis b\u0113rnu gulti\u0146ai - Toys.lt","isPartOf":{"@id":"https:\/\/toys.lt\/lv\/#website"},"primaryImageOfPage":{"@id":"https:\/\/toys.lt\/lv\/produktas\/piekaramais-muzikalais-karuselis-bernu-gultinai\/#primaryimage"},"image":{"@id":"https:\/\/toys.lt\/lv\/produktas\/piekaramais-muzikalais-karuselis-bernu-gultinai\/#primaryimage"},"thumbnailUrl":"https:\/\/toys.lt\/wp-content\/uploads\/2023\/03\/products-3697.jpg","datePublished":"2023-03-02T03:49:12+00:00","dateModified":"2026-02-18T00:02:10+00:00","breadcrumb":{"@id":"https:\/\/toys.lt\/lv\/produktas\/piekaramais-muzikalais-karuselis-bernu-gultinai\/#breadcrumb"},"inLanguage":"lv-LV","potentialAction":[{"@type":"ReadAction","target":["https:\/\/toys.lt\/lv\/produktas\/piekaramais-muzikalais-karuselis-bernu-gultinai\/"]}]},{"@type":"ImageObject","inLanguage":"lv-LV","@id":"https:\/\/toys.lt\/lv\/produktas\/piekaramais-muzikalais-karuselis-bernu-gultinai\/#primaryimage","url":"https:\/\/toys.lt\/wp-content\/uploads\/2023\/03\/products-3697.jpg","contentUrl":"https:\/\/toys.lt\/wp-content\/uploads\/2023\/03\/products-3697.jpg","width":997,"height":1127,"caption":"Pakabinama muzikin\u0117 karusel\u0117 prie lovyt\u0117s"},{"@type":"BreadcrumbList","@id":"https:\/\/toys.lt\/lv\/produktas\/piekaramais-muzikalais-karuselis-bernu-gultinai\/#breadcrumb","itemListElement":[{"@type":"ListItem","position":1,"name":"Home","item":"https:\/\/toys.lt\/lv\/"},{"@type":"ListItem","position":2,"name":"Veikals","item":"https:\/\/toys.lt\/lv\/shop\/"},{"@type":"ListItem","position":3,"name":"Piekaramais muzik\u0101lais karuselis b\u0113rnu gulti\u0146ai"}]},{"@type":"WebSite","@id":"https:\/\/toys.lt\/lv\/#website","url":"https:\/\/toys.lt\/lv\/","name":"Toys.lt","description":"","potentialAction":[{"@type":"SearchAction","target":{"@type":"EntryPoint","urlTemplate":"https:\/\/toys.lt\/lv\/?s={search_term_string}"},"query-input":{"@type":"PropertyValueSpecification","valueRequired":true,"valueName":"search_term_string"}}],"inLanguage":"lv-LV"}]}},"_links":{"self":[{"href":"https:\/\/toys.lt\/lv\/wp-json\/wp\/v2\/product\/42876","targetHints":{"allow":["GET"]}}],"collection":[{"href":"https:\/\/toys.lt\/lv\/wp-json\/wp\/v2\/product"}],"about":[{"href":"https:\/\/toys.lt\/lv\/wp-json\/wp\/v2\/types\/product"}],"replies":[{"embeddable":true,"href":"https:\/\/toys.lt\/lv\/wp-json\/wp\/v2\/comments?post=42876"}],"version-history":[{"count":1,"href":"https:\/\/toys.lt\/lv\/wp-json\/wp\/v2\/product\/42876\/revisions"}],"predecessor-version":[{"id":46078,"href":"https:\/\/toys.lt\/lv\/wp-json\/wp\/v2\/product\/42876\/revisions\/46078"}],"wp:featuredmedia":[{"embeddable":true,"href":"https:\/\/toys.lt\/lv\/wp-json\/wp\/v2\/media\/38713"}],"wp:attachment":[{"href":"https:\/\/toys.lt\/lv\/wp-json\/wp\/v2\/media?parent=42876"}],"wp:term":[{"taxonomy":"product_brand","embeddable":true,"href":"https:\/\/toys.lt\/lv\/wp-json\/wp\/v2\/product_brand?post=42876"},{"taxonomy":"product_cat","embeddable":true,"href":"https:\/\/toys.lt\/lv\/wp-json\/wp\/v2\/product_cat?post=42876"},{"taxonomy":"product_tag","embeddable":true,"href":"https:\/\/toys.lt\/lv\/wp-json\/wp\/v2\/product_tag?post=42876"}],"curies":[{"name":"wp","href":"https:\/\/api.w.org\/{rel}","templated":true}]}}