{"id":42874,"date":"2023-03-22T22:32:50","date_gmt":"2023-03-22T22:32:50","guid":{"rendered":"https:\/\/toys.lt\/produktas\/piepusama-laiva-intex-seahawk-4-personam-komplekts-350-x-144-x-48-cm\/"},"modified":"2026-04-08T00:03:00","modified_gmt":"2026-04-08T00:03:00","slug":"piepusama-laiva-intex-seahawk-4-personam-komplekts-350-x-144-x-48-cm","status":"publish","type":"product","link":"https:\/\/toys.lt\/lv\/produktas\/piepusama-laiva-intex-seahawk-4-personam-komplekts-350-x-144-x-48-cm\/","title":{"rendered":"Piep\u016b\u0161am\u0101 laiva INTEX Seahawk 4 person\u0101m, komplekts 350 x 144 x 48 cm"},"content":{"rendered":"<p>\u0112rta, viegli un \u0101tri piep\u016b\u0161ama un iztur\u012bga INTEX <strong>piep\u016b\u0161am\u0101 laiva Seahawk<\/strong>.<\/p>\n<ul style=\"list-style-type: disc;\">\n<li>Izm\u0113ri: 350 x 144 x 48 cm<\/li>\n<li>Maksim\u0101lais svars: 400 kg<\/li>\n<li>2 stie\u0146u tur\u0113t\u0101ji<\/li>\n<li>Izl\u012bdzino\u0161\u0101 virve<\/li>\n<li>2 airu tur\u0113t\u0101ji<\/li>\n<li>2 airi (122cm)<\/li>\n<li>Rokas s\u016bknis<\/li>\n<li>Uzglab\u0101\u0161anas skap\u012btis<\/li>\n<li>3 gaisa kameras, tostarp iek\u0161\u0113j\u0101 apak\u0161\u0113j\u0101 kamera.<\/li>\n<li>Rokturi tur\u0113\u0161anai<\/li>\n<\/ul>\n","protected":false},"excerpt":{"rendered":"<p>Laivas izm\u0113ri: 350 x 144 x 48 cm<\/p>\n<p>Iepakojuma izm\u0113ri: 41 x 61 x 34 cm<\/p>\n<p>Svars 21 kg<\/p>\n<p>Materi\u0101ls: vinils<\/p>\n<p>Maksim\u0101l\u0101 slodze: 400 kg<\/p>\n","protected":false},"featured_media":39001,"comment_status":"open","ping_status":"closed","template":"","meta":[],"product_brand":[],"product_cat":[1213,1155],"product_tag":[],"class_list":{"0":"post-42874","1":"product","2":"type-product","3":"status-publish","4":"has-post-thumbnail","6":"product_cat-piepusamas-laivas","7":"product_cat-leti","8":"pa_prek-s-tipas-piepusamas-laivas","9":"pa_prekes-zenklas-intex-lv","11":"first","12":"instock","13":"taxable","14":"shipping-taxable","15":"purchasable","16":"product-type-simple"},"yoast_head":"<!-- This site is optimized with the Yoast SEO plugin v26.3 - https:\/\/yoast.com\/wordpress\/plugins\/seo\/ -->\n<title>Piep\u016b\u0161am\u0101 laiva INTEX Seahawk 4 person\u0101m, komplekts 350 x 144 x 48 cm - Toys.lt<\/title>\n<meta name=\"robots\" content=\"index, follow, max-snippet:-1, max-image-preview:large, max-video-preview:-1\" \/>\n<link rel=\"canonical\" href=\"https:\/\/toys.lt\/lv\/produktas\/piepusama-laiva-intex-seahawk-4-personam-komplekts-350-x-144-x-48-cm\/\" \/>\n<meta property=\"og:locale\" content=\"lv_LV\" \/>\n<meta property=\"og:type\" content=\"article\" \/>\n<meta property=\"og:title\" content=\"Piep\u016b\u0161am\u0101 laiva INTEX Seahawk 4 person\u0101m, komplekts 350 x 144 x 48 cm - Toys.lt\" \/>\n<meta property=\"og:description\" content=\"Laivas izm\u0113ri: 350 x 144 x 48 cm Iepakojuma izm\u0113ri: 41 x 61 x 34 cm Svars 21 kg Materi\u0101ls: vinils Maksim\u0101l\u0101 slodze: 400 kg\" \/>\n<meta property=\"og:url\" content=\"https:\/\/toys.lt\/lv\/produktas\/piepusama-laiva-intex-seahawk-4-personam-komplekts-350-x-144-x-48-cm\/\" \/>\n<meta property=\"og:site_name\" content=\"Toys.lt\" \/>\n<meta property=\"article:modified_time\" content=\"2026-04-08T00:03:00+00:00\" \/>\n<meta property=\"og:image\" content=\"https:\/\/toys.lt\/wp-content\/uploads\/2023\/03\/products-4261-scaled.jpg\" \/>\n\t<meta property=\"og:image:width\" content=\"2560\" \/>\n\t<meta property=\"og:image:height\" content=\"1778\" \/>\n\t<meta property=\"og:image:type\" content=\"image\/jpeg\" \/>\n<meta name=\"twitter:card\" content=\"summary_large_image\" \/>\n<script type=\"application\/ld+json\" class=\"yoast-schema-graph\">{\"@context\":\"https:\/\/schema.org\",\"@graph\":[{\"@type\":\"WebPage\",\"@id\":\"https:\/\/toys.lt\/lv\/produktas\/piepusama-laiva-intex-seahawk-4-personam-komplekts-350-x-144-x-48-cm\/\",\"url\":\"https:\/\/toys.lt\/lv\/produktas\/piepusama-laiva-intex-seahawk-4-personam-komplekts-350-x-144-x-48-cm\/\",\"name\":\"Piep\u016b\u0161am\u0101 laiva INTEX Seahawk 4 person\u0101m, komplekts 350 x 144 x 48 cm - Toys.lt\",\"isPartOf\":{\"@id\":\"https:\/\/toys.lt\/lv\/#website\"},\"primaryImageOfPage\":{\"@id\":\"https:\/\/toys.lt\/lv\/produktas\/piepusama-laiva-intex-seahawk-4-personam-komplekts-350-x-144-x-48-cm\/#primaryimage\"},\"image\":{\"@id\":\"https:\/\/toys.lt\/lv\/produktas\/piepusama-laiva-intex-seahawk-4-personam-komplekts-350-x-144-x-48-cm\/#primaryimage\"},\"thumbnailUrl\":\"https:\/\/toys.lt\/wp-content\/uploads\/2023\/03\/products-4261-scaled.jpg\",\"datePublished\":\"2023-03-22T22:32:50+00:00\",\"dateModified\":\"2026-04-08T00:03:00+00:00\",\"breadcrumb\":{\"@id\":\"https:\/\/toys.lt\/lv\/produktas\/piepusama-laiva-intex-seahawk-4-personam-komplekts-350-x-144-x-48-cm\/#breadcrumb\"},\"inLanguage\":\"lv-LV\",\"potentialAction\":[{\"@type\":\"ReadAction\",\"target\":[\"https:\/\/toys.lt\/lv\/produktas\/piepusama-laiva-intex-seahawk-4-personam-komplekts-350-x-144-x-48-cm\/\"]}]},{\"@type\":\"ImageObject\",\"inLanguage\":\"lv-LV\",\"@id\":\"https:\/\/toys.lt\/lv\/produktas\/piepusama-laiva-intex-seahawk-4-personam-komplekts-350-x-144-x-48-cm\/#primaryimage\",\"url\":\"https:\/\/toys.lt\/wp-content\/uploads\/2023\/03\/products-4261-scaled.jpg\",\"contentUrl\":\"https:\/\/toys.lt\/wp-content\/uploads\/2023\/03\/products-4261-scaled.jpg\",\"width\":2560,\"height\":1778,\"caption\":\"Pripu\u010diama valtis INTEX Seahawk 4 asmenims, komplektas 350 x 144 x 48 cm\"},{\"@type\":\"BreadcrumbList\",\"@id\":\"https:\/\/toys.lt\/lv\/produktas\/piepusama-laiva-intex-seahawk-4-personam-komplekts-350-x-144-x-48-cm\/#breadcrumb\",\"itemListElement\":[{\"@type\":\"ListItem\",\"position\":1,\"name\":\"Home\",\"item\":\"https:\/\/toys.lt\/lv\/\"},{\"@type\":\"ListItem\",\"position\":2,\"name\":\"Veikals\",\"item\":\"https:\/\/toys.lt\/lv\/shop\/\"},{\"@type\":\"ListItem\",\"position\":3,\"name\":\"Piep\u016b\u0161am\u0101 laiva INTEX Seahawk 4 person\u0101m, komplekts 350 x 144 x 48 cm\"}]},{\"@type\":\"WebSite\",\"@id\":\"https:\/\/toys.lt\/lv\/#website\",\"url\":\"https:\/\/toys.lt\/lv\/\",\"name\":\"Toys.lt\",\"description\":\"\",\"potentialAction\":[{\"@type\":\"SearchAction\",\"target\":{\"@type\":\"EntryPoint\",\"urlTemplate\":\"https:\/\/toys.lt\/lv\/?s={search_term_string}\"},\"query-input\":{\"@type\":\"PropertyValueSpecification\",\"valueRequired\":true,\"valueName\":\"search_term_string\"}}],\"inLanguage\":\"lv-LV\"}]}<\/script>\n<!-- \/ Yoast SEO plugin. -->","yoast_head_json":{"title":"Piep\u016b\u0161am\u0101 laiva INTEX Seahawk 4 person\u0101m, komplekts 350 x 144 x 48 cm - Toys.lt","robots":{"index":"index","follow":"follow","max-snippet":"max-snippet:-1","max-image-preview":"max-image-preview:large","max-video-preview":"max-video-preview:-1"},"canonical":"https:\/\/toys.lt\/lv\/produktas\/piepusama-laiva-intex-seahawk-4-personam-komplekts-350-x-144-x-48-cm\/","og_locale":"lv_LV","og_type":"article","og_title":"Piep\u016b\u0161am\u0101 laiva INTEX Seahawk 4 person\u0101m, komplekts 350 x 144 x 48 cm - Toys.lt","og_description":"Laivas izm\u0113ri: 350 x 144 x 48 cm Iepakojuma izm\u0113ri: 41 x 61 x 34 cm Svars 21 kg Materi\u0101ls: vinils Maksim\u0101l\u0101 slodze: 400 kg","og_url":"https:\/\/toys.lt\/lv\/produktas\/piepusama-laiva-intex-seahawk-4-personam-komplekts-350-x-144-x-48-cm\/","og_site_name":"Toys.lt","article_modified_time":"2026-04-08T00:03:00+00:00","og_image":[{"width":2560,"height":1778,"url":"https:\/\/toys.lt\/wp-content\/uploads\/2023\/03\/products-4261-scaled.jpg","type":"image\/jpeg"}],"twitter_card":"summary_large_image","schema":{"@context":"https:\/\/schema.org","@graph":[{"@type":"WebPage","@id":"https:\/\/toys.lt\/lv\/produktas\/piepusama-laiva-intex-seahawk-4-personam-komplekts-350-x-144-x-48-cm\/","url":"https:\/\/toys.lt\/lv\/produktas\/piepusama-laiva-intex-seahawk-4-personam-komplekts-350-x-144-x-48-cm\/","name":"Piep\u016b\u0161am\u0101 laiva INTEX Seahawk 4 person\u0101m, komplekts 350 x 144 x 48 cm - Toys.lt","isPartOf":{"@id":"https:\/\/toys.lt\/lv\/#website"},"primaryImageOfPage":{"@id":"https:\/\/toys.lt\/lv\/produktas\/piepusama-laiva-intex-seahawk-4-personam-komplekts-350-x-144-x-48-cm\/#primaryimage"},"image":{"@id":"https:\/\/toys.lt\/lv\/produktas\/piepusama-laiva-intex-seahawk-4-personam-komplekts-350-x-144-x-48-cm\/#primaryimage"},"thumbnailUrl":"https:\/\/toys.lt\/wp-content\/uploads\/2023\/03\/products-4261-scaled.jpg","datePublished":"2023-03-22T22:32:50+00:00","dateModified":"2026-04-08T00:03:00+00:00","breadcrumb":{"@id":"https:\/\/toys.lt\/lv\/produktas\/piepusama-laiva-intex-seahawk-4-personam-komplekts-350-x-144-x-48-cm\/#breadcrumb"},"inLanguage":"lv-LV","potentialAction":[{"@type":"ReadAction","target":["https:\/\/toys.lt\/lv\/produktas\/piepusama-laiva-intex-seahawk-4-personam-komplekts-350-x-144-x-48-cm\/"]}]},{"@type":"ImageObject","inLanguage":"lv-LV","@id":"https:\/\/toys.lt\/lv\/produktas\/piepusama-laiva-intex-seahawk-4-personam-komplekts-350-x-144-x-48-cm\/#primaryimage","url":"https:\/\/toys.lt\/wp-content\/uploads\/2023\/03\/products-4261-scaled.jpg","contentUrl":"https:\/\/toys.lt\/wp-content\/uploads\/2023\/03\/products-4261-scaled.jpg","width":2560,"height":1778,"caption":"Pripu\u010diama valtis INTEX Seahawk 4 asmenims, komplektas 350 x 144 x 48 cm"},{"@type":"BreadcrumbList","@id":"https:\/\/toys.lt\/lv\/produktas\/piepusama-laiva-intex-seahawk-4-personam-komplekts-350-x-144-x-48-cm\/#breadcrumb","itemListElement":[{"@type":"ListItem","position":1,"name":"Home","item":"https:\/\/toys.lt\/lv\/"},{"@type":"ListItem","position":2,"name":"Veikals","item":"https:\/\/toys.lt\/lv\/shop\/"},{"@type":"ListItem","position":3,"name":"Piep\u016b\u0161am\u0101 laiva INTEX Seahawk 4 person\u0101m, komplekts 350 x 144 x 48 cm"}]},{"@type":"WebSite","@id":"https:\/\/toys.lt\/lv\/#website","url":"https:\/\/toys.lt\/lv\/","name":"Toys.lt","description":"","potentialAction":[{"@type":"SearchAction","target":{"@type":"EntryPoint","urlTemplate":"https:\/\/toys.lt\/lv\/?s={search_term_string}"},"query-input":{"@type":"PropertyValueSpecification","valueRequired":true,"valueName":"search_term_string"}}],"inLanguage":"lv-LV"}]}},"_links":{"self":[{"href":"https:\/\/toys.lt\/lv\/wp-json\/wp\/v2\/product\/42874","targetHints":{"allow":["GET"]}}],"collection":[{"href":"https:\/\/toys.lt\/lv\/wp-json\/wp\/v2\/product"}],"about":[{"href":"https:\/\/toys.lt\/lv\/wp-json\/wp\/v2\/types\/product"}],"replies":[{"embeddable":true,"href":"https:\/\/toys.lt\/lv\/wp-json\/wp\/v2\/comments?post=42874"}],"version-history":[{"count":1,"href":"https:\/\/toys.lt\/lv\/wp-json\/wp\/v2\/product\/42874\/revisions"}],"predecessor-version":[{"id":45886,"href":"https:\/\/toys.lt\/lv\/wp-json\/wp\/v2\/product\/42874\/revisions\/45886"}],"wp:featuredmedia":[{"embeddable":true,"href":"https:\/\/toys.lt\/lv\/wp-json\/wp\/v2\/media\/39001"}],"wp:attachment":[{"href":"https:\/\/toys.lt\/lv\/wp-json\/wp\/v2\/media?parent=42874"}],"wp:term":[{"taxonomy":"product_brand","embeddable":true,"href":"https:\/\/toys.lt\/lv\/wp-json\/wp\/v2\/product_brand?post=42874"},{"taxonomy":"product_cat","embeddable":true,"href":"https:\/\/toys.lt\/lv\/wp-json\/wp\/v2\/product_cat?post=42874"},{"taxonomy":"product_tag","embeddable":true,"href":"https:\/\/toys.lt\/lv\/wp-json\/wp\/v2\/product_tag?post=42874"}],"curies":[{"name":"wp","href":"https:\/\/api.w.org\/{rel}","templated":true}]}}