{"id":42844,"date":"2020-06-02T10:36:49","date_gmt":"2020-06-02T10:36:49","guid":{"rendered":"https:\/\/toys.lt\/produktas\/technok-rotallieta-traktors-vilcejs\/"},"modified":"2026-04-09T00:02:23","modified_gmt":"2026-04-09T00:02:23","slug":"technok-rotallieta-traktors-vilcejs","status":"publish","type":"product","link":"https:\/\/toys.lt\/lv\/produktas\/technok-rotallieta-traktors-vilcejs\/","title":{"rendered":"TechnoK rota\u013clieta traktors-vilc\u0113js"},"content":{"rendered":"<p><strong>Funkcijas:<\/strong><\/p>\n<ul style=\"list-style-type: square;\">\n<li>Rota\u013clietu traktora kab\u012bne pagrie\u017eas par 180 gr\u0101diem<\/li>\n<li>Kauss tiek regul\u0113ts ar \u012bpa\u0161u sviru.<\/li>\n<li>Traktoram ir lieli, uzticami rite\u0146i<\/li>\n<li style=\"margin: 0px; padding: 0px; font: inherit; border: 0px;\">Pacelt\u0101 st\u0101vokl\u012b to nodro\u0161ina ar rokturi.<\/li>\n<li style=\"margin: 0px; padding: 0px; font: inherit; border: 0px;\">Traktora kausu var pacelt un nolaist.<\/li>\n<li style=\"margin: 0px; padding: 0px; font: inherit; border: 0px;\">Iztur\u012bba pret nelabv\u0113l\u012bgiem laikapst\u0101k\u013ciem &#8211; lietus, sniega, zemas temperat\u016bras.<\/li>\n<li style=\"margin: 0px; padding: 0px; font: inherit; border: 0px;\">Varat sp\u0113l\u0113t m\u0101j\u0101s un \u0101r\u0101<\/li>\n<\/ul>\n","protected":false},"excerpt":{"rendered":"<p>Produkta veids: rota\u013cu auto<\/p>\n<p>Izcelsmes valsts: Ukraina<\/p>\n<p>Produkta izm\u0113ri: 40 x 21 x 17,5 cm<\/p>\n<p>Svars: 0,460 kg<\/p>\n<p>Produkta materi\u0101ls: plastmasa<\/p>\n<p>Ieteicamais vecums: no 3 gadiem.<\/p>\n","protected":false},"featured_media":37120,"comment_status":"open","ping_status":"closed","template":"","meta":[],"product_brand":[],"product_cat":[1176,1177,1162,1406,1163],"product_tag":[],"class_list":{"0":"post-42844","1":"product","2":"type-product","3":"status-publish","4":"has-post-thumbnail","6":"product_cat-rotallietas-zeniem","7":"product_cat-rotalu-automasinas-traktori-un-kapurkedes","8":"product_cat-ara-un-vasaras-rotallietas","9":"product_cat-letakais","10":"product_cat-smilsu-rotallietas","11":"pa_prek-s-tipas-traktori","13":"first","14":"instock","15":"sale","16":"taxable","17":"shipping-taxable","18":"purchasable","19":"product-type-simple"},"yoast_head":"<!-- This site is optimized with the Yoast SEO plugin v26.3 - https:\/\/yoast.com\/wordpress\/plugins\/seo\/ -->\n<title>TechnoK rota\u013clieta traktors-vilc\u0113js - Toys.lt<\/title>\n<meta name=\"robots\" content=\"index, follow, max-snippet:-1, max-image-preview:large, max-video-preview:-1\" \/>\n<link rel=\"canonical\" href=\"https:\/\/toys.lt\/lv\/produktas\/technok-rotallieta-traktors-vilcejs\/\" \/>\n<meta property=\"og:locale\" content=\"lv_LV\" \/>\n<meta property=\"og:type\" content=\"article\" \/>\n<meta property=\"og:title\" content=\"TechnoK rota\u013clieta traktors-vilc\u0113js - Toys.lt\" \/>\n<meta property=\"og:description\" content=\"Produkta veids: rota\u013cu auto Izcelsmes valsts: Ukraina Produkta izm\u0113ri: 40 x 21 x 17,5 cm Svars: 0,460 kg Produkta materi\u0101ls: plastmasa Ieteicamais vecums: no 3 gadiem.\" \/>\n<meta property=\"og:url\" content=\"https:\/\/toys.lt\/lv\/produktas\/technok-rotallieta-traktors-vilcejs\/\" \/>\n<meta property=\"og:site_name\" content=\"Toys.lt\" \/>\n<meta property=\"article:modified_time\" content=\"2026-04-09T00:02:23+00:00\" \/>\n<meta property=\"og:image\" content=\"https:\/\/toys.lt\/wp-content\/uploads\/2020\/06\/products-1046.jpg\" \/>\n\t<meta property=\"og:image:width\" content=\"1200\" \/>\n\t<meta property=\"og:image:height\" content=\"800\" \/>\n\t<meta property=\"og:image:type\" content=\"image\/jpeg\" \/>\n<meta name=\"twitter:card\" content=\"summary_large_image\" \/>\n<script type=\"application\/ld+json\" class=\"yoast-schema-graph\">{\"@context\":\"https:\/\/schema.org\",\"@graph\":[{\"@type\":\"WebPage\",\"@id\":\"https:\/\/toys.lt\/lv\/produktas\/technok-rotallieta-traktors-vilcejs\/\",\"url\":\"https:\/\/toys.lt\/lv\/produktas\/technok-rotallieta-traktors-vilcejs\/\",\"name\":\"TechnoK rota\u013clieta traktors-vilc\u0113js - Toys.lt\",\"isPartOf\":{\"@id\":\"https:\/\/toys.lt\/lv\/#website\"},\"primaryImageOfPage\":{\"@id\":\"https:\/\/toys.lt\/lv\/produktas\/technok-rotallieta-traktors-vilcejs\/#primaryimage\"},\"image\":{\"@id\":\"https:\/\/toys.lt\/lv\/produktas\/technok-rotallieta-traktors-vilcejs\/#primaryimage\"},\"thumbnailUrl\":\"https:\/\/toys.lt\/wp-content\/uploads\/2020\/06\/products-1046.jpg\",\"datePublished\":\"2020-06-02T10:36:49+00:00\",\"dateModified\":\"2026-04-09T00:02:23+00:00\",\"breadcrumb\":{\"@id\":\"https:\/\/toys.lt\/lv\/produktas\/technok-rotallieta-traktors-vilcejs\/#breadcrumb\"},\"inLanguage\":\"lv-LV\",\"potentialAction\":[{\"@type\":\"ReadAction\",\"target\":[\"https:\/\/toys.lt\/lv\/produktas\/technok-rotallieta-traktors-vilcejs\/\"]}]},{\"@type\":\"ImageObject\",\"inLanguage\":\"lv-LV\",\"@id\":\"https:\/\/toys.lt\/lv\/produktas\/technok-rotallieta-traktors-vilcejs\/#primaryimage\",\"url\":\"https:\/\/toys.lt\/wp-content\/uploads\/2020\/06\/products-1046.jpg\",\"contentUrl\":\"https:\/\/toys.lt\/wp-content\/uploads\/2020\/06\/products-1046.jpg\",\"width\":1200,\"height\":800,\"caption\":\"\u017daislinis traktorius-kastuvas &#8220;TechnoK&#8221;\"},{\"@type\":\"BreadcrumbList\",\"@id\":\"https:\/\/toys.lt\/lv\/produktas\/technok-rotallieta-traktors-vilcejs\/#breadcrumb\",\"itemListElement\":[{\"@type\":\"ListItem\",\"position\":1,\"name\":\"Home\",\"item\":\"https:\/\/toys.lt\/lv\/\"},{\"@type\":\"ListItem\",\"position\":2,\"name\":\"Veikals\",\"item\":\"https:\/\/toys.lt\/lv\/shop\/\"},{\"@type\":\"ListItem\",\"position\":3,\"name\":\"TechnoK rota\u013clieta traktors-vilc\u0113js\"}]},{\"@type\":\"WebSite\",\"@id\":\"https:\/\/toys.lt\/lv\/#website\",\"url\":\"https:\/\/toys.lt\/lv\/\",\"name\":\"Toys.lt\",\"description\":\"\",\"potentialAction\":[{\"@type\":\"SearchAction\",\"target\":{\"@type\":\"EntryPoint\",\"urlTemplate\":\"https:\/\/toys.lt\/lv\/?s={search_term_string}\"},\"query-input\":{\"@type\":\"PropertyValueSpecification\",\"valueRequired\":true,\"valueName\":\"search_term_string\"}}],\"inLanguage\":\"lv-LV\"}]}<\/script>\n<!-- \/ Yoast SEO plugin. -->","yoast_head_json":{"title":"TechnoK rota\u013clieta traktors-vilc\u0113js - Toys.lt","robots":{"index":"index","follow":"follow","max-snippet":"max-snippet:-1","max-image-preview":"max-image-preview:large","max-video-preview":"max-video-preview:-1"},"canonical":"https:\/\/toys.lt\/lv\/produktas\/technok-rotallieta-traktors-vilcejs\/","og_locale":"lv_LV","og_type":"article","og_title":"TechnoK rota\u013clieta traktors-vilc\u0113js - Toys.lt","og_description":"Produkta veids: rota\u013cu auto Izcelsmes valsts: Ukraina Produkta izm\u0113ri: 40 x 21 x 17,5 cm Svars: 0,460 kg Produkta materi\u0101ls: plastmasa Ieteicamais vecums: no 3 gadiem.","og_url":"https:\/\/toys.lt\/lv\/produktas\/technok-rotallieta-traktors-vilcejs\/","og_site_name":"Toys.lt","article_modified_time":"2026-04-09T00:02:23+00:00","og_image":[{"width":1200,"height":800,"url":"https:\/\/toys.lt\/wp-content\/uploads\/2020\/06\/products-1046.jpg","type":"image\/jpeg"}],"twitter_card":"summary_large_image","schema":{"@context":"https:\/\/schema.org","@graph":[{"@type":"WebPage","@id":"https:\/\/toys.lt\/lv\/produktas\/technok-rotallieta-traktors-vilcejs\/","url":"https:\/\/toys.lt\/lv\/produktas\/technok-rotallieta-traktors-vilcejs\/","name":"TechnoK rota\u013clieta traktors-vilc\u0113js - Toys.lt","isPartOf":{"@id":"https:\/\/toys.lt\/lv\/#website"},"primaryImageOfPage":{"@id":"https:\/\/toys.lt\/lv\/produktas\/technok-rotallieta-traktors-vilcejs\/#primaryimage"},"image":{"@id":"https:\/\/toys.lt\/lv\/produktas\/technok-rotallieta-traktors-vilcejs\/#primaryimage"},"thumbnailUrl":"https:\/\/toys.lt\/wp-content\/uploads\/2020\/06\/products-1046.jpg","datePublished":"2020-06-02T10:36:49+00:00","dateModified":"2026-04-09T00:02:23+00:00","breadcrumb":{"@id":"https:\/\/toys.lt\/lv\/produktas\/technok-rotallieta-traktors-vilcejs\/#breadcrumb"},"inLanguage":"lv-LV","potentialAction":[{"@type":"ReadAction","target":["https:\/\/toys.lt\/lv\/produktas\/technok-rotallieta-traktors-vilcejs\/"]}]},{"@type":"ImageObject","inLanguage":"lv-LV","@id":"https:\/\/toys.lt\/lv\/produktas\/technok-rotallieta-traktors-vilcejs\/#primaryimage","url":"https:\/\/toys.lt\/wp-content\/uploads\/2020\/06\/products-1046.jpg","contentUrl":"https:\/\/toys.lt\/wp-content\/uploads\/2020\/06\/products-1046.jpg","width":1200,"height":800,"caption":"\u017daislinis traktorius-kastuvas &#8220;TechnoK&#8221;"},{"@type":"BreadcrumbList","@id":"https:\/\/toys.lt\/lv\/produktas\/technok-rotallieta-traktors-vilcejs\/#breadcrumb","itemListElement":[{"@type":"ListItem","position":1,"name":"Home","item":"https:\/\/toys.lt\/lv\/"},{"@type":"ListItem","position":2,"name":"Veikals","item":"https:\/\/toys.lt\/lv\/shop\/"},{"@type":"ListItem","position":3,"name":"TechnoK rota\u013clieta traktors-vilc\u0113js"}]},{"@type":"WebSite","@id":"https:\/\/toys.lt\/lv\/#website","url":"https:\/\/toys.lt\/lv\/","name":"Toys.lt","description":"","potentialAction":[{"@type":"SearchAction","target":{"@type":"EntryPoint","urlTemplate":"https:\/\/toys.lt\/lv\/?s={search_term_string}"},"query-input":{"@type":"PropertyValueSpecification","valueRequired":true,"valueName":"search_term_string"}}],"inLanguage":"lv-LV"}]}},"_links":{"self":[{"href":"https:\/\/toys.lt\/lv\/wp-json\/wp\/v2\/product\/42844","targetHints":{"allow":["GET"]}}],"collection":[{"href":"https:\/\/toys.lt\/lv\/wp-json\/wp\/v2\/product"}],"about":[{"href":"https:\/\/toys.lt\/lv\/wp-json\/wp\/v2\/types\/product"}],"replies":[{"embeddable":true,"href":"https:\/\/toys.lt\/lv\/wp-json\/wp\/v2\/comments?post=42844"}],"version-history":[{"count":1,"href":"https:\/\/toys.lt\/lv\/wp-json\/wp\/v2\/product\/42844\/revisions"}],"predecessor-version":[{"id":46370,"href":"https:\/\/toys.lt\/lv\/wp-json\/wp\/v2\/product\/42844\/revisions\/46370"}],"wp:featuredmedia":[{"embeddable":true,"href":"https:\/\/toys.lt\/lv\/wp-json\/wp\/v2\/media\/37120"}],"wp:attachment":[{"href":"https:\/\/toys.lt\/lv\/wp-json\/wp\/v2\/media?parent=42844"}],"wp:term":[{"taxonomy":"product_brand","embeddable":true,"href":"https:\/\/toys.lt\/lv\/wp-json\/wp\/v2\/product_brand?post=42844"},{"taxonomy":"product_cat","embeddable":true,"href":"https:\/\/toys.lt\/lv\/wp-json\/wp\/v2\/product_cat?post=42844"},{"taxonomy":"product_tag","embeddable":true,"href":"https:\/\/toys.lt\/lv\/wp-json\/wp\/v2\/product_tag?post=42844"}],"curies":[{"name":"wp","href":"https:\/\/api.w.org\/{rel}","templated":true}]}}