{"id":42840,"date":"2020-06-02T10:08:34","date_gmt":"2020-06-02T10:08:34","guid":{"rendered":"https:\/\/toys.lt\/produktas\/rotallietu-traktors-ar-piekabi-un-kausu-technok\/"},"modified":"2026-03-30T00:25:24","modified_gmt":"2026-03-30T00:25:24","slug":"rotallietu-traktors-ar-piekabi-un-kausu-technok","status":"publish","type":"product","link":"https:\/\/toys.lt\/lv\/produktas\/rotallietu-traktors-ar-piekabi-un-kausu-technok\/","title":{"rendered":"Rota\u013clietu traktors ar piekabi un kausu &#8220;TechnoK&#8221;"},"content":{"rendered":"<p><strong>Funkcijas:<\/strong><\/p>\n<ul style=\"list-style-type: square;\">\n<li style=\"margin: 0px; padding: 0px; font: inherit; border: 0px;\">Liela, iztur\u012bga plastmasas rota\u013clieta<\/li>\n<li style=\"margin: 0px; padding: 0px; font: inherit; border: 0px;\">Traktora salok\u0101m\u0101 piekabe ir pietiekami ietilp\u012bga, lai p\u0101rvad\u0101tu smiltis, akme\u0146us vai citus priek\u0161metus.<\/li>\n<li style=\"margin: 0px; padding: 0px; font: inherit; border: 0px;\">Piekabei ir aizmugur\u0113jais balsts, kas atveras<\/li>\n<li style=\"margin: 0px; padding: 0px; font: inherit; border: 0px;\">Traktora kausu \u013coti viegli nolai\u017e un pace\u013c, un tam ir vair\u0101kas fiks\u0113tas poz\u012bcijas.<\/li>\n<li style=\"margin: 0px; padding: 0px; font: inherit; border: 0px;\">Iztur\u012bba pret nelabv\u0113l\u012bgiem laikapst\u0101k\u013ciem &#8211; lietus, sniega, zemas temperat\u016bras.<\/li>\n<li style=\"margin: 0px; padding: 0px; font: inherit; border: 0px;\">Varat sp\u0113l\u0113t m\u0101j\u0101s un \u0101r\u0101<\/li>\n<li style=\"margin: 0px; padding: 0px; font: inherit; border: 0px;\">Rota\u013clieta pal\u012bdz\u0113s b\u0113rnam apg\u016bt tehnikas, att\u012bst\u012bt izt\u0113li un kust\u012bbu koordin\u0101ciju.<\/li>\n<\/ul>\n","protected":false},"excerpt":{"rendered":"<p>Produkta veids: rota\u013cu auto<\/p>\n<p>Izcelsmes valsts: Ukraina<\/p>\n<p>Produkta izm\u0113ri: 65 x 17,5 x 16 cm<\/p>\n<p>Svars: 0,720 kg<\/p>\n<p>Produkta materi\u0101ls: plastmasa<\/p>\n<p>Ieteicamais vecums: no 3 gadiem.<\/p>\n","protected":false},"featured_media":37107,"comment_status":"open","ping_status":"closed","template":"","meta":[],"product_brand":[],"product_cat":[1176,1177,1155],"product_tag":[],"class_list":{"0":"post-42840","1":"product","2":"type-product","3":"status-publish","4":"has-post-thumbnail","6":"product_cat-rotallietas-zeniem","7":"product_cat-rotalu-automasinas-traktori-un-kapurkedes","8":"product_cat-leti","9":"pa_prek-s-spalva-orange","10":"pa_prek-s-spalva-zala","11":"pa_prek-s-spalva-zilais","12":"pa_prek-s-tipas-traktori","14":"first","15":"instock","16":"taxable","17":"shipping-taxable","18":"purchasable","19":"product-type-variable"},"yoast_head":"<!-- This site is optimized with the Yoast SEO plugin v26.3 - https:\/\/yoast.com\/wordpress\/plugins\/seo\/ -->\n<title>Rota\u013clietu traktors ar piekabi un kausu &quot;TechnoK&quot; - Toys.lt<\/title>\n<meta name=\"robots\" content=\"index, follow, max-snippet:-1, max-image-preview:large, max-video-preview:-1\" \/>\n<link rel=\"canonical\" href=\"https:\/\/toys.lt\/lv\/produktas\/rotallietu-traktors-ar-piekabi-un-kausu-technok\/\" \/>\n<meta property=\"og:locale\" content=\"lv_LV\" \/>\n<meta property=\"og:type\" content=\"article\" \/>\n<meta property=\"og:title\" content=\"Rota\u013clietu traktors ar piekabi un kausu &quot;TechnoK&quot; - Toys.lt\" \/>\n<meta property=\"og:description\" content=\"Produkta veids: rota\u013cu auto Izcelsmes valsts: Ukraina Produkta izm\u0113ri: 65 x 17,5 x 16 cm Svars: 0,720 kg Produkta materi\u0101ls: plastmasa Ieteicamais vecums: no 3 gadiem.\" \/>\n<meta property=\"og:url\" content=\"https:\/\/toys.lt\/lv\/produktas\/rotallietu-traktors-ar-piekabi-un-kausu-technok\/\" \/>\n<meta property=\"og:site_name\" content=\"Toys.lt\" \/>\n<meta property=\"article:modified_time\" content=\"2026-03-30T00:25:24+00:00\" \/>\n<meta property=\"og:image\" content=\"https:\/\/toys.lt\/wp-content\/uploads\/2020\/06\/products-1034.jpg\" \/>\n\t<meta property=\"og:image:width\" content=\"1200\" \/>\n\t<meta property=\"og:image:height\" content=\"800\" \/>\n\t<meta property=\"og:image:type\" content=\"image\/jpeg\" \/>\n<meta name=\"twitter:card\" content=\"summary_large_image\" \/>\n<script type=\"application\/ld+json\" class=\"yoast-schema-graph\">{\"@context\":\"https:\/\/schema.org\",\"@graph\":[{\"@type\":\"WebPage\",\"@id\":\"https:\/\/toys.lt\/lv\/produktas\/rotallietu-traktors-ar-piekabi-un-kausu-technok\/\",\"url\":\"https:\/\/toys.lt\/lv\/produktas\/rotallietu-traktors-ar-piekabi-un-kausu-technok\/\",\"name\":\"Rota\u013clietu traktors ar piekabi un kausu \\\"TechnoK\\\" - Toys.lt\",\"isPartOf\":{\"@id\":\"https:\/\/toys.lt\/lv\/#website\"},\"primaryImageOfPage\":{\"@id\":\"https:\/\/toys.lt\/lv\/produktas\/rotallietu-traktors-ar-piekabi-un-kausu-technok\/#primaryimage\"},\"image\":{\"@id\":\"https:\/\/toys.lt\/lv\/produktas\/rotallietu-traktors-ar-piekabi-un-kausu-technok\/#primaryimage\"},\"thumbnailUrl\":\"https:\/\/toys.lt\/wp-content\/uploads\/2020\/06\/products-1034.jpg\",\"datePublished\":\"2020-06-02T10:08:34+00:00\",\"dateModified\":\"2026-03-30T00:25:24+00:00\",\"breadcrumb\":{\"@id\":\"https:\/\/toys.lt\/lv\/produktas\/rotallietu-traktors-ar-piekabi-un-kausu-technok\/#breadcrumb\"},\"inLanguage\":\"lv-LV\",\"potentialAction\":[{\"@type\":\"ReadAction\",\"target\":[\"https:\/\/toys.lt\/lv\/produktas\/rotallietu-traktors-ar-piekabi-un-kausu-technok\/\"]}]},{\"@type\":\"ImageObject\",\"inLanguage\":\"lv-LV\",\"@id\":\"https:\/\/toys.lt\/lv\/produktas\/rotallietu-traktors-ar-piekabi-un-kausu-technok\/#primaryimage\",\"url\":\"https:\/\/toys.lt\/wp-content\/uploads\/2020\/06\/products-1034.jpg\",\"contentUrl\":\"https:\/\/toys.lt\/wp-content\/uploads\/2020\/06\/products-1034.jpg\",\"width\":1200,\"height\":800,\"caption\":\"\u017daislinis traktorius su priekaba ir kau\u0161u &#8220;TechnoK&#8221; &#8211; Oran\u017ein\u0117\"},{\"@type\":\"BreadcrumbList\",\"@id\":\"https:\/\/toys.lt\/lv\/produktas\/rotallietu-traktors-ar-piekabi-un-kausu-technok\/#breadcrumb\",\"itemListElement\":[{\"@type\":\"ListItem\",\"position\":1,\"name\":\"Home\",\"item\":\"https:\/\/toys.lt\/lv\/\"},{\"@type\":\"ListItem\",\"position\":2,\"name\":\"Veikals\",\"item\":\"https:\/\/toys.lt\/lv\/shop\/\"},{\"@type\":\"ListItem\",\"position\":3,\"name\":\"Rota\u013clietu traktors ar piekabi un kausu &#8222;TechnoK&#8221;\"}]},{\"@type\":\"WebSite\",\"@id\":\"https:\/\/toys.lt\/lv\/#website\",\"url\":\"https:\/\/toys.lt\/lv\/\",\"name\":\"Toys.lt\",\"description\":\"\",\"potentialAction\":[{\"@type\":\"SearchAction\",\"target\":{\"@type\":\"EntryPoint\",\"urlTemplate\":\"https:\/\/toys.lt\/lv\/?s={search_term_string}\"},\"query-input\":{\"@type\":\"PropertyValueSpecification\",\"valueRequired\":true,\"valueName\":\"search_term_string\"}}],\"inLanguage\":\"lv-LV\"}]}<\/script>\n<!-- \/ Yoast SEO plugin. -->","yoast_head_json":{"title":"Rota\u013clietu traktors ar piekabi un kausu \"TechnoK\" - Toys.lt","robots":{"index":"index","follow":"follow","max-snippet":"max-snippet:-1","max-image-preview":"max-image-preview:large","max-video-preview":"max-video-preview:-1"},"canonical":"https:\/\/toys.lt\/lv\/produktas\/rotallietu-traktors-ar-piekabi-un-kausu-technok\/","og_locale":"lv_LV","og_type":"article","og_title":"Rota\u013clietu traktors ar piekabi un kausu \"TechnoK\" - Toys.lt","og_description":"Produkta veids: rota\u013cu auto Izcelsmes valsts: Ukraina Produkta izm\u0113ri: 65 x 17,5 x 16 cm Svars: 0,720 kg Produkta materi\u0101ls: plastmasa Ieteicamais vecums: no 3 gadiem.","og_url":"https:\/\/toys.lt\/lv\/produktas\/rotallietu-traktors-ar-piekabi-un-kausu-technok\/","og_site_name":"Toys.lt","article_modified_time":"2026-03-30T00:25:24+00:00","og_image":[{"width":1200,"height":800,"url":"https:\/\/toys.lt\/wp-content\/uploads\/2020\/06\/products-1034.jpg","type":"image\/jpeg"}],"twitter_card":"summary_large_image","schema":{"@context":"https:\/\/schema.org","@graph":[{"@type":"WebPage","@id":"https:\/\/toys.lt\/lv\/produktas\/rotallietu-traktors-ar-piekabi-un-kausu-technok\/","url":"https:\/\/toys.lt\/lv\/produktas\/rotallietu-traktors-ar-piekabi-un-kausu-technok\/","name":"Rota\u013clietu traktors ar piekabi un kausu \"TechnoK\" - Toys.lt","isPartOf":{"@id":"https:\/\/toys.lt\/lv\/#website"},"primaryImageOfPage":{"@id":"https:\/\/toys.lt\/lv\/produktas\/rotallietu-traktors-ar-piekabi-un-kausu-technok\/#primaryimage"},"image":{"@id":"https:\/\/toys.lt\/lv\/produktas\/rotallietu-traktors-ar-piekabi-un-kausu-technok\/#primaryimage"},"thumbnailUrl":"https:\/\/toys.lt\/wp-content\/uploads\/2020\/06\/products-1034.jpg","datePublished":"2020-06-02T10:08:34+00:00","dateModified":"2026-03-30T00:25:24+00:00","breadcrumb":{"@id":"https:\/\/toys.lt\/lv\/produktas\/rotallietu-traktors-ar-piekabi-un-kausu-technok\/#breadcrumb"},"inLanguage":"lv-LV","potentialAction":[{"@type":"ReadAction","target":["https:\/\/toys.lt\/lv\/produktas\/rotallietu-traktors-ar-piekabi-un-kausu-technok\/"]}]},{"@type":"ImageObject","inLanguage":"lv-LV","@id":"https:\/\/toys.lt\/lv\/produktas\/rotallietu-traktors-ar-piekabi-un-kausu-technok\/#primaryimage","url":"https:\/\/toys.lt\/wp-content\/uploads\/2020\/06\/products-1034.jpg","contentUrl":"https:\/\/toys.lt\/wp-content\/uploads\/2020\/06\/products-1034.jpg","width":1200,"height":800,"caption":"\u017daislinis traktorius su priekaba ir kau\u0161u &#8220;TechnoK&#8221; &#8211; Oran\u017ein\u0117"},{"@type":"BreadcrumbList","@id":"https:\/\/toys.lt\/lv\/produktas\/rotallietu-traktors-ar-piekabi-un-kausu-technok\/#breadcrumb","itemListElement":[{"@type":"ListItem","position":1,"name":"Home","item":"https:\/\/toys.lt\/lv\/"},{"@type":"ListItem","position":2,"name":"Veikals","item":"https:\/\/toys.lt\/lv\/shop\/"},{"@type":"ListItem","position":3,"name":"Rota\u013clietu traktors ar piekabi un kausu &#8222;TechnoK&#8221;"}]},{"@type":"WebSite","@id":"https:\/\/toys.lt\/lv\/#website","url":"https:\/\/toys.lt\/lv\/","name":"Toys.lt","description":"","potentialAction":[{"@type":"SearchAction","target":{"@type":"EntryPoint","urlTemplate":"https:\/\/toys.lt\/lv\/?s={search_term_string}"},"query-input":{"@type":"PropertyValueSpecification","valueRequired":true,"valueName":"search_term_string"}}],"inLanguage":"lv-LV"}]}},"_links":{"self":[{"href":"https:\/\/toys.lt\/lv\/wp-json\/wp\/v2\/product\/42840","targetHints":{"allow":["GET"]}}],"collection":[{"href":"https:\/\/toys.lt\/lv\/wp-json\/wp\/v2\/product"}],"about":[{"href":"https:\/\/toys.lt\/lv\/wp-json\/wp\/v2\/types\/product"}],"replies":[{"embeddable":true,"href":"https:\/\/toys.lt\/lv\/wp-json\/wp\/v2\/comments?post=42840"}],"version-history":[{"count":1,"href":"https:\/\/toys.lt\/lv\/wp-json\/wp\/v2\/product\/42840\/revisions"}],"predecessor-version":[{"id":46269,"href":"https:\/\/toys.lt\/lv\/wp-json\/wp\/v2\/product\/42840\/revisions\/46269"}],"wp:featuredmedia":[{"embeddable":true,"href":"https:\/\/toys.lt\/lv\/wp-json\/wp\/v2\/media\/37107"}],"wp:attachment":[{"href":"https:\/\/toys.lt\/lv\/wp-json\/wp\/v2\/media?parent=42840"}],"wp:term":[{"taxonomy":"product_brand","embeddable":true,"href":"https:\/\/toys.lt\/lv\/wp-json\/wp\/v2\/product_brand?post=42840"},{"taxonomy":"product_cat","embeddable":true,"href":"https:\/\/toys.lt\/lv\/wp-json\/wp\/v2\/product_cat?post=42840"},{"taxonomy":"product_tag","embeddable":true,"href":"https:\/\/toys.lt\/lv\/wp-json\/wp\/v2\/product_tag?post=42840"}],"curies":[{"name":"wp","href":"https:\/\/api.w.org\/{rel}","templated":true}]}}