{"id":42820,"date":"2020-04-11T05:33:42","date_gmt":"2020-04-11T05:33:42","guid":{"rendered":"https:\/\/toys.lt\/produktas\/pioneer-super-rotalu-robots\/"},"modified":"2026-04-09T00:02:34","modified_gmt":"2026-04-09T00:02:34","slug":"pioneer-super-rotalu-robots","status":"publish","type":"product","link":"https:\/\/toys.lt\/lv\/produktas\/pioneer-super-rotalu-robots\/","title":{"rendered":"Pioneer Super rota\u013cu robots"},"content":{"rendered":"<p><strong>Funkcijas:<\/strong><\/p>\n<ul style=\"list-style-type: square;\">\n<li>Staig\u0101, kustina rokas un izdod robotiem rakstur\u012bg\u0101s ska\u0146as.<\/li>\n<li>Sp\u012bd spilgt\u0101s kr\u0101s\u0101s<\/li>\n<li>Uz rokas ir poga, kuru nospie\u017eot, robots &#8220;krata&#8221; roku.<\/li>\n<li style=\"margin: 0px; padding: 0px; font: inherit; border: 0px;\">Att\u012bsta izt\u0113li, motoriku, dom\u0101\u0161anu<\/li>\n<li style=\"margin: 0px; padding: 0px; font: inherit; border: 0px;\">Dro\u0161s b\u0113rnu vesel\u012bbai<\/li>\n<\/ul>\n<p>Dr\u012bzum\u0101 b\u016bs pieejams pla\u0161\u0101ks produkta apraksts.<\/p>\n<p>Lai ieg\u016btu vair\u0101k inform\u0101cijas par produktu, zvaniet pa lap\u0101 nor\u0101d\u012bto t\u0101lru\u0146a numuru.<\/p>\n","protected":false},"excerpt":{"rendered":"<p>Izstr\u0101d\u0101juma tips: robots<\/p>\n<p>Izcelsmes valsts: \u0136\u012bna<\/p>\n<p>Iepakojuma izm\u0113ri: 13 x 22 x 29,5 cm<\/p>\n<p>Izstr\u0101d\u0101juma izm\u0113ri: 8 x 18 x 24 cm<\/p>\n<p>Izstr\u0101d\u0101juma materi\u0101ls: plastmasa<\/p>\n<p>Ieteicamais vecums: no 3 gadiem<\/p>\n<p>Elementi: 4 x AA (nav iek\u013cauti komplekt\u0101).<\/p>\n","protected":false},"featured_media":36595,"comment_status":"open","ping_status":"closed","template":"","meta":[],"product_brand":[],"product_cat":[1176,1156],"product_tag":[],"class_list":{"0":"post-42820","1":"product","2":"type-product","3":"status-publish","4":"has-post-thumbnail","6":"product_cat-rotallietas-zeniem","7":"product_cat-rotallietu-roboti-un-transformatori","9":"first","10":"instock","11":"sale","12":"taxable","13":"shipping-taxable","14":"purchasable","15":"product-type-simple"},"yoast_head":"<!-- This site is optimized with the Yoast SEO plugin v26.3 - https:\/\/yoast.com\/wordpress\/plugins\/seo\/ -->\n<title>Pioneer Super rota\u013cu robots - Toys.lt<\/title>\n<meta name=\"robots\" content=\"index, follow, max-snippet:-1, max-image-preview:large, max-video-preview:-1\" \/>\n<link rel=\"canonical\" href=\"https:\/\/toys.lt\/lv\/produktas\/pioneer-super-rotalu-robots\/\" \/>\n<meta property=\"og:locale\" content=\"lv_LV\" \/>\n<meta property=\"og:type\" content=\"article\" \/>\n<meta property=\"og:title\" content=\"Pioneer Super rota\u013cu robots - Toys.lt\" \/>\n<meta property=\"og:description\" content=\"Izstr\u0101d\u0101juma tips: robots Izcelsmes valsts: \u0136\u012bna Iepakojuma izm\u0113ri: 13 x 22 x 29,5 cm Izstr\u0101d\u0101juma izm\u0113ri: 8 x 18 x 24 cm Izstr\u0101d\u0101juma materi\u0101ls: plastmasa Ieteicamais vecums: no 3 gadiem Elementi: 4 x AA (nav iek\u013cauti komplekt\u0101).\" \/>\n<meta property=\"og:url\" content=\"https:\/\/toys.lt\/lv\/produktas\/pioneer-super-rotalu-robots\/\" \/>\n<meta property=\"og:site_name\" content=\"Toys.lt\" \/>\n<meta property=\"article:modified_time\" content=\"2026-04-09T00:02:34+00:00\" \/>\n<meta property=\"og:image\" content=\"https:\/\/toys.lt\/wp-content\/uploads\/2020\/04\/products-466.jpg\" \/>\n\t<meta property=\"og:image:width\" content=\"1124\" \/>\n\t<meta property=\"og:image:height\" content=\"729\" \/>\n\t<meta property=\"og:image:type\" content=\"image\/jpeg\" \/>\n<meta name=\"twitter:card\" content=\"summary_large_image\" \/>\n<script type=\"application\/ld+json\" class=\"yoast-schema-graph\">{\"@context\":\"https:\/\/schema.org\",\"@graph\":[{\"@type\":\"WebPage\",\"@id\":\"https:\/\/toys.lt\/lv\/produktas\/pioneer-super-rotalu-robots\/\",\"url\":\"https:\/\/toys.lt\/lv\/produktas\/pioneer-super-rotalu-robots\/\",\"name\":\"Pioneer Super rota\u013cu robots - Toys.lt\",\"isPartOf\":{\"@id\":\"https:\/\/toys.lt\/lv\/#website\"},\"primaryImageOfPage\":{\"@id\":\"https:\/\/toys.lt\/lv\/produktas\/pioneer-super-rotalu-robots\/#primaryimage\"},\"image\":{\"@id\":\"https:\/\/toys.lt\/lv\/produktas\/pioneer-super-rotalu-robots\/#primaryimage\"},\"thumbnailUrl\":\"https:\/\/toys.lt\/wp-content\/uploads\/2020\/04\/products-466.jpg\",\"datePublished\":\"2020-04-11T05:33:42+00:00\",\"dateModified\":\"2026-04-09T00:02:34+00:00\",\"breadcrumb\":{\"@id\":\"https:\/\/toys.lt\/lv\/produktas\/pioneer-super-rotalu-robots\/#breadcrumb\"},\"inLanguage\":\"lv-LV\",\"potentialAction\":[{\"@type\":\"ReadAction\",\"target\":[\"https:\/\/toys.lt\/lv\/produktas\/pioneer-super-rotalu-robots\/\"]}]},{\"@type\":\"ImageObject\",\"inLanguage\":\"lv-LV\",\"@id\":\"https:\/\/toys.lt\/lv\/produktas\/pioneer-super-rotalu-robots\/#primaryimage\",\"url\":\"https:\/\/toys.lt\/wp-content\/uploads\/2020\/04\/products-466.jpg\",\"contentUrl\":\"https:\/\/toys.lt\/wp-content\/uploads\/2020\/04\/products-466.jpg\",\"width\":1124,\"height\":729,\"caption\":\"\u017daislinis robotas &#8220;Pioneer Super&#8221;\"},{\"@type\":\"BreadcrumbList\",\"@id\":\"https:\/\/toys.lt\/lv\/produktas\/pioneer-super-rotalu-robots\/#breadcrumb\",\"itemListElement\":[{\"@type\":\"ListItem\",\"position\":1,\"name\":\"Home\",\"item\":\"https:\/\/toys.lt\/lv\/\"},{\"@type\":\"ListItem\",\"position\":2,\"name\":\"Veikals\",\"item\":\"https:\/\/toys.lt\/lv\/shop\/\"},{\"@type\":\"ListItem\",\"position\":3,\"name\":\"Pioneer Super rota\u013cu robots\"}]},{\"@type\":\"WebSite\",\"@id\":\"https:\/\/toys.lt\/lv\/#website\",\"url\":\"https:\/\/toys.lt\/lv\/\",\"name\":\"Toys.lt\",\"description\":\"\",\"potentialAction\":[{\"@type\":\"SearchAction\",\"target\":{\"@type\":\"EntryPoint\",\"urlTemplate\":\"https:\/\/toys.lt\/lv\/?s={search_term_string}\"},\"query-input\":{\"@type\":\"PropertyValueSpecification\",\"valueRequired\":true,\"valueName\":\"search_term_string\"}}],\"inLanguage\":\"lv-LV\"}]}<\/script>\n<!-- \/ Yoast SEO plugin. -->","yoast_head_json":{"title":"Pioneer Super rota\u013cu robots - Toys.lt","robots":{"index":"index","follow":"follow","max-snippet":"max-snippet:-1","max-image-preview":"max-image-preview:large","max-video-preview":"max-video-preview:-1"},"canonical":"https:\/\/toys.lt\/lv\/produktas\/pioneer-super-rotalu-robots\/","og_locale":"lv_LV","og_type":"article","og_title":"Pioneer Super rota\u013cu robots - Toys.lt","og_description":"Izstr\u0101d\u0101juma tips: robots Izcelsmes valsts: \u0136\u012bna Iepakojuma izm\u0113ri: 13 x 22 x 29,5 cm Izstr\u0101d\u0101juma izm\u0113ri: 8 x 18 x 24 cm Izstr\u0101d\u0101juma materi\u0101ls: plastmasa Ieteicamais vecums: no 3 gadiem Elementi: 4 x AA (nav iek\u013cauti komplekt\u0101).","og_url":"https:\/\/toys.lt\/lv\/produktas\/pioneer-super-rotalu-robots\/","og_site_name":"Toys.lt","article_modified_time":"2026-04-09T00:02:34+00:00","og_image":[{"width":1124,"height":729,"url":"https:\/\/toys.lt\/wp-content\/uploads\/2020\/04\/products-466.jpg","type":"image\/jpeg"}],"twitter_card":"summary_large_image","schema":{"@context":"https:\/\/schema.org","@graph":[{"@type":"WebPage","@id":"https:\/\/toys.lt\/lv\/produktas\/pioneer-super-rotalu-robots\/","url":"https:\/\/toys.lt\/lv\/produktas\/pioneer-super-rotalu-robots\/","name":"Pioneer Super rota\u013cu robots - Toys.lt","isPartOf":{"@id":"https:\/\/toys.lt\/lv\/#website"},"primaryImageOfPage":{"@id":"https:\/\/toys.lt\/lv\/produktas\/pioneer-super-rotalu-robots\/#primaryimage"},"image":{"@id":"https:\/\/toys.lt\/lv\/produktas\/pioneer-super-rotalu-robots\/#primaryimage"},"thumbnailUrl":"https:\/\/toys.lt\/wp-content\/uploads\/2020\/04\/products-466.jpg","datePublished":"2020-04-11T05:33:42+00:00","dateModified":"2026-04-09T00:02:34+00:00","breadcrumb":{"@id":"https:\/\/toys.lt\/lv\/produktas\/pioneer-super-rotalu-robots\/#breadcrumb"},"inLanguage":"lv-LV","potentialAction":[{"@type":"ReadAction","target":["https:\/\/toys.lt\/lv\/produktas\/pioneer-super-rotalu-robots\/"]}]},{"@type":"ImageObject","inLanguage":"lv-LV","@id":"https:\/\/toys.lt\/lv\/produktas\/pioneer-super-rotalu-robots\/#primaryimage","url":"https:\/\/toys.lt\/wp-content\/uploads\/2020\/04\/products-466.jpg","contentUrl":"https:\/\/toys.lt\/wp-content\/uploads\/2020\/04\/products-466.jpg","width":1124,"height":729,"caption":"\u017daislinis robotas &#8220;Pioneer Super&#8221;"},{"@type":"BreadcrumbList","@id":"https:\/\/toys.lt\/lv\/produktas\/pioneer-super-rotalu-robots\/#breadcrumb","itemListElement":[{"@type":"ListItem","position":1,"name":"Home","item":"https:\/\/toys.lt\/lv\/"},{"@type":"ListItem","position":2,"name":"Veikals","item":"https:\/\/toys.lt\/lv\/shop\/"},{"@type":"ListItem","position":3,"name":"Pioneer Super rota\u013cu robots"}]},{"@type":"WebSite","@id":"https:\/\/toys.lt\/lv\/#website","url":"https:\/\/toys.lt\/lv\/","name":"Toys.lt","description":"","potentialAction":[{"@type":"SearchAction","target":{"@type":"EntryPoint","urlTemplate":"https:\/\/toys.lt\/lv\/?s={search_term_string}"},"query-input":{"@type":"PropertyValueSpecification","valueRequired":true,"valueName":"search_term_string"}}],"inLanguage":"lv-LV"}]}},"_links":{"self":[{"href":"https:\/\/toys.lt\/lv\/wp-json\/wp\/v2\/product\/42820","targetHints":{"allow":["GET"]}}],"collection":[{"href":"https:\/\/toys.lt\/lv\/wp-json\/wp\/v2\/product"}],"about":[{"href":"https:\/\/toys.lt\/lv\/wp-json\/wp\/v2\/types\/product"}],"replies":[{"embeddable":true,"href":"https:\/\/toys.lt\/lv\/wp-json\/wp\/v2\/comments?post=42820"}],"version-history":[{"count":0,"href":"https:\/\/toys.lt\/lv\/wp-json\/wp\/v2\/product\/42820\/revisions"}],"wp:featuredmedia":[{"embeddable":true,"href":"https:\/\/toys.lt\/lv\/wp-json\/wp\/v2\/media\/36595"}],"wp:attachment":[{"href":"https:\/\/toys.lt\/lv\/wp-json\/wp\/v2\/media?parent=42820"}],"wp:term":[{"taxonomy":"product_brand","embeddable":true,"href":"https:\/\/toys.lt\/lv\/wp-json\/wp\/v2\/product_brand?post=42820"},{"taxonomy":"product_cat","embeddable":true,"href":"https:\/\/toys.lt\/lv\/wp-json\/wp\/v2\/product_cat?post=42820"},{"taxonomy":"product_tag","embeddable":true,"href":"https:\/\/toys.lt\/lv\/wp-json\/wp\/v2\/product_tag?post=42820"}],"curies":[{"name":"wp","href":"https:\/\/api.w.org\/{rel}","templated":true}]}}