{"id":42815,"date":"2020-06-02T08:35:37","date_gmt":"2020-06-02T08:35:37","guid":{"rendered":"https:\/\/toys.lt\/produktas\/technok-rotalu-kravas-automasinu-komplekts\/"},"modified":"2026-03-30T00:25:23","modified_gmt":"2026-03-30T00:25:23","slug":"technok-rotalu-kravas-automasinu-komplekts","status":"publish","type":"product","link":"https:\/\/toys.lt\/lv\/produktas\/technok-rotalu-kravas-automasinu-komplekts\/","title":{"rendered":"TechnoK rota\u013cu kravas automa\u0161\u012bnu komplekts"},"content":{"rendered":"<p>Autotransportieris ir specializ\u0113ta kravas automa\u0161\u012bna, kas \u012bpa\u0161i izstr\u0101d\u0101ta un tiek izmantota automobi\u013cu p\u0101rvad\u0101\u0161anai. Ar \u0161o kravas automa\u0161\u012bnu p\u0101rvad\u0101 celtniec\u012bbas apr\u012bkojumu. <\/p>\n<p>Kravas automa\u0161\u012bnas var tikt nog\u0101d\u0101tas &#8220;b\u016bvlaukumos&#8221; da\u017e\u0101du smil\u0161u b\u016bvju b\u016bvniec\u012bbai.<\/p>\n<p><strong>Komplekt\u0101 ietilpst:<\/strong><\/p>\n<ul style=\"list-style-type: square;\">\n<li style=\"margin: 0px; padding: 0px; font: inherit; border: 0px;\">Autofurgons<\/li>\n<li style=\"margin: 0px; padding: 0px; font: inherit; border: 0px;\">2 ma\u0161\u012bnas<\/li>\n<\/ul>\n<p><strong>Funkcijas:<\/strong><\/p>\n<ul style=\"list-style-type: square;\">\n<li style=\"margin: 0px; padding: 0px; font: inherit; border: 0px;\">Liela, iztur\u012bga plastmasas rota\u013clieta<\/li>\n<li style=\"margin: 0px; padding: 0px; font: inherit; border: 0px;\">Priek\u0161\u0113j\u0101 bamper\u012b ir caurums virves piestiprin\u0101\u0161anai.<\/li>\n<li style=\"margin: 0px; padding: 0px; font: inherit; border: 0px;\">Komplekt\u0101 ietilpsto\u0161\u0101s automa\u0161\u012bnas ir savstarp\u0113ji savienotas.<\/li>\n<li style=\"margin: 0px; padding: 0px; font: inherit; border: 0px;\">Iztur\u012bba pret nelabv\u0113l\u012bgiem laikapst\u0101k\u013ciem &#8211; lietus, sniega, zemas temperat\u016bras.<\/li>\n<li style=\"margin: 0px; padding: 0px; font: inherit; border: 0px;\">Varat sp\u0113l\u0113t m\u0101j\u0101s un \u0101r\u0101<\/li>\n<li style=\"margin: 0px; padding: 0px; font: inherit; border: 0px;\">Sp\u0113l\u0113jot ar \u0161o komplektu, b\u0113rns att\u012bsta lo\u0123iku un izt\u0113li un daudz \u0101tr\u0101k atceras kr\u0101sas.<\/li>\n<\/ul>\n","protected":false},"excerpt":{"rendered":"<p>Izstr\u0101d\u0101juma veids: rota\u013cu auto<\/p>\n<p>Izcelsmes valsts: Ukraina<\/p>\n<p>Izstr\u0101d\u0101juma izm\u0113ri: 64 x 21 x 24 cm<\/p>\n<p>Svars: 1,170 kg<\/p>\n<p>Izstr\u0101d\u0101juma materi\u0101ls: plastmasa<\/p>\n<p>Ieteicamais vecums: no 3 gadiem.<\/p>\n","protected":false},"featured_media":37080,"comment_status":"open","ping_status":"closed","template":"","meta":[],"product_brand":[],"product_cat":[1176,1177,1155,1163],"product_tag":[],"class_list":{"0":"post-42815","1":"product","2":"type-product","3":"status-publish","4":"has-post-thumbnail","6":"product_cat-rotallietas-zeniem","7":"product_cat-rotalu-automasinas-traktori-un-kapurkedes","8":"product_cat-leti","9":"product_cat-smilsu-rotallietas","10":"pa_amziaus-grupe-3-lv","11":"pa_prek-s-spalva-marga-lv","12":"pa_prek-s-spalva-sarkanais","13":"pa_prek-s-tipas-masinas-lv","15":"first","16":"outofstock","17":"taxable","18":"shipping-taxable","19":"purchasable","20":"product-type-variable"},"yoast_head":"<!-- This site is optimized with the Yoast SEO plugin v26.3 - https:\/\/yoast.com\/wordpress\/plugins\/seo\/ -->\n<title>TechnoK rota\u013cu kravas automa\u0161\u012bnu komplekts - Toys.lt<\/title>\n<meta name=\"robots\" content=\"index, follow, max-snippet:-1, max-image-preview:large, max-video-preview:-1\" \/>\n<link rel=\"canonical\" href=\"https:\/\/toys.lt\/lv\/produktas\/technok-rotalu-kravas-automasinu-komplekts\/\" \/>\n<meta property=\"og:locale\" content=\"lv_LV\" \/>\n<meta property=\"og:type\" content=\"article\" \/>\n<meta property=\"og:title\" content=\"TechnoK rota\u013cu kravas automa\u0161\u012bnu komplekts - Toys.lt\" \/>\n<meta property=\"og:description\" content=\"Izstr\u0101d\u0101juma veids: rota\u013cu auto Izcelsmes valsts: Ukraina Izstr\u0101d\u0101juma izm\u0113ri: 64 x 21 x 24 cm Svars: 1,170 kg Izstr\u0101d\u0101juma materi\u0101ls: plastmasa Ieteicamais vecums: no 3 gadiem.\" \/>\n<meta property=\"og:url\" content=\"https:\/\/toys.lt\/lv\/produktas\/technok-rotalu-kravas-automasinu-komplekts\/\" \/>\n<meta property=\"og:site_name\" content=\"Toys.lt\" \/>\n<meta property=\"article:modified_time\" content=\"2026-03-30T00:25:23+00:00\" \/>\n<meta property=\"og:image\" content=\"https:\/\/toys.lt\/wp-content\/uploads\/2020\/06\/products-1007.jpg\" \/>\n\t<meta property=\"og:image:width\" content=\"1152\" \/>\n\t<meta property=\"og:image:height\" content=\"900\" \/>\n\t<meta property=\"og:image:type\" content=\"image\/jpeg\" \/>\n<meta name=\"twitter:card\" content=\"summary_large_image\" \/>\n<meta name=\"twitter:label1\" content=\"Est. reading time\" \/>\n\t<meta name=\"twitter:data1\" content=\"1 minute\" \/>\n<script type=\"application\/ld+json\" class=\"yoast-schema-graph\">{\"@context\":\"https:\/\/schema.org\",\"@graph\":[{\"@type\":\"WebPage\",\"@id\":\"https:\/\/toys.lt\/lv\/produktas\/technok-rotalu-kravas-automasinu-komplekts\/\",\"url\":\"https:\/\/toys.lt\/lv\/produktas\/technok-rotalu-kravas-automasinu-komplekts\/\",\"name\":\"TechnoK rota\u013cu kravas automa\u0161\u012bnu komplekts - Toys.lt\",\"isPartOf\":{\"@id\":\"https:\/\/toys.lt\/lv\/#website\"},\"primaryImageOfPage\":{\"@id\":\"https:\/\/toys.lt\/lv\/produktas\/technok-rotalu-kravas-automasinu-komplekts\/#primaryimage\"},\"image\":{\"@id\":\"https:\/\/toys.lt\/lv\/produktas\/technok-rotalu-kravas-automasinu-komplekts\/#primaryimage\"},\"thumbnailUrl\":\"https:\/\/toys.lt\/wp-content\/uploads\/2020\/06\/products-1007.jpg\",\"datePublished\":\"2020-06-02T08:35:37+00:00\",\"dateModified\":\"2026-03-30T00:25:23+00:00\",\"breadcrumb\":{\"@id\":\"https:\/\/toys.lt\/lv\/produktas\/technok-rotalu-kravas-automasinu-komplekts\/#breadcrumb\"},\"inLanguage\":\"lv-LV\",\"potentialAction\":[{\"@type\":\"ReadAction\",\"target\":[\"https:\/\/toys.lt\/lv\/produktas\/technok-rotalu-kravas-automasinu-komplekts\/\"]}]},{\"@type\":\"ImageObject\",\"inLanguage\":\"lv-LV\",\"@id\":\"https:\/\/toys.lt\/lv\/produktas\/technok-rotalu-kravas-automasinu-komplekts\/#primaryimage\",\"url\":\"https:\/\/toys.lt\/wp-content\/uploads\/2020\/06\/products-1007.jpg\",\"contentUrl\":\"https:\/\/toys.lt\/wp-content\/uploads\/2020\/06\/products-1007.jpg\",\"width\":1152,\"height\":900,\"caption\":\"\u017daislinis autove\u017eio rinkinys &#8220;TechnoK&#8221; &#8211; Marga\"},{\"@type\":\"BreadcrumbList\",\"@id\":\"https:\/\/toys.lt\/lv\/produktas\/technok-rotalu-kravas-automasinu-komplekts\/#breadcrumb\",\"itemListElement\":[{\"@type\":\"ListItem\",\"position\":1,\"name\":\"Home\",\"item\":\"https:\/\/toys.lt\/lv\/\"},{\"@type\":\"ListItem\",\"position\":2,\"name\":\"Veikals\",\"item\":\"https:\/\/toys.lt\/lv\/shop\/\"},{\"@type\":\"ListItem\",\"position\":3,\"name\":\"TechnoK rota\u013cu kravas automa\u0161\u012bnu komplekts\"}]},{\"@type\":\"WebSite\",\"@id\":\"https:\/\/toys.lt\/lv\/#website\",\"url\":\"https:\/\/toys.lt\/lv\/\",\"name\":\"Toys.lt\",\"description\":\"\",\"potentialAction\":[{\"@type\":\"SearchAction\",\"target\":{\"@type\":\"EntryPoint\",\"urlTemplate\":\"https:\/\/toys.lt\/lv\/?s={search_term_string}\"},\"query-input\":{\"@type\":\"PropertyValueSpecification\",\"valueRequired\":true,\"valueName\":\"search_term_string\"}}],\"inLanguage\":\"lv-LV\"}]}<\/script>\n<!-- \/ Yoast SEO plugin. -->","yoast_head_json":{"title":"TechnoK rota\u013cu kravas automa\u0161\u012bnu komplekts - Toys.lt","robots":{"index":"index","follow":"follow","max-snippet":"max-snippet:-1","max-image-preview":"max-image-preview:large","max-video-preview":"max-video-preview:-1"},"canonical":"https:\/\/toys.lt\/lv\/produktas\/technok-rotalu-kravas-automasinu-komplekts\/","og_locale":"lv_LV","og_type":"article","og_title":"TechnoK rota\u013cu kravas automa\u0161\u012bnu komplekts - Toys.lt","og_description":"Izstr\u0101d\u0101juma veids: rota\u013cu auto Izcelsmes valsts: Ukraina Izstr\u0101d\u0101juma izm\u0113ri: 64 x 21 x 24 cm Svars: 1,170 kg Izstr\u0101d\u0101juma materi\u0101ls: plastmasa Ieteicamais vecums: no 3 gadiem.","og_url":"https:\/\/toys.lt\/lv\/produktas\/technok-rotalu-kravas-automasinu-komplekts\/","og_site_name":"Toys.lt","article_modified_time":"2026-03-30T00:25:23+00:00","og_image":[{"width":1152,"height":900,"url":"https:\/\/toys.lt\/wp-content\/uploads\/2020\/06\/products-1007.jpg","type":"image\/jpeg"}],"twitter_card":"summary_large_image","twitter_misc":{"Est. reading time":"1 minute"},"schema":{"@context":"https:\/\/schema.org","@graph":[{"@type":"WebPage","@id":"https:\/\/toys.lt\/lv\/produktas\/technok-rotalu-kravas-automasinu-komplekts\/","url":"https:\/\/toys.lt\/lv\/produktas\/technok-rotalu-kravas-automasinu-komplekts\/","name":"TechnoK rota\u013cu kravas automa\u0161\u012bnu komplekts - Toys.lt","isPartOf":{"@id":"https:\/\/toys.lt\/lv\/#website"},"primaryImageOfPage":{"@id":"https:\/\/toys.lt\/lv\/produktas\/technok-rotalu-kravas-automasinu-komplekts\/#primaryimage"},"image":{"@id":"https:\/\/toys.lt\/lv\/produktas\/technok-rotalu-kravas-automasinu-komplekts\/#primaryimage"},"thumbnailUrl":"https:\/\/toys.lt\/wp-content\/uploads\/2020\/06\/products-1007.jpg","datePublished":"2020-06-02T08:35:37+00:00","dateModified":"2026-03-30T00:25:23+00:00","breadcrumb":{"@id":"https:\/\/toys.lt\/lv\/produktas\/technok-rotalu-kravas-automasinu-komplekts\/#breadcrumb"},"inLanguage":"lv-LV","potentialAction":[{"@type":"ReadAction","target":["https:\/\/toys.lt\/lv\/produktas\/technok-rotalu-kravas-automasinu-komplekts\/"]}]},{"@type":"ImageObject","inLanguage":"lv-LV","@id":"https:\/\/toys.lt\/lv\/produktas\/technok-rotalu-kravas-automasinu-komplekts\/#primaryimage","url":"https:\/\/toys.lt\/wp-content\/uploads\/2020\/06\/products-1007.jpg","contentUrl":"https:\/\/toys.lt\/wp-content\/uploads\/2020\/06\/products-1007.jpg","width":1152,"height":900,"caption":"\u017daislinis autove\u017eio rinkinys &#8220;TechnoK&#8221; &#8211; Marga"},{"@type":"BreadcrumbList","@id":"https:\/\/toys.lt\/lv\/produktas\/technok-rotalu-kravas-automasinu-komplekts\/#breadcrumb","itemListElement":[{"@type":"ListItem","position":1,"name":"Home","item":"https:\/\/toys.lt\/lv\/"},{"@type":"ListItem","position":2,"name":"Veikals","item":"https:\/\/toys.lt\/lv\/shop\/"},{"@type":"ListItem","position":3,"name":"TechnoK rota\u013cu kravas automa\u0161\u012bnu komplekts"}]},{"@type":"WebSite","@id":"https:\/\/toys.lt\/lv\/#website","url":"https:\/\/toys.lt\/lv\/","name":"Toys.lt","description":"","potentialAction":[{"@type":"SearchAction","target":{"@type":"EntryPoint","urlTemplate":"https:\/\/toys.lt\/lv\/?s={search_term_string}"},"query-input":{"@type":"PropertyValueSpecification","valueRequired":true,"valueName":"search_term_string"}}],"inLanguage":"lv-LV"}]}},"_links":{"self":[{"href":"https:\/\/toys.lt\/lv\/wp-json\/wp\/v2\/product\/42815","targetHints":{"allow":["GET"]}}],"collection":[{"href":"https:\/\/toys.lt\/lv\/wp-json\/wp\/v2\/product"}],"about":[{"href":"https:\/\/toys.lt\/lv\/wp-json\/wp\/v2\/types\/product"}],"replies":[{"embeddable":true,"href":"https:\/\/toys.lt\/lv\/wp-json\/wp\/v2\/comments?post=42815"}],"version-history":[{"count":1,"href":"https:\/\/toys.lt\/lv\/wp-json\/wp\/v2\/product\/42815\/revisions"}],"predecessor-version":[{"id":46260,"href":"https:\/\/toys.lt\/lv\/wp-json\/wp\/v2\/product\/42815\/revisions\/46260"}],"wp:featuredmedia":[{"embeddable":true,"href":"https:\/\/toys.lt\/lv\/wp-json\/wp\/v2\/media\/37080"}],"wp:attachment":[{"href":"https:\/\/toys.lt\/lv\/wp-json\/wp\/v2\/media?parent=42815"}],"wp:term":[{"taxonomy":"product_brand","embeddable":true,"href":"https:\/\/toys.lt\/lv\/wp-json\/wp\/v2\/product_brand?post=42815"},{"taxonomy":"product_cat","embeddable":true,"href":"https:\/\/toys.lt\/lv\/wp-json\/wp\/v2\/product_cat?post=42815"},{"taxonomy":"product_tag","embeddable":true,"href":"https:\/\/toys.lt\/lv\/wp-json\/wp\/v2\/product_tag?post=42815"}],"curies":[{"name":"wp","href":"https:\/\/api.w.org\/{rel}","templated":true}]}}