{"id":42808,"date":"2020-04-07T07:54:10","date_gmt":"2020-04-07T07:54:10","guid":{"rendered":"https:\/\/toys.lt\/produktas\/divpuseja-magnetiska-zimesanas-tafele-ar-piederumiem-3\/"},"modified":"2026-04-09T00:02:52","modified_gmt":"2026-04-09T00:02:52","slug":"divpuseja-magnetiska-zimesanas-tafele-ar-piederumiem-3","status":"publish","type":"product","link":"https:\/\/toys.lt\/lv\/produktas\/divpuseja-magnetiska-zimesanas-tafele-ar-piederumiem-3\/","title":{"rendered":"Divpus\u0113ja magn\u0113tisk\u0101 z\u012bm\u0113\u0161anas t\u0101fele ar piederumiem"},"content":{"rendered":"<p><strong>Pielikumi:<\/strong><\/p>\n<ul style=\"list-style-type: square;\">\n<li style=\"margin: 0px; padding: 0px; font: inherit; border: 0px;\">Kr\u012bti\u0146u komplekts<span style=\"margin: 0px; padding: 0px; border: 0px; font-style: inherit; font-variant: inherit; font-weight: bold; font-size: inherit; line-height: inherit; font-family: inherit;\"><br \/>\n<\/span><\/li>\n<li style=\"margin: 0px; padding: 0px; font: inherit; border: 0px;\">12 magn\u0113ti<\/li>\n<li style=\"margin: 0px; padding: 0px; font: inherit; border: 0px;\">5 mar\u0137ieri<\/li>\n<li style=\"margin: 0px; padding: 0px; font: inherit; border: 0px;\">1 s\u016bklis<\/li>\n<li style=\"margin: 0px; padding: 0px; font: inherit; border: 0px;\">2 konteineri instrumentiem<\/li>\n<\/ul>\n<p><strong>Funkcijas:<\/strong><\/p>\n<ul style=\"list-style-type: square;\">\n<li style=\"margin: 0px; padding: 0px; font: inherit; border: 0px;\">D\u0113lis rot\u0113 360 gr\u0101du le\u0146\u0137\u012b<\/li>\n<li style=\"margin: 0px; padding: 0px; font: inherit; border: 0px;\">\u0112rts stat\u012bvs ar ieb\u016bv\u0113tu plauktu piederumiem<\/li>\n<li style=\"margin: 0px; padding: 0px; font: inherit; border: 0px;\">Viena puse ir balta z\u012bm\u0113\u0161anai ar mar\u0137ieri un magn\u0113tiem, otra puse &#8211; kr\u012bta z\u012bm\u0113\u0161anai.<\/li>\n<li style=\"margin: 0px; padding: 0px; font: inherit; border: 0px;\">Komplekt\u0101 iek\u013cauts \u012bpa\u0161s s\u016bklis ras\u0113jumu t\u012br\u012b\u0161anai<\/li>\n<li style=\"margin: 0px; padding: 0px; font: inherit; border: 0px;\">D\u0113lis \u0101tri un viegli salok\u0101s un izk\u0101rtojas.<\/li>\n<li style=\"margin: 0px; padding: 0px; font: inherit; border: 0px;\">Kompakts un mobils<\/li>\n<li style=\"margin: 0px; padding: 0px; font: inherit; border: 0px;\">veicina atkl\u0101jumus, att\u012bsta dom\u0101\u0161anu, rosina izt\u0113li un m\u0101ca las\u012bt un rakst\u012bt, k\u0101 ar\u012b r\u0113\u0137in\u0101t.<\/li>\n<\/ul>\n<p>&nbsp;<\/p>\n","protected":false},"excerpt":{"rendered":"<p>Produkta veids: z\u012bm\u0113\u0161anas t\u0101fele<\/p>\n<p>Izcelsmes valsts: \u0136\u012bna<\/p>\n<p>Iepakojuma izm\u0113ri: 12 x 53,5 x 76,5 cm<\/p>\n<p>Produkta izm\u0113ri: 33 x 58 x 110 cm<\/p>\n<p>Ieteicamais vecums: no 3 gadiem.<\/p>\n","protected":false},"featured_media":36514,"comment_status":"open","ping_status":"closed","template":"","meta":[],"product_brand":[],"product_cat":[1180,1176,1157,1155,1159],"product_tag":[],"class_list":{"0":"post-42808","1":"product","2":"type-product","3":"status-publish","4":"has-post-thumbnail","6":"product_cat-rotallietas-meitenem","7":"product_cat-rotallietas-zeniem","8":"product_cat-izglitojosas-un-interaktivas-rotallietas","9":"product_cat-leti","10":"product_cat-magnetiskie-deli","11":"pa_prek-s-tipas-magnetiskie-deli","13":"first","14":"instock","15":"sale","16":"taxable","17":"shipping-taxable","18":"purchasable","19":"product-type-simple"},"yoast_head":"<!-- This site is optimized with the Yoast SEO plugin v26.3 - https:\/\/yoast.com\/wordpress\/plugins\/seo\/ -->\n<title>Divpus\u0113ja magn\u0113tisk\u0101 z\u012bm\u0113\u0161anas t\u0101fele ar piederumiem - Toys.lt<\/title>\n<meta name=\"robots\" content=\"index, follow, max-snippet:-1, max-image-preview:large, max-video-preview:-1\" \/>\n<link rel=\"canonical\" href=\"https:\/\/toys.lt\/lv\/produktas\/divpuseja-magnetiska-zimesanas-tafele-ar-piederumiem-3\/\" \/>\n<meta property=\"og:locale\" content=\"lv_LV\" \/>\n<meta property=\"og:type\" content=\"article\" \/>\n<meta property=\"og:title\" content=\"Divpus\u0113ja magn\u0113tisk\u0101 z\u012bm\u0113\u0161anas t\u0101fele ar piederumiem - Toys.lt\" \/>\n<meta property=\"og:description\" content=\"Produkta veids: z\u012bm\u0113\u0161anas t\u0101fele Izcelsmes valsts: \u0136\u012bna Iepakojuma izm\u0113ri: 12 x 53,5 x 76,5 cm Produkta izm\u0113ri: 33 x 58 x 110 cm Ieteicamais vecums: no 3 gadiem.\" \/>\n<meta property=\"og:url\" content=\"https:\/\/toys.lt\/lv\/produktas\/divpuseja-magnetiska-zimesanas-tafele-ar-piederumiem-3\/\" \/>\n<meta property=\"og:site_name\" content=\"Toys.lt\" \/>\n<meta property=\"article:modified_time\" content=\"2026-04-09T00:02:52+00:00\" \/>\n<meta property=\"og:image\" content=\"https:\/\/toys.lt\/wp-content\/uploads\/2020\/04\/products-383.jpg\" \/>\n\t<meta property=\"og:image:width\" content=\"1296\" \/>\n\t<meta property=\"og:image:height\" content=\"1080\" \/>\n\t<meta property=\"og:image:type\" content=\"image\/jpeg\" \/>\n<meta name=\"twitter:card\" content=\"summary_large_image\" \/>\n<script type=\"application\/ld+json\" class=\"yoast-schema-graph\">{\"@context\":\"https:\/\/schema.org\",\"@graph\":[{\"@type\":\"WebPage\",\"@id\":\"https:\/\/toys.lt\/lv\/produktas\/divpuseja-magnetiska-zimesanas-tafele-ar-piederumiem-3\/\",\"url\":\"https:\/\/toys.lt\/lv\/produktas\/divpuseja-magnetiska-zimesanas-tafele-ar-piederumiem-3\/\",\"name\":\"Divpus\u0113ja magn\u0113tisk\u0101 z\u012bm\u0113\u0161anas t\u0101fele ar piederumiem - Toys.lt\",\"isPartOf\":{\"@id\":\"https:\/\/toys.lt\/lv\/#website\"},\"primaryImageOfPage\":{\"@id\":\"https:\/\/toys.lt\/lv\/produktas\/divpuseja-magnetiska-zimesanas-tafele-ar-piederumiem-3\/#primaryimage\"},\"image\":{\"@id\":\"https:\/\/toys.lt\/lv\/produktas\/divpuseja-magnetiska-zimesanas-tafele-ar-piederumiem-3\/#primaryimage\"},\"thumbnailUrl\":\"https:\/\/toys.lt\/wp-content\/uploads\/2020\/04\/products-383.jpg\",\"datePublished\":\"2020-04-07T07:54:10+00:00\",\"dateModified\":\"2026-04-09T00:02:52+00:00\",\"breadcrumb\":{\"@id\":\"https:\/\/toys.lt\/lv\/produktas\/divpuseja-magnetiska-zimesanas-tafele-ar-piederumiem-3\/#breadcrumb\"},\"inLanguage\":\"lv-LV\",\"potentialAction\":[{\"@type\":\"ReadAction\",\"target\":[\"https:\/\/toys.lt\/lv\/produktas\/divpuseja-magnetiska-zimesanas-tafele-ar-piederumiem-3\/\"]}]},{\"@type\":\"ImageObject\",\"inLanguage\":\"lv-LV\",\"@id\":\"https:\/\/toys.lt\/lv\/produktas\/divpuseja-magnetiska-zimesanas-tafele-ar-piederumiem-3\/#primaryimage\",\"url\":\"https:\/\/toys.lt\/wp-content\/uploads\/2020\/04\/products-383.jpg\",\"contentUrl\":\"https:\/\/toys.lt\/wp-content\/uploads\/2020\/04\/products-383.jpg\",\"width\":1296,\"height\":1080,\"caption\":\"Dvipus\u0117 magnetin\u0117 pie\u0161imo lenta su priedais\"},{\"@type\":\"BreadcrumbList\",\"@id\":\"https:\/\/toys.lt\/lv\/produktas\/divpuseja-magnetiska-zimesanas-tafele-ar-piederumiem-3\/#breadcrumb\",\"itemListElement\":[{\"@type\":\"ListItem\",\"position\":1,\"name\":\"Home\",\"item\":\"https:\/\/toys.lt\/lv\/\"},{\"@type\":\"ListItem\",\"position\":2,\"name\":\"Veikals\",\"item\":\"https:\/\/toys.lt\/lv\/shop\/\"},{\"@type\":\"ListItem\",\"position\":3,\"name\":\"Divpus\u0113ja magn\u0113tisk\u0101 z\u012bm\u0113\u0161anas t\u0101fele ar piederumiem\"}]},{\"@type\":\"WebSite\",\"@id\":\"https:\/\/toys.lt\/lv\/#website\",\"url\":\"https:\/\/toys.lt\/lv\/\",\"name\":\"Toys.lt\",\"description\":\"\",\"potentialAction\":[{\"@type\":\"SearchAction\",\"target\":{\"@type\":\"EntryPoint\",\"urlTemplate\":\"https:\/\/toys.lt\/lv\/?s={search_term_string}\"},\"query-input\":{\"@type\":\"PropertyValueSpecification\",\"valueRequired\":true,\"valueName\":\"search_term_string\"}}],\"inLanguage\":\"lv-LV\"}]}<\/script>\n<!-- \/ Yoast SEO plugin. -->","yoast_head_json":{"title":"Divpus\u0113ja magn\u0113tisk\u0101 z\u012bm\u0113\u0161anas t\u0101fele ar piederumiem - Toys.lt","robots":{"index":"index","follow":"follow","max-snippet":"max-snippet:-1","max-image-preview":"max-image-preview:large","max-video-preview":"max-video-preview:-1"},"canonical":"https:\/\/toys.lt\/lv\/produktas\/divpuseja-magnetiska-zimesanas-tafele-ar-piederumiem-3\/","og_locale":"lv_LV","og_type":"article","og_title":"Divpus\u0113ja magn\u0113tisk\u0101 z\u012bm\u0113\u0161anas t\u0101fele ar piederumiem - Toys.lt","og_description":"Produkta veids: z\u012bm\u0113\u0161anas t\u0101fele Izcelsmes valsts: \u0136\u012bna Iepakojuma izm\u0113ri: 12 x 53,5 x 76,5 cm Produkta izm\u0113ri: 33 x 58 x 110 cm Ieteicamais vecums: no 3 gadiem.","og_url":"https:\/\/toys.lt\/lv\/produktas\/divpuseja-magnetiska-zimesanas-tafele-ar-piederumiem-3\/","og_site_name":"Toys.lt","article_modified_time":"2026-04-09T00:02:52+00:00","og_image":[{"width":1296,"height":1080,"url":"https:\/\/toys.lt\/wp-content\/uploads\/2020\/04\/products-383.jpg","type":"image\/jpeg"}],"twitter_card":"summary_large_image","schema":{"@context":"https:\/\/schema.org","@graph":[{"@type":"WebPage","@id":"https:\/\/toys.lt\/lv\/produktas\/divpuseja-magnetiska-zimesanas-tafele-ar-piederumiem-3\/","url":"https:\/\/toys.lt\/lv\/produktas\/divpuseja-magnetiska-zimesanas-tafele-ar-piederumiem-3\/","name":"Divpus\u0113ja magn\u0113tisk\u0101 z\u012bm\u0113\u0161anas t\u0101fele ar piederumiem - Toys.lt","isPartOf":{"@id":"https:\/\/toys.lt\/lv\/#website"},"primaryImageOfPage":{"@id":"https:\/\/toys.lt\/lv\/produktas\/divpuseja-magnetiska-zimesanas-tafele-ar-piederumiem-3\/#primaryimage"},"image":{"@id":"https:\/\/toys.lt\/lv\/produktas\/divpuseja-magnetiska-zimesanas-tafele-ar-piederumiem-3\/#primaryimage"},"thumbnailUrl":"https:\/\/toys.lt\/wp-content\/uploads\/2020\/04\/products-383.jpg","datePublished":"2020-04-07T07:54:10+00:00","dateModified":"2026-04-09T00:02:52+00:00","breadcrumb":{"@id":"https:\/\/toys.lt\/lv\/produktas\/divpuseja-magnetiska-zimesanas-tafele-ar-piederumiem-3\/#breadcrumb"},"inLanguage":"lv-LV","potentialAction":[{"@type":"ReadAction","target":["https:\/\/toys.lt\/lv\/produktas\/divpuseja-magnetiska-zimesanas-tafele-ar-piederumiem-3\/"]}]},{"@type":"ImageObject","inLanguage":"lv-LV","@id":"https:\/\/toys.lt\/lv\/produktas\/divpuseja-magnetiska-zimesanas-tafele-ar-piederumiem-3\/#primaryimage","url":"https:\/\/toys.lt\/wp-content\/uploads\/2020\/04\/products-383.jpg","contentUrl":"https:\/\/toys.lt\/wp-content\/uploads\/2020\/04\/products-383.jpg","width":1296,"height":1080,"caption":"Dvipus\u0117 magnetin\u0117 pie\u0161imo lenta su priedais"},{"@type":"BreadcrumbList","@id":"https:\/\/toys.lt\/lv\/produktas\/divpuseja-magnetiska-zimesanas-tafele-ar-piederumiem-3\/#breadcrumb","itemListElement":[{"@type":"ListItem","position":1,"name":"Home","item":"https:\/\/toys.lt\/lv\/"},{"@type":"ListItem","position":2,"name":"Veikals","item":"https:\/\/toys.lt\/lv\/shop\/"},{"@type":"ListItem","position":3,"name":"Divpus\u0113ja magn\u0113tisk\u0101 z\u012bm\u0113\u0161anas t\u0101fele ar piederumiem"}]},{"@type":"WebSite","@id":"https:\/\/toys.lt\/lv\/#website","url":"https:\/\/toys.lt\/lv\/","name":"Toys.lt","description":"","potentialAction":[{"@type":"SearchAction","target":{"@type":"EntryPoint","urlTemplate":"https:\/\/toys.lt\/lv\/?s={search_term_string}"},"query-input":{"@type":"PropertyValueSpecification","valueRequired":true,"valueName":"search_term_string"}}],"inLanguage":"lv-LV"}]}},"_links":{"self":[{"href":"https:\/\/toys.lt\/lv\/wp-json\/wp\/v2\/product\/42808","targetHints":{"allow":["GET"]}}],"collection":[{"href":"https:\/\/toys.lt\/lv\/wp-json\/wp\/v2\/product"}],"about":[{"href":"https:\/\/toys.lt\/lv\/wp-json\/wp\/v2\/types\/product"}],"replies":[{"embeddable":true,"href":"https:\/\/toys.lt\/lv\/wp-json\/wp\/v2\/comments?post=42808"}],"version-history":[{"count":1,"href":"https:\/\/toys.lt\/lv\/wp-json\/wp\/v2\/product\/42808\/revisions"}],"predecessor-version":[{"id":46007,"href":"https:\/\/toys.lt\/lv\/wp-json\/wp\/v2\/product\/42808\/revisions\/46007"}],"wp:featuredmedia":[{"embeddable":true,"href":"https:\/\/toys.lt\/lv\/wp-json\/wp\/v2\/media\/36514"}],"wp:attachment":[{"href":"https:\/\/toys.lt\/lv\/wp-json\/wp\/v2\/media?parent=42808"}],"wp:term":[{"taxonomy":"product_brand","embeddable":true,"href":"https:\/\/toys.lt\/lv\/wp-json\/wp\/v2\/product_brand?post=42808"},{"taxonomy":"product_cat","embeddable":true,"href":"https:\/\/toys.lt\/lv\/wp-json\/wp\/v2\/product_cat?post=42808"},{"taxonomy":"product_tag","embeddable":true,"href":"https:\/\/toys.lt\/lv\/wp-json\/wp\/v2\/product_tag?post=42808"}],"curies":[{"name":"wp","href":"https:\/\/api.w.org\/{rel}","templated":true}]}}