{"id":42788,"date":"2023-09-21T02:00:10","date_gmt":"2023-09-21T02:00:10","guid":{"rendered":"https:\/\/toys.lt\/produktas\/clementoni-sensory-bucket-rotallieta-ar-klucisiem\/"},"modified":"2026-04-08T00:02:50","modified_gmt":"2026-04-08T00:02:50","slug":"clementoni-sensory-bucket-rotallieta-ar-klucisiem","status":"publish","type":"product","link":"https:\/\/toys.lt\/lv\/produktas\/clementoni-sensory-bucket-rotallieta-ar-klucisiem\/","title":{"rendered":"Clementoni Sensory Bucket rota\u013clieta ar kluc\u012b\u0161iem"},"content":{"rendered":"<p><strong>Funkcijas<\/strong>;<\/p>\n<ul style=\"list-style-type: square\">\n<li>Spai\u0146a oder\u0113jums ar no\u0146emamu v\u0101ku<\/li>\n<li>15 m\u012bksti kluc\u012b\u0161i, ar kuriem sp\u0113l\u0113ties un likt spain\u012b<\/li>\n<li>Dro\u0161s b\u0113rnu vesel\u012bbai<\/li>\n<\/ul>\n","protected":false},"excerpt":{"rendered":"<p>Z\u012bmols: Clementoni<\/p>\n<p>Izcelsmes valsts: It\u0101lija<\/p>\n<p>Iepakojuma izm\u0113ri: 19 x 19 x 19 cm<\/p>\n<p>Ieteicamais vecums: no 6 m\u0113ne\u0161iem.<\/p>\n","protected":false},"featured_media":39295,"comment_status":"open","ping_status":"closed","template":"","meta":[],"product_brand":[384],"product_cat":[1183,1157,1155],"product_tag":[],"class_list":{"0":"post-42788","1":"product","2":"type-product","3":"status-publish","4":"has-post-thumbnail","6":"product_brand-clementoni-2","7":"product_cat-rotallietas-maziem-berniem","8":"product_cat-izglitojosas-un-interaktivas-rotallietas","9":"product_cat-leti","10":"pa_amziaus-grupe-6-lv","11":"pa_prek-s-tipas-konstruktori-un-modulu-bloki","12":"pa_prekes-zenklas-clementoni-lv","14":"first","15":"outofstock","16":"taxable","17":"shipping-taxable","18":"purchasable","19":"product-type-simple"},"yoast_head":"<!-- This site is optimized with the Yoast SEO plugin v26.3 - https:\/\/yoast.com\/wordpress\/plugins\/seo\/ -->\n<title>Clementoni Sensory Bucket rota\u013clieta ar kluc\u012b\u0161iem - Toys.lt<\/title>\n<meta name=\"robots\" content=\"index, follow, max-snippet:-1, max-image-preview:large, max-video-preview:-1\" \/>\n<link rel=\"canonical\" href=\"https:\/\/toys.lt\/lv\/produktas\/clementoni-sensory-bucket-rotallieta-ar-klucisiem\/\" \/>\n<meta property=\"og:locale\" content=\"lv_LV\" \/>\n<meta property=\"og:type\" content=\"article\" \/>\n<meta property=\"og:title\" content=\"Clementoni Sensory Bucket rota\u013clieta ar kluc\u012b\u0161iem - Toys.lt\" \/>\n<meta property=\"og:description\" content=\"Z\u012bmols: Clementoni Izcelsmes valsts: It\u0101lija Iepakojuma izm\u0113ri: 19 x 19 x 19 cm Ieteicamais vecums: no 6 m\u0113ne\u0161iem.\" \/>\n<meta property=\"og:url\" content=\"https:\/\/toys.lt\/lv\/produktas\/clementoni-sensory-bucket-rotallieta-ar-klucisiem\/\" \/>\n<meta property=\"og:site_name\" content=\"Toys.lt\" \/>\n<meta property=\"article:modified_time\" content=\"2026-04-08T00:02:50+00:00\" \/>\n<meta property=\"og:image\" content=\"https:\/\/toys.lt\/wp-content\/uploads\/2023\/09\/products-4913.jpg\" \/>\n\t<meta property=\"og:image:width\" content=\"1500\" \/>\n\t<meta property=\"og:image:height\" content=\"1097\" \/>\n\t<meta property=\"og:image:type\" content=\"image\/jpeg\" \/>\n<meta name=\"twitter:card\" content=\"summary_large_image\" \/>\n<script type=\"application\/ld+json\" class=\"yoast-schema-graph\">{\"@context\":\"https:\/\/schema.org\",\"@graph\":[{\"@type\":\"WebPage\",\"@id\":\"https:\/\/toys.lt\/lv\/produktas\/clementoni-sensory-bucket-rotallieta-ar-klucisiem\/\",\"url\":\"https:\/\/toys.lt\/lv\/produktas\/clementoni-sensory-bucket-rotallieta-ar-klucisiem\/\",\"name\":\"Clementoni Sensory Bucket rota\u013clieta ar kluc\u012b\u0161iem - Toys.lt\",\"isPartOf\":{\"@id\":\"https:\/\/toys.lt\/lv\/#website\"},\"primaryImageOfPage\":{\"@id\":\"https:\/\/toys.lt\/lv\/produktas\/clementoni-sensory-bucket-rotallieta-ar-klucisiem\/#primaryimage\"},\"image\":{\"@id\":\"https:\/\/toys.lt\/lv\/produktas\/clementoni-sensory-bucket-rotallieta-ar-klucisiem\/#primaryimage\"},\"thumbnailUrl\":\"https:\/\/toys.lt\/wp-content\/uploads\/2023\/09\/products-4913.jpg\",\"datePublished\":\"2023-09-21T02:00:10+00:00\",\"dateModified\":\"2026-04-08T00:02:50+00:00\",\"breadcrumb\":{\"@id\":\"https:\/\/toys.lt\/lv\/produktas\/clementoni-sensory-bucket-rotallieta-ar-klucisiem\/#breadcrumb\"},\"inLanguage\":\"lv-LV\",\"potentialAction\":[{\"@type\":\"ReadAction\",\"target\":[\"https:\/\/toys.lt\/lv\/produktas\/clementoni-sensory-bucket-rotallieta-ar-klucisiem\/\"]}]},{\"@type\":\"ImageObject\",\"inLanguage\":\"lv-LV\",\"@id\":\"https:\/\/toys.lt\/lv\/produktas\/clementoni-sensory-bucket-rotallieta-ar-klucisiem\/#primaryimage\",\"url\":\"https:\/\/toys.lt\/wp-content\/uploads\/2023\/09\/products-4913.jpg\",\"contentUrl\":\"https:\/\/toys.lt\/wp-content\/uploads\/2023\/09\/products-4913.jpg\",\"width\":1500,\"height\":1097,\"caption\":\"Clementoni sensorinis \u017eaislas su kalad\u0117l\u0117mis &#8220;Sensory Bucket&#8221;\"},{\"@type\":\"BreadcrumbList\",\"@id\":\"https:\/\/toys.lt\/lv\/produktas\/clementoni-sensory-bucket-rotallieta-ar-klucisiem\/#breadcrumb\",\"itemListElement\":[{\"@type\":\"ListItem\",\"position\":1,\"name\":\"Home\",\"item\":\"https:\/\/toys.lt\/lv\/\"},{\"@type\":\"ListItem\",\"position\":2,\"name\":\"Veikals\",\"item\":\"https:\/\/toys.lt\/lv\/shop\/\"},{\"@type\":\"ListItem\",\"position\":3,\"name\":\"Clementoni Sensory Bucket rota\u013clieta ar kluc\u012b\u0161iem\"}]},{\"@type\":\"WebSite\",\"@id\":\"https:\/\/toys.lt\/lv\/#website\",\"url\":\"https:\/\/toys.lt\/lv\/\",\"name\":\"Toys.lt\",\"description\":\"\",\"potentialAction\":[{\"@type\":\"SearchAction\",\"target\":{\"@type\":\"EntryPoint\",\"urlTemplate\":\"https:\/\/toys.lt\/lv\/?s={search_term_string}\"},\"query-input\":{\"@type\":\"PropertyValueSpecification\",\"valueRequired\":true,\"valueName\":\"search_term_string\"}}],\"inLanguage\":\"lv-LV\"}]}<\/script>\n<!-- \/ Yoast SEO plugin. -->","yoast_head_json":{"title":"Clementoni Sensory Bucket rota\u013clieta ar kluc\u012b\u0161iem - Toys.lt","robots":{"index":"index","follow":"follow","max-snippet":"max-snippet:-1","max-image-preview":"max-image-preview:large","max-video-preview":"max-video-preview:-1"},"canonical":"https:\/\/toys.lt\/lv\/produktas\/clementoni-sensory-bucket-rotallieta-ar-klucisiem\/","og_locale":"lv_LV","og_type":"article","og_title":"Clementoni Sensory Bucket rota\u013clieta ar kluc\u012b\u0161iem - Toys.lt","og_description":"Z\u012bmols: Clementoni Izcelsmes valsts: It\u0101lija Iepakojuma izm\u0113ri: 19 x 19 x 19 cm Ieteicamais vecums: no 6 m\u0113ne\u0161iem.","og_url":"https:\/\/toys.lt\/lv\/produktas\/clementoni-sensory-bucket-rotallieta-ar-klucisiem\/","og_site_name":"Toys.lt","article_modified_time":"2026-04-08T00:02:50+00:00","og_image":[{"width":1500,"height":1097,"url":"https:\/\/toys.lt\/wp-content\/uploads\/2023\/09\/products-4913.jpg","type":"image\/jpeg"}],"twitter_card":"summary_large_image","schema":{"@context":"https:\/\/schema.org","@graph":[{"@type":"WebPage","@id":"https:\/\/toys.lt\/lv\/produktas\/clementoni-sensory-bucket-rotallieta-ar-klucisiem\/","url":"https:\/\/toys.lt\/lv\/produktas\/clementoni-sensory-bucket-rotallieta-ar-klucisiem\/","name":"Clementoni Sensory Bucket rota\u013clieta ar kluc\u012b\u0161iem - Toys.lt","isPartOf":{"@id":"https:\/\/toys.lt\/lv\/#website"},"primaryImageOfPage":{"@id":"https:\/\/toys.lt\/lv\/produktas\/clementoni-sensory-bucket-rotallieta-ar-klucisiem\/#primaryimage"},"image":{"@id":"https:\/\/toys.lt\/lv\/produktas\/clementoni-sensory-bucket-rotallieta-ar-klucisiem\/#primaryimage"},"thumbnailUrl":"https:\/\/toys.lt\/wp-content\/uploads\/2023\/09\/products-4913.jpg","datePublished":"2023-09-21T02:00:10+00:00","dateModified":"2026-04-08T00:02:50+00:00","breadcrumb":{"@id":"https:\/\/toys.lt\/lv\/produktas\/clementoni-sensory-bucket-rotallieta-ar-klucisiem\/#breadcrumb"},"inLanguage":"lv-LV","potentialAction":[{"@type":"ReadAction","target":["https:\/\/toys.lt\/lv\/produktas\/clementoni-sensory-bucket-rotallieta-ar-klucisiem\/"]}]},{"@type":"ImageObject","inLanguage":"lv-LV","@id":"https:\/\/toys.lt\/lv\/produktas\/clementoni-sensory-bucket-rotallieta-ar-klucisiem\/#primaryimage","url":"https:\/\/toys.lt\/wp-content\/uploads\/2023\/09\/products-4913.jpg","contentUrl":"https:\/\/toys.lt\/wp-content\/uploads\/2023\/09\/products-4913.jpg","width":1500,"height":1097,"caption":"Clementoni sensorinis \u017eaislas su kalad\u0117l\u0117mis &#8220;Sensory Bucket&#8221;"},{"@type":"BreadcrumbList","@id":"https:\/\/toys.lt\/lv\/produktas\/clementoni-sensory-bucket-rotallieta-ar-klucisiem\/#breadcrumb","itemListElement":[{"@type":"ListItem","position":1,"name":"Home","item":"https:\/\/toys.lt\/lv\/"},{"@type":"ListItem","position":2,"name":"Veikals","item":"https:\/\/toys.lt\/lv\/shop\/"},{"@type":"ListItem","position":3,"name":"Clementoni Sensory Bucket rota\u013clieta ar kluc\u012b\u0161iem"}]},{"@type":"WebSite","@id":"https:\/\/toys.lt\/lv\/#website","url":"https:\/\/toys.lt\/lv\/","name":"Toys.lt","description":"","potentialAction":[{"@type":"SearchAction","target":{"@type":"EntryPoint","urlTemplate":"https:\/\/toys.lt\/lv\/?s={search_term_string}"},"query-input":{"@type":"PropertyValueSpecification","valueRequired":true,"valueName":"search_term_string"}}],"inLanguage":"lv-LV"}]}},"_links":{"self":[{"href":"https:\/\/toys.lt\/lv\/wp-json\/wp\/v2\/product\/42788","targetHints":{"allow":["GET"]}}],"collection":[{"href":"https:\/\/toys.lt\/lv\/wp-json\/wp\/v2\/product"}],"about":[{"href":"https:\/\/toys.lt\/lv\/wp-json\/wp\/v2\/types\/product"}],"replies":[{"embeddable":true,"href":"https:\/\/toys.lt\/lv\/wp-json\/wp\/v2\/comments?post=42788"}],"version-history":[{"count":1,"href":"https:\/\/toys.lt\/lv\/wp-json\/wp\/v2\/product\/42788\/revisions"}],"predecessor-version":[{"id":45917,"href":"https:\/\/toys.lt\/lv\/wp-json\/wp\/v2\/product\/42788\/revisions\/45917"}],"wp:featuredmedia":[{"embeddable":true,"href":"https:\/\/toys.lt\/lv\/wp-json\/wp\/v2\/media\/39295"}],"wp:attachment":[{"href":"https:\/\/toys.lt\/lv\/wp-json\/wp\/v2\/media?parent=42788"}],"wp:term":[{"taxonomy":"product_brand","embeddable":true,"href":"https:\/\/toys.lt\/lv\/wp-json\/wp\/v2\/product_brand?post=42788"},{"taxonomy":"product_cat","embeddable":true,"href":"https:\/\/toys.lt\/lv\/wp-json\/wp\/v2\/product_cat?post=42788"},{"taxonomy":"product_tag","embeddable":true,"href":"https:\/\/toys.lt\/lv\/wp-json\/wp\/v2\/product_tag?post=42788"}],"curies":[{"name":"wp","href":"https:\/\/api.w.org\/{rel}","templated":true}]}}