{"id":42774,"date":"2023-10-12T01:45:22","date_gmt":"2023-10-12T01:45:22","guid":{"rendered":"https:\/\/toys.lt\/produktas\/clementoni-vannas-rotallieta-octo-park-udens-draugi\/"},"modified":"2026-04-08T00:02:46","modified_gmt":"2026-04-08T00:02:46","slug":"clementoni-vannas-rotallieta-octo-park-udens-draugi","status":"publish","type":"product","link":"https:\/\/toys.lt\/lv\/produktas\/clementoni-vannas-rotallieta-octo-park-udens-draugi\/","title":{"rendered":"Clementoni vannas rota\u013clieta &#8220;Octo Park &#8211; \u016adens draugi&#8221;"},"content":{"rendered":"<ul style=\"list-style-type: disc;\">\n<li><strong>Vannas rota\u013clieta<\/strong> asto\u0146k\u0101ja form\u0101 ar v\u0113l 3 m\u012b\u013ciem dz\u012bvniekiem<\/li>\n<li>Ielejot \u016bdeni asto\u0146k\u0101ja galv\u0101, \u016bdens pl\u016bst cauri dobumiem un p\u0101rvieto citus dz\u012bvniekus.<\/li>\n<li>Piestiprin\u0101ts pie vannas istabas sienas<\/li>\n<\/ul>\n","protected":false},"excerpt":{"rendered":"<p>Materi\u0101ls: gumija<\/p>\n<p>Iepakojuma izm\u0113ri: 31 x 11 x 22 cm<\/p>\n<p>Ieteicamais vecums: no 10 m\u0113ne\u0161iem<\/p>\n<p>Izcelsmes valsts: It\u0101lija.<\/p>\n","protected":false},"featured_media":39355,"comment_status":"open","ping_status":"closed","template":"","meta":[],"product_brand":[],"product_cat":[1183,1155],"product_tag":[],"class_list":{"0":"post-42774","1":"product","2":"type-product","3":"status-publish","4":"has-post-thumbnail","6":"product_cat-rotallietas-maziem-berniem","7":"product_cat-leti","8":"pa_amziaus-grupe-10-lv","10":"first","11":"instock","12":"sale","13":"taxable","14":"shipping-taxable","15":"purchasable","16":"product-type-simple"},"yoast_head":"<!-- This site is optimized with the Yoast SEO plugin v26.3 - https:\/\/yoast.com\/wordpress\/plugins\/seo\/ -->\n<title>Clementoni vannas rota\u013clieta &quot;Octo Park - \u016adens draugi&quot; - Toys.lt<\/title>\n<meta name=\"robots\" content=\"index, follow, max-snippet:-1, max-image-preview:large, max-video-preview:-1\" \/>\n<link rel=\"canonical\" href=\"https:\/\/toys.lt\/lv\/produktas\/clementoni-vannas-rotallieta-octo-park-udens-draugi\/\" \/>\n<meta property=\"og:locale\" content=\"lv_LV\" \/>\n<meta property=\"og:type\" content=\"article\" \/>\n<meta property=\"og:title\" content=\"Clementoni vannas rota\u013clieta &quot;Octo Park - \u016adens draugi&quot; - Toys.lt\" \/>\n<meta property=\"og:description\" content=\"Materi\u0101ls: gumija Iepakojuma izm\u0113ri: 31 x 11 x 22 cm Ieteicamais vecums: no 10 m\u0113ne\u0161iem Izcelsmes valsts: It\u0101lija.\" \/>\n<meta property=\"og:url\" content=\"https:\/\/toys.lt\/lv\/produktas\/clementoni-vannas-rotallieta-octo-park-udens-draugi\/\" \/>\n<meta property=\"og:site_name\" content=\"Toys.lt\" \/>\n<meta property=\"article:modified_time\" content=\"2026-04-08T00:02:46+00:00\" \/>\n<meta property=\"og:image\" content=\"https:\/\/toys.lt\/wp-content\/uploads\/2023\/10\/products-5043.jpg\" \/>\n\t<meta property=\"og:image:width\" content=\"1500\" \/>\n\t<meta property=\"og:image:height\" content=\"1063\" \/>\n\t<meta property=\"og:image:type\" content=\"image\/jpeg\" \/>\n<meta name=\"twitter:card\" content=\"summary_large_image\" \/>\n<script type=\"application\/ld+json\" class=\"yoast-schema-graph\">{\"@context\":\"https:\/\/schema.org\",\"@graph\":[{\"@type\":\"WebPage\",\"@id\":\"https:\/\/toys.lt\/lv\/produktas\/clementoni-vannas-rotallieta-octo-park-udens-draugi\/\",\"url\":\"https:\/\/toys.lt\/lv\/produktas\/clementoni-vannas-rotallieta-octo-park-udens-draugi\/\",\"name\":\"Clementoni vannas rota\u013clieta \\\"Octo Park - \u016adens draugi\\\" - Toys.lt\",\"isPartOf\":{\"@id\":\"https:\/\/toys.lt\/lv\/#website\"},\"primaryImageOfPage\":{\"@id\":\"https:\/\/toys.lt\/lv\/produktas\/clementoni-vannas-rotallieta-octo-park-udens-draugi\/#primaryimage\"},\"image\":{\"@id\":\"https:\/\/toys.lt\/lv\/produktas\/clementoni-vannas-rotallieta-octo-park-udens-draugi\/#primaryimage\"},\"thumbnailUrl\":\"https:\/\/toys.lt\/wp-content\/uploads\/2023\/10\/products-5043.jpg\",\"datePublished\":\"2023-10-12T01:45:22+00:00\",\"dateModified\":\"2026-04-08T00:02:46+00:00\",\"breadcrumb\":{\"@id\":\"https:\/\/toys.lt\/lv\/produktas\/clementoni-vannas-rotallieta-octo-park-udens-draugi\/#breadcrumb\"},\"inLanguage\":\"lv-LV\",\"potentialAction\":[{\"@type\":\"ReadAction\",\"target\":[\"https:\/\/toys.lt\/lv\/produktas\/clementoni-vannas-rotallieta-octo-park-udens-draugi\/\"]}]},{\"@type\":\"ImageObject\",\"inLanguage\":\"lv-LV\",\"@id\":\"https:\/\/toys.lt\/lv\/produktas\/clementoni-vannas-rotallieta-octo-park-udens-draugi\/#primaryimage\",\"url\":\"https:\/\/toys.lt\/wp-content\/uploads\/2023\/10\/products-5043.jpg\",\"contentUrl\":\"https:\/\/toys.lt\/wp-content\/uploads\/2023\/10\/products-5043.jpg\",\"width\":1500,\"height\":1063,\"caption\":\"Clementoni vonios \u017eaislas &#8220;Octo Park &#8211; Water Friends&#8221;\"},{\"@type\":\"BreadcrumbList\",\"@id\":\"https:\/\/toys.lt\/lv\/produktas\/clementoni-vannas-rotallieta-octo-park-udens-draugi\/#breadcrumb\",\"itemListElement\":[{\"@type\":\"ListItem\",\"position\":1,\"name\":\"Home\",\"item\":\"https:\/\/toys.lt\/lv\/\"},{\"@type\":\"ListItem\",\"position\":2,\"name\":\"Veikals\",\"item\":\"https:\/\/toys.lt\/lv\/shop\/\"},{\"@type\":\"ListItem\",\"position\":3,\"name\":\"Clementoni vannas rota\u013clieta &#8222;Octo Park &#8211; \u016adens draugi&#8221;\"}]},{\"@type\":\"WebSite\",\"@id\":\"https:\/\/toys.lt\/lv\/#website\",\"url\":\"https:\/\/toys.lt\/lv\/\",\"name\":\"Toys.lt\",\"description\":\"\",\"potentialAction\":[{\"@type\":\"SearchAction\",\"target\":{\"@type\":\"EntryPoint\",\"urlTemplate\":\"https:\/\/toys.lt\/lv\/?s={search_term_string}\"},\"query-input\":{\"@type\":\"PropertyValueSpecification\",\"valueRequired\":true,\"valueName\":\"search_term_string\"}}],\"inLanguage\":\"lv-LV\"}]}<\/script>\n<!-- \/ Yoast SEO plugin. -->","yoast_head_json":{"title":"Clementoni vannas rota\u013clieta \"Octo Park - \u016adens draugi\" - Toys.lt","robots":{"index":"index","follow":"follow","max-snippet":"max-snippet:-1","max-image-preview":"max-image-preview:large","max-video-preview":"max-video-preview:-1"},"canonical":"https:\/\/toys.lt\/lv\/produktas\/clementoni-vannas-rotallieta-octo-park-udens-draugi\/","og_locale":"lv_LV","og_type":"article","og_title":"Clementoni vannas rota\u013clieta \"Octo Park - \u016adens draugi\" - Toys.lt","og_description":"Materi\u0101ls: gumija Iepakojuma izm\u0113ri: 31 x 11 x 22 cm Ieteicamais vecums: no 10 m\u0113ne\u0161iem Izcelsmes valsts: It\u0101lija.","og_url":"https:\/\/toys.lt\/lv\/produktas\/clementoni-vannas-rotallieta-octo-park-udens-draugi\/","og_site_name":"Toys.lt","article_modified_time":"2026-04-08T00:02:46+00:00","og_image":[{"width":1500,"height":1063,"url":"https:\/\/toys.lt\/wp-content\/uploads\/2023\/10\/products-5043.jpg","type":"image\/jpeg"}],"twitter_card":"summary_large_image","schema":{"@context":"https:\/\/schema.org","@graph":[{"@type":"WebPage","@id":"https:\/\/toys.lt\/lv\/produktas\/clementoni-vannas-rotallieta-octo-park-udens-draugi\/","url":"https:\/\/toys.lt\/lv\/produktas\/clementoni-vannas-rotallieta-octo-park-udens-draugi\/","name":"Clementoni vannas rota\u013clieta \"Octo Park - \u016adens draugi\" - Toys.lt","isPartOf":{"@id":"https:\/\/toys.lt\/lv\/#website"},"primaryImageOfPage":{"@id":"https:\/\/toys.lt\/lv\/produktas\/clementoni-vannas-rotallieta-octo-park-udens-draugi\/#primaryimage"},"image":{"@id":"https:\/\/toys.lt\/lv\/produktas\/clementoni-vannas-rotallieta-octo-park-udens-draugi\/#primaryimage"},"thumbnailUrl":"https:\/\/toys.lt\/wp-content\/uploads\/2023\/10\/products-5043.jpg","datePublished":"2023-10-12T01:45:22+00:00","dateModified":"2026-04-08T00:02:46+00:00","breadcrumb":{"@id":"https:\/\/toys.lt\/lv\/produktas\/clementoni-vannas-rotallieta-octo-park-udens-draugi\/#breadcrumb"},"inLanguage":"lv-LV","potentialAction":[{"@type":"ReadAction","target":["https:\/\/toys.lt\/lv\/produktas\/clementoni-vannas-rotallieta-octo-park-udens-draugi\/"]}]},{"@type":"ImageObject","inLanguage":"lv-LV","@id":"https:\/\/toys.lt\/lv\/produktas\/clementoni-vannas-rotallieta-octo-park-udens-draugi\/#primaryimage","url":"https:\/\/toys.lt\/wp-content\/uploads\/2023\/10\/products-5043.jpg","contentUrl":"https:\/\/toys.lt\/wp-content\/uploads\/2023\/10\/products-5043.jpg","width":1500,"height":1063,"caption":"Clementoni vonios \u017eaislas &#8220;Octo Park &#8211; Water Friends&#8221;"},{"@type":"BreadcrumbList","@id":"https:\/\/toys.lt\/lv\/produktas\/clementoni-vannas-rotallieta-octo-park-udens-draugi\/#breadcrumb","itemListElement":[{"@type":"ListItem","position":1,"name":"Home","item":"https:\/\/toys.lt\/lv\/"},{"@type":"ListItem","position":2,"name":"Veikals","item":"https:\/\/toys.lt\/lv\/shop\/"},{"@type":"ListItem","position":3,"name":"Clementoni vannas rota\u013clieta &#8222;Octo Park &#8211; \u016adens draugi&#8221;"}]},{"@type":"WebSite","@id":"https:\/\/toys.lt\/lv\/#website","url":"https:\/\/toys.lt\/lv\/","name":"Toys.lt","description":"","potentialAction":[{"@type":"SearchAction","target":{"@type":"EntryPoint","urlTemplate":"https:\/\/toys.lt\/lv\/?s={search_term_string}"},"query-input":{"@type":"PropertyValueSpecification","valueRequired":true,"valueName":"search_term_string"}}],"inLanguage":"lv-LV"}]}},"_links":{"self":[{"href":"https:\/\/toys.lt\/lv\/wp-json\/wp\/v2\/product\/42774","targetHints":{"allow":["GET"]}}],"collection":[{"href":"https:\/\/toys.lt\/lv\/wp-json\/wp\/v2\/product"}],"about":[{"href":"https:\/\/toys.lt\/lv\/wp-json\/wp\/v2\/types\/product"}],"replies":[{"embeddable":true,"href":"https:\/\/toys.lt\/lv\/wp-json\/wp\/v2\/comments?post=42774"}],"version-history":[{"count":1,"href":"https:\/\/toys.lt\/lv\/wp-json\/wp\/v2\/product\/42774\/revisions"}],"predecessor-version":[{"id":45929,"href":"https:\/\/toys.lt\/lv\/wp-json\/wp\/v2\/product\/42774\/revisions\/45929"}],"wp:featuredmedia":[{"embeddable":true,"href":"https:\/\/toys.lt\/lv\/wp-json\/wp\/v2\/media\/39355"}],"wp:attachment":[{"href":"https:\/\/toys.lt\/lv\/wp-json\/wp\/v2\/media?parent=42774"}],"wp:term":[{"taxonomy":"product_brand","embeddable":true,"href":"https:\/\/toys.lt\/lv\/wp-json\/wp\/v2\/product_brand?post=42774"},{"taxonomy":"product_cat","embeddable":true,"href":"https:\/\/toys.lt\/lv\/wp-json\/wp\/v2\/product_cat?post=42774"},{"taxonomy":"product_tag","embeddable":true,"href":"https:\/\/toys.lt\/lv\/wp-json\/wp\/v2\/product_tag?post=42774"}],"curies":[{"name":"wp","href":"https:\/\/api.w.org\/{rel}","templated":true}]}}