{"id":42767,"date":"2023-10-26T01:02:10","date_gmt":"2023-10-26T01:02:10","guid":{"rendered":"https:\/\/toys.lt\/produktas\/clementoni-puzle-nujorka-1000gab-2\/"},"modified":"2026-04-08T00:02:39","modified_gmt":"2026-04-08T00:02:39","slug":"clementoni-puzle-nujorka-1000gab-2","status":"publish","type":"product","link":"https:\/\/toys.lt\/lv\/produktas\/clementoni-puzle-nujorka-1000gab-2\/","title":{"rendered":"Clementoni puzle &#8220;\u0145ujorka&#8221; 1000gab"},"content":{"rendered":"<p><strong>Funkcijas:<\/strong><\/p>\n<ul style=\"list-style-type: square;\">\n<li style=\"margin: 0px; padding: 0px; font: inherit; border: 0px;\">Augstas kvalit\u0101tes kolekcija<\/li>\n<li style=\"margin: 0px; padding: 0px; font: inherit; border: 0px;\">1000 puzles gabali\u0146u<\/li>\n<li style=\"margin: 0px; padding: 0px; font: inherit; border: 0px;\">Materi\u0101lu kvalit\u0101te un izcilas druk\u0101\u0161anas tehnikas izmanto\u0161ana nodro\u0161ina skaistus, spilgtus un dz\u012bvus att\u0113lus.<\/li>\n<li style=\"margin: 0px; padding: 0px; font: inherit; border: 0px;\">Deta\u013cas ir izgatavotas no bieza, augstas kvalit\u0101tes kartona.<\/li>\n<li style=\"margin: 0px; padding: 0px; font: inherit; border: 0px;\">Gludas un graciozas deta\u013cu l\u012bnijas<\/li>\n<li style=\"margin: 0px; padding: 0px; font: inherit; border: 0px;\">Perfekts deta\u013cu savienojums<\/li>\n<li style=\"margin: 0px; padding: 0px; font: inherit; border: 0px;\">Clementoni vienm\u0113r r\u016bp\u0113jas par vides jaut\u0101jumiem un izmanto daudz otrreiz p\u0101rstr\u0101d\u0101tu materi\u0101lu, lai izvair\u012btos no pies\u0101r\u0146ojo\u0161u sast\u0101vda\u013cu izmanto\u0161anas.<\/li>\n<li style=\"margin: 0px; padding: 0px; font: inherit; border: 0px;\">Stimul\u0113 roku un acu koordin\u0101ciju, atmi\u0146u, motoriku, izt\u0113li un rado\u0161umu.<\/li>\n<\/ul>\n","protected":false},"excerpt":{"rendered":"<p>Produkta veids: puzle<\/p>\n<p>Z\u012bmola nosaukums: Clementoni<\/p>\n<p>Izcelsmes valsts: It\u0101lija<\/p>\n<p>Iepakojuma izm\u0113ri: 28 x 5 x 37 cm<\/p>\n<p>Gabali\u0146u skaits: 1000<\/p>\n<p>Puzzle izm\u0113ri: 69 x 50 cm<\/p>\n<p>Ieteicamais vecums: no 10 gadiem.<\/p>\n","protected":false},"featured_media":39456,"comment_status":"open","ping_status":"closed","template":"","meta":[],"product_brand":[384],"product_cat":[1406,1153,1165],"product_tag":[],"class_list":{"0":"post-42767","1":"product","2":"type-product","3":"status-publish","4":"has-post-thumbnail","6":"product_brand-clementoni-2","7":"product_cat-letakais","8":"product_cat-puzles-puzle","9":"product_cat-puzles-no-500-lidz-1000-gabaliniem","10":"pa_amziaus-grupe-10-lv","11":"pa_dali-skaicius-1203","12":"pa_prekes-zenklas-clementoni-lv","13":"pa_tema-pilsetas","15":"first","16":"instock","17":"taxable","18":"shipping-taxable","19":"purchasable","20":"product-type-simple"},"yoast_head":"<!-- This site is optimized with the Yoast SEO plugin v26.3 - https:\/\/yoast.com\/wordpress\/plugins\/seo\/ -->\n<title>Clementoni puzle &quot;\u0145ujorka&quot; 1000gab - Toys.lt<\/title>\n<meta name=\"robots\" content=\"index, follow, max-snippet:-1, max-image-preview:large, max-video-preview:-1\" \/>\n<link rel=\"canonical\" href=\"https:\/\/toys.lt\/lv\/produktas\/clementoni-puzle-nujorka-1000gab-2\/\" \/>\n<meta property=\"og:locale\" content=\"lv_LV\" \/>\n<meta property=\"og:type\" content=\"article\" \/>\n<meta property=\"og:title\" content=\"Clementoni puzle &quot;\u0145ujorka&quot; 1000gab - Toys.lt\" \/>\n<meta property=\"og:description\" content=\"Produkta veids: puzle Z\u012bmola nosaukums: Clementoni Izcelsmes valsts: It\u0101lija Iepakojuma izm\u0113ri: 28 x 5 x 37 cm Gabali\u0146u skaits: 1000 Puzzle izm\u0113ri: 69 x 50 cm Ieteicamais vecums: no 10 gadiem.\" \/>\n<meta property=\"og:url\" content=\"https:\/\/toys.lt\/lv\/produktas\/clementoni-puzle-nujorka-1000gab-2\/\" \/>\n<meta property=\"og:site_name\" content=\"Toys.lt\" \/>\n<meta property=\"article:modified_time\" content=\"2026-04-08T00:02:39+00:00\" \/>\n<meta property=\"og:image\" content=\"https:\/\/toys.lt\/wp-content\/uploads\/2023\/10\/products-5232.jpg\" \/>\n\t<meta property=\"og:image:width\" content=\"1500\" \/>\n\t<meta property=\"og:image:height\" content=\"1044\" \/>\n\t<meta property=\"og:image:type\" content=\"image\/jpeg\" \/>\n<meta name=\"twitter:card\" content=\"summary_large_image\" \/>\n<script type=\"application\/ld+json\" class=\"yoast-schema-graph\">{\"@context\":\"https:\/\/schema.org\",\"@graph\":[{\"@type\":\"WebPage\",\"@id\":\"https:\/\/toys.lt\/lv\/produktas\/clementoni-puzle-nujorka-1000gab-2\/\",\"url\":\"https:\/\/toys.lt\/lv\/produktas\/clementoni-puzle-nujorka-1000gab-2\/\",\"name\":\"Clementoni puzle \\\"\u0145ujorka\\\" 1000gab - Toys.lt\",\"isPartOf\":{\"@id\":\"https:\/\/toys.lt\/lv\/#website\"},\"primaryImageOfPage\":{\"@id\":\"https:\/\/toys.lt\/lv\/produktas\/clementoni-puzle-nujorka-1000gab-2\/#primaryimage\"},\"image\":{\"@id\":\"https:\/\/toys.lt\/lv\/produktas\/clementoni-puzle-nujorka-1000gab-2\/#primaryimage\"},\"thumbnailUrl\":\"https:\/\/toys.lt\/wp-content\/uploads\/2023\/10\/products-5232.jpg\",\"datePublished\":\"2023-10-26T01:02:10+00:00\",\"dateModified\":\"2026-04-08T00:02:39+00:00\",\"breadcrumb\":{\"@id\":\"https:\/\/toys.lt\/lv\/produktas\/clementoni-puzle-nujorka-1000gab-2\/#breadcrumb\"},\"inLanguage\":\"lv-LV\",\"potentialAction\":[{\"@type\":\"ReadAction\",\"target\":[\"https:\/\/toys.lt\/lv\/produktas\/clementoni-puzle-nujorka-1000gab-2\/\"]}]},{\"@type\":\"ImageObject\",\"inLanguage\":\"lv-LV\",\"@id\":\"https:\/\/toys.lt\/lv\/produktas\/clementoni-puzle-nujorka-1000gab-2\/#primaryimage\",\"url\":\"https:\/\/toys.lt\/wp-content\/uploads\/2023\/10\/products-5232.jpg\",\"contentUrl\":\"https:\/\/toys.lt\/wp-content\/uploads\/2023\/10\/products-5232.jpg\",\"width\":1500,\"height\":1044,\"caption\":\"Clementoni d\u0117lion\u0117 &#8220;New York City&#8221; 1000pcs\"},{\"@type\":\"BreadcrumbList\",\"@id\":\"https:\/\/toys.lt\/lv\/produktas\/clementoni-puzle-nujorka-1000gab-2\/#breadcrumb\",\"itemListElement\":[{\"@type\":\"ListItem\",\"position\":1,\"name\":\"Home\",\"item\":\"https:\/\/toys.lt\/lv\/\"},{\"@type\":\"ListItem\",\"position\":2,\"name\":\"Veikals\",\"item\":\"https:\/\/toys.lt\/lv\/shop\/\"},{\"@type\":\"ListItem\",\"position\":3,\"name\":\"Clementoni puzle &#8222;\u0145ujorka&#8221; 1000gab\"}]},{\"@type\":\"WebSite\",\"@id\":\"https:\/\/toys.lt\/lv\/#website\",\"url\":\"https:\/\/toys.lt\/lv\/\",\"name\":\"Toys.lt\",\"description\":\"\",\"potentialAction\":[{\"@type\":\"SearchAction\",\"target\":{\"@type\":\"EntryPoint\",\"urlTemplate\":\"https:\/\/toys.lt\/lv\/?s={search_term_string}\"},\"query-input\":{\"@type\":\"PropertyValueSpecification\",\"valueRequired\":true,\"valueName\":\"search_term_string\"}}],\"inLanguage\":\"lv-LV\"}]}<\/script>\n<!-- \/ Yoast SEO plugin. -->","yoast_head_json":{"title":"Clementoni puzle \"\u0145ujorka\" 1000gab - Toys.lt","robots":{"index":"index","follow":"follow","max-snippet":"max-snippet:-1","max-image-preview":"max-image-preview:large","max-video-preview":"max-video-preview:-1"},"canonical":"https:\/\/toys.lt\/lv\/produktas\/clementoni-puzle-nujorka-1000gab-2\/","og_locale":"lv_LV","og_type":"article","og_title":"Clementoni puzle \"\u0145ujorka\" 1000gab - Toys.lt","og_description":"Produkta veids: puzle Z\u012bmola nosaukums: Clementoni Izcelsmes valsts: It\u0101lija Iepakojuma izm\u0113ri: 28 x 5 x 37 cm Gabali\u0146u skaits: 1000 Puzzle izm\u0113ri: 69 x 50 cm Ieteicamais vecums: no 10 gadiem.","og_url":"https:\/\/toys.lt\/lv\/produktas\/clementoni-puzle-nujorka-1000gab-2\/","og_site_name":"Toys.lt","article_modified_time":"2026-04-08T00:02:39+00:00","og_image":[{"width":1500,"height":1044,"url":"https:\/\/toys.lt\/wp-content\/uploads\/2023\/10\/products-5232.jpg","type":"image\/jpeg"}],"twitter_card":"summary_large_image","schema":{"@context":"https:\/\/schema.org","@graph":[{"@type":"WebPage","@id":"https:\/\/toys.lt\/lv\/produktas\/clementoni-puzle-nujorka-1000gab-2\/","url":"https:\/\/toys.lt\/lv\/produktas\/clementoni-puzle-nujorka-1000gab-2\/","name":"Clementoni puzle \"\u0145ujorka\" 1000gab - Toys.lt","isPartOf":{"@id":"https:\/\/toys.lt\/lv\/#website"},"primaryImageOfPage":{"@id":"https:\/\/toys.lt\/lv\/produktas\/clementoni-puzle-nujorka-1000gab-2\/#primaryimage"},"image":{"@id":"https:\/\/toys.lt\/lv\/produktas\/clementoni-puzle-nujorka-1000gab-2\/#primaryimage"},"thumbnailUrl":"https:\/\/toys.lt\/wp-content\/uploads\/2023\/10\/products-5232.jpg","datePublished":"2023-10-26T01:02:10+00:00","dateModified":"2026-04-08T00:02:39+00:00","breadcrumb":{"@id":"https:\/\/toys.lt\/lv\/produktas\/clementoni-puzle-nujorka-1000gab-2\/#breadcrumb"},"inLanguage":"lv-LV","potentialAction":[{"@type":"ReadAction","target":["https:\/\/toys.lt\/lv\/produktas\/clementoni-puzle-nujorka-1000gab-2\/"]}]},{"@type":"ImageObject","inLanguage":"lv-LV","@id":"https:\/\/toys.lt\/lv\/produktas\/clementoni-puzle-nujorka-1000gab-2\/#primaryimage","url":"https:\/\/toys.lt\/wp-content\/uploads\/2023\/10\/products-5232.jpg","contentUrl":"https:\/\/toys.lt\/wp-content\/uploads\/2023\/10\/products-5232.jpg","width":1500,"height":1044,"caption":"Clementoni d\u0117lion\u0117 &#8220;New York City&#8221; 1000pcs"},{"@type":"BreadcrumbList","@id":"https:\/\/toys.lt\/lv\/produktas\/clementoni-puzle-nujorka-1000gab-2\/#breadcrumb","itemListElement":[{"@type":"ListItem","position":1,"name":"Home","item":"https:\/\/toys.lt\/lv\/"},{"@type":"ListItem","position":2,"name":"Veikals","item":"https:\/\/toys.lt\/lv\/shop\/"},{"@type":"ListItem","position":3,"name":"Clementoni puzle &#8222;\u0145ujorka&#8221; 1000gab"}]},{"@type":"WebSite","@id":"https:\/\/toys.lt\/lv\/#website","url":"https:\/\/toys.lt\/lv\/","name":"Toys.lt","description":"","potentialAction":[{"@type":"SearchAction","target":{"@type":"EntryPoint","urlTemplate":"https:\/\/toys.lt\/lv\/?s={search_term_string}"},"query-input":{"@type":"PropertyValueSpecification","valueRequired":true,"valueName":"search_term_string"}}],"inLanguage":"lv-LV"}]}},"_links":{"self":[{"href":"https:\/\/toys.lt\/lv\/wp-json\/wp\/v2\/product\/42767","targetHints":{"allow":["GET"]}}],"collection":[{"href":"https:\/\/toys.lt\/lv\/wp-json\/wp\/v2\/product"}],"about":[{"href":"https:\/\/toys.lt\/lv\/wp-json\/wp\/v2\/types\/product"}],"replies":[{"embeddable":true,"href":"https:\/\/toys.lt\/lv\/wp-json\/wp\/v2\/comments?post=42767"}],"version-history":[{"count":1,"href":"https:\/\/toys.lt\/lv\/wp-json\/wp\/v2\/product\/42767\/revisions"}],"predecessor-version":[{"id":46389,"href":"https:\/\/toys.lt\/lv\/wp-json\/wp\/v2\/product\/42767\/revisions\/46389"}],"wp:featuredmedia":[{"embeddable":true,"href":"https:\/\/toys.lt\/lv\/wp-json\/wp\/v2\/media\/39456"}],"wp:attachment":[{"href":"https:\/\/toys.lt\/lv\/wp-json\/wp\/v2\/media?parent=42767"}],"wp:term":[{"taxonomy":"product_brand","embeddable":true,"href":"https:\/\/toys.lt\/lv\/wp-json\/wp\/v2\/product_brand?post=42767"},{"taxonomy":"product_cat","embeddable":true,"href":"https:\/\/toys.lt\/lv\/wp-json\/wp\/v2\/product_cat?post=42767"},{"taxonomy":"product_tag","embeddable":true,"href":"https:\/\/toys.lt\/lv\/wp-json\/wp\/v2\/product_tag?post=42767"}],"curies":[{"name":"wp","href":"https:\/\/api.w.org\/{rel}","templated":true}]}}