{"id":42751,"date":"2023-10-12T02:41:38","date_gmt":"2023-10-12T02:41:38","guid":{"rendered":"https:\/\/toys.lt\/produktas\/clementoni-crazy-chic-radoss-rokasspradzu-komplekts-message-creations\/"},"modified":"2026-04-08T00:02:45","modified_gmt":"2026-04-08T00:02:45","slug":"clementoni-crazy-chic-radoss-rokasspradzu-komplekts-message-creations","status":"publish","type":"product","link":"https:\/\/toys.lt\/lv\/produktas\/clementoni-crazy-chic-radoss-rokasspradzu-komplekts-message-creations\/","title":{"rendered":"Clementoni Crazy Chic Rado\u0161s rokasspr\u0101d\u017eu komplekts Message Creations"},"content":{"rendered":"<p class=\"MsoNormal\" style=\"margin: 0px;font-size: medium;color: #7a7a7a;padding: 0px;line-height: inherit;border: 0px;font-family: Roboto, sans-serif;background-color: #fefefe;text-align: center\" align=\"center\"><i style=\"line-height: inherit;margin: 0px;padding: 0px;border: 0px;font-variant: inherit;font-weight: inherit;font-size: inherit;font-family: inherit\"><span style=\"margin: 0px;padding: 0px;border: 0px;font-style: inherit;font-variant: inherit;font-weight: inherit;font-size: 8.5pt;line-height: inherit;font-family: Verdana, sans-serif;color: #000000\">Clementoni &#8211; dibin\u0101ts It\u0101lij\u0101 un veiksm\u012bgi darbojas jau vair\u0101k nek\u0101 50 gadus! Uz\u0146\u0113muma misija ir rad\u012bt sp\u0113les, kas pal\u012bdz b\u0113rniem augt.   <\/span><\/i><\/p>\n<p class=\"MsoNormal\" style=\"margin: 0px;font-size: medium;color: #7a7a7a;padding: 0px;line-height: inherit;border: 0px;font-family: Roboto, sans-serif;background-color: #fefefe;text-align: center\" align=\"center\"><i style=\"line-height: inherit;margin: 0px;padding: 0px;border: 0px;font-variant: inherit;font-weight: inherit;font-size: inherit;font-family: inherit\"><span style=\"margin: 0px;padding: 0px;border: 0px;font-style: inherit;font-variant: inherit;font-weight: inherit;font-size: 8.5pt;line-height: inherit;font-family: Verdana, sans-serif;color: #000000\">Tas viss ir izstr\u0101d\u0101ts, lai apmierin\u0101tu jaunie\u0161u vajadz\u012bbas, \u0146emot v\u0113r\u0101 m\u016bsdienu tehnolo\u0123ijas un glob\u0101l\u0101s izgl\u012bt\u012bbas tendences.<\/span><\/i><\/p>\n<p><strong>Funkcijas:<\/strong><\/p>\n<ul style=\"list-style-type: square\">\n<li>Ekskluz\u012bvs komplekts, lai rad\u012btu izcilus darbus un sekotu l\u012bdzi jaun\u0101kaj\u0101m modes tendenc\u0113m.<\/li>\n<li>Komplekt\u0101 ietilpst p\u0113rl\u012btes, burtu deta\u013cas uzrakstam, aukla<\/li>\n<li>Izveidojiet rotaslietas ar daudzkr\u0101su efektiem un daudz\u0101m da\u017e\u0101d\u0101m kombin\u0101cij\u0101m<\/li>\n<li style=\"margin: 0px;padding: 0px;font: inherit;border: 0px\">Dro\u0161s b\u0113rnu vesel\u012bbai<\/li>\n<li style=\"margin: 0px;padding: 0px;font: inherit;border: 0px\">\u0160\u012b sp\u0113le vingrina izt\u0113li un rado\u0161o dom\u0101\u0161anu<\/li>\n<\/ul>\n","protected":false},"excerpt":{"rendered":"<p>Produkta veids: rado\u0161ais komplekts<\/p>\n<p>Z\u012bmola nosaukums: Clementoni<\/p>\n<p>Izcelsmes valsts: It\u0101lija<\/p>\n<p>Iepakojuma izm\u0113ri: 7 x 28 x 38 cm<\/p>\n<p>Ieteicamais vecums: no 7 gadiem.<\/p>\n","protected":false},"featured_media":39372,"comment_status":"open","ping_status":"closed","template":"","meta":[],"product_brand":[384],"product_cat":[1155,1180,1261],"product_tag":[],"class_list":{"0":"post-42751","1":"product","2":"type-product","3":"status-publish","4":"has-post-thumbnail","6":"product_brand-clementoni-2","7":"product_cat-leti","8":"product_cat-rotallietas-meitenem","9":"product_cat-skaistumkopsanas-komplekti-un-kosmetika-meitenem","10":"pa_amziaus-grupe-7-lv","11":"pa_prek-s-tipas-biskerpsanas-komplekti","12":"pa_prekes-zenklas-clementoni-lv","14":"first","15":"instock","16":"sale","17":"taxable","18":"shipping-taxable","19":"purchasable","20":"product-type-simple"},"yoast_head":"<!-- This site is optimized with the Yoast SEO plugin v27.6 - https:\/\/yoast.com\/product\/yoast-seo-wordpress\/ -->\n<title>Clementoni Crazy Chic Rado\u0161s rokasspr\u0101d\u017eu komplekts Message Creations - Toys.lt<\/title>\n<meta name=\"robots\" content=\"index, follow, max-snippet:-1, max-image-preview:large, max-video-preview:-1\" \/>\n<link rel=\"canonical\" href=\"https:\/\/toys.lt\/lv\/produktas\/clementoni-crazy-chic-radoss-rokasspradzu-komplekts-message-creations\/\" \/>\n<meta property=\"og:locale\" content=\"lv_LV\" \/>\n<meta property=\"og:type\" content=\"article\" \/>\n<meta property=\"og:title\" content=\"Clementoni Crazy Chic Rado\u0161s rokasspr\u0101d\u017eu komplekts Message Creations - Toys.lt\" \/>\n<meta property=\"og:description\" content=\"Produkta veids: rado\u0161ais komplekts Z\u012bmola nosaukums: Clementoni Izcelsmes valsts: It\u0101lija Iepakojuma izm\u0113ri: 7 x 28 x 38 cm Ieteicamais vecums: no 7 gadiem.\" \/>\n<meta property=\"og:url\" content=\"https:\/\/toys.lt\/lv\/produktas\/clementoni-crazy-chic-radoss-rokasspradzu-komplekts-message-creations\/\" \/>\n<meta property=\"og:site_name\" content=\"Toys.lt\" \/>\n<meta property=\"article:modified_time\" content=\"2026-04-08T00:02:45+00:00\" \/>\n<meta property=\"og:image\" content=\"https:\/\/toys.lt\/wp-content\/uploads\/2023\/10\/products-5073.jpg\" \/>\n\t<meta property=\"og:image:width\" content=\"1500\" \/>\n\t<meta property=\"og:image:height\" content=\"1179\" \/>\n\t<meta property=\"og:image:type\" content=\"image\/jpeg\" \/>\n<meta name=\"twitter:card\" content=\"summary_large_image\" \/>\n<meta name=\"twitter:label1\" content=\"Est. reading time\" \/>\n\t<meta name=\"twitter:data1\" content=\"1 minute\" \/>\n<script type=\"application\/ld+json\" class=\"yoast-schema-graph\">{\"@context\":\"https:\\\/\\\/schema.org\",\"@graph\":[{\"@type\":\"WebPage\",\"@id\":\"https:\\\/\\\/toys.lt\\\/lv\\\/produktas\\\/clementoni-crazy-chic-radoss-rokasspradzu-komplekts-message-creations\\\/\",\"url\":\"https:\\\/\\\/toys.lt\\\/lv\\\/produktas\\\/clementoni-crazy-chic-radoss-rokasspradzu-komplekts-message-creations\\\/\",\"name\":\"Clementoni Crazy Chic Rado\u0161s rokasspr\u0101d\u017eu komplekts Message Creations - Toys.lt\",\"isPartOf\":{\"@id\":\"https:\\\/\\\/toys.lt\\\/lv\\\/#website\"},\"primaryImageOfPage\":{\"@id\":\"https:\\\/\\\/toys.lt\\\/lv\\\/produktas\\\/clementoni-crazy-chic-radoss-rokasspradzu-komplekts-message-creations\\\/#primaryimage\"},\"image\":{\"@id\":\"https:\\\/\\\/toys.lt\\\/lv\\\/produktas\\\/clementoni-crazy-chic-radoss-rokasspradzu-komplekts-message-creations\\\/#primaryimage\"},\"thumbnailUrl\":\"https:\\\/\\\/toys.lt\\\/wp-content\\\/uploads\\\/2023\\\/10\\\/products-5073.jpg\",\"datePublished\":\"2023-10-12T02:41:38+00:00\",\"dateModified\":\"2026-04-08T00:02:45+00:00\",\"breadcrumb\":{\"@id\":\"https:\\\/\\\/toys.lt\\\/lv\\\/produktas\\\/clementoni-crazy-chic-radoss-rokasspradzu-komplekts-message-creations\\\/#breadcrumb\"},\"inLanguage\":\"lv-LV\",\"potentialAction\":[{\"@type\":\"ReadAction\",\"target\":[\"https:\\\/\\\/toys.lt\\\/lv\\\/produktas\\\/clementoni-crazy-chic-radoss-rokasspradzu-komplekts-message-creations\\\/\"]}]},{\"@type\":\"ImageObject\",\"inLanguage\":\"lv-LV\",\"@id\":\"https:\\\/\\\/toys.lt\\\/lv\\\/produktas\\\/clementoni-crazy-chic-radoss-rokasspradzu-komplekts-message-creations\\\/#primaryimage\",\"url\":\"https:\\\/\\\/toys.lt\\\/wp-content\\\/uploads\\\/2023\\\/10\\\/products-5073.jpg\",\"contentUrl\":\"https:\\\/\\\/toys.lt\\\/wp-content\\\/uploads\\\/2023\\\/10\\\/products-5073.jpg\",\"width\":1500,\"height\":1179,\"caption\":\"Clementoni Crazy Chic k\u016brybinis apyranki\u0173 rinkinys &#8220;Message Creations&#8221;\"},{\"@type\":\"BreadcrumbList\",\"@id\":\"https:\\\/\\\/toys.lt\\\/lv\\\/produktas\\\/clementoni-crazy-chic-radoss-rokasspradzu-komplekts-message-creations\\\/#breadcrumb\",\"itemListElement\":[{\"@type\":\"ListItem\",\"position\":1,\"name\":\"Home\",\"item\":\"https:\\\/\\\/toys.lt\\\/lv\\\/\"},{\"@type\":\"ListItem\",\"position\":2,\"name\":\"Veikals\",\"item\":\"https:\\\/\\\/toys.lt\\\/lv\\\/shop\\\/\"},{\"@type\":\"ListItem\",\"position\":3,\"name\":\"Clementoni Crazy Chic Rado\u0161s rokasspr\u0101d\u017eu komplekts Message Creations\"}]},{\"@type\":\"WebSite\",\"@id\":\"https:\\\/\\\/toys.lt\\\/lv\\\/#website\",\"url\":\"https:\\\/\\\/toys.lt\\\/lv\\\/\",\"name\":\"Toys.lt\",\"description\":\"\",\"potentialAction\":[{\"@type\":\"SearchAction\",\"target\":{\"@type\":\"EntryPoint\",\"urlTemplate\":\"https:\\\/\\\/toys.lt\\\/lv\\\/?s={search_term_string}\"},\"query-input\":{\"@type\":\"PropertyValueSpecification\",\"valueRequired\":true,\"valueName\":\"search_term_string\"}}],\"inLanguage\":\"lv-LV\"}]}<\/script>\n<!-- \/ Yoast SEO plugin. -->","yoast_head_json":{"title":"Clementoni Crazy Chic Rado\u0161s rokasspr\u0101d\u017eu komplekts Message Creations - Toys.lt","robots":{"index":"index","follow":"follow","max-snippet":"max-snippet:-1","max-image-preview":"max-image-preview:large","max-video-preview":"max-video-preview:-1"},"canonical":"https:\/\/toys.lt\/lv\/produktas\/clementoni-crazy-chic-radoss-rokasspradzu-komplekts-message-creations\/","og_locale":"lv_LV","og_type":"article","og_title":"Clementoni Crazy Chic Rado\u0161s rokasspr\u0101d\u017eu komplekts Message Creations - Toys.lt","og_description":"Produkta veids: rado\u0161ais komplekts Z\u012bmola nosaukums: Clementoni Izcelsmes valsts: It\u0101lija Iepakojuma izm\u0113ri: 7 x 28 x 38 cm Ieteicamais vecums: no 7 gadiem.","og_url":"https:\/\/toys.lt\/lv\/produktas\/clementoni-crazy-chic-radoss-rokasspradzu-komplekts-message-creations\/","og_site_name":"Toys.lt","article_modified_time":"2026-04-08T00:02:45+00:00","og_image":[{"width":1500,"height":1179,"url":"https:\/\/toys.lt\/wp-content\/uploads\/2023\/10\/products-5073.jpg","type":"image\/jpeg"}],"twitter_card":"summary_large_image","twitter_misc":{"Est. reading time":"1 minute"},"schema":{"@context":"https:\/\/schema.org","@graph":[{"@type":"WebPage","@id":"https:\/\/toys.lt\/lv\/produktas\/clementoni-crazy-chic-radoss-rokasspradzu-komplekts-message-creations\/","url":"https:\/\/toys.lt\/lv\/produktas\/clementoni-crazy-chic-radoss-rokasspradzu-komplekts-message-creations\/","name":"Clementoni Crazy Chic Rado\u0161s rokasspr\u0101d\u017eu komplekts Message Creations - Toys.lt","isPartOf":{"@id":"https:\/\/toys.lt\/lv\/#website"},"primaryImageOfPage":{"@id":"https:\/\/toys.lt\/lv\/produktas\/clementoni-crazy-chic-radoss-rokasspradzu-komplekts-message-creations\/#primaryimage"},"image":{"@id":"https:\/\/toys.lt\/lv\/produktas\/clementoni-crazy-chic-radoss-rokasspradzu-komplekts-message-creations\/#primaryimage"},"thumbnailUrl":"https:\/\/toys.lt\/wp-content\/uploads\/2023\/10\/products-5073.jpg","datePublished":"2023-10-12T02:41:38+00:00","dateModified":"2026-04-08T00:02:45+00:00","breadcrumb":{"@id":"https:\/\/toys.lt\/lv\/produktas\/clementoni-crazy-chic-radoss-rokasspradzu-komplekts-message-creations\/#breadcrumb"},"inLanguage":"lv-LV","potentialAction":[{"@type":"ReadAction","target":["https:\/\/toys.lt\/lv\/produktas\/clementoni-crazy-chic-radoss-rokasspradzu-komplekts-message-creations\/"]}]},{"@type":"ImageObject","inLanguage":"lv-LV","@id":"https:\/\/toys.lt\/lv\/produktas\/clementoni-crazy-chic-radoss-rokasspradzu-komplekts-message-creations\/#primaryimage","url":"https:\/\/toys.lt\/wp-content\/uploads\/2023\/10\/products-5073.jpg","contentUrl":"https:\/\/toys.lt\/wp-content\/uploads\/2023\/10\/products-5073.jpg","width":1500,"height":1179,"caption":"Clementoni Crazy Chic k\u016brybinis apyranki\u0173 rinkinys &#8220;Message Creations&#8221;"},{"@type":"BreadcrumbList","@id":"https:\/\/toys.lt\/lv\/produktas\/clementoni-crazy-chic-radoss-rokasspradzu-komplekts-message-creations\/#breadcrumb","itemListElement":[{"@type":"ListItem","position":1,"name":"Home","item":"https:\/\/toys.lt\/lv\/"},{"@type":"ListItem","position":2,"name":"Veikals","item":"https:\/\/toys.lt\/lv\/shop\/"},{"@type":"ListItem","position":3,"name":"Clementoni Crazy Chic Rado\u0161s rokasspr\u0101d\u017eu komplekts Message Creations"}]},{"@type":"WebSite","@id":"https:\/\/toys.lt\/lv\/#website","url":"https:\/\/toys.lt\/lv\/","name":"Toys.lt","description":"","potentialAction":[{"@type":"SearchAction","target":{"@type":"EntryPoint","urlTemplate":"https:\/\/toys.lt\/lv\/?s={search_term_string}"},"query-input":{"@type":"PropertyValueSpecification","valueRequired":true,"valueName":"search_term_string"}}],"inLanguage":"lv-LV"}]}},"_links":{"self":[{"href":"https:\/\/toys.lt\/lv\/wp-json\/wp\/v2\/product\/42751","targetHints":{"allow":["GET"]}}],"collection":[{"href":"https:\/\/toys.lt\/lv\/wp-json\/wp\/v2\/product"}],"about":[{"href":"https:\/\/toys.lt\/lv\/wp-json\/wp\/v2\/types\/product"}],"replies":[{"embeddable":true,"href":"https:\/\/toys.lt\/lv\/wp-json\/wp\/v2\/comments?post=42751"}],"version-history":[{"count":1,"href":"https:\/\/toys.lt\/lv\/wp-json\/wp\/v2\/product\/42751\/revisions"}],"predecessor-version":[{"id":45938,"href":"https:\/\/toys.lt\/lv\/wp-json\/wp\/v2\/product\/42751\/revisions\/45938"}],"wp:featuredmedia":[{"embeddable":true,"href":"https:\/\/toys.lt\/lv\/wp-json\/wp\/v2\/media\/39372"}],"wp:attachment":[{"href":"https:\/\/toys.lt\/lv\/wp-json\/wp\/v2\/media?parent=42751"}],"wp:term":[{"taxonomy":"product_brand","embeddable":true,"href":"https:\/\/toys.lt\/lv\/wp-json\/wp\/v2\/product_brand?post=42751"},{"taxonomy":"product_cat","embeddable":true,"href":"https:\/\/toys.lt\/lv\/wp-json\/wp\/v2\/product_cat?post=42751"},{"taxonomy":"product_tag","embeddable":true,"href":"https:\/\/toys.lt\/lv\/wp-json\/wp\/v2\/product_tag?post=42751"}],"curies":[{"name":"wp","href":"https:\/\/api.w.org\/{rel}","templated":true}]}}