{"id":42748,"date":"2023-09-21T02:47:40","date_gmt":"2023-09-21T02:47:40","guid":{"rendered":"https:\/\/toys.lt\/?post_type=product&#038;p=42748"},"modified":"2026-04-08T00:02:49","modified_gmt":"2026-04-08T00:02:49","slug":"clemetoni-izglitojosa-spele-my-interactive-pen","status":"publish","type":"product","link":"https:\/\/toys.lt\/lv\/produktas\/clemetoni-izglitojosa-spele-my-interactive-pen\/","title":{"rendered":"Clementoni My Interactive Pen &#8211; interakt\u012bv\u0101 pildspalva ar sp\u0113l\u0113m"},"content":{"rendered":"<p class=\"MsoNormal\" style=\"text-align: center;\" align=\"center\"><i><span style=\"font-size: 8.5pt; font-family: Verdana, 'sans-serif'; color: #000000;\">Clementoni &#8211; dibin\u0101ts It\u0101lij\u0101 un veiksm\u012bgi darbojas jau vair\u0101k nek\u0101 50 gadus! Uz\u0146\u0113muma misija ir rad\u012bt sp\u0113les, kas pal\u012bdz b\u0113rniem augt.   <\/span><\/i><\/p>\n<p class=\"MsoNormal\" style=\"text-align: center;\" align=\"center\"><i><span style=\"font-size: 8.5pt; font-family: Verdana, 'sans-serif'; color: #000000;\">Tas viss ir izstr\u0101d\u0101ts, lai apmierin\u0101tu jaunie\u0161u vajadz\u012bbas, \u0146emot v\u0113r\u0101 m\u016bsdienu tehnolo\u0123ijas un glob\u0101l\u0101s izgl\u012bt\u012bbas tendences.<\/span><\/i><\/p>\n<p data-start=\"1164\" data-end=\"1448\">Clementoni My Interactive Pen ir interakt\u012bva izgl\u012btojo\u0161a sp\u0113le b\u0113rniem vecum\u0101 no 3 gadiem, kas pal\u012bdz vi\u0146iem m\u0101c\u012bties, jautri sp\u0113l\u0113joties. Komplekt\u0101 eso\u0161\u0101 vied\u0101 pildspalva rea\u0123\u0113 uz b\u0113rna izv\u0113li: kad tiek pieskarties pareizai atbildei, pildspalva iedegas vai izdod ska\u0146u. <\/p>\n<p data-start=\"1450\" data-end=\"1685\">Komplekt\u0101 ir vair\u0101k nek\u0101 1000 jaut\u0101jumu un 120 uzdevumu, kas pal\u012bdz\u0113s apg\u016bt formas, kr\u0101sas, izm\u0113rus, orient\u0113\u0161anos telp\u0101, skait\u013cus un vienk\u0101r\u0161us matem\u0101tikas uzdevumus. Sp\u0113le att\u012bsta lo\u0123iku, atmi\u0146u un koncentr\u0113\u0161an\u0101s sp\u0113jas. <\/p>\n<p data-start=\"1687\" data-end=\"1703\"><strong data-start=\"1687\" data-end=\"1701\">Funkcijas:<\/strong><\/p>\n<ul data-start=\"1704\" data-end=\"1894\">\n<li data-start=\"1704\" data-end=\"1756\">\n<p data-start=\"1706\" data-end=\"1756\">Interakt\u012bv\u0101 pildspalva ar gaismas\/ska\u0146as funkciju;<\/p>\n<\/li>\n<li data-start=\"1757\" data-end=\"1799\">\n<p data-start=\"1759\" data-end=\"1799\">Vair\u0101k nek\u0101 1000 jaut\u0101jumi un uzdevumi;<\/p>\n<\/li>\n<li data-start=\"1800\" data-end=\"1857\">\n<p data-start=\"1802\" data-end=\"1857\">120 izgl\u012btojo\u0161as aktivit\u0101tes ar kart\u0113m un sp\u0113\u013cu d\u0113li;<\/p>\n<\/li>\n<li data-start=\"1858\" data-end=\"1894\">\n<p data-start=\"1860\" data-end=\"1894\">B\u0113rniem no 3 l\u012bdz 6 gadiem.<\/p>\n<\/li>\n<\/ul>\n<p data-start=\"1896\" data-end=\"2014\"><strong data-start=\"1896\" data-end=\"1925\">Citi tehniskie dati:<\/strong><br data-start=\"1925\" data-end=\"1928\">Ieteicamais vecums: 3-6 gadi<br data-start=\"1957\" data-end=\"1960\">Ra\u017eots It\u0101lij\u0101.<br data-start=\"1980\" data-end=\"1983\">S\u0113rija: Clementoni Education.<\/p>\n<p>&nbsp;<\/p>\n","protected":false},"excerpt":{"rendered":"<p>Produkta veids: izgl\u012btojo\u0161s<\/p>\n<p>Z\u012bmola nosaukums: Clementoni<\/p>\n<p>Izcelsmes valsts: It\u0101lija<\/p>\n<p>Iepakojuma izm\u0113ri: 46 x 31 x 7 cm<\/p>\n<p>Ieteicamais vecums: no 3 gadiem.<\/p>\n","protected":false},"featured_media":39311,"comment_status":"open","ping_status":"closed","template":"","meta":[],"product_brand":[384],"product_cat":[1157,1155],"product_tag":[],"class_list":{"0":"post-42748","1":"product","2":"type-product","3":"status-publish","4":"has-post-thumbnail","6":"product_brand-clementoni-2","7":"product_cat-izglitojosas-un-interaktivas-rotallietas","8":"product_cat-leti","9":"pa_amziaus-grupe-3-lv","10":"pa_prek-s-tipas-izglitojosas-rotallietas","11":"pa_prekes-zenklas-clementoni-lv","13":"first","14":"outofstock","15":"sale","16":"taxable","17":"shipping-taxable","18":"purchasable","19":"product-type-simple"},"yoast_head":"<!-- This site is optimized with the Yoast SEO plugin v26.3 - https:\/\/yoast.com\/wordpress\/plugins\/seo\/ -->\n<title>Clementoni My Interactive Pen - interakt\u012bv\u0101 pildspalva ar sp\u0113l\u0113m - Toys.lt<\/title>\n<meta name=\"description\" content=\"Clementoni My Interactive Pen ir izgl\u012btojo\u0161s komplekts ar 1000 jaut\u0101jumiem b\u0113rniem vecum\u0101 no 3 gadiem.Tas att\u012bsta lo\u0123iku, atmi\u0146u, kr\u0101su un formu atpaz\u012b\u0161anu.\" \/>\n<meta name=\"robots\" content=\"index, follow, max-snippet:-1, max-image-preview:large, max-video-preview:-1\" \/>\n<link rel=\"canonical\" href=\"https:\/\/toys.lt\/lv\/produktas\/clemetoni-izglitojosa-spele-my-interactive-pen\/\" \/>\n<meta property=\"og:locale\" content=\"lv_LV\" \/>\n<meta property=\"og:type\" content=\"article\" \/>\n<meta property=\"og:title\" content=\"Clementoni My Interactive Pen - interakt\u012bv\u0101 pildspalva ar sp\u0113l\u0113m - Toys.lt\" \/>\n<meta property=\"og:description\" content=\"Clementoni My Interactive Pen ir izgl\u012btojo\u0161s komplekts ar 1000 jaut\u0101jumiem b\u0113rniem vecum\u0101 no 3 gadiem.Tas att\u012bsta lo\u0123iku, atmi\u0146u, kr\u0101su un formu atpaz\u012b\u0161anu.\" \/>\n<meta property=\"og:url\" content=\"https:\/\/toys.lt\/lv\/produktas\/clemetoni-izglitojosa-spele-my-interactive-pen\/\" \/>\n<meta property=\"og:site_name\" content=\"Toys.lt\" \/>\n<meta property=\"article:modified_time\" content=\"2026-04-08T00:02:49+00:00\" \/>\n<meta property=\"og:image\" content=\"https:\/\/toys.lt\/wp-content\/uploads\/2023\/09\/products-4937-1300x800.jpg\" \/>\n\t<meta property=\"og:image:width\" content=\"1300\" \/>\n\t<meta property=\"og:image:height\" content=\"800\" \/>\n\t<meta property=\"og:image:type\" content=\"image\/jpeg\" \/>\n<meta name=\"twitter:card\" content=\"summary_large_image\" \/>\n<meta name=\"twitter:label1\" content=\"Est. reading time\" \/>\n\t<meta name=\"twitter:data1\" content=\"1 minute\" \/>\n<script type=\"application\/ld+json\" class=\"yoast-schema-graph\">{\"@context\":\"https:\/\/schema.org\",\"@graph\":[{\"@type\":\"WebPage\",\"@id\":\"https:\/\/toys.lt\/lv\/produktas\/clemetoni-izglitojosa-spele-my-interactive-pen\/\",\"url\":\"https:\/\/toys.lt\/lv\/produktas\/clemetoni-izglitojosa-spele-my-interactive-pen\/\",\"name\":\"Clementoni My Interactive Pen - interakt\u012bv\u0101 pildspalva ar sp\u0113l\u0113m - Toys.lt\",\"isPartOf\":{\"@id\":\"https:\/\/toys.lt\/lv\/#website\"},\"primaryImageOfPage\":{\"@id\":\"https:\/\/toys.lt\/lv\/produktas\/clemetoni-izglitojosa-spele-my-interactive-pen\/#primaryimage\"},\"image\":{\"@id\":\"https:\/\/toys.lt\/lv\/produktas\/clemetoni-izglitojosa-spele-my-interactive-pen\/#primaryimage\"},\"thumbnailUrl\":\"https:\/\/toys.lt\/wp-content\/uploads\/2023\/09\/products-4937.jpg\",\"datePublished\":\"2023-09-21T02:47:40+00:00\",\"dateModified\":\"2026-04-08T00:02:49+00:00\",\"description\":\"Clementoni My Interactive Pen ir izgl\u012btojo\u0161s komplekts ar 1000 jaut\u0101jumiem b\u0113rniem vecum\u0101 no 3 gadiem.Tas att\u012bsta lo\u0123iku, atmi\u0146u, kr\u0101su un formu atpaz\u012b\u0161anu.\",\"breadcrumb\":{\"@id\":\"https:\/\/toys.lt\/lv\/produktas\/clemetoni-izglitojosa-spele-my-interactive-pen\/#breadcrumb\"},\"inLanguage\":\"lv-LV\",\"potentialAction\":[{\"@type\":\"ReadAction\",\"target\":[\"https:\/\/toys.lt\/lv\/produktas\/clemetoni-izglitojosa-spele-my-interactive-pen\/\"]}]},{\"@type\":\"ImageObject\",\"inLanguage\":\"lv-LV\",\"@id\":\"https:\/\/toys.lt\/lv\/produktas\/clemetoni-izglitojosa-spele-my-interactive-pen\/#primaryimage\",\"url\":\"https:\/\/toys.lt\/wp-content\/uploads\/2023\/09\/products-4937.jpg\",\"contentUrl\":\"https:\/\/toys.lt\/wp-content\/uploads\/2023\/09\/products-4937.jpg\",\"width\":965,\"height\":763,\"caption\":\"Clemetoni mokomasis \u017eaidimas &#8220;My Interactive Pen&#8221;\"},{\"@type\":\"BreadcrumbList\",\"@id\":\"https:\/\/toys.lt\/lv\/produktas\/clemetoni-izglitojosa-spele-my-interactive-pen\/#breadcrumb\",\"itemListElement\":[{\"@type\":\"ListItem\",\"position\":1,\"name\":\"Home\",\"item\":\"https:\/\/toys.lt\/lv\/\"},{\"@type\":\"ListItem\",\"position\":2,\"name\":\"Veikals\",\"item\":\"https:\/\/toys.lt\/lv\/shop\/\"},{\"@type\":\"ListItem\",\"position\":3,\"name\":\"Clementoni My Interactive Pen &#8211; interakt\u012bv\u0101 pildspalva ar sp\u0113l\u0113m\"}]},{\"@type\":\"WebSite\",\"@id\":\"https:\/\/toys.lt\/lv\/#website\",\"url\":\"https:\/\/toys.lt\/lv\/\",\"name\":\"Toys.lt\",\"description\":\"\",\"potentialAction\":[{\"@type\":\"SearchAction\",\"target\":{\"@type\":\"EntryPoint\",\"urlTemplate\":\"https:\/\/toys.lt\/lv\/?s={search_term_string}\"},\"query-input\":{\"@type\":\"PropertyValueSpecification\",\"valueRequired\":true,\"valueName\":\"search_term_string\"}}],\"inLanguage\":\"lv-LV\"}]}<\/script>\n<!-- \/ Yoast SEO plugin. -->","yoast_head_json":{"title":"Clementoni My Interactive Pen - interakt\u012bv\u0101 pildspalva ar sp\u0113l\u0113m - Toys.lt","description":"Clementoni My Interactive Pen ir izgl\u012btojo\u0161s komplekts ar 1000 jaut\u0101jumiem b\u0113rniem vecum\u0101 no 3 gadiem.Tas att\u012bsta lo\u0123iku, atmi\u0146u, kr\u0101su un formu atpaz\u012b\u0161anu.","robots":{"index":"index","follow":"follow","max-snippet":"max-snippet:-1","max-image-preview":"max-image-preview:large","max-video-preview":"max-video-preview:-1"},"canonical":"https:\/\/toys.lt\/lv\/produktas\/clemetoni-izglitojosa-spele-my-interactive-pen\/","og_locale":"lv_LV","og_type":"article","og_title":"Clementoni My Interactive Pen - interakt\u012bv\u0101 pildspalva ar sp\u0113l\u0113m - Toys.lt","og_description":"Clementoni My Interactive Pen ir izgl\u012btojo\u0161s komplekts ar 1000 jaut\u0101jumiem b\u0113rniem vecum\u0101 no 3 gadiem.Tas att\u012bsta lo\u0123iku, atmi\u0146u, kr\u0101su un formu atpaz\u012b\u0161anu.","og_url":"https:\/\/toys.lt\/lv\/produktas\/clemetoni-izglitojosa-spele-my-interactive-pen\/","og_site_name":"Toys.lt","article_modified_time":"2026-04-08T00:02:49+00:00","og_image":[{"width":1300,"height":800,"url":"https:\/\/toys.lt\/wp-content\/uploads\/2023\/09\/products-4937-1300x800.jpg","type":"image\/jpeg"}],"twitter_card":"summary_large_image","twitter_misc":{"Est. reading time":"1 minute"},"schema":{"@context":"https:\/\/schema.org","@graph":[{"@type":"WebPage","@id":"https:\/\/toys.lt\/lv\/produktas\/clemetoni-izglitojosa-spele-my-interactive-pen\/","url":"https:\/\/toys.lt\/lv\/produktas\/clemetoni-izglitojosa-spele-my-interactive-pen\/","name":"Clementoni My Interactive Pen - interakt\u012bv\u0101 pildspalva ar sp\u0113l\u0113m - Toys.lt","isPartOf":{"@id":"https:\/\/toys.lt\/lv\/#website"},"primaryImageOfPage":{"@id":"https:\/\/toys.lt\/lv\/produktas\/clemetoni-izglitojosa-spele-my-interactive-pen\/#primaryimage"},"image":{"@id":"https:\/\/toys.lt\/lv\/produktas\/clemetoni-izglitojosa-spele-my-interactive-pen\/#primaryimage"},"thumbnailUrl":"https:\/\/toys.lt\/wp-content\/uploads\/2023\/09\/products-4937.jpg","datePublished":"2023-09-21T02:47:40+00:00","dateModified":"2026-04-08T00:02:49+00:00","description":"Clementoni My Interactive Pen ir izgl\u012btojo\u0161s komplekts ar 1000 jaut\u0101jumiem b\u0113rniem vecum\u0101 no 3 gadiem.Tas att\u012bsta lo\u0123iku, atmi\u0146u, kr\u0101su un formu atpaz\u012b\u0161anu.","breadcrumb":{"@id":"https:\/\/toys.lt\/lv\/produktas\/clemetoni-izglitojosa-spele-my-interactive-pen\/#breadcrumb"},"inLanguage":"lv-LV","potentialAction":[{"@type":"ReadAction","target":["https:\/\/toys.lt\/lv\/produktas\/clemetoni-izglitojosa-spele-my-interactive-pen\/"]}]},{"@type":"ImageObject","inLanguage":"lv-LV","@id":"https:\/\/toys.lt\/lv\/produktas\/clemetoni-izglitojosa-spele-my-interactive-pen\/#primaryimage","url":"https:\/\/toys.lt\/wp-content\/uploads\/2023\/09\/products-4937.jpg","contentUrl":"https:\/\/toys.lt\/wp-content\/uploads\/2023\/09\/products-4937.jpg","width":965,"height":763,"caption":"Clemetoni mokomasis \u017eaidimas &#8220;My Interactive Pen&#8221;"},{"@type":"BreadcrumbList","@id":"https:\/\/toys.lt\/lv\/produktas\/clemetoni-izglitojosa-spele-my-interactive-pen\/#breadcrumb","itemListElement":[{"@type":"ListItem","position":1,"name":"Home","item":"https:\/\/toys.lt\/lv\/"},{"@type":"ListItem","position":2,"name":"Veikals","item":"https:\/\/toys.lt\/lv\/shop\/"},{"@type":"ListItem","position":3,"name":"Clementoni My Interactive Pen &#8211; interakt\u012bv\u0101 pildspalva ar sp\u0113l\u0113m"}]},{"@type":"WebSite","@id":"https:\/\/toys.lt\/lv\/#website","url":"https:\/\/toys.lt\/lv\/","name":"Toys.lt","description":"","potentialAction":[{"@type":"SearchAction","target":{"@type":"EntryPoint","urlTemplate":"https:\/\/toys.lt\/lv\/?s={search_term_string}"},"query-input":{"@type":"PropertyValueSpecification","valueRequired":true,"valueName":"search_term_string"}}],"inLanguage":"lv-LV"}]}},"_links":{"self":[{"href":"https:\/\/toys.lt\/lv\/wp-json\/wp\/v2\/product\/42748","targetHints":{"allow":["GET"]}}],"collection":[{"href":"https:\/\/toys.lt\/lv\/wp-json\/wp\/v2\/product"}],"about":[{"href":"https:\/\/toys.lt\/lv\/wp-json\/wp\/v2\/types\/product"}],"replies":[{"embeddable":true,"href":"https:\/\/toys.lt\/lv\/wp-json\/wp\/v2\/comments?post=42748"}],"version-history":[{"count":2,"href":"https:\/\/toys.lt\/lv\/wp-json\/wp\/v2\/product\/42748\/revisions"}],"predecessor-version":[{"id":45922,"href":"https:\/\/toys.lt\/lv\/wp-json\/wp\/v2\/product\/42748\/revisions\/45922"}],"wp:featuredmedia":[{"embeddable":true,"href":"https:\/\/toys.lt\/lv\/wp-json\/wp\/v2\/media\/39311"}],"wp:attachment":[{"href":"https:\/\/toys.lt\/lv\/wp-json\/wp\/v2\/media?parent=42748"}],"wp:term":[{"taxonomy":"product_brand","embeddable":true,"href":"https:\/\/toys.lt\/lv\/wp-json\/wp\/v2\/product_brand?post=42748"},{"taxonomy":"product_cat","embeddable":true,"href":"https:\/\/toys.lt\/lv\/wp-json\/wp\/v2\/product_cat?post=42748"},{"taxonomy":"product_tag","embeddable":true,"href":"https:\/\/toys.lt\/lv\/wp-json\/wp\/v2\/product_tag?post=42748"}],"curies":[{"name":"wp","href":"https:\/\/api.w.org\/{rel}","templated":true}]}}