{"id":42728,"date":"2020-06-15T15:14:17","date_gmt":"2020-06-15T15:14:17","guid":{"rendered":"https:\/\/toys.lt\/produktas\/3in1-rotalu-komplekts-ar-lelli\/"},"modified":"2026-04-09T00:02:21","modified_gmt":"2026-04-09T00:02:21","slug":"3in1-rotalu-komplekts-ar-lelli","status":"publish","type":"product","link":"https:\/\/toys.lt\/lv\/produktas\/3in1-rotalu-komplekts-ar-lelli\/","title":{"rendered":"3in1 rota\u013cu komplekts ar lelli"},"content":{"rendered":"<p><strong>Funkcijas:<\/strong><\/p>\n<ul style=\"list-style-type: square;\">\n<li style=\"margin: 0px; padding: 0px; font: inherit; border: 0px;\">Gr\u012bdas kr\u0113sls, rati\u0146kr\u0113sls, \u0161\u016bpoles<\/li>\n<li style=\"margin: 0px; padding: 0px; font: inherit; border: 0px;\">Rati\u0146i salok\u0101mi l\u012bdzeni<\/li>\n<li style=\"margin: 0px; padding: 0px; font: inherit; border: 0px;\">Rati\u0146kr\u0113sla p\u0101rsegs saliecas un noliecas.<\/li>\n<li style=\"margin: 0px; padding: 0px; font: inherit; border: 0px;\">ietilp\u012bga un no\u0146emama rati\u0146u soma<\/li>\n<li style=\"margin: 0px; padding: 0px; font: inherit; border: 0px;\">Att\u012bsta rado\u0161umu, dom\u0101\u0161anu un motoriku, piem\u0113rots lomu sp\u0113l\u0113m.<\/li>\n<\/ul>\n","protected":false},"excerpt":{"rendered":"<p>Produkta veids: le\u013c\u013cu rota\u013cu komplekts<\/p>\n<p>Izcelsmes valsts: \u0136\u012bna<\/p>\n<p>Iepakojuma izm\u0113ri: 59,6 x 12,8 x 28,6 cm<\/p>\n<p>Produkta materi\u0101ls: plastmasa, tekstils<\/p>\n<p>Ieteicamais vecums: no 3 gadiem.<\/p>\n","protected":false},"featured_media":37161,"comment_status":"open","ping_status":"closed","template":"","meta":[],"product_brand":[],"product_cat":[1180,1221],"product_tag":[],"class_list":{"0":"post-42728","1":"product","2":"type-product","3":"status-publish","4":"has-post-thumbnail","6":"product_cat-rotallietas-meitenem","7":"product_cat-rotalu-lelles-un-aksesuari","8":"pa_amziaus-grupe-3-lv","9":"pa_prek-s-tipas-lelles","11":"first","12":"instock","13":"taxable","14":"shipping-taxable","15":"purchasable","16":"product-type-simple"},"yoast_head":"<!-- This site is optimized with the Yoast SEO plugin v26.3 - https:\/\/yoast.com\/wordpress\/plugins\/seo\/ -->\n<title>3in1 rota\u013cu komplekts ar lelli - Toys.lt<\/title>\n<meta name=\"robots\" content=\"index, follow, max-snippet:-1, max-image-preview:large, max-video-preview:-1\" \/>\n<link rel=\"canonical\" href=\"https:\/\/toys.lt\/lv\/produktas\/3in1-rotalu-komplekts-ar-lelli\/\" \/>\n<meta property=\"og:locale\" content=\"lv_LV\" \/>\n<meta property=\"og:type\" content=\"article\" \/>\n<meta property=\"og:title\" content=\"3in1 rota\u013cu komplekts ar lelli - Toys.lt\" \/>\n<meta property=\"og:description\" content=\"Produkta veids: le\u013c\u013cu rota\u013cu komplekts Izcelsmes valsts: \u0136\u012bna Iepakojuma izm\u0113ri: 59,6 x 12,8 x 28,6 cm Produkta materi\u0101ls: plastmasa, tekstils Ieteicamais vecums: no 3 gadiem.\" \/>\n<meta property=\"og:url\" content=\"https:\/\/toys.lt\/lv\/produktas\/3in1-rotalu-komplekts-ar-lelli\/\" \/>\n<meta property=\"og:site_name\" content=\"Toys.lt\" \/>\n<meta property=\"article:modified_time\" content=\"2026-04-09T00:02:21+00:00\" \/>\n<meta property=\"og:image\" content=\"https:\/\/toys.lt\/wp-content\/uploads\/2020\/06\/products-1098.jpg\" \/>\n\t<meta property=\"og:image:width\" content=\"1334\" \/>\n\t<meta property=\"og:image:height\" content=\"1260\" \/>\n\t<meta property=\"og:image:type\" content=\"image\/jpeg\" \/>\n<meta name=\"twitter:card\" content=\"summary_large_image\" \/>\n<script type=\"application\/ld+json\" class=\"yoast-schema-graph\">{\"@context\":\"https:\/\/schema.org\",\"@graph\":[{\"@type\":\"WebPage\",\"@id\":\"https:\/\/toys.lt\/lv\/produktas\/3in1-rotalu-komplekts-ar-lelli\/\",\"url\":\"https:\/\/toys.lt\/lv\/produktas\/3in1-rotalu-komplekts-ar-lelli\/\",\"name\":\"3in1 rota\u013cu komplekts ar lelli - Toys.lt\",\"isPartOf\":{\"@id\":\"https:\/\/toys.lt\/lv\/#website\"},\"primaryImageOfPage\":{\"@id\":\"https:\/\/toys.lt\/lv\/produktas\/3in1-rotalu-komplekts-ar-lelli\/#primaryimage\"},\"image\":{\"@id\":\"https:\/\/toys.lt\/lv\/produktas\/3in1-rotalu-komplekts-ar-lelli\/#primaryimage\"},\"thumbnailUrl\":\"https:\/\/toys.lt\/wp-content\/uploads\/2020\/06\/products-1098.jpg\",\"datePublished\":\"2020-06-15T15:14:17+00:00\",\"dateModified\":\"2026-04-09T00:02:21+00:00\",\"breadcrumb\":{\"@id\":\"https:\/\/toys.lt\/lv\/produktas\/3in1-rotalu-komplekts-ar-lelli\/#breadcrumb\"},\"inLanguage\":\"lv-LV\",\"potentialAction\":[{\"@type\":\"ReadAction\",\"target\":[\"https:\/\/toys.lt\/lv\/produktas\/3in1-rotalu-komplekts-ar-lelli\/\"]}]},{\"@type\":\"ImageObject\",\"inLanguage\":\"lv-LV\",\"@id\":\"https:\/\/toys.lt\/lv\/produktas\/3in1-rotalu-komplekts-ar-lelli\/#primaryimage\",\"url\":\"https:\/\/toys.lt\/wp-content\/uploads\/2020\/06\/products-1098.jpg\",\"contentUrl\":\"https:\/\/toys.lt\/wp-content\/uploads\/2020\/06\/products-1098.jpg\",\"width\":1334,\"height\":1260,\"caption\":\"3in1 \u017eaidim\u0173 rinkinys su l\u0117le\"},{\"@type\":\"BreadcrumbList\",\"@id\":\"https:\/\/toys.lt\/lv\/produktas\/3in1-rotalu-komplekts-ar-lelli\/#breadcrumb\",\"itemListElement\":[{\"@type\":\"ListItem\",\"position\":1,\"name\":\"Home\",\"item\":\"https:\/\/toys.lt\/lv\/\"},{\"@type\":\"ListItem\",\"position\":2,\"name\":\"Veikals\",\"item\":\"https:\/\/toys.lt\/lv\/shop\/\"},{\"@type\":\"ListItem\",\"position\":3,\"name\":\"3in1 rota\u013cu komplekts ar lelli\"}]},{\"@type\":\"WebSite\",\"@id\":\"https:\/\/toys.lt\/lv\/#website\",\"url\":\"https:\/\/toys.lt\/lv\/\",\"name\":\"Toys.lt\",\"description\":\"\",\"potentialAction\":[{\"@type\":\"SearchAction\",\"target\":{\"@type\":\"EntryPoint\",\"urlTemplate\":\"https:\/\/toys.lt\/lv\/?s={search_term_string}\"},\"query-input\":{\"@type\":\"PropertyValueSpecification\",\"valueRequired\":true,\"valueName\":\"search_term_string\"}}],\"inLanguage\":\"lv-LV\"}]}<\/script>\n<!-- \/ Yoast SEO plugin. -->","yoast_head_json":{"title":"3in1 rota\u013cu komplekts ar lelli - Toys.lt","robots":{"index":"index","follow":"follow","max-snippet":"max-snippet:-1","max-image-preview":"max-image-preview:large","max-video-preview":"max-video-preview:-1"},"canonical":"https:\/\/toys.lt\/lv\/produktas\/3in1-rotalu-komplekts-ar-lelli\/","og_locale":"lv_LV","og_type":"article","og_title":"3in1 rota\u013cu komplekts ar lelli - Toys.lt","og_description":"Produkta veids: le\u013c\u013cu rota\u013cu komplekts Izcelsmes valsts: \u0136\u012bna Iepakojuma izm\u0113ri: 59,6 x 12,8 x 28,6 cm Produkta materi\u0101ls: plastmasa, tekstils Ieteicamais vecums: no 3 gadiem.","og_url":"https:\/\/toys.lt\/lv\/produktas\/3in1-rotalu-komplekts-ar-lelli\/","og_site_name":"Toys.lt","article_modified_time":"2026-04-09T00:02:21+00:00","og_image":[{"width":1334,"height":1260,"url":"https:\/\/toys.lt\/wp-content\/uploads\/2020\/06\/products-1098.jpg","type":"image\/jpeg"}],"twitter_card":"summary_large_image","schema":{"@context":"https:\/\/schema.org","@graph":[{"@type":"WebPage","@id":"https:\/\/toys.lt\/lv\/produktas\/3in1-rotalu-komplekts-ar-lelli\/","url":"https:\/\/toys.lt\/lv\/produktas\/3in1-rotalu-komplekts-ar-lelli\/","name":"3in1 rota\u013cu komplekts ar lelli - Toys.lt","isPartOf":{"@id":"https:\/\/toys.lt\/lv\/#website"},"primaryImageOfPage":{"@id":"https:\/\/toys.lt\/lv\/produktas\/3in1-rotalu-komplekts-ar-lelli\/#primaryimage"},"image":{"@id":"https:\/\/toys.lt\/lv\/produktas\/3in1-rotalu-komplekts-ar-lelli\/#primaryimage"},"thumbnailUrl":"https:\/\/toys.lt\/wp-content\/uploads\/2020\/06\/products-1098.jpg","datePublished":"2020-06-15T15:14:17+00:00","dateModified":"2026-04-09T00:02:21+00:00","breadcrumb":{"@id":"https:\/\/toys.lt\/lv\/produktas\/3in1-rotalu-komplekts-ar-lelli\/#breadcrumb"},"inLanguage":"lv-LV","potentialAction":[{"@type":"ReadAction","target":["https:\/\/toys.lt\/lv\/produktas\/3in1-rotalu-komplekts-ar-lelli\/"]}]},{"@type":"ImageObject","inLanguage":"lv-LV","@id":"https:\/\/toys.lt\/lv\/produktas\/3in1-rotalu-komplekts-ar-lelli\/#primaryimage","url":"https:\/\/toys.lt\/wp-content\/uploads\/2020\/06\/products-1098.jpg","contentUrl":"https:\/\/toys.lt\/wp-content\/uploads\/2020\/06\/products-1098.jpg","width":1334,"height":1260,"caption":"3in1 \u017eaidim\u0173 rinkinys su l\u0117le"},{"@type":"BreadcrumbList","@id":"https:\/\/toys.lt\/lv\/produktas\/3in1-rotalu-komplekts-ar-lelli\/#breadcrumb","itemListElement":[{"@type":"ListItem","position":1,"name":"Home","item":"https:\/\/toys.lt\/lv\/"},{"@type":"ListItem","position":2,"name":"Veikals","item":"https:\/\/toys.lt\/lv\/shop\/"},{"@type":"ListItem","position":3,"name":"3in1 rota\u013cu komplekts ar lelli"}]},{"@type":"WebSite","@id":"https:\/\/toys.lt\/lv\/#website","url":"https:\/\/toys.lt\/lv\/","name":"Toys.lt","description":"","potentialAction":[{"@type":"SearchAction","target":{"@type":"EntryPoint","urlTemplate":"https:\/\/toys.lt\/lv\/?s={search_term_string}"},"query-input":{"@type":"PropertyValueSpecification","valueRequired":true,"valueName":"search_term_string"}}],"inLanguage":"lv-LV"}]}},"_links":{"self":[{"href":"https:\/\/toys.lt\/lv\/wp-json\/wp\/v2\/product\/42728","targetHints":{"allow":["GET"]}}],"collection":[{"href":"https:\/\/toys.lt\/lv\/wp-json\/wp\/v2\/product"}],"about":[{"href":"https:\/\/toys.lt\/lv\/wp-json\/wp\/v2\/types\/product"}],"replies":[{"embeddable":true,"href":"https:\/\/toys.lt\/lv\/wp-json\/wp\/v2\/comments?post=42728"}],"version-history":[{"count":0,"href":"https:\/\/toys.lt\/lv\/wp-json\/wp\/v2\/product\/42728\/revisions"}],"wp:featuredmedia":[{"embeddable":true,"href":"https:\/\/toys.lt\/lv\/wp-json\/wp\/v2\/media\/37161"}],"wp:attachment":[{"href":"https:\/\/toys.lt\/lv\/wp-json\/wp\/v2\/media?parent=42728"}],"wp:term":[{"taxonomy":"product_brand","embeddable":true,"href":"https:\/\/toys.lt\/lv\/wp-json\/wp\/v2\/product_brand?post=42728"},{"taxonomy":"product_cat","embeddable":true,"href":"https:\/\/toys.lt\/lv\/wp-json\/wp\/v2\/product_cat?post=42728"},{"taxonomy":"product_tag","embeddable":true,"href":"https:\/\/toys.lt\/lv\/wp-json\/wp\/v2\/product_tag?post=42728"}],"curies":[{"name":"wp","href":"https:\/\/api.w.org\/{rel}","templated":true}]}}