{"id":42721,"date":"2023-11-21T05:54:23","date_gmt":"2023-11-21T05:54:23","guid":{"rendered":"https:\/\/toys.lt\/produktas\/raditajs-85-gab\/"},"modified":"2026-04-08T00:02:29","modified_gmt":"2026-04-08T00:02:29","slug":"raditajs-85-gab","status":"publish","type":"product","link":"https:\/\/toys.lt\/lv\/produktas\/raditajs-85-gab\/","title":{"rendered":"RAD\u012aT\u0100JS (85 GAB.)"},"content":{"rendered":"<p><strong>Funkcijas:<\/strong><\/p>\n<ul style=\"list-style-type: square;\">\n<li>Konstruktors 3 milit\u0101rajiem transportl\u012bdzek\u013ciem<\/li>\n<li>P\u0113c saviem ieskatiem ir iesp\u0113jams izveidot ar\u012b savus mode\u013cus.<\/li>\n<li>85 deta\u013cas<\/li>\n<li style=\"margin: 0px; padding: 0px; font: inherit; border: 0px;\">Ietver lietot\u0101ja rokasgr\u0101matu<\/li>\n<\/ul>\n","protected":false},"excerpt":{"rendered":"<p>Produkta veids: izgl\u012btojo\u0161s<\/p>\n<p>Izcelsmes valsts: \u0136\u012bna<\/p>\n<p>Iepakojuma izm\u0113ri: 23 x 7 x 30 cm<\/p>\n<p>Ieteicamais vecums: no 5 gadiem.<\/p>\n","protected":false},"featured_media":39635,"comment_status":"open","ping_status":"closed","template":"","meta":[],"product_brand":[],"product_cat":[1157,1180,1176],"product_tag":[],"class_list":{"0":"post-42721","1":"product","2":"type-product","3":"status-publish","4":"has-post-thumbnail","6":"product_cat-izglitojosas-un-interaktivas-rotallietas","7":"product_cat-rotallietas-meitenem","8":"product_cat-rotallietas-zeniem","9":"pa_amziaus-grupe-5-lv","10":"pa_prek-s-tipas-konstruktori-un-modulu-bloki","12":"first","13":"instock","14":"sale","15":"taxable","16":"shipping-taxable","17":"purchasable","18":"product-type-simple"},"yoast_head":"<!-- This site is optimized with the Yoast SEO plugin v27.6 - https:\/\/yoast.com\/product\/yoast-seo-wordpress\/ -->\n<title>RAD\u012aT\u0100JS (85 GAB.) - Toys.lt<\/title>\n<meta name=\"robots\" content=\"index, follow, max-snippet:-1, max-image-preview:large, max-video-preview:-1\" \/>\n<link rel=\"canonical\" href=\"https:\/\/toys.lt\/lv\/produktas\/raditajs-85-gab\/\" \/>\n<meta property=\"og:locale\" content=\"lv_LV\" \/>\n<meta property=\"og:type\" content=\"article\" \/>\n<meta property=\"og:title\" content=\"RAD\u012aT\u0100JS (85 GAB.) - Toys.lt\" \/>\n<meta property=\"og:description\" content=\"Produkta veids: izgl\u012btojo\u0161s Izcelsmes valsts: \u0136\u012bna Iepakojuma izm\u0113ri: 23 x 7 x 30 cm Ieteicamais vecums: no 5 gadiem.\" \/>\n<meta property=\"og:url\" content=\"https:\/\/toys.lt\/lv\/produktas\/raditajs-85-gab\/\" \/>\n<meta property=\"og:site_name\" content=\"Toys.lt\" \/>\n<meta property=\"article:modified_time\" content=\"2026-04-08T00:02:29+00:00\" \/>\n<meta property=\"og:image\" content=\"https:\/\/toys.lt\/wp-content\/uploads\/2023\/11\/products-5560.jpg\" \/>\n\t<meta property=\"og:image:width\" content=\"981\" \/>\n\t<meta property=\"og:image:height\" content=\"646\" \/>\n\t<meta property=\"og:image:type\" content=\"image\/jpeg\" \/>\n<meta name=\"twitter:card\" content=\"summary_large_image\" \/>\n<script type=\"application\/ld+json\" class=\"yoast-schema-graph\">{\"@context\":\"https:\\\/\\\/schema.org\",\"@graph\":[{\"@type\":\"WebPage\",\"@id\":\"https:\\\/\\\/toys.lt\\\/lv\\\/produktas\\\/raditajs-85-gab\\\/\",\"url\":\"https:\\\/\\\/toys.lt\\\/lv\\\/produktas\\\/raditajs-85-gab\\\/\",\"name\":\"RAD\u012aT\u0100JS (85 GAB.) - Toys.lt\",\"isPartOf\":{\"@id\":\"https:\\\/\\\/toys.lt\\\/lv\\\/#website\"},\"primaryImageOfPage\":{\"@id\":\"https:\\\/\\\/toys.lt\\\/lv\\\/produktas\\\/raditajs-85-gab\\\/#primaryimage\"},\"image\":{\"@id\":\"https:\\\/\\\/toys.lt\\\/lv\\\/produktas\\\/raditajs-85-gab\\\/#primaryimage\"},\"thumbnailUrl\":\"https:\\\/\\\/toys.lt\\\/wp-content\\\/uploads\\\/2023\\\/11\\\/products-5560.jpg\",\"datePublished\":\"2023-11-21T05:54:23+00:00\",\"dateModified\":\"2026-04-08T00:02:29+00:00\",\"breadcrumb\":{\"@id\":\"https:\\\/\\\/toys.lt\\\/lv\\\/produktas\\\/raditajs-85-gab\\\/#breadcrumb\"},\"inLanguage\":\"lv-LV\",\"potentialAction\":[{\"@type\":\"ReadAction\",\"target\":[\"https:\\\/\\\/toys.lt\\\/lv\\\/produktas\\\/raditajs-85-gab\\\/\"]}]},{\"@type\":\"ImageObject\",\"inLanguage\":\"lv-LV\",\"@id\":\"https:\\\/\\\/toys.lt\\\/lv\\\/produktas\\\/raditajs-85-gab\\\/#primaryimage\",\"url\":\"https:\\\/\\\/toys.lt\\\/wp-content\\\/uploads\\\/2023\\\/11\\\/products-5560.jpg\",\"contentUrl\":\"https:\\\/\\\/toys.lt\\\/wp-content\\\/uploads\\\/2023\\\/11\\\/products-5560.jpg\",\"width\":981,\"height\":646,\"caption\":\"Konstruktorius CREATOR (85PCS)\"},{\"@type\":\"BreadcrumbList\",\"@id\":\"https:\\\/\\\/toys.lt\\\/lv\\\/produktas\\\/raditajs-85-gab\\\/#breadcrumb\",\"itemListElement\":[{\"@type\":\"ListItem\",\"position\":1,\"name\":\"Home\",\"item\":\"https:\\\/\\\/toys.lt\\\/lv\\\/\"},{\"@type\":\"ListItem\",\"position\":2,\"name\":\"Veikals\",\"item\":\"https:\\\/\\\/toys.lt\\\/lv\\\/shop\\\/\"},{\"@type\":\"ListItem\",\"position\":3,\"name\":\"RAD\u012aT\u0100JS (85 GAB.)\"}]},{\"@type\":\"WebSite\",\"@id\":\"https:\\\/\\\/toys.lt\\\/lv\\\/#website\",\"url\":\"https:\\\/\\\/toys.lt\\\/lv\\\/\",\"name\":\"Toys.lt\",\"description\":\"\",\"potentialAction\":[{\"@type\":\"SearchAction\",\"target\":{\"@type\":\"EntryPoint\",\"urlTemplate\":\"https:\\\/\\\/toys.lt\\\/lv\\\/?s={search_term_string}\"},\"query-input\":{\"@type\":\"PropertyValueSpecification\",\"valueRequired\":true,\"valueName\":\"search_term_string\"}}],\"inLanguage\":\"lv-LV\"}]}<\/script>\n<!-- \/ Yoast SEO plugin. -->","yoast_head_json":{"title":"RAD\u012aT\u0100JS (85 GAB.) - Toys.lt","robots":{"index":"index","follow":"follow","max-snippet":"max-snippet:-1","max-image-preview":"max-image-preview:large","max-video-preview":"max-video-preview:-1"},"canonical":"https:\/\/toys.lt\/lv\/produktas\/raditajs-85-gab\/","og_locale":"lv_LV","og_type":"article","og_title":"RAD\u012aT\u0100JS (85 GAB.) - Toys.lt","og_description":"Produkta veids: izgl\u012btojo\u0161s Izcelsmes valsts: \u0136\u012bna Iepakojuma izm\u0113ri: 23 x 7 x 30 cm Ieteicamais vecums: no 5 gadiem.","og_url":"https:\/\/toys.lt\/lv\/produktas\/raditajs-85-gab\/","og_site_name":"Toys.lt","article_modified_time":"2026-04-08T00:02:29+00:00","og_image":[{"width":981,"height":646,"url":"https:\/\/toys.lt\/wp-content\/uploads\/2023\/11\/products-5560.jpg","type":"image\/jpeg"}],"twitter_card":"summary_large_image","schema":{"@context":"https:\/\/schema.org","@graph":[{"@type":"WebPage","@id":"https:\/\/toys.lt\/lv\/produktas\/raditajs-85-gab\/","url":"https:\/\/toys.lt\/lv\/produktas\/raditajs-85-gab\/","name":"RAD\u012aT\u0100JS (85 GAB.) - Toys.lt","isPartOf":{"@id":"https:\/\/toys.lt\/lv\/#website"},"primaryImageOfPage":{"@id":"https:\/\/toys.lt\/lv\/produktas\/raditajs-85-gab\/#primaryimage"},"image":{"@id":"https:\/\/toys.lt\/lv\/produktas\/raditajs-85-gab\/#primaryimage"},"thumbnailUrl":"https:\/\/toys.lt\/wp-content\/uploads\/2023\/11\/products-5560.jpg","datePublished":"2023-11-21T05:54:23+00:00","dateModified":"2026-04-08T00:02:29+00:00","breadcrumb":{"@id":"https:\/\/toys.lt\/lv\/produktas\/raditajs-85-gab\/#breadcrumb"},"inLanguage":"lv-LV","potentialAction":[{"@type":"ReadAction","target":["https:\/\/toys.lt\/lv\/produktas\/raditajs-85-gab\/"]}]},{"@type":"ImageObject","inLanguage":"lv-LV","@id":"https:\/\/toys.lt\/lv\/produktas\/raditajs-85-gab\/#primaryimage","url":"https:\/\/toys.lt\/wp-content\/uploads\/2023\/11\/products-5560.jpg","contentUrl":"https:\/\/toys.lt\/wp-content\/uploads\/2023\/11\/products-5560.jpg","width":981,"height":646,"caption":"Konstruktorius CREATOR (85PCS)"},{"@type":"BreadcrumbList","@id":"https:\/\/toys.lt\/lv\/produktas\/raditajs-85-gab\/#breadcrumb","itemListElement":[{"@type":"ListItem","position":1,"name":"Home","item":"https:\/\/toys.lt\/lv\/"},{"@type":"ListItem","position":2,"name":"Veikals","item":"https:\/\/toys.lt\/lv\/shop\/"},{"@type":"ListItem","position":3,"name":"RAD\u012aT\u0100JS (85 GAB.)"}]},{"@type":"WebSite","@id":"https:\/\/toys.lt\/lv\/#website","url":"https:\/\/toys.lt\/lv\/","name":"Toys.lt","description":"","potentialAction":[{"@type":"SearchAction","target":{"@type":"EntryPoint","urlTemplate":"https:\/\/toys.lt\/lv\/?s={search_term_string}"},"query-input":{"@type":"PropertyValueSpecification","valueRequired":true,"valueName":"search_term_string"}}],"inLanguage":"lv-LV"}]}},"_links":{"self":[{"href":"https:\/\/toys.lt\/lv\/wp-json\/wp\/v2\/product\/42721","targetHints":{"allow":["GET"]}}],"collection":[{"href":"https:\/\/toys.lt\/lv\/wp-json\/wp\/v2\/product"}],"about":[{"href":"https:\/\/toys.lt\/lv\/wp-json\/wp\/v2\/types\/product"}],"replies":[{"embeddable":true,"href":"https:\/\/toys.lt\/lv\/wp-json\/wp\/v2\/comments?post=42721"}],"version-history":[{"count":1,"href":"https:\/\/toys.lt\/lv\/wp-json\/wp\/v2\/product\/42721\/revisions"}],"predecessor-version":[{"id":45783,"href":"https:\/\/toys.lt\/lv\/wp-json\/wp\/v2\/product\/42721\/revisions\/45783"}],"wp:featuredmedia":[{"embeddable":true,"href":"https:\/\/toys.lt\/lv\/wp-json\/wp\/v2\/media\/39635"}],"wp:attachment":[{"href":"https:\/\/toys.lt\/lv\/wp-json\/wp\/v2\/media?parent=42721"}],"wp:term":[{"taxonomy":"product_brand","embeddable":true,"href":"https:\/\/toys.lt\/lv\/wp-json\/wp\/v2\/product_brand?post=42721"},{"taxonomy":"product_cat","embeddable":true,"href":"https:\/\/toys.lt\/lv\/wp-json\/wp\/v2\/product_cat?post=42721"},{"taxonomy":"product_tag","embeddable":true,"href":"https:\/\/toys.lt\/lv\/wp-json\/wp\/v2\/product_tag?post=42721"}],"curies":[{"name":"wp","href":"https:\/\/api.w.org\/{rel}","templated":true}]}}