{"id":42714,"date":"2024-03-29T17:48:45","date_gmt":"2024-03-29T17:48:45","guid":{"rendered":"https:\/\/toys.lt\/produktas\/rotallietu-lidmasina-ar-gaismam-un-skanam\/"},"modified":"2026-04-08T00:02:24","modified_gmt":"2026-04-08T00:02:24","slug":"rotallietu-lidmasina-ar-gaismam-un-skanam","status":"publish","type":"product","link":"https:\/\/toys.lt\/lv\/produktas\/rotallietu-lidmasina-ar-gaismam-un-skanam\/","title":{"rendered":"Rota\u013clietu lidma\u0161\u012bna ar gaism\u0101m un ska\u0146\u0101m"},"content":{"rendered":"<p><strong>Funkcijas:<\/strong><\/p>\n<ul style=\"list-style-type: square\">\n<li style=\"margin: 0px;padding: 0px;font: inherit;border: 0px\">Gaismas un ska\u0146as efekti<\/li>\n<li style=\"margin: 0px;padding: 0px;font: inherit;border: 0px\">Dro\u0161s b\u0113rnu vesel\u012bbai<\/li>\n<li style=\"margin: 0px;padding: 0px;font: inherit;border: 0px\">Att\u012bsta maz\u0101 pilota izt\u0113li, veikl\u012bbu un kust\u012bbu koordin\u0101ciju.<\/li>\n<\/ul>\n","protected":false},"excerpt":{"rendered":"<p>Izstr\u0101d\u0101juma tips: lidapar\u0101ts<\/p>\n<p>Izcelsmes valsts: \u0136\u012bna<\/p>\n<p>Izstr\u0101d\u0101juma izm\u0113ri: 66 x 63 x 11 cm<\/p>\n<p>Iepakojuma izm\u0113ri: 69 x 10 x 16 cm<\/p>\n<p>Izstr\u0101d\u0101juma materi\u0101ls: plastmasa<\/p>\n<p>Ieteicamais vecums: no 3 gadiem<\/p>\n<p>Elementi: 3 x LR44 (nav iek\u013cauti komplekt\u0101).<\/p>\n","protected":false},"featured_media":39701,"comment_status":"open","ping_status":"closed","template":"","meta":[],"product_brand":[],"product_cat":[1337,1155],"product_tag":[],"class_list":{"0":"post-42714","1":"product","2":"type-product","3":"status-publish","4":"has-post-thumbnail","6":"product_cat-rotallietu-lidmasinas","7":"product_cat-leti","9":"first","10":"outofstock","11":"featured","12":"taxable","13":"shipping-taxable","14":"purchasable","15":"product-type-simple"},"yoast_head":"<!-- This site is optimized with the Yoast SEO plugin v26.3 - https:\/\/yoast.com\/wordpress\/plugins\/seo\/ -->\n<title>Rota\u013clietu lidma\u0161\u012bna ar gaism\u0101m un ska\u0146\u0101m - Toys.lt<\/title>\n<meta name=\"robots\" content=\"index, follow, max-snippet:-1, max-image-preview:large, max-video-preview:-1\" \/>\n<link rel=\"canonical\" href=\"https:\/\/toys.lt\/lv\/produktas\/rotallietu-lidmasina-ar-gaismam-un-skanam\/\" \/>\n<meta property=\"og:locale\" content=\"lv_LV\" \/>\n<meta property=\"og:type\" content=\"article\" \/>\n<meta property=\"og:title\" content=\"Rota\u013clietu lidma\u0161\u012bna ar gaism\u0101m un ska\u0146\u0101m - Toys.lt\" \/>\n<meta property=\"og:description\" content=\"Izstr\u0101d\u0101juma tips: lidapar\u0101ts Izcelsmes valsts: \u0136\u012bna Izstr\u0101d\u0101juma izm\u0113ri: 66 x 63 x 11 cm Iepakojuma izm\u0113ri: 69 x 10 x 16 cm Izstr\u0101d\u0101juma materi\u0101ls: plastmasa Ieteicamais vecums: no 3 gadiem Elementi: 3 x LR44 (nav iek\u013cauti komplekt\u0101).\" \/>\n<meta property=\"og:url\" content=\"https:\/\/toys.lt\/lv\/produktas\/rotallietu-lidmasina-ar-gaismam-un-skanam\/\" \/>\n<meta property=\"og:site_name\" content=\"Toys.lt\" \/>\n<meta property=\"article:modified_time\" content=\"2026-04-08T00:02:24+00:00\" \/>\n<meta property=\"og:image\" content=\"https:\/\/toys.lt\/wp-content\/uploads\/2024\/03\/products-5667.jpg\" \/>\n\t<meta property=\"og:image:width\" content=\"1200\" \/>\n\t<meta property=\"og:image:height\" content=\"800\" \/>\n\t<meta property=\"og:image:type\" content=\"image\/jpeg\" \/>\n<meta name=\"twitter:card\" content=\"summary_large_image\" \/>\n<script type=\"application\/ld+json\" class=\"yoast-schema-graph\">{\"@context\":\"https:\/\/schema.org\",\"@graph\":[{\"@type\":\"WebPage\",\"@id\":\"https:\/\/toys.lt\/lv\/produktas\/rotallietu-lidmasina-ar-gaismam-un-skanam\/\",\"url\":\"https:\/\/toys.lt\/lv\/produktas\/rotallietu-lidmasina-ar-gaismam-un-skanam\/\",\"name\":\"Rota\u013clietu lidma\u0161\u012bna ar gaism\u0101m un ska\u0146\u0101m - Toys.lt\",\"isPartOf\":{\"@id\":\"https:\/\/toys.lt\/lv\/#website\"},\"primaryImageOfPage\":{\"@id\":\"https:\/\/toys.lt\/lv\/produktas\/rotallietu-lidmasina-ar-gaismam-un-skanam\/#primaryimage\"},\"image\":{\"@id\":\"https:\/\/toys.lt\/lv\/produktas\/rotallietu-lidmasina-ar-gaismam-un-skanam\/#primaryimage\"},\"thumbnailUrl\":\"https:\/\/toys.lt\/wp-content\/uploads\/2024\/03\/products-5667.jpg\",\"datePublished\":\"2024-03-29T17:48:45+00:00\",\"dateModified\":\"2026-04-08T00:02:24+00:00\",\"breadcrumb\":{\"@id\":\"https:\/\/toys.lt\/lv\/produktas\/rotallietu-lidmasina-ar-gaismam-un-skanam\/#breadcrumb\"},\"inLanguage\":\"lv-LV\",\"potentialAction\":[{\"@type\":\"ReadAction\",\"target\":[\"https:\/\/toys.lt\/lv\/produktas\/rotallietu-lidmasina-ar-gaismam-un-skanam\/\"]}]},{\"@type\":\"ImageObject\",\"inLanguage\":\"lv-LV\",\"@id\":\"https:\/\/toys.lt\/lv\/produktas\/rotallietu-lidmasina-ar-gaismam-un-skanam\/#primaryimage\",\"url\":\"https:\/\/toys.lt\/wp-content\/uploads\/2024\/03\/products-5667.jpg\",\"contentUrl\":\"https:\/\/toys.lt\/wp-content\/uploads\/2024\/03\/products-5667.jpg\",\"width\":1200,\"height\":800,\"caption\":\"\u017daislinis l\u0117ktuvas su \u0161viesa ir garsais\"},{\"@type\":\"BreadcrumbList\",\"@id\":\"https:\/\/toys.lt\/lv\/produktas\/rotallietu-lidmasina-ar-gaismam-un-skanam\/#breadcrumb\",\"itemListElement\":[{\"@type\":\"ListItem\",\"position\":1,\"name\":\"Home\",\"item\":\"https:\/\/toys.lt\/lv\/\"},{\"@type\":\"ListItem\",\"position\":2,\"name\":\"Veikals\",\"item\":\"https:\/\/toys.lt\/lv\/shop\/\"},{\"@type\":\"ListItem\",\"position\":3,\"name\":\"Rota\u013clietu lidma\u0161\u012bna ar gaism\u0101m un ska\u0146\u0101m\"}]},{\"@type\":\"WebSite\",\"@id\":\"https:\/\/toys.lt\/lv\/#website\",\"url\":\"https:\/\/toys.lt\/lv\/\",\"name\":\"Toys.lt\",\"description\":\"\",\"potentialAction\":[{\"@type\":\"SearchAction\",\"target\":{\"@type\":\"EntryPoint\",\"urlTemplate\":\"https:\/\/toys.lt\/lv\/?s={search_term_string}\"},\"query-input\":{\"@type\":\"PropertyValueSpecification\",\"valueRequired\":true,\"valueName\":\"search_term_string\"}}],\"inLanguage\":\"lv-LV\"}]}<\/script>\n<!-- \/ Yoast SEO plugin. -->","yoast_head_json":{"title":"Rota\u013clietu lidma\u0161\u012bna ar gaism\u0101m un ska\u0146\u0101m - Toys.lt","robots":{"index":"index","follow":"follow","max-snippet":"max-snippet:-1","max-image-preview":"max-image-preview:large","max-video-preview":"max-video-preview:-1"},"canonical":"https:\/\/toys.lt\/lv\/produktas\/rotallietu-lidmasina-ar-gaismam-un-skanam\/","og_locale":"lv_LV","og_type":"article","og_title":"Rota\u013clietu lidma\u0161\u012bna ar gaism\u0101m un ska\u0146\u0101m - Toys.lt","og_description":"Izstr\u0101d\u0101juma tips: lidapar\u0101ts Izcelsmes valsts: \u0136\u012bna Izstr\u0101d\u0101juma izm\u0113ri: 66 x 63 x 11 cm Iepakojuma izm\u0113ri: 69 x 10 x 16 cm Izstr\u0101d\u0101juma materi\u0101ls: plastmasa Ieteicamais vecums: no 3 gadiem Elementi: 3 x LR44 (nav iek\u013cauti komplekt\u0101).","og_url":"https:\/\/toys.lt\/lv\/produktas\/rotallietu-lidmasina-ar-gaismam-un-skanam\/","og_site_name":"Toys.lt","article_modified_time":"2026-04-08T00:02:24+00:00","og_image":[{"width":1200,"height":800,"url":"https:\/\/toys.lt\/wp-content\/uploads\/2024\/03\/products-5667.jpg","type":"image\/jpeg"}],"twitter_card":"summary_large_image","schema":{"@context":"https:\/\/schema.org","@graph":[{"@type":"WebPage","@id":"https:\/\/toys.lt\/lv\/produktas\/rotallietu-lidmasina-ar-gaismam-un-skanam\/","url":"https:\/\/toys.lt\/lv\/produktas\/rotallietu-lidmasina-ar-gaismam-un-skanam\/","name":"Rota\u013clietu lidma\u0161\u012bna ar gaism\u0101m un ska\u0146\u0101m - Toys.lt","isPartOf":{"@id":"https:\/\/toys.lt\/lv\/#website"},"primaryImageOfPage":{"@id":"https:\/\/toys.lt\/lv\/produktas\/rotallietu-lidmasina-ar-gaismam-un-skanam\/#primaryimage"},"image":{"@id":"https:\/\/toys.lt\/lv\/produktas\/rotallietu-lidmasina-ar-gaismam-un-skanam\/#primaryimage"},"thumbnailUrl":"https:\/\/toys.lt\/wp-content\/uploads\/2024\/03\/products-5667.jpg","datePublished":"2024-03-29T17:48:45+00:00","dateModified":"2026-04-08T00:02:24+00:00","breadcrumb":{"@id":"https:\/\/toys.lt\/lv\/produktas\/rotallietu-lidmasina-ar-gaismam-un-skanam\/#breadcrumb"},"inLanguage":"lv-LV","potentialAction":[{"@type":"ReadAction","target":["https:\/\/toys.lt\/lv\/produktas\/rotallietu-lidmasina-ar-gaismam-un-skanam\/"]}]},{"@type":"ImageObject","inLanguage":"lv-LV","@id":"https:\/\/toys.lt\/lv\/produktas\/rotallietu-lidmasina-ar-gaismam-un-skanam\/#primaryimage","url":"https:\/\/toys.lt\/wp-content\/uploads\/2024\/03\/products-5667.jpg","contentUrl":"https:\/\/toys.lt\/wp-content\/uploads\/2024\/03\/products-5667.jpg","width":1200,"height":800,"caption":"\u017daislinis l\u0117ktuvas su \u0161viesa ir garsais"},{"@type":"BreadcrumbList","@id":"https:\/\/toys.lt\/lv\/produktas\/rotallietu-lidmasina-ar-gaismam-un-skanam\/#breadcrumb","itemListElement":[{"@type":"ListItem","position":1,"name":"Home","item":"https:\/\/toys.lt\/lv\/"},{"@type":"ListItem","position":2,"name":"Veikals","item":"https:\/\/toys.lt\/lv\/shop\/"},{"@type":"ListItem","position":3,"name":"Rota\u013clietu lidma\u0161\u012bna ar gaism\u0101m un ska\u0146\u0101m"}]},{"@type":"WebSite","@id":"https:\/\/toys.lt\/lv\/#website","url":"https:\/\/toys.lt\/lv\/","name":"Toys.lt","description":"","potentialAction":[{"@type":"SearchAction","target":{"@type":"EntryPoint","urlTemplate":"https:\/\/toys.lt\/lv\/?s={search_term_string}"},"query-input":{"@type":"PropertyValueSpecification","valueRequired":true,"valueName":"search_term_string"}}],"inLanguage":"lv-LV"}]}},"_links":{"self":[{"href":"https:\/\/toys.lt\/lv\/wp-json\/wp\/v2\/product\/42714","targetHints":{"allow":["GET"]}}],"collection":[{"href":"https:\/\/toys.lt\/lv\/wp-json\/wp\/v2\/product"}],"about":[{"href":"https:\/\/toys.lt\/lv\/wp-json\/wp\/v2\/types\/product"}],"replies":[{"embeddable":true,"href":"https:\/\/toys.lt\/lv\/wp-json\/wp\/v2\/comments?post=42714"}],"version-history":[{"count":2,"href":"https:\/\/toys.lt\/lv\/wp-json\/wp\/v2\/product\/42714\/revisions"}],"predecessor-version":[{"id":45802,"href":"https:\/\/toys.lt\/lv\/wp-json\/wp\/v2\/product\/42714\/revisions\/45802"}],"wp:featuredmedia":[{"embeddable":true,"href":"https:\/\/toys.lt\/lv\/wp-json\/wp\/v2\/media\/39701"}],"wp:attachment":[{"href":"https:\/\/toys.lt\/lv\/wp-json\/wp\/v2\/media?parent=42714"}],"wp:term":[{"taxonomy":"product_brand","embeddable":true,"href":"https:\/\/toys.lt\/lv\/wp-json\/wp\/v2\/product_brand?post=42714"},{"taxonomy":"product_cat","embeddable":true,"href":"https:\/\/toys.lt\/lv\/wp-json\/wp\/v2\/product_cat?post=42714"},{"taxonomy":"product_tag","embeddable":true,"href":"https:\/\/toys.lt\/lv\/wp-json\/wp\/v2\/product_tag?post=42714"}],"curies":[{"name":"wp","href":"https:\/\/api.w.org\/{rel}","templated":true}]}}