{"id":42709,"date":"2024-03-31T21:56:34","date_gmt":"2024-03-31T21:56:34","guid":{"rendered":"https:\/\/toys.lt\/produktas\/rotallietu-vilciens-ar-sliezu-celu-8\/"},"modified":"2026-04-08T00:02:22","modified_gmt":"2026-04-08T00:02:22","slug":"rotallietu-vilciens-ar-sliezu-celu-8","status":"publish","type":"product","link":"https:\/\/toys.lt\/lv\/produktas\/rotallietu-vilciens-ar-sliezu-celu-8\/","title":{"rendered":"Rota\u013clietu vilciens ar slie\u017eu ce\u013cu"},"content":{"rendered":"<p><strong>Funkcijas:<\/strong><\/p>\n<ul style=\"list-style-type: square;\">\n<li style=\"margin: 0px; padding: 0px; font: inherit; border: 0px;\">Izplata gaismas un ska\u0146as<\/li>\n<li style=\"margin: 0px; padding: 0px; font: inherit; border: 0px;\">Trases izm\u0113rs 80 x 80 cm<\/li>\n<li style=\"margin: 0px; padding: 0px; font: inherit; border: 0px;\">Sliede viegli salok\u0101s un salok\u0101s.<\/li>\n<\/ul>\n<p><strong>Komplekt\u0101 ietilpst:<\/strong><\/p>\n<ul>\n<li>15 da\u013cas<\/li>\n<li>Lokomot\u012bve<\/li>\n<li>2 vagoni<\/li>\n<li>Sliedes<\/li>\n<\/ul>\n","protected":false},"excerpt":{"rendered":"<p>Produkta veids: transportl\u012bdzeklis<\/p>\n<p>Izcelsmes valsts: \u0136\u012bna<\/p>\n<p>Produkta materi\u0101ls: plastmasa<\/p>\n<p>Iepakojuma izm\u0113ri: 33 x 55,5 x 6,5 cm<\/p>\n<p>Nepiecie\u0161amie elementi: 2xAA (nav iek\u013cauti komplekt\u0101)<\/p>\n<p>Ieteicamais vecums: no 3 gadiem.<\/p>\n","protected":false},"featured_media":39709,"comment_status":"open","ping_status":"closed","template":"","meta":[],"product_brand":[],"product_cat":[1276,1155],"product_tag":[],"class_list":{"0":"post-42709","1":"product","2":"type-product","3":"status-publish","4":"has-post-thumbnail","6":"product_cat-lellu-maja","7":"product_cat-leti","9":"first","10":"outofstock","11":"taxable","12":"shipping-taxable","13":"purchasable","14":"product-type-simple"},"yoast_head":"<!-- This site is optimized with the Yoast SEO plugin v26.3 - https:\/\/yoast.com\/wordpress\/plugins\/seo\/ -->\n<title>Rota\u013clietu vilciens ar slie\u017eu ce\u013cu - Toys.lt<\/title>\n<meta name=\"robots\" content=\"index, follow, max-snippet:-1, max-image-preview:large, max-video-preview:-1\" \/>\n<link rel=\"canonical\" href=\"https:\/\/toys.lt\/lv\/produktas\/rotallietu-vilciens-ar-sliezu-celu-8\/\" \/>\n<meta property=\"og:locale\" content=\"lv_LV\" \/>\n<meta property=\"og:type\" content=\"article\" \/>\n<meta property=\"og:title\" content=\"Rota\u013clietu vilciens ar slie\u017eu ce\u013cu - Toys.lt\" \/>\n<meta property=\"og:description\" content=\"Produkta veids: transportl\u012bdzeklis Izcelsmes valsts: \u0136\u012bna Produkta materi\u0101ls: plastmasa Iepakojuma izm\u0113ri: 33 x 55,5 x 6,5 cm Nepiecie\u0161amie elementi: 2xAA (nav iek\u013cauti komplekt\u0101) Ieteicamais vecums: no 3 gadiem.\" \/>\n<meta property=\"og:url\" content=\"https:\/\/toys.lt\/lv\/produktas\/rotallietu-vilciens-ar-sliezu-celu-8\/\" \/>\n<meta property=\"og:site_name\" content=\"Toys.lt\" \/>\n<meta property=\"article:modified_time\" content=\"2026-04-08T00:02:22+00:00\" \/>\n<meta property=\"og:image\" content=\"https:\/\/toys.lt\/wp-content\/uploads\/2024\/03\/products-5677-scaled.jpg\" \/>\n\t<meta property=\"og:image:width\" content=\"2560\" \/>\n\t<meta property=\"og:image:height\" content=\"2048\" \/>\n\t<meta property=\"og:image:type\" content=\"image\/jpeg\" \/>\n<meta name=\"twitter:card\" content=\"summary_large_image\" \/>\n<script type=\"application\/ld+json\" class=\"yoast-schema-graph\">{\"@context\":\"https:\/\/schema.org\",\"@graph\":[{\"@type\":\"WebPage\",\"@id\":\"https:\/\/toys.lt\/lv\/produktas\/rotallietu-vilciens-ar-sliezu-celu-8\/\",\"url\":\"https:\/\/toys.lt\/lv\/produktas\/rotallietu-vilciens-ar-sliezu-celu-8\/\",\"name\":\"Rota\u013clietu vilciens ar slie\u017eu ce\u013cu - Toys.lt\",\"isPartOf\":{\"@id\":\"https:\/\/toys.lt\/lv\/#website\"},\"primaryImageOfPage\":{\"@id\":\"https:\/\/toys.lt\/lv\/produktas\/rotallietu-vilciens-ar-sliezu-celu-8\/#primaryimage\"},\"image\":{\"@id\":\"https:\/\/toys.lt\/lv\/produktas\/rotallietu-vilciens-ar-sliezu-celu-8\/#primaryimage\"},\"thumbnailUrl\":\"https:\/\/toys.lt\/wp-content\/uploads\/2024\/03\/products-5677-scaled.jpg\",\"datePublished\":\"2024-03-31T21:56:34+00:00\",\"dateModified\":\"2026-04-08T00:02:22+00:00\",\"breadcrumb\":{\"@id\":\"https:\/\/toys.lt\/lv\/produktas\/rotallietu-vilciens-ar-sliezu-celu-8\/#breadcrumb\"},\"inLanguage\":\"lv-LV\",\"potentialAction\":[{\"@type\":\"ReadAction\",\"target\":[\"https:\/\/toys.lt\/lv\/produktas\/rotallietu-vilciens-ar-sliezu-celu-8\/\"]}]},{\"@type\":\"ImageObject\",\"inLanguage\":\"lv-LV\",\"@id\":\"https:\/\/toys.lt\/lv\/produktas\/rotallietu-vilciens-ar-sliezu-celu-8\/#primaryimage\",\"url\":\"https:\/\/toys.lt\/wp-content\/uploads\/2024\/03\/products-5677-scaled.jpg\",\"contentUrl\":\"https:\/\/toys.lt\/wp-content\/uploads\/2024\/03\/products-5677-scaled.jpg\",\"width\":2560,\"height\":2048,\"caption\":\"\u017daislinis traukinys su trasa\"},{\"@type\":\"BreadcrumbList\",\"@id\":\"https:\/\/toys.lt\/lv\/produktas\/rotallietu-vilciens-ar-sliezu-celu-8\/#breadcrumb\",\"itemListElement\":[{\"@type\":\"ListItem\",\"position\":1,\"name\":\"Home\",\"item\":\"https:\/\/toys.lt\/lv\/\"},{\"@type\":\"ListItem\",\"position\":2,\"name\":\"Veikals\",\"item\":\"https:\/\/toys.lt\/lv\/shop\/\"},{\"@type\":\"ListItem\",\"position\":3,\"name\":\"Rota\u013clietu vilciens ar slie\u017eu ce\u013cu\"}]},{\"@type\":\"WebSite\",\"@id\":\"https:\/\/toys.lt\/lv\/#website\",\"url\":\"https:\/\/toys.lt\/lv\/\",\"name\":\"Toys.lt\",\"description\":\"\",\"potentialAction\":[{\"@type\":\"SearchAction\",\"target\":{\"@type\":\"EntryPoint\",\"urlTemplate\":\"https:\/\/toys.lt\/lv\/?s={search_term_string}\"},\"query-input\":{\"@type\":\"PropertyValueSpecification\",\"valueRequired\":true,\"valueName\":\"search_term_string\"}}],\"inLanguage\":\"lv-LV\"}]}<\/script>\n<!-- \/ Yoast SEO plugin. -->","yoast_head_json":{"title":"Rota\u013clietu vilciens ar slie\u017eu ce\u013cu - Toys.lt","robots":{"index":"index","follow":"follow","max-snippet":"max-snippet:-1","max-image-preview":"max-image-preview:large","max-video-preview":"max-video-preview:-1"},"canonical":"https:\/\/toys.lt\/lv\/produktas\/rotallietu-vilciens-ar-sliezu-celu-8\/","og_locale":"lv_LV","og_type":"article","og_title":"Rota\u013clietu vilciens ar slie\u017eu ce\u013cu - Toys.lt","og_description":"Produkta veids: transportl\u012bdzeklis Izcelsmes valsts: \u0136\u012bna Produkta materi\u0101ls: plastmasa Iepakojuma izm\u0113ri: 33 x 55,5 x 6,5 cm Nepiecie\u0161amie elementi: 2xAA (nav iek\u013cauti komplekt\u0101) Ieteicamais vecums: no 3 gadiem.","og_url":"https:\/\/toys.lt\/lv\/produktas\/rotallietu-vilciens-ar-sliezu-celu-8\/","og_site_name":"Toys.lt","article_modified_time":"2026-04-08T00:02:22+00:00","og_image":[{"width":2560,"height":2048,"url":"https:\/\/toys.lt\/wp-content\/uploads\/2024\/03\/products-5677-scaled.jpg","type":"image\/jpeg"}],"twitter_card":"summary_large_image","schema":{"@context":"https:\/\/schema.org","@graph":[{"@type":"WebPage","@id":"https:\/\/toys.lt\/lv\/produktas\/rotallietu-vilciens-ar-sliezu-celu-8\/","url":"https:\/\/toys.lt\/lv\/produktas\/rotallietu-vilciens-ar-sliezu-celu-8\/","name":"Rota\u013clietu vilciens ar slie\u017eu ce\u013cu - Toys.lt","isPartOf":{"@id":"https:\/\/toys.lt\/lv\/#website"},"primaryImageOfPage":{"@id":"https:\/\/toys.lt\/lv\/produktas\/rotallietu-vilciens-ar-sliezu-celu-8\/#primaryimage"},"image":{"@id":"https:\/\/toys.lt\/lv\/produktas\/rotallietu-vilciens-ar-sliezu-celu-8\/#primaryimage"},"thumbnailUrl":"https:\/\/toys.lt\/wp-content\/uploads\/2024\/03\/products-5677-scaled.jpg","datePublished":"2024-03-31T21:56:34+00:00","dateModified":"2026-04-08T00:02:22+00:00","breadcrumb":{"@id":"https:\/\/toys.lt\/lv\/produktas\/rotallietu-vilciens-ar-sliezu-celu-8\/#breadcrumb"},"inLanguage":"lv-LV","potentialAction":[{"@type":"ReadAction","target":["https:\/\/toys.lt\/lv\/produktas\/rotallietu-vilciens-ar-sliezu-celu-8\/"]}]},{"@type":"ImageObject","inLanguage":"lv-LV","@id":"https:\/\/toys.lt\/lv\/produktas\/rotallietu-vilciens-ar-sliezu-celu-8\/#primaryimage","url":"https:\/\/toys.lt\/wp-content\/uploads\/2024\/03\/products-5677-scaled.jpg","contentUrl":"https:\/\/toys.lt\/wp-content\/uploads\/2024\/03\/products-5677-scaled.jpg","width":2560,"height":2048,"caption":"\u017daislinis traukinys su trasa"},{"@type":"BreadcrumbList","@id":"https:\/\/toys.lt\/lv\/produktas\/rotallietu-vilciens-ar-sliezu-celu-8\/#breadcrumb","itemListElement":[{"@type":"ListItem","position":1,"name":"Home","item":"https:\/\/toys.lt\/lv\/"},{"@type":"ListItem","position":2,"name":"Veikals","item":"https:\/\/toys.lt\/lv\/shop\/"},{"@type":"ListItem","position":3,"name":"Rota\u013clietu vilciens ar slie\u017eu ce\u013cu"}]},{"@type":"WebSite","@id":"https:\/\/toys.lt\/lv\/#website","url":"https:\/\/toys.lt\/lv\/","name":"Toys.lt","description":"","potentialAction":[{"@type":"SearchAction","target":{"@type":"EntryPoint","urlTemplate":"https:\/\/toys.lt\/lv\/?s={search_term_string}"},"query-input":{"@type":"PropertyValueSpecification","valueRequired":true,"valueName":"search_term_string"}}],"inLanguage":"lv-LV"}]}},"_links":{"self":[{"href":"https:\/\/toys.lt\/lv\/wp-json\/wp\/v2\/product\/42709","targetHints":{"allow":["GET"]}}],"collection":[{"href":"https:\/\/toys.lt\/lv\/wp-json\/wp\/v2\/product"}],"about":[{"href":"https:\/\/toys.lt\/lv\/wp-json\/wp\/v2\/types\/product"}],"replies":[{"embeddable":true,"href":"https:\/\/toys.lt\/lv\/wp-json\/wp\/v2\/comments?post=42709"}],"version-history":[{"count":1,"href":"https:\/\/toys.lt\/lv\/wp-json\/wp\/v2\/product\/42709\/revisions"}],"predecessor-version":[{"id":45803,"href":"https:\/\/toys.lt\/lv\/wp-json\/wp\/v2\/product\/42709\/revisions\/45803"}],"wp:featuredmedia":[{"embeddable":true,"href":"https:\/\/toys.lt\/lv\/wp-json\/wp\/v2\/media\/39709"}],"wp:attachment":[{"href":"https:\/\/toys.lt\/lv\/wp-json\/wp\/v2\/media?parent=42709"}],"wp:term":[{"taxonomy":"product_brand","embeddable":true,"href":"https:\/\/toys.lt\/lv\/wp-json\/wp\/v2\/product_brand?post=42709"},{"taxonomy":"product_cat","embeddable":true,"href":"https:\/\/toys.lt\/lv\/wp-json\/wp\/v2\/product_cat?post=42709"},{"taxonomy":"product_tag","embeddable":true,"href":"https:\/\/toys.lt\/lv\/wp-json\/wp\/v2\/product_tag?post=42709"}],"curies":[{"name":"wp","href":"https:\/\/api.w.org\/{rel}","templated":true}]}}