{"id":42704,"date":"2024-04-01T01:29:08","date_gmt":"2024-04-01T01:29:08","guid":{"rendered":"https:\/\/toys.lt\/produktas\/interaktivas-parbaudes-komplekts-aprikojums-48det\/"},"modified":"2026-04-08T00:02:22","modified_gmt":"2026-04-08T00:02:22","slug":"interaktivas-parbaudes-komplekts-aprikojums-48det","status":"publish","type":"product","link":"https:\/\/toys.lt\/lv\/produktas\/interaktivas-parbaudes-komplekts-aprikojums-48det\/","title":{"rendered":"Interakt\u012bv\u0101s p\u0101rbaudes komplekts\/apr\u012bkojums (48det.)"},"content":{"rendered":"<p>Pilns kases komplekts ar produktiem un piederumiem k\u013c\u016bs par j\u016bsu b\u0113rna m\u012b\u013c\u0101ko rota\u013clietu.<\/p>\n<p>kases un visa iepirk\u0161an\u0101s procesa imit\u0101cija. 1 l\u012bdz vair\u0101ki sp\u0113l\u0113t\u0101ji var sp\u0113l\u0113t k\u0101 kasieris un pirc\u0113js. Komplekts ir apr\u012bkots ar sv\u012btrkodu skeneri un konveijeru, pa kuru p\u0101rvietojas produkti, kred\u012btkar\u0161u termin\u0101li, ciparu pog\u0101m un naudas glab\u0101\u0161anas nodal\u012bjumu. Kases apar\u0101tu var izmantot ar\u012b k\u0101 kalkulatoru, lai pal\u012bdz\u0113tu b\u0113rnam \u0101tr\u0101k iem\u0101c\u012bties r\u0113\u0137in\u0101t.   <\/p>\n<p><strong>Komplekt\u0101 ietilpst:<\/strong><\/p>\n<ul style=\"list-style-type: square\">\n<li>Kases apar\u0101ts, skeneris un produktu lentes<\/li>\n<li>Produkti un nauda<\/li>\n<li>Telpa produktiem<\/li>\n<li>Plaukts kas\u0113m un produktiem<\/li>\n<\/ul>\n<p><strong>Funkcijas:<\/strong><\/p>\n<ul style=\"list-style-type: square\">\n<li>Ska\u0146as un gaismas efekti<\/li>\n<li>Skeneris signaliz\u0113, kad sken\u0113 preces<\/li>\n<li>Spilgtas kr\u0101sas<\/li>\n<li>Augstas kvalit\u0101tes un nekait\u012bgi materi\u0101li<\/li>\n<li>Kompakts, viegls un mobils<\/li>\n<li>Izgl\u012bto\u0161ana un apm\u0101c\u012bba<\/li>\n<\/ul>\n","protected":false},"excerpt":{"rendered":"<p>Izstr\u0101d\u0101juma veids: izgl\u012btojo\u0161s<\/p>\n<p>Izcelsmes valsts: \u0136\u012bna<\/p>\n<p>Izstr\u0101d\u0101juma materi\u0101ls: plastmasa<\/p>\n<p>Svars: 1,75 kg<\/p>\n<p>Iepakojuma izm\u0113ri: 46 x 12,5 x 37,5 cm<\/p>\n<p>Kases komplekta izm\u0113ri: 48 x 29,5 x 58 cm<\/p>\n<p>Ieteicamais vecums: no 3 gadiem<\/p>\n<p>Elementi: 2 x AA + 2 x AAA (nav iek\u013cauti)<\/p>\n","protected":false},"featured_media":39713,"comment_status":"open","ping_status":"closed","template":"","meta":[],"product_brand":[],"product_cat":[1180,1176,1157,1155],"product_tag":[],"class_list":{"0":"post-42704","1":"product","2":"type-product","3":"status-publish","4":"has-post-thumbnail","6":"product_cat-rotallietas-meitenem","7":"product_cat-rotallietas-zeniem","8":"product_cat-izglitojosas-un-interaktivas-rotallietas","9":"product_cat-leti","10":"pa_amziaus-grupe-3-lv","11":"pa_prek-s-tipas-izglitojosas-rotallietas","13":"first","14":"instock","15":"sale","16":"taxable","17":"shipping-taxable","18":"purchasable","19":"product-type-simple"},"yoast_head":"<!-- This site is optimized with the Yoast SEO plugin v26.3 - https:\/\/yoast.com\/wordpress\/plugins\/seo\/ -->\n<title>Interakt\u012bv\u0101s p\u0101rbaudes komplekts\/apr\u012bkojums (48det.) - Toys.lt<\/title>\n<meta name=\"robots\" content=\"index, follow, max-snippet:-1, max-image-preview:large, max-video-preview:-1\" \/>\n<link rel=\"canonical\" href=\"https:\/\/toys.lt\/lv\/produktas\/interaktivas-parbaudes-komplekts-aprikojums-48det\/\" \/>\n<meta property=\"og:locale\" content=\"lv_LV\" \/>\n<meta property=\"og:type\" content=\"article\" \/>\n<meta property=\"og:title\" content=\"Interakt\u012bv\u0101s p\u0101rbaudes komplekts\/apr\u012bkojums (48det.) - Toys.lt\" \/>\n<meta property=\"og:description\" content=\"Izstr\u0101d\u0101juma veids: izgl\u012btojo\u0161s Izcelsmes valsts: \u0136\u012bna Izstr\u0101d\u0101juma materi\u0101ls: plastmasa Svars: 1,75 kg Iepakojuma izm\u0113ri: 46 x 12,5 x 37,5 cm Kases komplekta izm\u0113ri: 48 x 29,5 x 58 cm Ieteicamais vecums: no 3 gadiem Elementi: 2 x AA + 2 x AAA (nav iek\u013cauti)\" \/>\n<meta property=\"og:url\" content=\"https:\/\/toys.lt\/lv\/produktas\/interaktivas-parbaudes-komplekts-aprikojums-48det\/\" \/>\n<meta property=\"og:site_name\" content=\"Toys.lt\" \/>\n<meta property=\"article:modified_time\" content=\"2026-04-08T00:02:22+00:00\" \/>\n<meta property=\"og:image\" content=\"https:\/\/toys.lt\/wp-content\/uploads\/2024\/03\/products-5686.jpg\" \/>\n\t<meta property=\"og:image:width\" content=\"1476\" \/>\n\t<meta property=\"og:image:height\" content=\"1500\" \/>\n\t<meta property=\"og:image:type\" content=\"image\/jpeg\" \/>\n<meta name=\"twitter:card\" content=\"summary_large_image\" \/>\n<meta name=\"twitter:label1\" content=\"Est. reading time\" \/>\n\t<meta name=\"twitter:data1\" content=\"1 minute\" \/>\n<script type=\"application\/ld+json\" class=\"yoast-schema-graph\">{\"@context\":\"https:\/\/schema.org\",\"@graph\":[{\"@type\":\"WebPage\",\"@id\":\"https:\/\/toys.lt\/lv\/produktas\/interaktivas-parbaudes-komplekts-aprikojums-48det\/\",\"url\":\"https:\/\/toys.lt\/lv\/produktas\/interaktivas-parbaudes-komplekts-aprikojums-48det\/\",\"name\":\"Interakt\u012bv\u0101s p\u0101rbaudes komplekts\/apr\u012bkojums (48det.) - Toys.lt\",\"isPartOf\":{\"@id\":\"https:\/\/toys.lt\/lv\/#website\"},\"primaryImageOfPage\":{\"@id\":\"https:\/\/toys.lt\/lv\/produktas\/interaktivas-parbaudes-komplekts-aprikojums-48det\/#primaryimage\"},\"image\":{\"@id\":\"https:\/\/toys.lt\/lv\/produktas\/interaktivas-parbaudes-komplekts-aprikojums-48det\/#primaryimage\"},\"thumbnailUrl\":\"https:\/\/toys.lt\/wp-content\/uploads\/2024\/03\/products-5686.jpg\",\"datePublished\":\"2024-04-01T01:29:08+00:00\",\"dateModified\":\"2026-04-08T00:02:22+00:00\",\"breadcrumb\":{\"@id\":\"https:\/\/toys.lt\/lv\/produktas\/interaktivas-parbaudes-komplekts-aprikojums-48det\/#breadcrumb\"},\"inLanguage\":\"lv-LV\",\"potentialAction\":[{\"@type\":\"ReadAction\",\"target\":[\"https:\/\/toys.lt\/lv\/produktas\/interaktivas-parbaudes-komplekts-aprikojums-48det\/\"]}]},{\"@type\":\"ImageObject\",\"inLanguage\":\"lv-LV\",\"@id\":\"https:\/\/toys.lt\/lv\/produktas\/interaktivas-parbaudes-komplekts-aprikojums-48det\/#primaryimage\",\"url\":\"https:\/\/toys.lt\/wp-content\/uploads\/2024\/03\/products-5686.jpg\",\"contentUrl\":\"https:\/\/toys.lt\/wp-content\/uploads\/2024\/03\/products-5686.jpg\",\"width\":1476,\"height\":1500,\"caption\":\"Interaktyvus kasos rinkinys\/\u012franga (48det.)\"},{\"@type\":\"BreadcrumbList\",\"@id\":\"https:\/\/toys.lt\/lv\/produktas\/interaktivas-parbaudes-komplekts-aprikojums-48det\/#breadcrumb\",\"itemListElement\":[{\"@type\":\"ListItem\",\"position\":1,\"name\":\"Home\",\"item\":\"https:\/\/toys.lt\/lv\/\"},{\"@type\":\"ListItem\",\"position\":2,\"name\":\"Veikals\",\"item\":\"https:\/\/toys.lt\/lv\/shop\/\"},{\"@type\":\"ListItem\",\"position\":3,\"name\":\"Interakt\u012bv\u0101s p\u0101rbaudes komplekts\/apr\u012bkojums (48det.)\"}]},{\"@type\":\"WebSite\",\"@id\":\"https:\/\/toys.lt\/lv\/#website\",\"url\":\"https:\/\/toys.lt\/lv\/\",\"name\":\"Toys.lt\",\"description\":\"\",\"potentialAction\":[{\"@type\":\"SearchAction\",\"target\":{\"@type\":\"EntryPoint\",\"urlTemplate\":\"https:\/\/toys.lt\/lv\/?s={search_term_string}\"},\"query-input\":{\"@type\":\"PropertyValueSpecification\",\"valueRequired\":true,\"valueName\":\"search_term_string\"}}],\"inLanguage\":\"lv-LV\"}]}<\/script>\n<!-- \/ Yoast SEO plugin. -->","yoast_head_json":{"title":"Interakt\u012bv\u0101s p\u0101rbaudes komplekts\/apr\u012bkojums (48det.) - Toys.lt","robots":{"index":"index","follow":"follow","max-snippet":"max-snippet:-1","max-image-preview":"max-image-preview:large","max-video-preview":"max-video-preview:-1"},"canonical":"https:\/\/toys.lt\/lv\/produktas\/interaktivas-parbaudes-komplekts-aprikojums-48det\/","og_locale":"lv_LV","og_type":"article","og_title":"Interakt\u012bv\u0101s p\u0101rbaudes komplekts\/apr\u012bkojums (48det.) - Toys.lt","og_description":"Izstr\u0101d\u0101juma veids: izgl\u012btojo\u0161s Izcelsmes valsts: \u0136\u012bna Izstr\u0101d\u0101juma materi\u0101ls: plastmasa Svars: 1,75 kg Iepakojuma izm\u0113ri: 46 x 12,5 x 37,5 cm Kases komplekta izm\u0113ri: 48 x 29,5 x 58 cm Ieteicamais vecums: no 3 gadiem Elementi: 2 x AA + 2 x AAA (nav iek\u013cauti)","og_url":"https:\/\/toys.lt\/lv\/produktas\/interaktivas-parbaudes-komplekts-aprikojums-48det\/","og_site_name":"Toys.lt","article_modified_time":"2026-04-08T00:02:22+00:00","og_image":[{"width":1476,"height":1500,"url":"https:\/\/toys.lt\/wp-content\/uploads\/2024\/03\/products-5686.jpg","type":"image\/jpeg"}],"twitter_card":"summary_large_image","twitter_misc":{"Est. reading time":"1 minute"},"schema":{"@context":"https:\/\/schema.org","@graph":[{"@type":"WebPage","@id":"https:\/\/toys.lt\/lv\/produktas\/interaktivas-parbaudes-komplekts-aprikojums-48det\/","url":"https:\/\/toys.lt\/lv\/produktas\/interaktivas-parbaudes-komplekts-aprikojums-48det\/","name":"Interakt\u012bv\u0101s p\u0101rbaudes komplekts\/apr\u012bkojums (48det.) - Toys.lt","isPartOf":{"@id":"https:\/\/toys.lt\/lv\/#website"},"primaryImageOfPage":{"@id":"https:\/\/toys.lt\/lv\/produktas\/interaktivas-parbaudes-komplekts-aprikojums-48det\/#primaryimage"},"image":{"@id":"https:\/\/toys.lt\/lv\/produktas\/interaktivas-parbaudes-komplekts-aprikojums-48det\/#primaryimage"},"thumbnailUrl":"https:\/\/toys.lt\/wp-content\/uploads\/2024\/03\/products-5686.jpg","datePublished":"2024-04-01T01:29:08+00:00","dateModified":"2026-04-08T00:02:22+00:00","breadcrumb":{"@id":"https:\/\/toys.lt\/lv\/produktas\/interaktivas-parbaudes-komplekts-aprikojums-48det\/#breadcrumb"},"inLanguage":"lv-LV","potentialAction":[{"@type":"ReadAction","target":["https:\/\/toys.lt\/lv\/produktas\/interaktivas-parbaudes-komplekts-aprikojums-48det\/"]}]},{"@type":"ImageObject","inLanguage":"lv-LV","@id":"https:\/\/toys.lt\/lv\/produktas\/interaktivas-parbaudes-komplekts-aprikojums-48det\/#primaryimage","url":"https:\/\/toys.lt\/wp-content\/uploads\/2024\/03\/products-5686.jpg","contentUrl":"https:\/\/toys.lt\/wp-content\/uploads\/2024\/03\/products-5686.jpg","width":1476,"height":1500,"caption":"Interaktyvus kasos rinkinys\/\u012franga (48det.)"},{"@type":"BreadcrumbList","@id":"https:\/\/toys.lt\/lv\/produktas\/interaktivas-parbaudes-komplekts-aprikojums-48det\/#breadcrumb","itemListElement":[{"@type":"ListItem","position":1,"name":"Home","item":"https:\/\/toys.lt\/lv\/"},{"@type":"ListItem","position":2,"name":"Veikals","item":"https:\/\/toys.lt\/lv\/shop\/"},{"@type":"ListItem","position":3,"name":"Interakt\u012bv\u0101s p\u0101rbaudes komplekts\/apr\u012bkojums (48det.)"}]},{"@type":"WebSite","@id":"https:\/\/toys.lt\/lv\/#website","url":"https:\/\/toys.lt\/lv\/","name":"Toys.lt","description":"","potentialAction":[{"@type":"SearchAction","target":{"@type":"EntryPoint","urlTemplate":"https:\/\/toys.lt\/lv\/?s={search_term_string}"},"query-input":{"@type":"PropertyValueSpecification","valueRequired":true,"valueName":"search_term_string"}}],"inLanguage":"lv-LV"}]}},"_links":{"self":[{"href":"https:\/\/toys.lt\/lv\/wp-json\/wp\/v2\/product\/42704","targetHints":{"allow":["GET"]}}],"collection":[{"href":"https:\/\/toys.lt\/lv\/wp-json\/wp\/v2\/product"}],"about":[{"href":"https:\/\/toys.lt\/lv\/wp-json\/wp\/v2\/types\/product"}],"replies":[{"embeddable":true,"href":"https:\/\/toys.lt\/lv\/wp-json\/wp\/v2\/comments?post=42704"}],"version-history":[{"count":1,"href":"https:\/\/toys.lt\/lv\/wp-json\/wp\/v2\/product\/42704\/revisions"}],"predecessor-version":[{"id":45810,"href":"https:\/\/toys.lt\/lv\/wp-json\/wp\/v2\/product\/42704\/revisions\/45810"}],"wp:featuredmedia":[{"embeddable":true,"href":"https:\/\/toys.lt\/lv\/wp-json\/wp\/v2\/media\/39713"}],"wp:attachment":[{"href":"https:\/\/toys.lt\/lv\/wp-json\/wp\/v2\/media?parent=42704"}],"wp:term":[{"taxonomy":"product_brand","embeddable":true,"href":"https:\/\/toys.lt\/lv\/wp-json\/wp\/v2\/product_brand?post=42704"},{"taxonomy":"product_cat","embeddable":true,"href":"https:\/\/toys.lt\/lv\/wp-json\/wp\/v2\/product_cat?post=42704"},{"taxonomy":"product_tag","embeddable":true,"href":"https:\/\/toys.lt\/lv\/wp-json\/wp\/v2\/product_tag?post=42704"}],"curies":[{"name":"wp","href":"https:\/\/api.w.org\/{rel}","templated":true}]}}