{"id":42699,"date":"2024-04-01T04:09:53","date_gmt":"2024-04-01T04:09:53","guid":{"rendered":"https:\/\/toys.lt\/produktas\/rotallietu-kases-aparatu-komplekts-18det\/"},"modified":"2026-02-17T00:03:40","modified_gmt":"2026-02-17T00:03:40","slug":"rotallietu-kases-aparatu-komplekts-18det","status":"publish","type":"product","link":"https:\/\/toys.lt\/lv\/produktas\/rotallietu-kases-aparatu-komplekts-18det\/","title":{"rendered":"Rota\u013clietu kases apar\u0101tu komplekts (18det.)"},"content":{"rendered":"<p><strong>Komplekt\u0101 ietilpst:<\/strong><\/p>\n<ul style=\"list-style-type: square\">\n<li style=\"margin: 0px;padding: 0px;font: inherit;border: 0px\">Kases apar\u0101ts<\/li>\n<li style=\"margin: 0px;padding: 0px;font: inherit;border: 0px\">Las\u012bt\u0101js<\/li>\n<li style=\"margin: 0px;padding: 0px;font: inherit;border: 0px\">Kalkulators<\/li>\n<li style=\"margin: 0px;padding: 0px;font: inherit;border: 0px\">Da\u017e\u0101das preces un piederumi<\/li>\n<li style=\"margin: 0px;padding: 0px;font: inherit;border: 0px\">Nauda<\/li>\n<\/ul>\n<p><strong>Funkcijas:<\/strong><\/p>\n<ul style=\"list-style-type: square\">\n<li style=\"margin: 0px;padding: 0px;font: inherit;border: 0px\">Ska\u0146as un gaismas efekti<\/li>\n<li style=\"margin: 0px;padding: 0px;font: inherit;border: 0px\">Savienojuma kr\u0101sas<\/li>\n<li style=\"margin: 0px;padding: 0px;font: inherit;border: 0px\">Dro\u0161s b\u0113rna vesel\u012bbai<\/li>\n<li style=\"margin: 0px;padding: 0px;font: inherit;border: 0px\">Kompakts, viegls un mobils<\/li>\n<li style=\"margin: 0px;padding: 0px;font: inherit;border: 0px\">Izgl\u012bto\u0161ana un apm\u0101c\u012bba<\/li>\n<\/ul>\n","protected":false},"excerpt":{"rendered":"<p>Produkta veids: izgl\u012btojo\u0161as rota\u013clietas<\/p>\n<p>Izcelsmes valsts: \u0136\u012bna<\/p>\n<p>Iepakojuma izm\u0113ri: 34 x 17 x 20 cm<\/p>\n<p>Apar\u0101ta izm\u0113ri: 22 x 9 x 16 cm<\/p>\n<p>Ieteicamais vecums: no 3 gadiem<\/p>\n<p>Produkta materi\u0101ls: plastmasa<\/p>\n<p>Elementi: 2 x AA (nav iek\u013cauti komplekt\u0101).<\/p>\n","protected":false},"featured_media":39741,"comment_status":"open","ping_status":"closed","template":"","meta":[],"product_brand":[],"product_cat":[1180,1176,1157,1155],"product_tag":[],"class_list":{"0":"post-42699","1":"product","2":"type-product","3":"status-publish","4":"has-post-thumbnail","6":"product_cat-rotallietas-meitenem","7":"product_cat-rotallietas-zeniem","8":"product_cat-izglitojosas-un-interaktivas-rotallietas","9":"product_cat-leti","10":"pa_amziaus-grupe-3-lv","11":"pa_prek-s-tipas-veikali-kases-aparati","13":"first","14":"outofstock","15":"taxable","16":"shipping-taxable","17":"purchasable","18":"product-type-simple"},"yoast_head":"<!-- This site is optimized with the Yoast SEO plugin v26.3 - https:\/\/yoast.com\/wordpress\/plugins\/seo\/ -->\n<title>Rota\u013clietu kases apar\u0101tu komplekts (18det.) - Toys.lt<\/title>\n<meta name=\"robots\" content=\"index, follow, max-snippet:-1, max-image-preview:large, max-video-preview:-1\" \/>\n<link rel=\"canonical\" href=\"https:\/\/toys.lt\/lv\/produktas\/rotallietu-kases-aparatu-komplekts-18det\/\" \/>\n<meta property=\"og:locale\" content=\"lv_LV\" \/>\n<meta property=\"og:type\" content=\"article\" \/>\n<meta property=\"og:title\" content=\"Rota\u013clietu kases apar\u0101tu komplekts (18det.) - Toys.lt\" \/>\n<meta property=\"og:description\" content=\"Produkta veids: izgl\u012btojo\u0161as rota\u013clietas Izcelsmes valsts: \u0136\u012bna Iepakojuma izm\u0113ri: 34 x 17 x 20 cm Apar\u0101ta izm\u0113ri: 22 x 9 x 16 cm Ieteicamais vecums: no 3 gadiem Produkta materi\u0101ls: plastmasa Elementi: 2 x AA (nav iek\u013cauti komplekt\u0101).\" \/>\n<meta property=\"og:url\" content=\"https:\/\/toys.lt\/lv\/produktas\/rotallietu-kases-aparatu-komplekts-18det\/\" \/>\n<meta property=\"og:site_name\" content=\"Toys.lt\" \/>\n<meta property=\"article:modified_time\" content=\"2026-02-17T00:03:40+00:00\" \/>\n<meta property=\"og:image\" content=\"https:\/\/toys.lt\/wp-content\/uploads\/2024\/04\/products-5732.jpg\" \/>\n\t<meta property=\"og:image:width\" content=\"750\" \/>\n\t<meta property=\"og:image:height\" content=\"750\" \/>\n\t<meta property=\"og:image:type\" content=\"image\/jpeg\" \/>\n<meta name=\"twitter:card\" content=\"summary_large_image\" \/>\n<script type=\"application\/ld+json\" class=\"yoast-schema-graph\">{\"@context\":\"https:\/\/schema.org\",\"@graph\":[{\"@type\":\"WebPage\",\"@id\":\"https:\/\/toys.lt\/lv\/produktas\/rotallietu-kases-aparatu-komplekts-18det\/\",\"url\":\"https:\/\/toys.lt\/lv\/produktas\/rotallietu-kases-aparatu-komplekts-18det\/\",\"name\":\"Rota\u013clietu kases apar\u0101tu komplekts (18det.) - Toys.lt\",\"isPartOf\":{\"@id\":\"https:\/\/toys.lt\/lv\/#website\"},\"primaryImageOfPage\":{\"@id\":\"https:\/\/toys.lt\/lv\/produktas\/rotallietu-kases-aparatu-komplekts-18det\/#primaryimage\"},\"image\":{\"@id\":\"https:\/\/toys.lt\/lv\/produktas\/rotallietu-kases-aparatu-komplekts-18det\/#primaryimage\"},\"thumbnailUrl\":\"https:\/\/toys.lt\/wp-content\/uploads\/2024\/04\/products-5732.jpg\",\"datePublished\":\"2024-04-01T04:09:53+00:00\",\"dateModified\":\"2026-02-17T00:03:40+00:00\",\"breadcrumb\":{\"@id\":\"https:\/\/toys.lt\/lv\/produktas\/rotallietu-kases-aparatu-komplekts-18det\/#breadcrumb\"},\"inLanguage\":\"lv-LV\",\"potentialAction\":[{\"@type\":\"ReadAction\",\"target\":[\"https:\/\/toys.lt\/lv\/produktas\/rotallietu-kases-aparatu-komplekts-18det\/\"]}]},{\"@type\":\"ImageObject\",\"inLanguage\":\"lv-LV\",\"@id\":\"https:\/\/toys.lt\/lv\/produktas\/rotallietu-kases-aparatu-komplekts-18det\/#primaryimage\",\"url\":\"https:\/\/toys.lt\/wp-content\/uploads\/2024\/04\/products-5732.jpg\",\"contentUrl\":\"https:\/\/toys.lt\/wp-content\/uploads\/2024\/04\/products-5732.jpg\",\"width\":750,\"height\":750,\"caption\":\"\u017daislinis kasos aparato rinkinys (18det.)\"},{\"@type\":\"BreadcrumbList\",\"@id\":\"https:\/\/toys.lt\/lv\/produktas\/rotallietu-kases-aparatu-komplekts-18det\/#breadcrumb\",\"itemListElement\":[{\"@type\":\"ListItem\",\"position\":1,\"name\":\"Home\",\"item\":\"https:\/\/toys.lt\/lv\/\"},{\"@type\":\"ListItem\",\"position\":2,\"name\":\"Veikals\",\"item\":\"https:\/\/toys.lt\/lv\/shop\/\"},{\"@type\":\"ListItem\",\"position\":3,\"name\":\"Rota\u013clietu kases apar\u0101tu komplekts (18det.)\"}]},{\"@type\":\"WebSite\",\"@id\":\"https:\/\/toys.lt\/lv\/#website\",\"url\":\"https:\/\/toys.lt\/lv\/\",\"name\":\"Toys.lt\",\"description\":\"\",\"potentialAction\":[{\"@type\":\"SearchAction\",\"target\":{\"@type\":\"EntryPoint\",\"urlTemplate\":\"https:\/\/toys.lt\/lv\/?s={search_term_string}\"},\"query-input\":{\"@type\":\"PropertyValueSpecification\",\"valueRequired\":true,\"valueName\":\"search_term_string\"}}],\"inLanguage\":\"lv-LV\"}]}<\/script>\n<!-- \/ Yoast SEO plugin. -->","yoast_head_json":{"title":"Rota\u013clietu kases apar\u0101tu komplekts (18det.) - Toys.lt","robots":{"index":"index","follow":"follow","max-snippet":"max-snippet:-1","max-image-preview":"max-image-preview:large","max-video-preview":"max-video-preview:-1"},"canonical":"https:\/\/toys.lt\/lv\/produktas\/rotallietu-kases-aparatu-komplekts-18det\/","og_locale":"lv_LV","og_type":"article","og_title":"Rota\u013clietu kases apar\u0101tu komplekts (18det.) - Toys.lt","og_description":"Produkta veids: izgl\u012btojo\u0161as rota\u013clietas Izcelsmes valsts: \u0136\u012bna Iepakojuma izm\u0113ri: 34 x 17 x 20 cm Apar\u0101ta izm\u0113ri: 22 x 9 x 16 cm Ieteicamais vecums: no 3 gadiem Produkta materi\u0101ls: plastmasa Elementi: 2 x AA (nav iek\u013cauti komplekt\u0101).","og_url":"https:\/\/toys.lt\/lv\/produktas\/rotallietu-kases-aparatu-komplekts-18det\/","og_site_name":"Toys.lt","article_modified_time":"2026-02-17T00:03:40+00:00","og_image":[{"width":750,"height":750,"url":"https:\/\/toys.lt\/wp-content\/uploads\/2024\/04\/products-5732.jpg","type":"image\/jpeg"}],"twitter_card":"summary_large_image","schema":{"@context":"https:\/\/schema.org","@graph":[{"@type":"WebPage","@id":"https:\/\/toys.lt\/lv\/produktas\/rotallietu-kases-aparatu-komplekts-18det\/","url":"https:\/\/toys.lt\/lv\/produktas\/rotallietu-kases-aparatu-komplekts-18det\/","name":"Rota\u013clietu kases apar\u0101tu komplekts (18det.) - Toys.lt","isPartOf":{"@id":"https:\/\/toys.lt\/lv\/#website"},"primaryImageOfPage":{"@id":"https:\/\/toys.lt\/lv\/produktas\/rotallietu-kases-aparatu-komplekts-18det\/#primaryimage"},"image":{"@id":"https:\/\/toys.lt\/lv\/produktas\/rotallietu-kases-aparatu-komplekts-18det\/#primaryimage"},"thumbnailUrl":"https:\/\/toys.lt\/wp-content\/uploads\/2024\/04\/products-5732.jpg","datePublished":"2024-04-01T04:09:53+00:00","dateModified":"2026-02-17T00:03:40+00:00","breadcrumb":{"@id":"https:\/\/toys.lt\/lv\/produktas\/rotallietu-kases-aparatu-komplekts-18det\/#breadcrumb"},"inLanguage":"lv-LV","potentialAction":[{"@type":"ReadAction","target":["https:\/\/toys.lt\/lv\/produktas\/rotallietu-kases-aparatu-komplekts-18det\/"]}]},{"@type":"ImageObject","inLanguage":"lv-LV","@id":"https:\/\/toys.lt\/lv\/produktas\/rotallietu-kases-aparatu-komplekts-18det\/#primaryimage","url":"https:\/\/toys.lt\/wp-content\/uploads\/2024\/04\/products-5732.jpg","contentUrl":"https:\/\/toys.lt\/wp-content\/uploads\/2024\/04\/products-5732.jpg","width":750,"height":750,"caption":"\u017daislinis kasos aparato rinkinys (18det.)"},{"@type":"BreadcrumbList","@id":"https:\/\/toys.lt\/lv\/produktas\/rotallietu-kases-aparatu-komplekts-18det\/#breadcrumb","itemListElement":[{"@type":"ListItem","position":1,"name":"Home","item":"https:\/\/toys.lt\/lv\/"},{"@type":"ListItem","position":2,"name":"Veikals","item":"https:\/\/toys.lt\/lv\/shop\/"},{"@type":"ListItem","position":3,"name":"Rota\u013clietu kases apar\u0101tu komplekts (18det.)"}]},{"@type":"WebSite","@id":"https:\/\/toys.lt\/lv\/#website","url":"https:\/\/toys.lt\/lv\/","name":"Toys.lt","description":"","potentialAction":[{"@type":"SearchAction","target":{"@type":"EntryPoint","urlTemplate":"https:\/\/toys.lt\/lv\/?s={search_term_string}"},"query-input":{"@type":"PropertyValueSpecification","valueRequired":true,"valueName":"search_term_string"}}],"inLanguage":"lv-LV"}]}},"_links":{"self":[{"href":"https:\/\/toys.lt\/lv\/wp-json\/wp\/v2\/product\/42699","targetHints":{"allow":["GET"]}}],"collection":[{"href":"https:\/\/toys.lt\/lv\/wp-json\/wp\/v2\/product"}],"about":[{"href":"https:\/\/toys.lt\/lv\/wp-json\/wp\/v2\/types\/product"}],"replies":[{"embeddable":true,"href":"https:\/\/toys.lt\/lv\/wp-json\/wp\/v2\/comments?post=42699"}],"version-history":[{"count":1,"href":"https:\/\/toys.lt\/lv\/wp-json\/wp\/v2\/product\/42699\/revisions"}],"predecessor-version":[{"id":45811,"href":"https:\/\/toys.lt\/lv\/wp-json\/wp\/v2\/product\/42699\/revisions\/45811"}],"wp:featuredmedia":[{"embeddable":true,"href":"https:\/\/toys.lt\/lv\/wp-json\/wp\/v2\/media\/39741"}],"wp:attachment":[{"href":"https:\/\/toys.lt\/lv\/wp-json\/wp\/v2\/media?parent=42699"}],"wp:term":[{"taxonomy":"product_brand","embeddable":true,"href":"https:\/\/toys.lt\/lv\/wp-json\/wp\/v2\/product_brand?post=42699"},{"taxonomy":"product_cat","embeddable":true,"href":"https:\/\/toys.lt\/lv\/wp-json\/wp\/v2\/product_cat?post=42699"},{"taxonomy":"product_tag","embeddable":true,"href":"https:\/\/toys.lt\/lv\/wp-json\/wp\/v2\/product_tag?post=42699"}],"curies":[{"name":"wp","href":"https:\/\/api.w.org\/{rel}","templated":true}]}}