{"id":42686,"date":"2024-05-07T05:14:09","date_gmt":"2024-05-07T05:14:09","guid":{"rendered":"https:\/\/toys.lt\/produktas\/atras-palidzibas-dzips-kaste\/"},"modified":"2026-04-08T00:02:17","modified_gmt":"2026-04-08T00:02:17","slug":"atras-palidzibas-dzips-kaste","status":"publish","type":"product","link":"https:\/\/toys.lt\/lv\/produktas\/atras-palidzibas-dzips-kaste\/","title":{"rendered":"\u0100tr\u0101s pal\u012bdz\u012bbas d\u017eips (kast\u0113)"},"content":{"rendered":"<p><strong>\u0100tr\u0101s pal\u012bdz\u012bbas ma\u0161\u012bna<\/strong> ar ska\u0146\u0101m un gaism\u0101m<\/p>\n","protected":false},"excerpt":{"rendered":"<p>Izm\u0113ri: 26 x 21 x 23 cm<\/p>\n<p>Ieteicamais vecums: no 3 gadiem<\/p>\n<p>Materi\u0101ls: <span style=\"font-family: Arial, Verdana, Helvetica, sans-serif;font-size: 12px\">ABS PP PS<\/span><\/p>\n<p>Izcelsmes valsts: \u0136\u012bna<\/p>\n<p>Darbina ar baterij\u0101m: AG13 (iek\u013cautas komplekt\u0101).<\/p>\n","protected":false},"featured_media":39776,"comment_status":"open","ping_status":"closed","template":"","meta":[],"product_brand":[],"product_cat":[1177,1155],"product_tag":[],"class_list":{"0":"post-42686","1":"product","2":"type-product","3":"status-publish","4":"has-post-thumbnail","6":"product_cat-rotalu-automasinas-traktori-un-kapurkedes","7":"product_cat-leti","8":"pa_amziaus-grupe-3-lv","9":"pa_prek-s-tipas-masinas","11":"first","12":"instock","13":"taxable","14":"shipping-taxable","15":"purchasable","16":"product-type-simple"},"yoast_head":"<!-- This site is optimized with the Yoast SEO plugin v26.3 - https:\/\/yoast.com\/wordpress\/plugins\/seo\/ -->\n<title>\u0100tr\u0101s pal\u012bdz\u012bbas d\u017eips (kast\u0113) - Toys.lt<\/title>\n<meta name=\"robots\" content=\"index, follow, max-snippet:-1, max-image-preview:large, max-video-preview:-1\" \/>\n<link rel=\"canonical\" href=\"https:\/\/toys.lt\/lv\/produktas\/atras-palidzibas-dzips-kaste\/\" \/>\n<meta property=\"og:locale\" content=\"lv_LV\" \/>\n<meta property=\"og:type\" content=\"article\" \/>\n<meta property=\"og:title\" content=\"\u0100tr\u0101s pal\u012bdz\u012bbas d\u017eips (kast\u0113) - Toys.lt\" \/>\n<meta property=\"og:description\" content=\"Izm\u0113ri: 26 x 21 x 23 cm Ieteicamais vecums: no 3 gadiem Materi\u0101ls: ABS PP PS Izcelsmes valsts: \u0136\u012bna Darbina ar baterij\u0101m: AG13 (iek\u013cautas komplekt\u0101).\" \/>\n<meta property=\"og:url\" content=\"https:\/\/toys.lt\/lv\/produktas\/atras-palidzibas-dzips-kaste\/\" \/>\n<meta property=\"og:site_name\" content=\"Toys.lt\" \/>\n<meta property=\"article:modified_time\" content=\"2026-04-08T00:02:17+00:00\" \/>\n<meta property=\"og:image\" content=\"https:\/\/toys.lt\/wp-content\/uploads\/2024\/05\/products-5793-scaled.jpg\" \/>\n\t<meta property=\"og:image:width\" content=\"2560\" \/>\n\t<meta property=\"og:image:height\" content=\"2429\" \/>\n\t<meta property=\"og:image:type\" content=\"image\/jpeg\" \/>\n<meta name=\"twitter:card\" content=\"summary_large_image\" \/>\n<script type=\"application\/ld+json\" class=\"yoast-schema-graph\">{\"@context\":\"https:\/\/schema.org\",\"@graph\":[{\"@type\":\"WebPage\",\"@id\":\"https:\/\/toys.lt\/lv\/produktas\/atras-palidzibas-dzips-kaste\/\",\"url\":\"https:\/\/toys.lt\/lv\/produktas\/atras-palidzibas-dzips-kaste\/\",\"name\":\"\u0100tr\u0101s pal\u012bdz\u012bbas d\u017eips (kast\u0113) - Toys.lt\",\"isPartOf\":{\"@id\":\"https:\/\/toys.lt\/lv\/#website\"},\"primaryImageOfPage\":{\"@id\":\"https:\/\/toys.lt\/lv\/produktas\/atras-palidzibas-dzips-kaste\/#primaryimage\"},\"image\":{\"@id\":\"https:\/\/toys.lt\/lv\/produktas\/atras-palidzibas-dzips-kaste\/#primaryimage\"},\"thumbnailUrl\":\"https:\/\/toys.lt\/wp-content\/uploads\/2024\/05\/products-5793-scaled.jpg\",\"datePublished\":\"2024-05-07T05:14:09+00:00\",\"dateModified\":\"2026-04-08T00:02:17+00:00\",\"breadcrumb\":{\"@id\":\"https:\/\/toys.lt\/lv\/produktas\/atras-palidzibas-dzips-kaste\/#breadcrumb\"},\"inLanguage\":\"lv-LV\",\"potentialAction\":[{\"@type\":\"ReadAction\",\"target\":[\"https:\/\/toys.lt\/lv\/produktas\/atras-palidzibas-dzips-kaste\/\"]}]},{\"@type\":\"ImageObject\",\"inLanguage\":\"lv-LV\",\"@id\":\"https:\/\/toys.lt\/lv\/produktas\/atras-palidzibas-dzips-kaste\/#primaryimage\",\"url\":\"https:\/\/toys.lt\/wp-content\/uploads\/2024\/05\/products-5793-scaled.jpg\",\"contentUrl\":\"https:\/\/toys.lt\/wp-content\/uploads\/2024\/05\/products-5793-scaled.jpg\",\"width\":2560,\"height\":2429,\"caption\":\"Greitosios pagalbos d\u017eipas (d\u0117\u017e\u0117je)\"},{\"@type\":\"BreadcrumbList\",\"@id\":\"https:\/\/toys.lt\/lv\/produktas\/atras-palidzibas-dzips-kaste\/#breadcrumb\",\"itemListElement\":[{\"@type\":\"ListItem\",\"position\":1,\"name\":\"Home\",\"item\":\"https:\/\/toys.lt\/lv\/\"},{\"@type\":\"ListItem\",\"position\":2,\"name\":\"Veikals\",\"item\":\"https:\/\/toys.lt\/lv\/shop\/\"},{\"@type\":\"ListItem\",\"position\":3,\"name\":\"\u0100tr\u0101s pal\u012bdz\u012bbas d\u017eips (kast\u0113)\"}]},{\"@type\":\"WebSite\",\"@id\":\"https:\/\/toys.lt\/lv\/#website\",\"url\":\"https:\/\/toys.lt\/lv\/\",\"name\":\"Toys.lt\",\"description\":\"\",\"potentialAction\":[{\"@type\":\"SearchAction\",\"target\":{\"@type\":\"EntryPoint\",\"urlTemplate\":\"https:\/\/toys.lt\/lv\/?s={search_term_string}\"},\"query-input\":{\"@type\":\"PropertyValueSpecification\",\"valueRequired\":true,\"valueName\":\"search_term_string\"}}],\"inLanguage\":\"lv-LV\"}]}<\/script>\n<!-- \/ Yoast SEO plugin. -->","yoast_head_json":{"title":"\u0100tr\u0101s pal\u012bdz\u012bbas d\u017eips (kast\u0113) - Toys.lt","robots":{"index":"index","follow":"follow","max-snippet":"max-snippet:-1","max-image-preview":"max-image-preview:large","max-video-preview":"max-video-preview:-1"},"canonical":"https:\/\/toys.lt\/lv\/produktas\/atras-palidzibas-dzips-kaste\/","og_locale":"lv_LV","og_type":"article","og_title":"\u0100tr\u0101s pal\u012bdz\u012bbas d\u017eips (kast\u0113) - Toys.lt","og_description":"Izm\u0113ri: 26 x 21 x 23 cm Ieteicamais vecums: no 3 gadiem Materi\u0101ls: ABS PP PS Izcelsmes valsts: \u0136\u012bna Darbina ar baterij\u0101m: AG13 (iek\u013cautas komplekt\u0101).","og_url":"https:\/\/toys.lt\/lv\/produktas\/atras-palidzibas-dzips-kaste\/","og_site_name":"Toys.lt","article_modified_time":"2026-04-08T00:02:17+00:00","og_image":[{"width":2560,"height":2429,"url":"https:\/\/toys.lt\/wp-content\/uploads\/2024\/05\/products-5793-scaled.jpg","type":"image\/jpeg"}],"twitter_card":"summary_large_image","schema":{"@context":"https:\/\/schema.org","@graph":[{"@type":"WebPage","@id":"https:\/\/toys.lt\/lv\/produktas\/atras-palidzibas-dzips-kaste\/","url":"https:\/\/toys.lt\/lv\/produktas\/atras-palidzibas-dzips-kaste\/","name":"\u0100tr\u0101s pal\u012bdz\u012bbas d\u017eips (kast\u0113) - Toys.lt","isPartOf":{"@id":"https:\/\/toys.lt\/lv\/#website"},"primaryImageOfPage":{"@id":"https:\/\/toys.lt\/lv\/produktas\/atras-palidzibas-dzips-kaste\/#primaryimage"},"image":{"@id":"https:\/\/toys.lt\/lv\/produktas\/atras-palidzibas-dzips-kaste\/#primaryimage"},"thumbnailUrl":"https:\/\/toys.lt\/wp-content\/uploads\/2024\/05\/products-5793-scaled.jpg","datePublished":"2024-05-07T05:14:09+00:00","dateModified":"2026-04-08T00:02:17+00:00","breadcrumb":{"@id":"https:\/\/toys.lt\/lv\/produktas\/atras-palidzibas-dzips-kaste\/#breadcrumb"},"inLanguage":"lv-LV","potentialAction":[{"@type":"ReadAction","target":["https:\/\/toys.lt\/lv\/produktas\/atras-palidzibas-dzips-kaste\/"]}]},{"@type":"ImageObject","inLanguage":"lv-LV","@id":"https:\/\/toys.lt\/lv\/produktas\/atras-palidzibas-dzips-kaste\/#primaryimage","url":"https:\/\/toys.lt\/wp-content\/uploads\/2024\/05\/products-5793-scaled.jpg","contentUrl":"https:\/\/toys.lt\/wp-content\/uploads\/2024\/05\/products-5793-scaled.jpg","width":2560,"height":2429,"caption":"Greitosios pagalbos d\u017eipas (d\u0117\u017e\u0117je)"},{"@type":"BreadcrumbList","@id":"https:\/\/toys.lt\/lv\/produktas\/atras-palidzibas-dzips-kaste\/#breadcrumb","itemListElement":[{"@type":"ListItem","position":1,"name":"Home","item":"https:\/\/toys.lt\/lv\/"},{"@type":"ListItem","position":2,"name":"Veikals","item":"https:\/\/toys.lt\/lv\/shop\/"},{"@type":"ListItem","position":3,"name":"\u0100tr\u0101s pal\u012bdz\u012bbas d\u017eips (kast\u0113)"}]},{"@type":"WebSite","@id":"https:\/\/toys.lt\/lv\/#website","url":"https:\/\/toys.lt\/lv\/","name":"Toys.lt","description":"","potentialAction":[{"@type":"SearchAction","target":{"@type":"EntryPoint","urlTemplate":"https:\/\/toys.lt\/lv\/?s={search_term_string}"},"query-input":{"@type":"PropertyValueSpecification","valueRequired":true,"valueName":"search_term_string"}}],"inLanguage":"lv-LV"}]}},"_links":{"self":[{"href":"https:\/\/toys.lt\/lv\/wp-json\/wp\/v2\/product\/42686","targetHints":{"allow":["GET"]}}],"collection":[{"href":"https:\/\/toys.lt\/lv\/wp-json\/wp\/v2\/product"}],"about":[{"href":"https:\/\/toys.lt\/lv\/wp-json\/wp\/v2\/types\/product"}],"replies":[{"embeddable":true,"href":"https:\/\/toys.lt\/lv\/wp-json\/wp\/v2\/comments?post=42686"}],"version-history":[{"count":1,"href":"https:\/\/toys.lt\/lv\/wp-json\/wp\/v2\/product\/42686\/revisions"}],"predecessor-version":[{"id":45827,"href":"https:\/\/toys.lt\/lv\/wp-json\/wp\/v2\/product\/42686\/revisions\/45827"}],"wp:featuredmedia":[{"embeddable":true,"href":"https:\/\/toys.lt\/lv\/wp-json\/wp\/v2\/media\/39776"}],"wp:attachment":[{"href":"https:\/\/toys.lt\/lv\/wp-json\/wp\/v2\/media?parent=42686"}],"wp:term":[{"taxonomy":"product_brand","embeddable":true,"href":"https:\/\/toys.lt\/lv\/wp-json\/wp\/v2\/product_brand?post=42686"},{"taxonomy":"product_cat","embeddable":true,"href":"https:\/\/toys.lt\/lv\/wp-json\/wp\/v2\/product_cat?post=42686"},{"taxonomy":"product_tag","embeddable":true,"href":"https:\/\/toys.lt\/lv\/wp-json\/wp\/v2\/product_tag?post=42686"}],"curies":[{"name":"wp","href":"https:\/\/api.w.org\/{rel}","templated":true}]}}