{"id":42682,"date":"2024-05-08T03:39:37","date_gmt":"2024-05-08T03:39:37","guid":{"rendered":"https:\/\/toys.lt\/produktas\/rotallietu-instrumentu-komplekts-3in1-zemudenelidmasina\/"},"modified":"2026-04-08T00:02:16","modified_gmt":"2026-04-08T00:02:16","slug":"rotallietu-instrumentu-komplekts-3in1-zemudenelidmasina","status":"publish","type":"product","link":"https:\/\/toys.lt\/lv\/produktas\/rotallietu-instrumentu-komplekts-3in1-zemudenelidmasina\/","title":{"rendered":"Rota\u013clietu instrumentu komplekts 3in1 (zem\u016bdene+lidma\u0161\u012bna)"},"content":{"rendered":"<p><strong>Rota\u013clietu instrumentu komplekts,<\/strong> ko var izmantot k\u0101 zem\u016bdeni, lidma\u0161\u012bnu vai instrumentu galdu.<\/p>\n<p>Komplekt\u0101 ir 72 da\u017e\u0101di priek\u0161meti un piederumi.<\/p>\n","protected":false},"excerpt":{"rendered":"<p>Produkta veids: rota\u013cu r\u012bki<\/p>\n<p>Izcelsmes valsts: \u0136\u012bna<\/p>\n<p>Produkta materi\u0101ls: plastmasa<\/p>\n<p>Iepakojuma izm\u0113ri: 42 x 23 x 22 cm<\/p>\n<p>Ieteicamais vecums: no 3 gadiem.<\/p>\n","protected":false},"featured_media":39783,"comment_status":"open","ping_status":"closed","template":"","meta":[],"product_brand":[],"product_cat":[1176,1151,1155],"product_tag":[],"class_list":{"0":"post-42682","1":"product","2":"type-product","3":"status-publish","4":"has-post-thumbnail","6":"product_cat-rotallietas-zeniem","7":"product_cat-specializeti-rotallietu-darbariki","8":"product_cat-leti","9":"pa_amziaus-grupe-3-lv","11":"first","12":"instock","13":"sale","14":"taxable","15":"shipping-taxable","16":"purchasable","17":"product-type-simple"},"yoast_head":"<!-- This site is optimized with the Yoast SEO plugin v26.3 - https:\/\/yoast.com\/wordpress\/plugins\/seo\/ -->\n<title>Rota\u013clietu instrumentu komplekts 3in1 (zem\u016bdene+lidma\u0161\u012bna) - Toys.lt<\/title>\n<meta name=\"robots\" content=\"index, follow, max-snippet:-1, max-image-preview:large, max-video-preview:-1\" \/>\n<link rel=\"canonical\" href=\"https:\/\/toys.lt\/lv\/produktas\/rotallietu-instrumentu-komplekts-3in1-zemudenelidmasina\/\" \/>\n<meta property=\"og:locale\" content=\"lv_LV\" \/>\n<meta property=\"og:type\" content=\"article\" \/>\n<meta property=\"og:title\" content=\"Rota\u013clietu instrumentu komplekts 3in1 (zem\u016bdene+lidma\u0161\u012bna) - Toys.lt\" \/>\n<meta property=\"og:description\" content=\"Produkta veids: rota\u013cu r\u012bki Izcelsmes valsts: \u0136\u012bna Produkta materi\u0101ls: plastmasa Iepakojuma izm\u0113ri: 42 x 23 x 22 cm Ieteicamais vecums: no 3 gadiem.\" \/>\n<meta property=\"og:url\" content=\"https:\/\/toys.lt\/lv\/produktas\/rotallietu-instrumentu-komplekts-3in1-zemudenelidmasina\/\" \/>\n<meta property=\"og:site_name\" content=\"Toys.lt\" \/>\n<meta property=\"article:modified_time\" content=\"2026-04-08T00:02:16+00:00\" \/>\n<meta property=\"og:image\" content=\"https:\/\/toys.lt\/wp-content\/uploads\/2024\/05\/products-5804.jpg\" \/>\n\t<meta property=\"og:image:width\" content=\"1480\" \/>\n\t<meta property=\"og:image:height\" content=\"1781\" \/>\n\t<meta property=\"og:image:type\" content=\"image\/jpeg\" \/>\n<meta name=\"twitter:card\" content=\"summary_large_image\" \/>\n<script type=\"application\/ld+json\" class=\"yoast-schema-graph\">{\"@context\":\"https:\/\/schema.org\",\"@graph\":[{\"@type\":\"WebPage\",\"@id\":\"https:\/\/toys.lt\/lv\/produktas\/rotallietu-instrumentu-komplekts-3in1-zemudenelidmasina\/\",\"url\":\"https:\/\/toys.lt\/lv\/produktas\/rotallietu-instrumentu-komplekts-3in1-zemudenelidmasina\/\",\"name\":\"Rota\u013clietu instrumentu komplekts 3in1 (zem\u016bdene+lidma\u0161\u012bna) - Toys.lt\",\"isPartOf\":{\"@id\":\"https:\/\/toys.lt\/lv\/#website\"},\"primaryImageOfPage\":{\"@id\":\"https:\/\/toys.lt\/lv\/produktas\/rotallietu-instrumentu-komplekts-3in1-zemudenelidmasina\/#primaryimage\"},\"image\":{\"@id\":\"https:\/\/toys.lt\/lv\/produktas\/rotallietu-instrumentu-komplekts-3in1-zemudenelidmasina\/#primaryimage\"},\"thumbnailUrl\":\"https:\/\/toys.lt\/wp-content\/uploads\/2024\/05\/products-5804.jpg\",\"datePublished\":\"2024-05-08T03:39:37+00:00\",\"dateModified\":\"2026-04-08T00:02:16+00:00\",\"breadcrumb\":{\"@id\":\"https:\/\/toys.lt\/lv\/produktas\/rotallietu-instrumentu-komplekts-3in1-zemudenelidmasina\/#breadcrumb\"},\"inLanguage\":\"lv-LV\",\"potentialAction\":[{\"@type\":\"ReadAction\",\"target\":[\"https:\/\/toys.lt\/lv\/produktas\/rotallietu-instrumentu-komplekts-3in1-zemudenelidmasina\/\"]}]},{\"@type\":\"ImageObject\",\"inLanguage\":\"lv-LV\",\"@id\":\"https:\/\/toys.lt\/lv\/produktas\/rotallietu-instrumentu-komplekts-3in1-zemudenelidmasina\/#primaryimage\",\"url\":\"https:\/\/toys.lt\/wp-content\/uploads\/2024\/05\/products-5804.jpg\",\"contentUrl\":\"https:\/\/toys.lt\/wp-content\/uploads\/2024\/05\/products-5804.jpg\",\"width\":1480,\"height\":1781,\"caption\":\"\u017daislini\u0173 \u012franki\u0173 rinkinys 3in1 (povandeninis laivas+l\u0117ktuvas)\"},{\"@type\":\"BreadcrumbList\",\"@id\":\"https:\/\/toys.lt\/lv\/produktas\/rotallietu-instrumentu-komplekts-3in1-zemudenelidmasina\/#breadcrumb\",\"itemListElement\":[{\"@type\":\"ListItem\",\"position\":1,\"name\":\"Home\",\"item\":\"https:\/\/toys.lt\/lv\/\"},{\"@type\":\"ListItem\",\"position\":2,\"name\":\"Veikals\",\"item\":\"https:\/\/toys.lt\/lv\/shop\/\"},{\"@type\":\"ListItem\",\"position\":3,\"name\":\"Rota\u013clietu instrumentu komplekts 3in1 (zem\u016bdene+lidma\u0161\u012bna)\"}]},{\"@type\":\"WebSite\",\"@id\":\"https:\/\/toys.lt\/lv\/#website\",\"url\":\"https:\/\/toys.lt\/lv\/\",\"name\":\"Toys.lt\",\"description\":\"\",\"potentialAction\":[{\"@type\":\"SearchAction\",\"target\":{\"@type\":\"EntryPoint\",\"urlTemplate\":\"https:\/\/toys.lt\/lv\/?s={search_term_string}\"},\"query-input\":{\"@type\":\"PropertyValueSpecification\",\"valueRequired\":true,\"valueName\":\"search_term_string\"}}],\"inLanguage\":\"lv-LV\"}]}<\/script>\n<!-- \/ Yoast SEO plugin. -->","yoast_head_json":{"title":"Rota\u013clietu instrumentu komplekts 3in1 (zem\u016bdene+lidma\u0161\u012bna) - Toys.lt","robots":{"index":"index","follow":"follow","max-snippet":"max-snippet:-1","max-image-preview":"max-image-preview:large","max-video-preview":"max-video-preview:-1"},"canonical":"https:\/\/toys.lt\/lv\/produktas\/rotallietu-instrumentu-komplekts-3in1-zemudenelidmasina\/","og_locale":"lv_LV","og_type":"article","og_title":"Rota\u013clietu instrumentu komplekts 3in1 (zem\u016bdene+lidma\u0161\u012bna) - Toys.lt","og_description":"Produkta veids: rota\u013cu r\u012bki Izcelsmes valsts: \u0136\u012bna Produkta materi\u0101ls: plastmasa Iepakojuma izm\u0113ri: 42 x 23 x 22 cm Ieteicamais vecums: no 3 gadiem.","og_url":"https:\/\/toys.lt\/lv\/produktas\/rotallietu-instrumentu-komplekts-3in1-zemudenelidmasina\/","og_site_name":"Toys.lt","article_modified_time":"2026-04-08T00:02:16+00:00","og_image":[{"width":1480,"height":1781,"url":"https:\/\/toys.lt\/wp-content\/uploads\/2024\/05\/products-5804.jpg","type":"image\/jpeg"}],"twitter_card":"summary_large_image","schema":{"@context":"https:\/\/schema.org","@graph":[{"@type":"WebPage","@id":"https:\/\/toys.lt\/lv\/produktas\/rotallietu-instrumentu-komplekts-3in1-zemudenelidmasina\/","url":"https:\/\/toys.lt\/lv\/produktas\/rotallietu-instrumentu-komplekts-3in1-zemudenelidmasina\/","name":"Rota\u013clietu instrumentu komplekts 3in1 (zem\u016bdene+lidma\u0161\u012bna) - Toys.lt","isPartOf":{"@id":"https:\/\/toys.lt\/lv\/#website"},"primaryImageOfPage":{"@id":"https:\/\/toys.lt\/lv\/produktas\/rotallietu-instrumentu-komplekts-3in1-zemudenelidmasina\/#primaryimage"},"image":{"@id":"https:\/\/toys.lt\/lv\/produktas\/rotallietu-instrumentu-komplekts-3in1-zemudenelidmasina\/#primaryimage"},"thumbnailUrl":"https:\/\/toys.lt\/wp-content\/uploads\/2024\/05\/products-5804.jpg","datePublished":"2024-05-08T03:39:37+00:00","dateModified":"2026-04-08T00:02:16+00:00","breadcrumb":{"@id":"https:\/\/toys.lt\/lv\/produktas\/rotallietu-instrumentu-komplekts-3in1-zemudenelidmasina\/#breadcrumb"},"inLanguage":"lv-LV","potentialAction":[{"@type":"ReadAction","target":["https:\/\/toys.lt\/lv\/produktas\/rotallietu-instrumentu-komplekts-3in1-zemudenelidmasina\/"]}]},{"@type":"ImageObject","inLanguage":"lv-LV","@id":"https:\/\/toys.lt\/lv\/produktas\/rotallietu-instrumentu-komplekts-3in1-zemudenelidmasina\/#primaryimage","url":"https:\/\/toys.lt\/wp-content\/uploads\/2024\/05\/products-5804.jpg","contentUrl":"https:\/\/toys.lt\/wp-content\/uploads\/2024\/05\/products-5804.jpg","width":1480,"height":1781,"caption":"\u017daislini\u0173 \u012franki\u0173 rinkinys 3in1 (povandeninis laivas+l\u0117ktuvas)"},{"@type":"BreadcrumbList","@id":"https:\/\/toys.lt\/lv\/produktas\/rotallietu-instrumentu-komplekts-3in1-zemudenelidmasina\/#breadcrumb","itemListElement":[{"@type":"ListItem","position":1,"name":"Home","item":"https:\/\/toys.lt\/lv\/"},{"@type":"ListItem","position":2,"name":"Veikals","item":"https:\/\/toys.lt\/lv\/shop\/"},{"@type":"ListItem","position":3,"name":"Rota\u013clietu instrumentu komplekts 3in1 (zem\u016bdene+lidma\u0161\u012bna)"}]},{"@type":"WebSite","@id":"https:\/\/toys.lt\/lv\/#website","url":"https:\/\/toys.lt\/lv\/","name":"Toys.lt","description":"","potentialAction":[{"@type":"SearchAction","target":{"@type":"EntryPoint","urlTemplate":"https:\/\/toys.lt\/lv\/?s={search_term_string}"},"query-input":{"@type":"PropertyValueSpecification","valueRequired":true,"valueName":"search_term_string"}}],"inLanguage":"lv-LV"}]}},"_links":{"self":[{"href":"https:\/\/toys.lt\/lv\/wp-json\/wp\/v2\/product\/42682","targetHints":{"allow":["GET"]}}],"collection":[{"href":"https:\/\/toys.lt\/lv\/wp-json\/wp\/v2\/product"}],"about":[{"href":"https:\/\/toys.lt\/lv\/wp-json\/wp\/v2\/types\/product"}],"replies":[{"embeddable":true,"href":"https:\/\/toys.lt\/lv\/wp-json\/wp\/v2\/comments?post=42682"}],"version-history":[{"count":1,"href":"https:\/\/toys.lt\/lv\/wp-json\/wp\/v2\/product\/42682\/revisions"}],"predecessor-version":[{"id":45833,"href":"https:\/\/toys.lt\/lv\/wp-json\/wp\/v2\/product\/42682\/revisions\/45833"}],"wp:featuredmedia":[{"embeddable":true,"href":"https:\/\/toys.lt\/lv\/wp-json\/wp\/v2\/media\/39783"}],"wp:attachment":[{"href":"https:\/\/toys.lt\/lv\/wp-json\/wp\/v2\/media?parent=42682"}],"wp:term":[{"taxonomy":"product_brand","embeddable":true,"href":"https:\/\/toys.lt\/lv\/wp-json\/wp\/v2\/product_brand?post=42682"},{"taxonomy":"product_cat","embeddable":true,"href":"https:\/\/toys.lt\/lv\/wp-json\/wp\/v2\/product_cat?post=42682"},{"taxonomy":"product_tag","embeddable":true,"href":"https:\/\/toys.lt\/lv\/wp-json\/wp\/v2\/product_tag?post=42682"}],"curies":[{"name":"wp","href":"https:\/\/api.w.org\/{rel}","templated":true}]}}