{"id":42675,"date":"2024-05-10T05:26:06","date_gmt":"2024-05-10T05:26:06","guid":{"rendered":"https:\/\/toys.lt\/produktas\/rotallietu-autobuss-inerce-116\/"},"modified":"2026-02-17T00:03:25","modified_gmt":"2026-02-17T00:03:25","slug":"rotallietu-autobuss-inerce-116","status":"publish","type":"product","link":"https:\/\/toys.lt\/lv\/produktas\/rotallietu-autobuss-inerce-116\/","title":{"rendered":"Rota\u013clietu autobuss &#8211; inerce 1:16"},"content":{"rendered":"<p><strong>Funkcijas:<\/strong><\/p>\n<ul>\n<li>Ska\u0146as (atpaka\u013cgaitas ska\u0146a, motora iedarbin\u0101\u0161ana) un gaismas.<\/li>\n<li>Durvis darbos<\/li>\n<li>Gumijas riepas<\/li>\n<li>Inerces meh\u0101nisms<\/li>\n<\/ul>\n","protected":false},"excerpt":{"rendered":"<p>Izm\u0113ri: 28 x 7 x 12 cm<\/p>\n<p>Iepakojuma izm\u0113ri: 32 x 11 x 18 cm<\/p>\n<p>Ieteicamais vecums: no 3 gadiem<\/p>\n<p>Materi\u0101ls: plastmasa<\/p>\n<p>Izcelsmes valsts: \u0136\u012bna<\/p>\n<p>Darbina 3 x AG13 baterijas.<\/p>\n","protected":false},"featured_media":39828,"comment_status":"open","ping_status":"closed","template":"","meta":[],"product_brand":[],"product_cat":[1176,1177,1155],"product_tag":[],"class_list":{"0":"post-42675","1":"product","2":"type-product","3":"status-publish","4":"has-post-thumbnail","6":"product_cat-rotallietas-zeniem","7":"product_cat-rotalu-automasinas-traktori-un-kapurkedes","8":"product_cat-leti","9":"pa_amziaus-grupe-3-lv","11":"first","12":"outofstock","13":"sale","14":"taxable","15":"shipping-taxable","16":"purchasable","17":"product-type-simple"},"yoast_head":"<!-- This site is optimized with the Yoast SEO plugin v26.3 - https:\/\/yoast.com\/wordpress\/plugins\/seo\/ -->\n<title>Rota\u013clietu autobuss - inerce 1:16 - Toys.lt<\/title>\n<meta name=\"robots\" content=\"index, follow, max-snippet:-1, max-image-preview:large, max-video-preview:-1\" \/>\n<link rel=\"canonical\" href=\"https:\/\/toys.lt\/lv\/produktas\/rotallietu-autobuss-inerce-116\/\" \/>\n<meta property=\"og:locale\" content=\"lv_LV\" \/>\n<meta property=\"og:type\" content=\"article\" \/>\n<meta property=\"og:title\" content=\"Rota\u013clietu autobuss - inerce 1:16 - Toys.lt\" \/>\n<meta property=\"og:description\" content=\"Izm\u0113ri: 28 x 7 x 12 cm Iepakojuma izm\u0113ri: 32 x 11 x 18 cm Ieteicamais vecums: no 3 gadiem Materi\u0101ls: plastmasa Izcelsmes valsts: \u0136\u012bna Darbina 3 x AG13 baterijas.\" \/>\n<meta property=\"og:url\" content=\"https:\/\/toys.lt\/lv\/produktas\/rotallietu-autobuss-inerce-116\/\" \/>\n<meta property=\"og:site_name\" content=\"Toys.lt\" \/>\n<meta property=\"article:modified_time\" content=\"2026-02-17T00:03:25+00:00\" \/>\n<meta property=\"og:image\" content=\"https:\/\/toys.lt\/wp-content\/uploads\/2024\/05\/products-5883.jpg\" \/>\n\t<meta property=\"og:image:width\" content=\"600\" \/>\n\t<meta property=\"og:image:height\" content=\"600\" \/>\n\t<meta property=\"og:image:type\" content=\"image\/jpeg\" \/>\n<meta name=\"twitter:card\" content=\"summary_large_image\" \/>\n<script type=\"application\/ld+json\" class=\"yoast-schema-graph\">{\"@context\":\"https:\/\/schema.org\",\"@graph\":[{\"@type\":\"WebPage\",\"@id\":\"https:\/\/toys.lt\/lv\/produktas\/rotallietu-autobuss-inerce-116\/\",\"url\":\"https:\/\/toys.lt\/lv\/produktas\/rotallietu-autobuss-inerce-116\/\",\"name\":\"Rota\u013clietu autobuss - inerce 1:16 - Toys.lt\",\"isPartOf\":{\"@id\":\"https:\/\/toys.lt\/lv\/#website\"},\"primaryImageOfPage\":{\"@id\":\"https:\/\/toys.lt\/lv\/produktas\/rotallietu-autobuss-inerce-116\/#primaryimage\"},\"image\":{\"@id\":\"https:\/\/toys.lt\/lv\/produktas\/rotallietu-autobuss-inerce-116\/#primaryimage\"},\"thumbnailUrl\":\"https:\/\/toys.lt\/wp-content\/uploads\/2024\/05\/products-5883.jpg\",\"datePublished\":\"2024-05-10T05:26:06+00:00\",\"dateModified\":\"2026-02-17T00:03:25+00:00\",\"breadcrumb\":{\"@id\":\"https:\/\/toys.lt\/lv\/produktas\/rotallietu-autobuss-inerce-116\/#breadcrumb\"},\"inLanguage\":\"lv-LV\",\"potentialAction\":[{\"@type\":\"ReadAction\",\"target\":[\"https:\/\/toys.lt\/lv\/produktas\/rotallietu-autobuss-inerce-116\/\"]}]},{\"@type\":\"ImageObject\",\"inLanguage\":\"lv-LV\",\"@id\":\"https:\/\/toys.lt\/lv\/produktas\/rotallietu-autobuss-inerce-116\/#primaryimage\",\"url\":\"https:\/\/toys.lt\/wp-content\/uploads\/2024\/05\/products-5883.jpg\",\"contentUrl\":\"https:\/\/toys.lt\/wp-content\/uploads\/2024\/05\/products-5883.jpg\",\"width\":600,\"height\":600,\"caption\":\"\u017daislinis autobusas &#8211; inercinis 1:16\"},{\"@type\":\"BreadcrumbList\",\"@id\":\"https:\/\/toys.lt\/lv\/produktas\/rotallietu-autobuss-inerce-116\/#breadcrumb\",\"itemListElement\":[{\"@type\":\"ListItem\",\"position\":1,\"name\":\"Home\",\"item\":\"https:\/\/toys.lt\/lv\/\"},{\"@type\":\"ListItem\",\"position\":2,\"name\":\"Veikals\",\"item\":\"https:\/\/toys.lt\/lv\/shop\/\"},{\"@type\":\"ListItem\",\"position\":3,\"name\":\"Rota\u013clietu autobuss &#8211; inerce 1:16\"}]},{\"@type\":\"WebSite\",\"@id\":\"https:\/\/toys.lt\/lv\/#website\",\"url\":\"https:\/\/toys.lt\/lv\/\",\"name\":\"Toys.lt\",\"description\":\"\",\"potentialAction\":[{\"@type\":\"SearchAction\",\"target\":{\"@type\":\"EntryPoint\",\"urlTemplate\":\"https:\/\/toys.lt\/lv\/?s={search_term_string}\"},\"query-input\":{\"@type\":\"PropertyValueSpecification\",\"valueRequired\":true,\"valueName\":\"search_term_string\"}}],\"inLanguage\":\"lv-LV\"}]}<\/script>\n<!-- \/ Yoast SEO plugin. -->","yoast_head_json":{"title":"Rota\u013clietu autobuss - inerce 1:16 - Toys.lt","robots":{"index":"index","follow":"follow","max-snippet":"max-snippet:-1","max-image-preview":"max-image-preview:large","max-video-preview":"max-video-preview:-1"},"canonical":"https:\/\/toys.lt\/lv\/produktas\/rotallietu-autobuss-inerce-116\/","og_locale":"lv_LV","og_type":"article","og_title":"Rota\u013clietu autobuss - inerce 1:16 - Toys.lt","og_description":"Izm\u0113ri: 28 x 7 x 12 cm Iepakojuma izm\u0113ri: 32 x 11 x 18 cm Ieteicamais vecums: no 3 gadiem Materi\u0101ls: plastmasa Izcelsmes valsts: \u0136\u012bna Darbina 3 x AG13 baterijas.","og_url":"https:\/\/toys.lt\/lv\/produktas\/rotallietu-autobuss-inerce-116\/","og_site_name":"Toys.lt","article_modified_time":"2026-02-17T00:03:25+00:00","og_image":[{"width":600,"height":600,"url":"https:\/\/toys.lt\/wp-content\/uploads\/2024\/05\/products-5883.jpg","type":"image\/jpeg"}],"twitter_card":"summary_large_image","schema":{"@context":"https:\/\/schema.org","@graph":[{"@type":"WebPage","@id":"https:\/\/toys.lt\/lv\/produktas\/rotallietu-autobuss-inerce-116\/","url":"https:\/\/toys.lt\/lv\/produktas\/rotallietu-autobuss-inerce-116\/","name":"Rota\u013clietu autobuss - inerce 1:16 - Toys.lt","isPartOf":{"@id":"https:\/\/toys.lt\/lv\/#website"},"primaryImageOfPage":{"@id":"https:\/\/toys.lt\/lv\/produktas\/rotallietu-autobuss-inerce-116\/#primaryimage"},"image":{"@id":"https:\/\/toys.lt\/lv\/produktas\/rotallietu-autobuss-inerce-116\/#primaryimage"},"thumbnailUrl":"https:\/\/toys.lt\/wp-content\/uploads\/2024\/05\/products-5883.jpg","datePublished":"2024-05-10T05:26:06+00:00","dateModified":"2026-02-17T00:03:25+00:00","breadcrumb":{"@id":"https:\/\/toys.lt\/lv\/produktas\/rotallietu-autobuss-inerce-116\/#breadcrumb"},"inLanguage":"lv-LV","potentialAction":[{"@type":"ReadAction","target":["https:\/\/toys.lt\/lv\/produktas\/rotallietu-autobuss-inerce-116\/"]}]},{"@type":"ImageObject","inLanguage":"lv-LV","@id":"https:\/\/toys.lt\/lv\/produktas\/rotallietu-autobuss-inerce-116\/#primaryimage","url":"https:\/\/toys.lt\/wp-content\/uploads\/2024\/05\/products-5883.jpg","contentUrl":"https:\/\/toys.lt\/wp-content\/uploads\/2024\/05\/products-5883.jpg","width":600,"height":600,"caption":"\u017daislinis autobusas &#8211; inercinis 1:16"},{"@type":"BreadcrumbList","@id":"https:\/\/toys.lt\/lv\/produktas\/rotallietu-autobuss-inerce-116\/#breadcrumb","itemListElement":[{"@type":"ListItem","position":1,"name":"Home","item":"https:\/\/toys.lt\/lv\/"},{"@type":"ListItem","position":2,"name":"Veikals","item":"https:\/\/toys.lt\/lv\/shop\/"},{"@type":"ListItem","position":3,"name":"Rota\u013clietu autobuss &#8211; inerce 1:16"}]},{"@type":"WebSite","@id":"https:\/\/toys.lt\/lv\/#website","url":"https:\/\/toys.lt\/lv\/","name":"Toys.lt","description":"","potentialAction":[{"@type":"SearchAction","target":{"@type":"EntryPoint","urlTemplate":"https:\/\/toys.lt\/lv\/?s={search_term_string}"},"query-input":{"@type":"PropertyValueSpecification","valueRequired":true,"valueName":"search_term_string"}}],"inLanguage":"lv-LV"}]}},"_links":{"self":[{"href":"https:\/\/toys.lt\/lv\/wp-json\/wp\/v2\/product\/42675","targetHints":{"allow":["GET"]}}],"collection":[{"href":"https:\/\/toys.lt\/lv\/wp-json\/wp\/v2\/product"}],"about":[{"href":"https:\/\/toys.lt\/lv\/wp-json\/wp\/v2\/types\/product"}],"replies":[{"embeddable":true,"href":"https:\/\/toys.lt\/lv\/wp-json\/wp\/v2\/comments?post=42675"}],"version-history":[{"count":1,"href":"https:\/\/toys.lt\/lv\/wp-json\/wp\/v2\/product\/42675\/revisions"}],"predecessor-version":[{"id":45837,"href":"https:\/\/toys.lt\/lv\/wp-json\/wp\/v2\/product\/42675\/revisions\/45837"}],"wp:featuredmedia":[{"embeddable":true,"href":"https:\/\/toys.lt\/lv\/wp-json\/wp\/v2\/media\/39828"}],"wp:attachment":[{"href":"https:\/\/toys.lt\/lv\/wp-json\/wp\/v2\/media?parent=42675"}],"wp:term":[{"taxonomy":"product_brand","embeddable":true,"href":"https:\/\/toys.lt\/lv\/wp-json\/wp\/v2\/product_brand?post=42675"},{"taxonomy":"product_cat","embeddable":true,"href":"https:\/\/toys.lt\/lv\/wp-json\/wp\/v2\/product_cat?post=42675"},{"taxonomy":"product_tag","embeddable":true,"href":"https:\/\/toys.lt\/lv\/wp-json\/wp\/v2\/product_tag?post=42675"}],"curies":[{"name":"wp","href":"https:\/\/api.w.org\/{rel}","templated":true}]}}