{"id":42665,"date":"2023-11-21T07:55:21","date_gmt":"2023-11-21T07:55:21","guid":{"rendered":"https:\/\/toys.lt\/produktas\/rotallietu-kosmetikas-galds-5\/"},"modified":"2026-04-08T00:02:26","modified_gmt":"2026-04-08T00:02:26","slug":"rotallietu-kosmetikas-galds-5","status":"publish","type":"product","link":"https:\/\/toys.lt\/lv\/produktas\/rotallietu-kosmetikas-galds-5\/","title":{"rendered":"Rota\u013clietu kosm\u0113tikas galds"},"content":{"rendered":"<p><strong>Funkcijas:<\/strong><\/p>\n<p>Izklaus\u0101s, kad tiek nospiesta spogu\u013ca poga<\/p>\n<p>Spogu\u013ca elementi sp\u012bd<\/p>\n<p>Matu \u017e\u0101v\u0113t\u0101js izdod darb\u012bbas ska\u0146u<\/p>\n<p><strong>Ietver:<\/strong><\/p>\n<ul>\n<li>Spogulis<\/li>\n<li>Tabula<\/li>\n<li>Augstie kr\u0113sli\u0146i<\/li>\n<li>Matu \u017e\u0101v\u0113t\u0101js<\/li>\n<li>Combs<\/li>\n<li>Gredzeni<\/li>\n<li>Aproces<\/li>\n<li>Citi piederumi<\/li>\n<\/ul>\n","protected":false},"excerpt":{"rendered":"<p>Iepakojuma izm\u0113ri: 47 x 49 x 9 cm<\/p>\n<p>Svars: 2,7 kg<\/p>\n<p>Saliekam\u0101 galda izm\u0113ri: 40 x 25 x 70 cm<\/p>\n<p>Kr\u0113sls: 21 x 21 x 20 cm<\/p>\n<p>Ieteicamais vecums: no 3 gadiem<\/p>\n<p>Nepiecie\u0161amie elementi: 4xAA<\/p>\n","protected":false},"featured_media":39669,"comment_status":"open","ping_status":"closed","template":"","meta":[],"product_brand":[],"product_cat":[1261,1155],"product_tag":[],"class_list":{"0":"post-42665","1":"product","2":"type-product","3":"status-publish","4":"has-post-thumbnail","6":"product_cat-skaistumkopsanas-komplekti-un-kosmetika-meitenem","7":"product_cat-leti","8":"pa_prek-s-tipas-kosmetikas-galdi","10":"first","11":"instock","12":"sale","13":"taxable","14":"shipping-taxable","15":"purchasable","16":"product-type-simple"},"yoast_head":"<!-- This site is optimized with the Yoast SEO plugin v26.3 - https:\/\/yoast.com\/wordpress\/plugins\/seo\/ -->\n<title>Rota\u013clietu kosm\u0113tikas galds - Toys.lt<\/title>\n<meta name=\"robots\" content=\"index, follow, max-snippet:-1, max-image-preview:large, max-video-preview:-1\" \/>\n<link rel=\"canonical\" href=\"https:\/\/toys.lt\/lv\/produktas\/rotallietu-kosmetikas-galds-5\/\" \/>\n<meta property=\"og:locale\" content=\"lv_LV\" \/>\n<meta property=\"og:type\" content=\"article\" \/>\n<meta property=\"og:title\" content=\"Rota\u013clietu kosm\u0113tikas galds - Toys.lt\" \/>\n<meta property=\"og:description\" content=\"Iepakojuma izm\u0113ri: 47 x 49 x 9 cm Svars: 2,7 kg Saliekam\u0101 galda izm\u0113ri: 40 x 25 x 70 cm Kr\u0113sls: 21 x 21 x 20 cm Ieteicamais vecums: no 3 gadiem Nepiecie\u0161amie elementi: 4xAA\" \/>\n<meta property=\"og:url\" content=\"https:\/\/toys.lt\/lv\/produktas\/rotallietu-kosmetikas-galds-5\/\" \/>\n<meta property=\"og:site_name\" content=\"Toys.lt\" \/>\n<meta property=\"article:modified_time\" content=\"2026-04-08T00:02:26+00:00\" \/>\n<meta property=\"og:image\" content=\"https:\/\/toys.lt\/wp-content\/uploads\/2023\/11\/products-5618.jpg\" \/>\n\t<meta property=\"og:image:width\" content=\"700\" \/>\n\t<meta property=\"og:image:height\" content=\"700\" \/>\n\t<meta property=\"og:image:type\" content=\"image\/jpeg\" \/>\n<meta name=\"twitter:card\" content=\"summary_large_image\" \/>\n<script type=\"application\/ld+json\" class=\"yoast-schema-graph\">{\"@context\":\"https:\/\/schema.org\",\"@graph\":[{\"@type\":\"WebPage\",\"@id\":\"https:\/\/toys.lt\/lv\/produktas\/rotallietu-kosmetikas-galds-5\/\",\"url\":\"https:\/\/toys.lt\/lv\/produktas\/rotallietu-kosmetikas-galds-5\/\",\"name\":\"Rota\u013clietu kosm\u0113tikas galds - Toys.lt\",\"isPartOf\":{\"@id\":\"https:\/\/toys.lt\/lv\/#website\"},\"primaryImageOfPage\":{\"@id\":\"https:\/\/toys.lt\/lv\/produktas\/rotallietu-kosmetikas-galds-5\/#primaryimage\"},\"image\":{\"@id\":\"https:\/\/toys.lt\/lv\/produktas\/rotallietu-kosmetikas-galds-5\/#primaryimage\"},\"thumbnailUrl\":\"https:\/\/toys.lt\/wp-content\/uploads\/2023\/11\/products-5618.jpg\",\"datePublished\":\"2023-11-21T07:55:21+00:00\",\"dateModified\":\"2026-04-08T00:02:26+00:00\",\"breadcrumb\":{\"@id\":\"https:\/\/toys.lt\/lv\/produktas\/rotallietu-kosmetikas-galds-5\/#breadcrumb\"},\"inLanguage\":\"lv-LV\",\"potentialAction\":[{\"@type\":\"ReadAction\",\"target\":[\"https:\/\/toys.lt\/lv\/produktas\/rotallietu-kosmetikas-galds-5\/\"]}]},{\"@type\":\"ImageObject\",\"inLanguage\":\"lv-LV\",\"@id\":\"https:\/\/toys.lt\/lv\/produktas\/rotallietu-kosmetikas-galds-5\/#primaryimage\",\"url\":\"https:\/\/toys.lt\/wp-content\/uploads\/2023\/11\/products-5618.jpg\",\"contentUrl\":\"https:\/\/toys.lt\/wp-content\/uploads\/2023\/11\/products-5618.jpg\",\"width\":700,\"height\":700,\"caption\":\"\u017daislinis Kosmetinis stalelis\"},{\"@type\":\"BreadcrumbList\",\"@id\":\"https:\/\/toys.lt\/lv\/produktas\/rotallietu-kosmetikas-galds-5\/#breadcrumb\",\"itemListElement\":[{\"@type\":\"ListItem\",\"position\":1,\"name\":\"Home\",\"item\":\"https:\/\/toys.lt\/lv\/\"},{\"@type\":\"ListItem\",\"position\":2,\"name\":\"Veikals\",\"item\":\"https:\/\/toys.lt\/lv\/shop\/\"},{\"@type\":\"ListItem\",\"position\":3,\"name\":\"Rota\u013clietu kosm\u0113tikas galds\"}]},{\"@type\":\"WebSite\",\"@id\":\"https:\/\/toys.lt\/lv\/#website\",\"url\":\"https:\/\/toys.lt\/lv\/\",\"name\":\"Toys.lt\",\"description\":\"\",\"potentialAction\":[{\"@type\":\"SearchAction\",\"target\":{\"@type\":\"EntryPoint\",\"urlTemplate\":\"https:\/\/toys.lt\/lv\/?s={search_term_string}\"},\"query-input\":{\"@type\":\"PropertyValueSpecification\",\"valueRequired\":true,\"valueName\":\"search_term_string\"}}],\"inLanguage\":\"lv-LV\"}]}<\/script>\n<!-- \/ Yoast SEO plugin. -->","yoast_head_json":{"title":"Rota\u013clietu kosm\u0113tikas galds - Toys.lt","robots":{"index":"index","follow":"follow","max-snippet":"max-snippet:-1","max-image-preview":"max-image-preview:large","max-video-preview":"max-video-preview:-1"},"canonical":"https:\/\/toys.lt\/lv\/produktas\/rotallietu-kosmetikas-galds-5\/","og_locale":"lv_LV","og_type":"article","og_title":"Rota\u013clietu kosm\u0113tikas galds - Toys.lt","og_description":"Iepakojuma izm\u0113ri: 47 x 49 x 9 cm Svars: 2,7 kg Saliekam\u0101 galda izm\u0113ri: 40 x 25 x 70 cm Kr\u0113sls: 21 x 21 x 20 cm Ieteicamais vecums: no 3 gadiem Nepiecie\u0161amie elementi: 4xAA","og_url":"https:\/\/toys.lt\/lv\/produktas\/rotallietu-kosmetikas-galds-5\/","og_site_name":"Toys.lt","article_modified_time":"2026-04-08T00:02:26+00:00","og_image":[{"width":700,"height":700,"url":"https:\/\/toys.lt\/wp-content\/uploads\/2023\/11\/products-5618.jpg","type":"image\/jpeg"}],"twitter_card":"summary_large_image","schema":{"@context":"https:\/\/schema.org","@graph":[{"@type":"WebPage","@id":"https:\/\/toys.lt\/lv\/produktas\/rotallietu-kosmetikas-galds-5\/","url":"https:\/\/toys.lt\/lv\/produktas\/rotallietu-kosmetikas-galds-5\/","name":"Rota\u013clietu kosm\u0113tikas galds - Toys.lt","isPartOf":{"@id":"https:\/\/toys.lt\/lv\/#website"},"primaryImageOfPage":{"@id":"https:\/\/toys.lt\/lv\/produktas\/rotallietu-kosmetikas-galds-5\/#primaryimage"},"image":{"@id":"https:\/\/toys.lt\/lv\/produktas\/rotallietu-kosmetikas-galds-5\/#primaryimage"},"thumbnailUrl":"https:\/\/toys.lt\/wp-content\/uploads\/2023\/11\/products-5618.jpg","datePublished":"2023-11-21T07:55:21+00:00","dateModified":"2026-04-08T00:02:26+00:00","breadcrumb":{"@id":"https:\/\/toys.lt\/lv\/produktas\/rotallietu-kosmetikas-galds-5\/#breadcrumb"},"inLanguage":"lv-LV","potentialAction":[{"@type":"ReadAction","target":["https:\/\/toys.lt\/lv\/produktas\/rotallietu-kosmetikas-galds-5\/"]}]},{"@type":"ImageObject","inLanguage":"lv-LV","@id":"https:\/\/toys.lt\/lv\/produktas\/rotallietu-kosmetikas-galds-5\/#primaryimage","url":"https:\/\/toys.lt\/wp-content\/uploads\/2023\/11\/products-5618.jpg","contentUrl":"https:\/\/toys.lt\/wp-content\/uploads\/2023\/11\/products-5618.jpg","width":700,"height":700,"caption":"\u017daislinis Kosmetinis stalelis"},{"@type":"BreadcrumbList","@id":"https:\/\/toys.lt\/lv\/produktas\/rotallietu-kosmetikas-galds-5\/#breadcrumb","itemListElement":[{"@type":"ListItem","position":1,"name":"Home","item":"https:\/\/toys.lt\/lv\/"},{"@type":"ListItem","position":2,"name":"Veikals","item":"https:\/\/toys.lt\/lv\/shop\/"},{"@type":"ListItem","position":3,"name":"Rota\u013clietu kosm\u0113tikas galds"}]},{"@type":"WebSite","@id":"https:\/\/toys.lt\/lv\/#website","url":"https:\/\/toys.lt\/lv\/","name":"Toys.lt","description":"","potentialAction":[{"@type":"SearchAction","target":{"@type":"EntryPoint","urlTemplate":"https:\/\/toys.lt\/lv\/?s={search_term_string}"},"query-input":{"@type":"PropertyValueSpecification","valueRequired":true,"valueName":"search_term_string"}}],"inLanguage":"lv-LV"}]}},"_links":{"self":[{"href":"https:\/\/toys.lt\/lv\/wp-json\/wp\/v2\/product\/42665","targetHints":{"allow":["GET"]}}],"collection":[{"href":"https:\/\/toys.lt\/lv\/wp-json\/wp\/v2\/product"}],"about":[{"href":"https:\/\/toys.lt\/lv\/wp-json\/wp\/v2\/types\/product"}],"replies":[{"embeddable":true,"href":"https:\/\/toys.lt\/lv\/wp-json\/wp\/v2\/comments?post=42665"}],"version-history":[{"count":1,"href":"https:\/\/toys.lt\/lv\/wp-json\/wp\/v2\/product\/42665\/revisions"}],"predecessor-version":[{"id":45789,"href":"https:\/\/toys.lt\/lv\/wp-json\/wp\/v2\/product\/42665\/revisions\/45789"}],"wp:featuredmedia":[{"embeddable":true,"href":"https:\/\/toys.lt\/lv\/wp-json\/wp\/v2\/media\/39669"}],"wp:attachment":[{"href":"https:\/\/toys.lt\/lv\/wp-json\/wp\/v2\/media?parent=42665"}],"wp:term":[{"taxonomy":"product_brand","embeddable":true,"href":"https:\/\/toys.lt\/lv\/wp-json\/wp\/v2\/product_brand?post=42665"},{"taxonomy":"product_cat","embeddable":true,"href":"https:\/\/toys.lt\/lv\/wp-json\/wp\/v2\/product_cat?post=42665"},{"taxonomy":"product_tag","embeddable":true,"href":"https:\/\/toys.lt\/lv\/wp-json\/wp\/v2\/product_tag?post=42665"}],"curies":[{"name":"wp","href":"https:\/\/api.w.org\/{rel}","templated":true}]}}