{"id":42664,"date":"2023-11-21T07:45:57","date_gmt":"2023-11-21T07:45:57","guid":{"rendered":"https:\/\/toys.lt\/produktas\/konstruktors-sporta-automasina\/"},"modified":"2026-04-08T00:02:26","modified_gmt":"2026-04-08T00:02:26","slug":"konstruktors-sporta-automasina","status":"publish","type":"product","link":"https:\/\/toys.lt\/lv\/produktas\/konstruktors-sporta-automasina\/","title":{"rendered":"Konstruktors &#8211; sporta automa\u0161\u012bna"},"content":{"rendered":"<p>Konstruktors<strong>, <\/strong>lai no nulles uzb\u016bv\u0113tu automa\u0161\u012bnu, izmantojot elektrisko skr\u016bvgriezi.<\/p>\n<p>Automa\u0161\u012bnu darbina divas AG13 baterijas (iek\u013cautas komplekt\u0101)<\/p>\n<p>Skr\u016bvgriezim nepiecie\u0161amas 2 AA baterijas (nav iek\u013cautas komplekt\u0101).<\/p>\n","protected":false},"excerpt":{"rendered":"<p>Izcelsmes valsts: \u0136\u012bna<\/p>\n<p>Iepakojuma izm\u0113ri: 23 x 10 x 9 cm<\/p>\n<p>Ma\u0161\u012bnas izm\u0113ri: 30 x 12 x 24 cm<\/p>\n<p>Ieteicamais vecums: no 3 gadiem<\/p>\n<p>Nepiecie\u0161amie elementi: 2xAA<\/p>\n","protected":false},"featured_media":39665,"comment_status":"open","ping_status":"closed","template":"","meta":[],"product_brand":[],"product_cat":[1158,1155],"product_tag":[],"class_list":{"0":"post-42664","1":"product","2":"type-product","3":"status-publish","4":"has-post-thumbnail","6":"product_cat-konstruktori","7":"product_cat-leti","8":"pa_amziaus-grupe-3-lv","9":"pa_prek-s-tipas-konstruktori-un-modulu-bloki","11":"first","12":"instock","13":"taxable","14":"shipping-taxable","15":"purchasable","16":"product-type-simple"},"yoast_head":"<!-- This site is optimized with the Yoast SEO plugin v26.3 - https:\/\/yoast.com\/wordpress\/plugins\/seo\/ -->\n<title>Konstruktors - sporta automa\u0161\u012bna - Toys.lt<\/title>\n<meta name=\"robots\" content=\"index, follow, max-snippet:-1, max-image-preview:large, max-video-preview:-1\" \/>\n<link rel=\"canonical\" href=\"https:\/\/toys.lt\/lv\/produktas\/konstruktors-sporta-automasina\/\" \/>\n<meta property=\"og:locale\" content=\"lv_LV\" \/>\n<meta property=\"og:type\" content=\"article\" \/>\n<meta property=\"og:title\" content=\"Konstruktors - sporta automa\u0161\u012bna - Toys.lt\" \/>\n<meta property=\"og:description\" content=\"Izcelsmes valsts: \u0136\u012bna Iepakojuma izm\u0113ri: 23 x 10 x 9 cm Ma\u0161\u012bnas izm\u0113ri: 30 x 12 x 24 cm Ieteicamais vecums: no 3 gadiem Nepiecie\u0161amie elementi: 2xAA\" \/>\n<meta property=\"og:url\" content=\"https:\/\/toys.lt\/lv\/produktas\/konstruktors-sporta-automasina\/\" \/>\n<meta property=\"og:site_name\" content=\"Toys.lt\" \/>\n<meta property=\"article:modified_time\" content=\"2026-04-08T00:02:26+00:00\" \/>\n<meta property=\"og:image\" content=\"https:\/\/toys.lt\/wp-content\/uploads\/2023\/11\/products-5608.jpg\" \/>\n\t<meta property=\"og:image:width\" content=\"761\" \/>\n\t<meta property=\"og:image:height\" content=\"765\" \/>\n\t<meta property=\"og:image:type\" content=\"image\/jpeg\" \/>\n<meta name=\"twitter:card\" content=\"summary_large_image\" \/>\n<script type=\"application\/ld+json\" class=\"yoast-schema-graph\">{\"@context\":\"https:\/\/schema.org\",\"@graph\":[{\"@type\":\"WebPage\",\"@id\":\"https:\/\/toys.lt\/lv\/produktas\/konstruktors-sporta-automasina\/\",\"url\":\"https:\/\/toys.lt\/lv\/produktas\/konstruktors-sporta-automasina\/\",\"name\":\"Konstruktors - sporta automa\u0161\u012bna - Toys.lt\",\"isPartOf\":{\"@id\":\"https:\/\/toys.lt\/lv\/#website\"},\"primaryImageOfPage\":{\"@id\":\"https:\/\/toys.lt\/lv\/produktas\/konstruktors-sporta-automasina\/#primaryimage\"},\"image\":{\"@id\":\"https:\/\/toys.lt\/lv\/produktas\/konstruktors-sporta-automasina\/#primaryimage\"},\"thumbnailUrl\":\"https:\/\/toys.lt\/wp-content\/uploads\/2023\/11\/products-5608.jpg\",\"datePublished\":\"2023-11-21T07:45:57+00:00\",\"dateModified\":\"2026-04-08T00:02:26+00:00\",\"breadcrumb\":{\"@id\":\"https:\/\/toys.lt\/lv\/produktas\/konstruktors-sporta-automasina\/#breadcrumb\"},\"inLanguage\":\"lv-LV\",\"potentialAction\":[{\"@type\":\"ReadAction\",\"target\":[\"https:\/\/toys.lt\/lv\/produktas\/konstruktors-sporta-automasina\/\"]}]},{\"@type\":\"ImageObject\",\"inLanguage\":\"lv-LV\",\"@id\":\"https:\/\/toys.lt\/lv\/produktas\/konstruktors-sporta-automasina\/#primaryimage\",\"url\":\"https:\/\/toys.lt\/wp-content\/uploads\/2023\/11\/products-5608.jpg\",\"contentUrl\":\"https:\/\/toys.lt\/wp-content\/uploads\/2023\/11\/products-5608.jpg\",\"width\":761,\"height\":765,\"caption\":\"Konstruktorius &#8211; sportinis automobilis\"},{\"@type\":\"BreadcrumbList\",\"@id\":\"https:\/\/toys.lt\/lv\/produktas\/konstruktors-sporta-automasina\/#breadcrumb\",\"itemListElement\":[{\"@type\":\"ListItem\",\"position\":1,\"name\":\"Home\",\"item\":\"https:\/\/toys.lt\/lv\/\"},{\"@type\":\"ListItem\",\"position\":2,\"name\":\"Veikals\",\"item\":\"https:\/\/toys.lt\/lv\/shop\/\"},{\"@type\":\"ListItem\",\"position\":3,\"name\":\"Konstruktors &#8211; sporta automa\u0161\u012bna\"}]},{\"@type\":\"WebSite\",\"@id\":\"https:\/\/toys.lt\/lv\/#website\",\"url\":\"https:\/\/toys.lt\/lv\/\",\"name\":\"Toys.lt\",\"description\":\"\",\"potentialAction\":[{\"@type\":\"SearchAction\",\"target\":{\"@type\":\"EntryPoint\",\"urlTemplate\":\"https:\/\/toys.lt\/lv\/?s={search_term_string}\"},\"query-input\":{\"@type\":\"PropertyValueSpecification\",\"valueRequired\":true,\"valueName\":\"search_term_string\"}}],\"inLanguage\":\"lv-LV\"}]}<\/script>\n<!-- \/ Yoast SEO plugin. -->","yoast_head_json":{"title":"Konstruktors - sporta automa\u0161\u012bna - Toys.lt","robots":{"index":"index","follow":"follow","max-snippet":"max-snippet:-1","max-image-preview":"max-image-preview:large","max-video-preview":"max-video-preview:-1"},"canonical":"https:\/\/toys.lt\/lv\/produktas\/konstruktors-sporta-automasina\/","og_locale":"lv_LV","og_type":"article","og_title":"Konstruktors - sporta automa\u0161\u012bna - Toys.lt","og_description":"Izcelsmes valsts: \u0136\u012bna Iepakojuma izm\u0113ri: 23 x 10 x 9 cm Ma\u0161\u012bnas izm\u0113ri: 30 x 12 x 24 cm Ieteicamais vecums: no 3 gadiem Nepiecie\u0161amie elementi: 2xAA","og_url":"https:\/\/toys.lt\/lv\/produktas\/konstruktors-sporta-automasina\/","og_site_name":"Toys.lt","article_modified_time":"2026-04-08T00:02:26+00:00","og_image":[{"width":761,"height":765,"url":"https:\/\/toys.lt\/wp-content\/uploads\/2023\/11\/products-5608.jpg","type":"image\/jpeg"}],"twitter_card":"summary_large_image","schema":{"@context":"https:\/\/schema.org","@graph":[{"@type":"WebPage","@id":"https:\/\/toys.lt\/lv\/produktas\/konstruktors-sporta-automasina\/","url":"https:\/\/toys.lt\/lv\/produktas\/konstruktors-sporta-automasina\/","name":"Konstruktors - sporta automa\u0161\u012bna - Toys.lt","isPartOf":{"@id":"https:\/\/toys.lt\/lv\/#website"},"primaryImageOfPage":{"@id":"https:\/\/toys.lt\/lv\/produktas\/konstruktors-sporta-automasina\/#primaryimage"},"image":{"@id":"https:\/\/toys.lt\/lv\/produktas\/konstruktors-sporta-automasina\/#primaryimage"},"thumbnailUrl":"https:\/\/toys.lt\/wp-content\/uploads\/2023\/11\/products-5608.jpg","datePublished":"2023-11-21T07:45:57+00:00","dateModified":"2026-04-08T00:02:26+00:00","breadcrumb":{"@id":"https:\/\/toys.lt\/lv\/produktas\/konstruktors-sporta-automasina\/#breadcrumb"},"inLanguage":"lv-LV","potentialAction":[{"@type":"ReadAction","target":["https:\/\/toys.lt\/lv\/produktas\/konstruktors-sporta-automasina\/"]}]},{"@type":"ImageObject","inLanguage":"lv-LV","@id":"https:\/\/toys.lt\/lv\/produktas\/konstruktors-sporta-automasina\/#primaryimage","url":"https:\/\/toys.lt\/wp-content\/uploads\/2023\/11\/products-5608.jpg","contentUrl":"https:\/\/toys.lt\/wp-content\/uploads\/2023\/11\/products-5608.jpg","width":761,"height":765,"caption":"Konstruktorius &#8211; sportinis automobilis"},{"@type":"BreadcrumbList","@id":"https:\/\/toys.lt\/lv\/produktas\/konstruktors-sporta-automasina\/#breadcrumb","itemListElement":[{"@type":"ListItem","position":1,"name":"Home","item":"https:\/\/toys.lt\/lv\/"},{"@type":"ListItem","position":2,"name":"Veikals","item":"https:\/\/toys.lt\/lv\/shop\/"},{"@type":"ListItem","position":3,"name":"Konstruktors &#8211; sporta automa\u0161\u012bna"}]},{"@type":"WebSite","@id":"https:\/\/toys.lt\/lv\/#website","url":"https:\/\/toys.lt\/lv\/","name":"Toys.lt","description":"","potentialAction":[{"@type":"SearchAction","target":{"@type":"EntryPoint","urlTemplate":"https:\/\/toys.lt\/lv\/?s={search_term_string}"},"query-input":{"@type":"PropertyValueSpecification","valueRequired":true,"valueName":"search_term_string"}}],"inLanguage":"lv-LV"}]}},"_links":{"self":[{"href":"https:\/\/toys.lt\/lv\/wp-json\/wp\/v2\/product\/42664","targetHints":{"allow":["GET"]}}],"collection":[{"href":"https:\/\/toys.lt\/lv\/wp-json\/wp\/v2\/product"}],"about":[{"href":"https:\/\/toys.lt\/lv\/wp-json\/wp\/v2\/types\/product"}],"replies":[{"embeddable":true,"href":"https:\/\/toys.lt\/lv\/wp-json\/wp\/v2\/comments?post=42664"}],"version-history":[{"count":1,"href":"https:\/\/toys.lt\/lv\/wp-json\/wp\/v2\/product\/42664\/revisions"}],"predecessor-version":[{"id":45797,"href":"https:\/\/toys.lt\/lv\/wp-json\/wp\/v2\/product\/42664\/revisions\/45797"}],"wp:featuredmedia":[{"embeddable":true,"href":"https:\/\/toys.lt\/lv\/wp-json\/wp\/v2\/media\/39665"}],"wp:attachment":[{"href":"https:\/\/toys.lt\/lv\/wp-json\/wp\/v2\/media?parent=42664"}],"wp:term":[{"taxonomy":"product_brand","embeddable":true,"href":"https:\/\/toys.lt\/lv\/wp-json\/wp\/v2\/product_brand?post=42664"},{"taxonomy":"product_cat","embeddable":true,"href":"https:\/\/toys.lt\/lv\/wp-json\/wp\/v2\/product_cat?post=42664"},{"taxonomy":"product_tag","embeddable":true,"href":"https:\/\/toys.lt\/lv\/wp-json\/wp\/v2\/product_tag?post=42664"}],"curies":[{"name":"wp","href":"https:\/\/api.w.org\/{rel}","templated":true}]}}