{"id":42658,"date":"2024-05-13T04:37:41","date_gmt":"2024-05-13T04:37:41","guid":{"rendered":"https:\/\/toys.lt\/produktas\/rotallietu-komplekts-lidmasinu-transportieris\/"},"modified":"2026-04-08T00:02:10","modified_gmt":"2026-04-08T00:02:10","slug":"rotallietu-komplekts-lidmasinu-transportieris","status":"publish","type":"product","link":"https:\/\/toys.lt\/lv\/produktas\/rotallietu-komplekts-lidmasinu-transportieris\/","title":{"rendered":"Rota\u013clietu komplekts &#8211; lidma\u0161\u012bnu transportieris"},"content":{"rendered":"<p><strong>Rota\u013clietu lidma\u0161\u012bnu p\u0101rvad\u0101t\u0101ja komplekts<\/strong> ir aizraujo\u0161s p\u0101rn\u0113s\u0101jams komplekts ar transportl\u012bdzek\u013ciem un daudz\u0101m funkcij\u0101m.<\/p>\n<p><strong>Funkcijas:<\/strong><\/p>\n<ul>\n<li>Viegli samont\u0113jams un salok\u0101ms.<\/li>\n<li>\u0112rti valk\u0101t<\/li>\n<li>Karav\u012bra fig\u016bri\u0146as<\/li>\n<li>5 transportl\u012bdzek\u013ci<\/li>\n<li>Citi piederumi<\/li>\n<\/ul>\n","protected":false},"excerpt":{"rendered":"<p>Materi\u0101ls: Plastmasa<\/p>\n<p>Ieteicamais vecums: no 3 gadiem<\/p>\n<p>Iepakojuma izm\u0113ri: 73 x 36 x 10 cm<\/p>\n<p>Svars: 1,6 kg<\/p>\n<p>Izcelsmes valsts: \u0136\u012bna.<\/p>\n","protected":false},"featured_media":39845,"comment_status":"open","ping_status":"closed","template":"","meta":[],"product_brand":[],"product_cat":[1337,1155],"product_tag":[],"class_list":{"0":"post-42658","1":"product","2":"type-product","3":"status-publish","4":"has-post-thumbnail","6":"product_cat-rotallietu-lidmasinas","7":"product_cat-leti","8":"pa_amziaus-grupe-3-lv","10":"first","11":"outofstock","12":"featured","13":"taxable","14":"shipping-taxable","15":"purchasable","16":"product-type-simple"},"yoast_head":"<!-- This site is optimized with the Yoast SEO plugin v26.3 - https:\/\/yoast.com\/wordpress\/plugins\/seo\/ -->\n<title>Rota\u013clietu komplekts - lidma\u0161\u012bnu transportieris - Toys.lt<\/title>\n<meta name=\"robots\" content=\"index, follow, max-snippet:-1, max-image-preview:large, max-video-preview:-1\" \/>\n<link rel=\"canonical\" href=\"https:\/\/toys.lt\/lv\/produktas\/rotallietu-komplekts-lidmasinu-transportieris\/\" \/>\n<meta property=\"og:locale\" content=\"lv_LV\" \/>\n<meta property=\"og:type\" content=\"article\" \/>\n<meta property=\"og:title\" content=\"Rota\u013clietu komplekts - lidma\u0161\u012bnu transportieris - Toys.lt\" \/>\n<meta property=\"og:description\" content=\"Materi\u0101ls: Plastmasa Ieteicamais vecums: no 3 gadiem Iepakojuma izm\u0113ri: 73 x 36 x 10 cm Svars: 1,6 kg Izcelsmes valsts: \u0136\u012bna.\" \/>\n<meta property=\"og:url\" content=\"https:\/\/toys.lt\/lv\/produktas\/rotallietu-komplekts-lidmasinu-transportieris\/\" \/>\n<meta property=\"og:site_name\" content=\"Toys.lt\" \/>\n<meta property=\"article:modified_time\" content=\"2026-04-08T00:02:10+00:00\" \/>\n<meta property=\"og:image\" content=\"https:\/\/toys.lt\/wp-content\/uploads\/2024\/05\/products-5922.jpg\" \/>\n\t<meta property=\"og:image:width\" content=\"826\" \/>\n\t<meta property=\"og:image:height\" content=\"578\" \/>\n\t<meta property=\"og:image:type\" content=\"image\/jpeg\" \/>\n<meta name=\"twitter:card\" content=\"summary_large_image\" \/>\n<script type=\"application\/ld+json\" class=\"yoast-schema-graph\">{\"@context\":\"https:\/\/schema.org\",\"@graph\":[{\"@type\":\"WebPage\",\"@id\":\"https:\/\/toys.lt\/lv\/produktas\/rotallietu-komplekts-lidmasinu-transportieris\/\",\"url\":\"https:\/\/toys.lt\/lv\/produktas\/rotallietu-komplekts-lidmasinu-transportieris\/\",\"name\":\"Rota\u013clietu komplekts - lidma\u0161\u012bnu transportieris - Toys.lt\",\"isPartOf\":{\"@id\":\"https:\/\/toys.lt\/lv\/#website\"},\"primaryImageOfPage\":{\"@id\":\"https:\/\/toys.lt\/lv\/produktas\/rotallietu-komplekts-lidmasinu-transportieris\/#primaryimage\"},\"image\":{\"@id\":\"https:\/\/toys.lt\/lv\/produktas\/rotallietu-komplekts-lidmasinu-transportieris\/#primaryimage\"},\"thumbnailUrl\":\"https:\/\/toys.lt\/wp-content\/uploads\/2024\/05\/products-5922.jpg\",\"datePublished\":\"2024-05-13T04:37:41+00:00\",\"dateModified\":\"2026-04-08T00:02:10+00:00\",\"breadcrumb\":{\"@id\":\"https:\/\/toys.lt\/lv\/produktas\/rotallietu-komplekts-lidmasinu-transportieris\/#breadcrumb\"},\"inLanguage\":\"lv-LV\",\"potentialAction\":[{\"@type\":\"ReadAction\",\"target\":[\"https:\/\/toys.lt\/lv\/produktas\/rotallietu-komplekts-lidmasinu-transportieris\/\"]}]},{\"@type\":\"ImageObject\",\"inLanguage\":\"lv-LV\",\"@id\":\"https:\/\/toys.lt\/lv\/produktas\/rotallietu-komplekts-lidmasinu-transportieris\/#primaryimage\",\"url\":\"https:\/\/toys.lt\/wp-content\/uploads\/2024\/05\/products-5922.jpg\",\"contentUrl\":\"https:\/\/toys.lt\/wp-content\/uploads\/2024\/05\/products-5922.jpg\",\"width\":826,\"height\":578,\"caption\":\"\u017daislinis rinkinys &#8211; l\u0117ktuvne\u0161is\"},{\"@type\":\"BreadcrumbList\",\"@id\":\"https:\/\/toys.lt\/lv\/produktas\/rotallietu-komplekts-lidmasinu-transportieris\/#breadcrumb\",\"itemListElement\":[{\"@type\":\"ListItem\",\"position\":1,\"name\":\"Home\",\"item\":\"https:\/\/toys.lt\/lv\/\"},{\"@type\":\"ListItem\",\"position\":2,\"name\":\"Veikals\",\"item\":\"https:\/\/toys.lt\/lv\/shop\/\"},{\"@type\":\"ListItem\",\"position\":3,\"name\":\"Rota\u013clietu komplekts &#8211; lidma\u0161\u012bnu transportieris\"}]},{\"@type\":\"WebSite\",\"@id\":\"https:\/\/toys.lt\/lv\/#website\",\"url\":\"https:\/\/toys.lt\/lv\/\",\"name\":\"Toys.lt\",\"description\":\"\",\"potentialAction\":[{\"@type\":\"SearchAction\",\"target\":{\"@type\":\"EntryPoint\",\"urlTemplate\":\"https:\/\/toys.lt\/lv\/?s={search_term_string}\"},\"query-input\":{\"@type\":\"PropertyValueSpecification\",\"valueRequired\":true,\"valueName\":\"search_term_string\"}}],\"inLanguage\":\"lv-LV\"}]}<\/script>\n<!-- \/ Yoast SEO plugin. -->","yoast_head_json":{"title":"Rota\u013clietu komplekts - lidma\u0161\u012bnu transportieris - Toys.lt","robots":{"index":"index","follow":"follow","max-snippet":"max-snippet:-1","max-image-preview":"max-image-preview:large","max-video-preview":"max-video-preview:-1"},"canonical":"https:\/\/toys.lt\/lv\/produktas\/rotallietu-komplekts-lidmasinu-transportieris\/","og_locale":"lv_LV","og_type":"article","og_title":"Rota\u013clietu komplekts - lidma\u0161\u012bnu transportieris - Toys.lt","og_description":"Materi\u0101ls: Plastmasa Ieteicamais vecums: no 3 gadiem Iepakojuma izm\u0113ri: 73 x 36 x 10 cm Svars: 1,6 kg Izcelsmes valsts: \u0136\u012bna.","og_url":"https:\/\/toys.lt\/lv\/produktas\/rotallietu-komplekts-lidmasinu-transportieris\/","og_site_name":"Toys.lt","article_modified_time":"2026-04-08T00:02:10+00:00","og_image":[{"width":826,"height":578,"url":"https:\/\/toys.lt\/wp-content\/uploads\/2024\/05\/products-5922.jpg","type":"image\/jpeg"}],"twitter_card":"summary_large_image","schema":{"@context":"https:\/\/schema.org","@graph":[{"@type":"WebPage","@id":"https:\/\/toys.lt\/lv\/produktas\/rotallietu-komplekts-lidmasinu-transportieris\/","url":"https:\/\/toys.lt\/lv\/produktas\/rotallietu-komplekts-lidmasinu-transportieris\/","name":"Rota\u013clietu komplekts - lidma\u0161\u012bnu transportieris - Toys.lt","isPartOf":{"@id":"https:\/\/toys.lt\/lv\/#website"},"primaryImageOfPage":{"@id":"https:\/\/toys.lt\/lv\/produktas\/rotallietu-komplekts-lidmasinu-transportieris\/#primaryimage"},"image":{"@id":"https:\/\/toys.lt\/lv\/produktas\/rotallietu-komplekts-lidmasinu-transportieris\/#primaryimage"},"thumbnailUrl":"https:\/\/toys.lt\/wp-content\/uploads\/2024\/05\/products-5922.jpg","datePublished":"2024-05-13T04:37:41+00:00","dateModified":"2026-04-08T00:02:10+00:00","breadcrumb":{"@id":"https:\/\/toys.lt\/lv\/produktas\/rotallietu-komplekts-lidmasinu-transportieris\/#breadcrumb"},"inLanguage":"lv-LV","potentialAction":[{"@type":"ReadAction","target":["https:\/\/toys.lt\/lv\/produktas\/rotallietu-komplekts-lidmasinu-transportieris\/"]}]},{"@type":"ImageObject","inLanguage":"lv-LV","@id":"https:\/\/toys.lt\/lv\/produktas\/rotallietu-komplekts-lidmasinu-transportieris\/#primaryimage","url":"https:\/\/toys.lt\/wp-content\/uploads\/2024\/05\/products-5922.jpg","contentUrl":"https:\/\/toys.lt\/wp-content\/uploads\/2024\/05\/products-5922.jpg","width":826,"height":578,"caption":"\u017daislinis rinkinys &#8211; l\u0117ktuvne\u0161is"},{"@type":"BreadcrumbList","@id":"https:\/\/toys.lt\/lv\/produktas\/rotallietu-komplekts-lidmasinu-transportieris\/#breadcrumb","itemListElement":[{"@type":"ListItem","position":1,"name":"Home","item":"https:\/\/toys.lt\/lv\/"},{"@type":"ListItem","position":2,"name":"Veikals","item":"https:\/\/toys.lt\/lv\/shop\/"},{"@type":"ListItem","position":3,"name":"Rota\u013clietu komplekts &#8211; lidma\u0161\u012bnu transportieris"}]},{"@type":"WebSite","@id":"https:\/\/toys.lt\/lv\/#website","url":"https:\/\/toys.lt\/lv\/","name":"Toys.lt","description":"","potentialAction":[{"@type":"SearchAction","target":{"@type":"EntryPoint","urlTemplate":"https:\/\/toys.lt\/lv\/?s={search_term_string}"},"query-input":{"@type":"PropertyValueSpecification","valueRequired":true,"valueName":"search_term_string"}}],"inLanguage":"lv-LV"}]}},"_links":{"self":[{"href":"https:\/\/toys.lt\/lv\/wp-json\/wp\/v2\/product\/42658","targetHints":{"allow":["GET"]}}],"collection":[{"href":"https:\/\/toys.lt\/lv\/wp-json\/wp\/v2\/product"}],"about":[{"href":"https:\/\/toys.lt\/lv\/wp-json\/wp\/v2\/types\/product"}],"replies":[{"embeddable":true,"href":"https:\/\/toys.lt\/lv\/wp-json\/wp\/v2\/comments?post=42658"}],"version-history":[{"count":1,"href":"https:\/\/toys.lt\/lv\/wp-json\/wp\/v2\/product\/42658\/revisions"}],"predecessor-version":[{"id":45849,"href":"https:\/\/toys.lt\/lv\/wp-json\/wp\/v2\/product\/42658\/revisions\/45849"}],"wp:featuredmedia":[{"embeddable":true,"href":"https:\/\/toys.lt\/lv\/wp-json\/wp\/v2\/media\/39845"}],"wp:attachment":[{"href":"https:\/\/toys.lt\/lv\/wp-json\/wp\/v2\/media?parent=42658"}],"wp:term":[{"taxonomy":"product_brand","embeddable":true,"href":"https:\/\/toys.lt\/lv\/wp-json\/wp\/v2\/product_brand?post=42658"},{"taxonomy":"product_cat","embeddable":true,"href":"https:\/\/toys.lt\/lv\/wp-json\/wp\/v2\/product_cat?post=42658"},{"taxonomy":"product_tag","embeddable":true,"href":"https:\/\/toys.lt\/lv\/wp-json\/wp\/v2\/product_tag?post=42658"}],"curies":[{"name":"wp","href":"https:\/\/api.w.org\/{rel}","templated":true}]}}