{"id":42656,"date":"2024-05-10T05:50:54","date_gmt":"2024-05-10T05:50:54","guid":{"rendered":"https:\/\/toys.lt\/produktas\/rotallietu-trolejbuss-inerce-116\/"},"modified":"2026-02-17T00:03:23","modified_gmt":"2026-02-17T00:03:23","slug":"rotallietu-trolejbuss-inerce-116","status":"publish","type":"product","link":"https:\/\/toys.lt\/lv\/produktas\/rotallietu-trolejbuss-inerce-116\/","title":{"rendered":"Rota\u013clietu trolejbuss &#8211; inerce 1:16"},"content":{"rendered":"<p><strong>Funkcijas:<\/strong><\/p>\n<ul>\n<li>Ska\u0146as (brauk\u0161anas ska\u0146a, dzin\u0113ja iedarbin\u0101\u0161ana) un gaismas<\/li>\n<li>Durvis darbos<\/li>\n<li>Gumijas riepas<\/li>\n<li>Inerces meh\u0101nisms<\/li>\n<\/ul>\n","protected":false},"excerpt":{"rendered":"<p>Izm\u0113ri: 44 x 7 x 9 cm<\/p>\n<p>Iepakojuma izm\u0113ri: 48 x 11 x 18 cm<\/p>\n<p>Ieteicamais vecums: no 3 gadiem<\/p>\n<p>Materi\u0101ls: plastmasa<\/p>\n<p>Izcelsmes valsts: \u0136\u012bna<\/p>\n<p>Darbojas ar 3 x AG13 baterij\u0101m.<\/p>\n","protected":false},"featured_media":39838,"comment_status":"open","ping_status":"closed","template":"","meta":[],"product_brand":[],"product_cat":[1176,1155],"product_tag":[],"class_list":{"0":"post-42656","1":"product","2":"type-product","3":"status-publish","4":"has-post-thumbnail","6":"product_cat-rotallietas-zeniem","7":"product_cat-leti","8":"pa_amziaus-grupe-3-lv","10":"first","11":"outofstock","12":"taxable","13":"shipping-taxable","14":"purchasable","15":"product-type-simple"},"yoast_head":"<!-- This site is optimized with the Yoast SEO plugin v26.3 - https:\/\/yoast.com\/wordpress\/plugins\/seo\/ -->\n<title>Rota\u013clietu trolejbuss - inerce 1:16 - Toys.lt<\/title>\n<meta name=\"robots\" content=\"index, follow, max-snippet:-1, max-image-preview:large, max-video-preview:-1\" \/>\n<link rel=\"canonical\" href=\"https:\/\/toys.lt\/lv\/produktas\/rotallietu-trolejbuss-inerce-116\/\" \/>\n<meta property=\"og:locale\" content=\"lv_LV\" \/>\n<meta property=\"og:type\" content=\"article\" \/>\n<meta property=\"og:title\" content=\"Rota\u013clietu trolejbuss - inerce 1:16 - Toys.lt\" \/>\n<meta property=\"og:description\" content=\"Izm\u0113ri: 44 x 7 x 9 cm Iepakojuma izm\u0113ri: 48 x 11 x 18 cm Ieteicamais vecums: no 3 gadiem Materi\u0101ls: plastmasa Izcelsmes valsts: \u0136\u012bna Darbojas ar 3 x AG13 baterij\u0101m.\" \/>\n<meta property=\"og:url\" content=\"https:\/\/toys.lt\/lv\/produktas\/rotallietu-trolejbuss-inerce-116\/\" \/>\n<meta property=\"og:site_name\" content=\"Toys.lt\" \/>\n<meta property=\"article:modified_time\" content=\"2026-02-17T00:03:23+00:00\" \/>\n<meta property=\"og:image\" content=\"https:\/\/toys.lt\/wp-content\/uploads\/2024\/05\/products-5904.jpg\" \/>\n\t<meta property=\"og:image:width\" content=\"853\" \/>\n\t<meta property=\"og:image:height\" content=\"454\" \/>\n\t<meta property=\"og:image:type\" content=\"image\/jpeg\" \/>\n<meta name=\"twitter:card\" content=\"summary_large_image\" \/>\n<script type=\"application\/ld+json\" class=\"yoast-schema-graph\">{\"@context\":\"https:\/\/schema.org\",\"@graph\":[{\"@type\":\"WebPage\",\"@id\":\"https:\/\/toys.lt\/lv\/produktas\/rotallietu-trolejbuss-inerce-116\/\",\"url\":\"https:\/\/toys.lt\/lv\/produktas\/rotallietu-trolejbuss-inerce-116\/\",\"name\":\"Rota\u013clietu trolejbuss - inerce 1:16 - Toys.lt\",\"isPartOf\":{\"@id\":\"https:\/\/toys.lt\/lv\/#website\"},\"primaryImageOfPage\":{\"@id\":\"https:\/\/toys.lt\/lv\/produktas\/rotallietu-trolejbuss-inerce-116\/#primaryimage\"},\"image\":{\"@id\":\"https:\/\/toys.lt\/lv\/produktas\/rotallietu-trolejbuss-inerce-116\/#primaryimage\"},\"thumbnailUrl\":\"https:\/\/toys.lt\/wp-content\/uploads\/2024\/05\/products-5904.jpg\",\"datePublished\":\"2024-05-10T05:50:54+00:00\",\"dateModified\":\"2026-02-17T00:03:23+00:00\",\"breadcrumb\":{\"@id\":\"https:\/\/toys.lt\/lv\/produktas\/rotallietu-trolejbuss-inerce-116\/#breadcrumb\"},\"inLanguage\":\"lv-LV\",\"potentialAction\":[{\"@type\":\"ReadAction\",\"target\":[\"https:\/\/toys.lt\/lv\/produktas\/rotallietu-trolejbuss-inerce-116\/\"]}]},{\"@type\":\"ImageObject\",\"inLanguage\":\"lv-LV\",\"@id\":\"https:\/\/toys.lt\/lv\/produktas\/rotallietu-trolejbuss-inerce-116\/#primaryimage\",\"url\":\"https:\/\/toys.lt\/wp-content\/uploads\/2024\/05\/products-5904.jpg\",\"contentUrl\":\"https:\/\/toys.lt\/wp-content\/uploads\/2024\/05\/products-5904.jpg\",\"width\":853,\"height\":454,\"caption\":\"\u017daislinis troleibusas &#8211; inercinis 1:16\"},{\"@type\":\"BreadcrumbList\",\"@id\":\"https:\/\/toys.lt\/lv\/produktas\/rotallietu-trolejbuss-inerce-116\/#breadcrumb\",\"itemListElement\":[{\"@type\":\"ListItem\",\"position\":1,\"name\":\"Home\",\"item\":\"https:\/\/toys.lt\/lv\/\"},{\"@type\":\"ListItem\",\"position\":2,\"name\":\"Veikals\",\"item\":\"https:\/\/toys.lt\/lv\/shop\/\"},{\"@type\":\"ListItem\",\"position\":3,\"name\":\"Rota\u013clietu trolejbuss &#8211; inerce 1:16\"}]},{\"@type\":\"WebSite\",\"@id\":\"https:\/\/toys.lt\/lv\/#website\",\"url\":\"https:\/\/toys.lt\/lv\/\",\"name\":\"Toys.lt\",\"description\":\"\",\"potentialAction\":[{\"@type\":\"SearchAction\",\"target\":{\"@type\":\"EntryPoint\",\"urlTemplate\":\"https:\/\/toys.lt\/lv\/?s={search_term_string}\"},\"query-input\":{\"@type\":\"PropertyValueSpecification\",\"valueRequired\":true,\"valueName\":\"search_term_string\"}}],\"inLanguage\":\"lv-LV\"}]}<\/script>\n<!-- \/ Yoast SEO plugin. -->","yoast_head_json":{"title":"Rota\u013clietu trolejbuss - inerce 1:16 - Toys.lt","robots":{"index":"index","follow":"follow","max-snippet":"max-snippet:-1","max-image-preview":"max-image-preview:large","max-video-preview":"max-video-preview:-1"},"canonical":"https:\/\/toys.lt\/lv\/produktas\/rotallietu-trolejbuss-inerce-116\/","og_locale":"lv_LV","og_type":"article","og_title":"Rota\u013clietu trolejbuss - inerce 1:16 - Toys.lt","og_description":"Izm\u0113ri: 44 x 7 x 9 cm Iepakojuma izm\u0113ri: 48 x 11 x 18 cm Ieteicamais vecums: no 3 gadiem Materi\u0101ls: plastmasa Izcelsmes valsts: \u0136\u012bna Darbojas ar 3 x AG13 baterij\u0101m.","og_url":"https:\/\/toys.lt\/lv\/produktas\/rotallietu-trolejbuss-inerce-116\/","og_site_name":"Toys.lt","article_modified_time":"2026-02-17T00:03:23+00:00","og_image":[{"width":853,"height":454,"url":"https:\/\/toys.lt\/wp-content\/uploads\/2024\/05\/products-5904.jpg","type":"image\/jpeg"}],"twitter_card":"summary_large_image","schema":{"@context":"https:\/\/schema.org","@graph":[{"@type":"WebPage","@id":"https:\/\/toys.lt\/lv\/produktas\/rotallietu-trolejbuss-inerce-116\/","url":"https:\/\/toys.lt\/lv\/produktas\/rotallietu-trolejbuss-inerce-116\/","name":"Rota\u013clietu trolejbuss - inerce 1:16 - Toys.lt","isPartOf":{"@id":"https:\/\/toys.lt\/lv\/#website"},"primaryImageOfPage":{"@id":"https:\/\/toys.lt\/lv\/produktas\/rotallietu-trolejbuss-inerce-116\/#primaryimage"},"image":{"@id":"https:\/\/toys.lt\/lv\/produktas\/rotallietu-trolejbuss-inerce-116\/#primaryimage"},"thumbnailUrl":"https:\/\/toys.lt\/wp-content\/uploads\/2024\/05\/products-5904.jpg","datePublished":"2024-05-10T05:50:54+00:00","dateModified":"2026-02-17T00:03:23+00:00","breadcrumb":{"@id":"https:\/\/toys.lt\/lv\/produktas\/rotallietu-trolejbuss-inerce-116\/#breadcrumb"},"inLanguage":"lv-LV","potentialAction":[{"@type":"ReadAction","target":["https:\/\/toys.lt\/lv\/produktas\/rotallietu-trolejbuss-inerce-116\/"]}]},{"@type":"ImageObject","inLanguage":"lv-LV","@id":"https:\/\/toys.lt\/lv\/produktas\/rotallietu-trolejbuss-inerce-116\/#primaryimage","url":"https:\/\/toys.lt\/wp-content\/uploads\/2024\/05\/products-5904.jpg","contentUrl":"https:\/\/toys.lt\/wp-content\/uploads\/2024\/05\/products-5904.jpg","width":853,"height":454,"caption":"\u017daislinis troleibusas &#8211; inercinis 1:16"},{"@type":"BreadcrumbList","@id":"https:\/\/toys.lt\/lv\/produktas\/rotallietu-trolejbuss-inerce-116\/#breadcrumb","itemListElement":[{"@type":"ListItem","position":1,"name":"Home","item":"https:\/\/toys.lt\/lv\/"},{"@type":"ListItem","position":2,"name":"Veikals","item":"https:\/\/toys.lt\/lv\/shop\/"},{"@type":"ListItem","position":3,"name":"Rota\u013clietu trolejbuss &#8211; inerce 1:16"}]},{"@type":"WebSite","@id":"https:\/\/toys.lt\/lv\/#website","url":"https:\/\/toys.lt\/lv\/","name":"Toys.lt","description":"","potentialAction":[{"@type":"SearchAction","target":{"@type":"EntryPoint","urlTemplate":"https:\/\/toys.lt\/lv\/?s={search_term_string}"},"query-input":{"@type":"PropertyValueSpecification","valueRequired":true,"valueName":"search_term_string"}}],"inLanguage":"lv-LV"}]}},"_links":{"self":[{"href":"https:\/\/toys.lt\/lv\/wp-json\/wp\/v2\/product\/42656","targetHints":{"allow":["GET"]}}],"collection":[{"href":"https:\/\/toys.lt\/lv\/wp-json\/wp\/v2\/product"}],"about":[{"href":"https:\/\/toys.lt\/lv\/wp-json\/wp\/v2\/types\/product"}],"replies":[{"embeddable":true,"href":"https:\/\/toys.lt\/lv\/wp-json\/wp\/v2\/comments?post=42656"}],"version-history":[{"count":1,"href":"https:\/\/toys.lt\/lv\/wp-json\/wp\/v2\/product\/42656\/revisions"}],"predecessor-version":[{"id":45846,"href":"https:\/\/toys.lt\/lv\/wp-json\/wp\/v2\/product\/42656\/revisions\/45846"}],"wp:featuredmedia":[{"embeddable":true,"href":"https:\/\/toys.lt\/lv\/wp-json\/wp\/v2\/media\/39838"}],"wp:attachment":[{"href":"https:\/\/toys.lt\/lv\/wp-json\/wp\/v2\/media?parent=42656"}],"wp:term":[{"taxonomy":"product_brand","embeddable":true,"href":"https:\/\/toys.lt\/lv\/wp-json\/wp\/v2\/product_brand?post=42656"},{"taxonomy":"product_cat","embeddable":true,"href":"https:\/\/toys.lt\/lv\/wp-json\/wp\/v2\/product_cat?post=42656"},{"taxonomy":"product_tag","embeddable":true,"href":"https:\/\/toys.lt\/lv\/wp-json\/wp\/v2\/product_tag?post=42656"}],"curies":[{"name":"wp","href":"https:\/\/api.w.org\/{rel}","templated":true}]}}