{"id":42652,"date":"2024-05-08T04:46:36","date_gmt":"2024-05-08T04:46:36","guid":{"rendered":"https:\/\/toys.lt\/produktas\/galda-spele-connect-4\/"},"modified":"2026-02-17T00:03:30","modified_gmt":"2026-02-17T00:03:30","slug":"galda-spele-connect-4","status":"publish","type":"product","link":"https:\/\/toys.lt\/lv\/produktas\/galda-spele-connect-4\/","title":{"rendered":"Galda sp\u0113le &#8211; Connect 4"},"content":{"rendered":"<p>Klasisk\u0101 &#8220;Connect 4&#8221; sp\u0113le, kur\u0101 ir j\u0101savieno 4 fig\u016bri\u0146as, lai izveidotu vertik\u0101lu, horizont\u0101lu vai diagon\u0101lu l\u012bniju. Sp\u0113l\u0113t\u0101ji veic g\u0101jienus p\u0113c k\u0101rtas, un uzvar tas sp\u0113l\u0113t\u0101js, kur\u0161 pirmais izveido 4 fig\u016bri\u0146u l\u012bniju. <\/p>\n","protected":false},"excerpt":{"rendered":"<p>Produkta veids: galda sp\u0113le<\/p>\n<p>Izcelsmes valsts: \u0136\u012bna<\/p>\n<p>Iepakojuma izm\u0113ri: 31 X 31 X 5 cm<\/p>\n<p>Produkta materi\u0101ls: plastmasa<\/p>\n<p>Ieteicamais vecums: no 3 gadiem.<\/p>\n","protected":false},"featured_media":39795,"comment_status":"open","ping_status":"closed","template":"","meta":[],"product_brand":[],"product_cat":[1280,1180,1176,1157],"product_tag":[],"class_list":{"0":"post-42652","1":"product","2":"type-product","3":"status-publish","4":"has-post-thumbnail","6":"product_cat-galda-speles","7":"product_cat-rotallietas-meitenem","8":"product_cat-rotallietas-zeniem","9":"product_cat-izglitojosas-un-interaktivas-rotallietas","10":"pa_amziaus-grupe-3-lv","11":"pa_prek-s-tipas-galda-speles","13":"first","14":"instock","15":"taxable","16":"shipping-taxable","17":"purchasable","18":"product-type-simple"},"yoast_head":"<!-- This site is optimized with the Yoast SEO plugin v26.3 - https:\/\/yoast.com\/wordpress\/plugins\/seo\/ -->\n<title>Galda sp\u0113le - Connect 4 - Toys.lt<\/title>\n<meta name=\"robots\" content=\"index, follow, max-snippet:-1, max-image-preview:large, max-video-preview:-1\" \/>\n<link rel=\"canonical\" href=\"https:\/\/toys.lt\/lv\/produktas\/galda-spele-connect-4\/\" \/>\n<meta property=\"og:locale\" content=\"lv_LV\" \/>\n<meta property=\"og:type\" content=\"article\" \/>\n<meta property=\"og:title\" content=\"Galda sp\u0113le - Connect 4 - Toys.lt\" \/>\n<meta property=\"og:description\" content=\"Produkta veids: galda sp\u0113le Izcelsmes valsts: \u0136\u012bna Iepakojuma izm\u0113ri: 31 X 31 X 5 cm Produkta materi\u0101ls: plastmasa Ieteicamais vecums: no 3 gadiem.\" \/>\n<meta property=\"og:url\" content=\"https:\/\/toys.lt\/lv\/produktas\/galda-spele-connect-4\/\" \/>\n<meta property=\"og:site_name\" content=\"Toys.lt\" \/>\n<meta property=\"article:modified_time\" content=\"2026-02-17T00:03:30+00:00\" \/>\n<meta property=\"og:image\" content=\"https:\/\/toys.lt\/wp-content\/uploads\/2024\/05\/products-5822-scaled.jpg\" \/>\n\t<meta property=\"og:image:width\" content=\"2560\" \/>\n\t<meta property=\"og:image:height\" content=\"1639\" \/>\n\t<meta property=\"og:image:type\" content=\"image\/jpeg\" \/>\n<meta name=\"twitter:card\" content=\"summary_large_image\" \/>\n<script type=\"application\/ld+json\" class=\"yoast-schema-graph\">{\"@context\":\"https:\/\/schema.org\",\"@graph\":[{\"@type\":\"WebPage\",\"@id\":\"https:\/\/toys.lt\/lv\/produktas\/galda-spele-connect-4\/\",\"url\":\"https:\/\/toys.lt\/lv\/produktas\/galda-spele-connect-4\/\",\"name\":\"Galda sp\u0113le - Connect 4 - Toys.lt\",\"isPartOf\":{\"@id\":\"https:\/\/toys.lt\/lv\/#website\"},\"primaryImageOfPage\":{\"@id\":\"https:\/\/toys.lt\/lv\/produktas\/galda-spele-connect-4\/#primaryimage\"},\"image\":{\"@id\":\"https:\/\/toys.lt\/lv\/produktas\/galda-spele-connect-4\/#primaryimage\"},\"thumbnailUrl\":\"https:\/\/toys.lt\/wp-content\/uploads\/2024\/05\/products-5822-scaled.jpg\",\"datePublished\":\"2024-05-08T04:46:36+00:00\",\"dateModified\":\"2026-02-17T00:03:30+00:00\",\"breadcrumb\":{\"@id\":\"https:\/\/toys.lt\/lv\/produktas\/galda-spele-connect-4\/#breadcrumb\"},\"inLanguage\":\"lv-LV\",\"potentialAction\":[{\"@type\":\"ReadAction\",\"target\":[\"https:\/\/toys.lt\/lv\/produktas\/galda-spele-connect-4\/\"]}]},{\"@type\":\"ImageObject\",\"inLanguage\":\"lv-LV\",\"@id\":\"https:\/\/toys.lt\/lv\/produktas\/galda-spele-connect-4\/#primaryimage\",\"url\":\"https:\/\/toys.lt\/wp-content\/uploads\/2024\/05\/products-5822-scaled.jpg\",\"contentUrl\":\"https:\/\/toys.lt\/wp-content\/uploads\/2024\/05\/products-5822-scaled.jpg\",\"width\":2560,\"height\":1639,\"caption\":\"Stalo \u017eaidimas &#8211; Connect 4 (sujunk 4)\"},{\"@type\":\"BreadcrumbList\",\"@id\":\"https:\/\/toys.lt\/lv\/produktas\/galda-spele-connect-4\/#breadcrumb\",\"itemListElement\":[{\"@type\":\"ListItem\",\"position\":1,\"name\":\"Home\",\"item\":\"https:\/\/toys.lt\/lv\/\"},{\"@type\":\"ListItem\",\"position\":2,\"name\":\"Veikals\",\"item\":\"https:\/\/toys.lt\/lv\/shop\/\"},{\"@type\":\"ListItem\",\"position\":3,\"name\":\"Galda sp\u0113le &#8211; Connect 4\"}]},{\"@type\":\"WebSite\",\"@id\":\"https:\/\/toys.lt\/lv\/#website\",\"url\":\"https:\/\/toys.lt\/lv\/\",\"name\":\"Toys.lt\",\"description\":\"\",\"potentialAction\":[{\"@type\":\"SearchAction\",\"target\":{\"@type\":\"EntryPoint\",\"urlTemplate\":\"https:\/\/toys.lt\/lv\/?s={search_term_string}\"},\"query-input\":{\"@type\":\"PropertyValueSpecification\",\"valueRequired\":true,\"valueName\":\"search_term_string\"}}],\"inLanguage\":\"lv-LV\"}]}<\/script>\n<!-- \/ Yoast SEO plugin. -->","yoast_head_json":{"title":"Galda sp\u0113le - Connect 4 - Toys.lt","robots":{"index":"index","follow":"follow","max-snippet":"max-snippet:-1","max-image-preview":"max-image-preview:large","max-video-preview":"max-video-preview:-1"},"canonical":"https:\/\/toys.lt\/lv\/produktas\/galda-spele-connect-4\/","og_locale":"lv_LV","og_type":"article","og_title":"Galda sp\u0113le - Connect 4 - Toys.lt","og_description":"Produkta veids: galda sp\u0113le Izcelsmes valsts: \u0136\u012bna Iepakojuma izm\u0113ri: 31 X 31 X 5 cm Produkta materi\u0101ls: plastmasa Ieteicamais vecums: no 3 gadiem.","og_url":"https:\/\/toys.lt\/lv\/produktas\/galda-spele-connect-4\/","og_site_name":"Toys.lt","article_modified_time":"2026-02-17T00:03:30+00:00","og_image":[{"width":2560,"height":1639,"url":"https:\/\/toys.lt\/wp-content\/uploads\/2024\/05\/products-5822-scaled.jpg","type":"image\/jpeg"}],"twitter_card":"summary_large_image","schema":{"@context":"https:\/\/schema.org","@graph":[{"@type":"WebPage","@id":"https:\/\/toys.lt\/lv\/produktas\/galda-spele-connect-4\/","url":"https:\/\/toys.lt\/lv\/produktas\/galda-spele-connect-4\/","name":"Galda sp\u0113le - Connect 4 - Toys.lt","isPartOf":{"@id":"https:\/\/toys.lt\/lv\/#website"},"primaryImageOfPage":{"@id":"https:\/\/toys.lt\/lv\/produktas\/galda-spele-connect-4\/#primaryimage"},"image":{"@id":"https:\/\/toys.lt\/lv\/produktas\/galda-spele-connect-4\/#primaryimage"},"thumbnailUrl":"https:\/\/toys.lt\/wp-content\/uploads\/2024\/05\/products-5822-scaled.jpg","datePublished":"2024-05-08T04:46:36+00:00","dateModified":"2026-02-17T00:03:30+00:00","breadcrumb":{"@id":"https:\/\/toys.lt\/lv\/produktas\/galda-spele-connect-4\/#breadcrumb"},"inLanguage":"lv-LV","potentialAction":[{"@type":"ReadAction","target":["https:\/\/toys.lt\/lv\/produktas\/galda-spele-connect-4\/"]}]},{"@type":"ImageObject","inLanguage":"lv-LV","@id":"https:\/\/toys.lt\/lv\/produktas\/galda-spele-connect-4\/#primaryimage","url":"https:\/\/toys.lt\/wp-content\/uploads\/2024\/05\/products-5822-scaled.jpg","contentUrl":"https:\/\/toys.lt\/wp-content\/uploads\/2024\/05\/products-5822-scaled.jpg","width":2560,"height":1639,"caption":"Stalo \u017eaidimas &#8211; Connect 4 (sujunk 4)"},{"@type":"BreadcrumbList","@id":"https:\/\/toys.lt\/lv\/produktas\/galda-spele-connect-4\/#breadcrumb","itemListElement":[{"@type":"ListItem","position":1,"name":"Home","item":"https:\/\/toys.lt\/lv\/"},{"@type":"ListItem","position":2,"name":"Veikals","item":"https:\/\/toys.lt\/lv\/shop\/"},{"@type":"ListItem","position":3,"name":"Galda sp\u0113le &#8211; Connect 4"}]},{"@type":"WebSite","@id":"https:\/\/toys.lt\/lv\/#website","url":"https:\/\/toys.lt\/lv\/","name":"Toys.lt","description":"","potentialAction":[{"@type":"SearchAction","target":{"@type":"EntryPoint","urlTemplate":"https:\/\/toys.lt\/lv\/?s={search_term_string}"},"query-input":{"@type":"PropertyValueSpecification","valueRequired":true,"valueName":"search_term_string"}}],"inLanguage":"lv-LV"}]}},"_links":{"self":[{"href":"https:\/\/toys.lt\/lv\/wp-json\/wp\/v2\/product\/42652","targetHints":{"allow":["GET"]}}],"collection":[{"href":"https:\/\/toys.lt\/lv\/wp-json\/wp\/v2\/product"}],"about":[{"href":"https:\/\/toys.lt\/lv\/wp-json\/wp\/v2\/types\/product"}],"replies":[{"embeddable":true,"href":"https:\/\/toys.lt\/lv\/wp-json\/wp\/v2\/comments?post=42652"}],"version-history":[{"count":0,"href":"https:\/\/toys.lt\/lv\/wp-json\/wp\/v2\/product\/42652\/revisions"}],"wp:featuredmedia":[{"embeddable":true,"href":"https:\/\/toys.lt\/lv\/wp-json\/wp\/v2\/media\/39795"}],"wp:attachment":[{"href":"https:\/\/toys.lt\/lv\/wp-json\/wp\/v2\/media?parent=42652"}],"wp:term":[{"taxonomy":"product_brand","embeddable":true,"href":"https:\/\/toys.lt\/lv\/wp-json\/wp\/v2\/product_brand?post=42652"},{"taxonomy":"product_cat","embeddable":true,"href":"https:\/\/toys.lt\/lv\/wp-json\/wp\/v2\/product_cat?post=42652"},{"taxonomy":"product_tag","embeddable":true,"href":"https:\/\/toys.lt\/lv\/wp-json\/wp\/v2\/product_tag?post=42652"}],"curies":[{"name":"wp","href":"https:\/\/api.w.org\/{rel}","templated":true}]}}