{"id":42641,"date":"2024-05-20T04:30:58","date_gmt":"2024-05-20T04:30:58","guid":{"rendered":"https:\/\/toys.lt\/produktas\/piepusamais-plosts-intex-dragon-198x173cm\/"},"modified":"2026-04-08T00:02:08","modified_gmt":"2026-04-08T00:02:08","slug":"piepusamais-plosts-intex-dragon-198x173cm","status":"publish","type":"product","link":"https:\/\/toys.lt\/lv\/produktas\/piepusamais-plosts-intex-dragon-198x173cm\/","title":{"rendered":"Piep\u016b\u0161amais plosts INTEX Dragon 198x173cm"},"content":{"rendered":"<p><strong>Piep\u016b\u0161amais plosts &#8211; p\u016b\u0137is<\/strong>.<\/p>\n<ul style=\"list-style-type: disc\">\n<li>\u0112rts un stabils dizains<\/li>\n<li>2 rokturi tur\u0113\u0161anai<\/li>\n<li>2 gaisa kameras<\/li>\n<li>Izm\u0113ri 198 x 173 cm<\/li>\n<li>Maksim\u0101l\u0101 slodze 40 kg<\/li>\n<\/ul>\n","protected":false},"excerpt":{"rendered":"<p>Produkta tips: piep\u016b\u0161amais plosts<\/p>\n<p>Produkta izm\u0113ri: 198 x 173 cm<\/p>\n<p>Iepakojuma izm\u0113ri: 24 x 26 x 10 cm<\/p>\n<p>Svars: 1,7 kg<\/p>\n<p>Maksim\u0101l\u0101 slodze: 40 kg<\/p>\n<p>Ieteicamais vecums: no 3 gadiem.<\/p>\n","protected":false},"featured_media":39881,"comment_status":"open","ping_status":"closed","template":"","meta":[],"product_brand":[],"product_cat":[1272,1155],"product_tag":[],"class_list":{"0":"post-42641","1":"product","2":"type-product","3":"status-publish","4":"has-post-thumbnail","6":"product_cat-piepusamie-plosti-pludmales-preces","7":"product_cat-leti","8":"pa_amziaus-grupe-3-lv","9":"pa_prek-s-tipas-piepusamie-plosti-pludmales-preces","10":"pa_prekes-zenklas-intex-lv","12":"first","13":"instock","14":"taxable","15":"shipping-taxable","16":"purchasable","17":"product-type-simple"},"yoast_head":"<!-- This site is optimized with the Yoast SEO plugin v26.3 - https:\/\/yoast.com\/wordpress\/plugins\/seo\/ -->\n<title>Piep\u016b\u0161amais plosts INTEX Dragon 198x173cm - Toys.lt<\/title>\n<meta name=\"robots\" content=\"index, follow, max-snippet:-1, max-image-preview:large, max-video-preview:-1\" \/>\n<link rel=\"canonical\" href=\"https:\/\/toys.lt\/lv\/produktas\/piepusamais-plosts-intex-dragon-198x173cm\/\" \/>\n<meta property=\"og:locale\" content=\"lv_LV\" \/>\n<meta property=\"og:type\" content=\"article\" \/>\n<meta property=\"og:title\" content=\"Piep\u016b\u0161amais plosts INTEX Dragon 198x173cm - Toys.lt\" \/>\n<meta property=\"og:description\" content=\"Produkta tips: piep\u016b\u0161amais plosts Produkta izm\u0113ri: 198 x 173 cm Iepakojuma izm\u0113ri: 24 x 26 x 10 cm Svars: 1,7 kg Maksim\u0101l\u0101 slodze: 40 kg Ieteicamais vecums: no 3 gadiem.\" \/>\n<meta property=\"og:url\" content=\"https:\/\/toys.lt\/lv\/produktas\/piepusamais-plosts-intex-dragon-198x173cm\/\" \/>\n<meta property=\"og:site_name\" content=\"Toys.lt\" \/>\n<meta property=\"article:modified_time\" content=\"2026-04-08T00:02:08+00:00\" \/>\n<meta property=\"og:image\" content=\"https:\/\/toys.lt\/wp-content\/uploads\/2024\/05\/products-5987.jpg\" \/>\n\t<meta property=\"og:image:width\" content=\"1586\" \/>\n\t<meta property=\"og:image:height\" content=\"1057\" \/>\n\t<meta property=\"og:image:type\" content=\"image\/jpeg\" \/>\n<meta name=\"twitter:card\" content=\"summary_large_image\" \/>\n<script type=\"application\/ld+json\" class=\"yoast-schema-graph\">{\"@context\":\"https:\/\/schema.org\",\"@graph\":[{\"@type\":\"WebPage\",\"@id\":\"https:\/\/toys.lt\/lv\/produktas\/piepusamais-plosts-intex-dragon-198x173cm\/\",\"url\":\"https:\/\/toys.lt\/lv\/produktas\/piepusamais-plosts-intex-dragon-198x173cm\/\",\"name\":\"Piep\u016b\u0161amais plosts INTEX Dragon 198x173cm - Toys.lt\",\"isPartOf\":{\"@id\":\"https:\/\/toys.lt\/lv\/#website\"},\"primaryImageOfPage\":{\"@id\":\"https:\/\/toys.lt\/lv\/produktas\/piepusamais-plosts-intex-dragon-198x173cm\/#primaryimage\"},\"image\":{\"@id\":\"https:\/\/toys.lt\/lv\/produktas\/piepusamais-plosts-intex-dragon-198x173cm\/#primaryimage\"},\"thumbnailUrl\":\"https:\/\/toys.lt\/wp-content\/uploads\/2024\/05\/products-5987.jpg\",\"datePublished\":\"2024-05-20T04:30:58+00:00\",\"dateModified\":\"2026-04-08T00:02:08+00:00\",\"breadcrumb\":{\"@id\":\"https:\/\/toys.lt\/lv\/produktas\/piepusamais-plosts-intex-dragon-198x173cm\/#breadcrumb\"},\"inLanguage\":\"lv-LV\",\"potentialAction\":[{\"@type\":\"ReadAction\",\"target\":[\"https:\/\/toys.lt\/lv\/produktas\/piepusamais-plosts-intex-dragon-198x173cm\/\"]}]},{\"@type\":\"ImageObject\",\"inLanguage\":\"lv-LV\",\"@id\":\"https:\/\/toys.lt\/lv\/produktas\/piepusamais-plosts-intex-dragon-198x173cm\/#primaryimage\",\"url\":\"https:\/\/toys.lt\/wp-content\/uploads\/2024\/05\/products-5987.jpg\",\"contentUrl\":\"https:\/\/toys.lt\/wp-content\/uploads\/2024\/05\/products-5987.jpg\",\"width\":1586,\"height\":1057,\"caption\":\"Pripu\u010diamas plaustas INTEX Dragon 198x173cm\"},{\"@type\":\"BreadcrumbList\",\"@id\":\"https:\/\/toys.lt\/lv\/produktas\/piepusamais-plosts-intex-dragon-198x173cm\/#breadcrumb\",\"itemListElement\":[{\"@type\":\"ListItem\",\"position\":1,\"name\":\"Home\",\"item\":\"https:\/\/toys.lt\/lv\/\"},{\"@type\":\"ListItem\",\"position\":2,\"name\":\"Veikals\",\"item\":\"https:\/\/toys.lt\/lv\/shop\/\"},{\"@type\":\"ListItem\",\"position\":3,\"name\":\"Piep\u016b\u0161amais plosts INTEX Dragon 198x173cm\"}]},{\"@type\":\"WebSite\",\"@id\":\"https:\/\/toys.lt\/lv\/#website\",\"url\":\"https:\/\/toys.lt\/lv\/\",\"name\":\"Toys.lt\",\"description\":\"\",\"potentialAction\":[{\"@type\":\"SearchAction\",\"target\":{\"@type\":\"EntryPoint\",\"urlTemplate\":\"https:\/\/toys.lt\/lv\/?s={search_term_string}\"},\"query-input\":{\"@type\":\"PropertyValueSpecification\",\"valueRequired\":true,\"valueName\":\"search_term_string\"}}],\"inLanguage\":\"lv-LV\"}]}<\/script>\n<!-- \/ Yoast SEO plugin. -->","yoast_head_json":{"title":"Piep\u016b\u0161amais plosts INTEX Dragon 198x173cm - Toys.lt","robots":{"index":"index","follow":"follow","max-snippet":"max-snippet:-1","max-image-preview":"max-image-preview:large","max-video-preview":"max-video-preview:-1"},"canonical":"https:\/\/toys.lt\/lv\/produktas\/piepusamais-plosts-intex-dragon-198x173cm\/","og_locale":"lv_LV","og_type":"article","og_title":"Piep\u016b\u0161amais plosts INTEX Dragon 198x173cm - Toys.lt","og_description":"Produkta tips: piep\u016b\u0161amais plosts Produkta izm\u0113ri: 198 x 173 cm Iepakojuma izm\u0113ri: 24 x 26 x 10 cm Svars: 1,7 kg Maksim\u0101l\u0101 slodze: 40 kg Ieteicamais vecums: no 3 gadiem.","og_url":"https:\/\/toys.lt\/lv\/produktas\/piepusamais-plosts-intex-dragon-198x173cm\/","og_site_name":"Toys.lt","article_modified_time":"2026-04-08T00:02:08+00:00","og_image":[{"width":1586,"height":1057,"url":"https:\/\/toys.lt\/wp-content\/uploads\/2024\/05\/products-5987.jpg","type":"image\/jpeg"}],"twitter_card":"summary_large_image","schema":{"@context":"https:\/\/schema.org","@graph":[{"@type":"WebPage","@id":"https:\/\/toys.lt\/lv\/produktas\/piepusamais-plosts-intex-dragon-198x173cm\/","url":"https:\/\/toys.lt\/lv\/produktas\/piepusamais-plosts-intex-dragon-198x173cm\/","name":"Piep\u016b\u0161amais plosts INTEX Dragon 198x173cm - Toys.lt","isPartOf":{"@id":"https:\/\/toys.lt\/lv\/#website"},"primaryImageOfPage":{"@id":"https:\/\/toys.lt\/lv\/produktas\/piepusamais-plosts-intex-dragon-198x173cm\/#primaryimage"},"image":{"@id":"https:\/\/toys.lt\/lv\/produktas\/piepusamais-plosts-intex-dragon-198x173cm\/#primaryimage"},"thumbnailUrl":"https:\/\/toys.lt\/wp-content\/uploads\/2024\/05\/products-5987.jpg","datePublished":"2024-05-20T04:30:58+00:00","dateModified":"2026-04-08T00:02:08+00:00","breadcrumb":{"@id":"https:\/\/toys.lt\/lv\/produktas\/piepusamais-plosts-intex-dragon-198x173cm\/#breadcrumb"},"inLanguage":"lv-LV","potentialAction":[{"@type":"ReadAction","target":["https:\/\/toys.lt\/lv\/produktas\/piepusamais-plosts-intex-dragon-198x173cm\/"]}]},{"@type":"ImageObject","inLanguage":"lv-LV","@id":"https:\/\/toys.lt\/lv\/produktas\/piepusamais-plosts-intex-dragon-198x173cm\/#primaryimage","url":"https:\/\/toys.lt\/wp-content\/uploads\/2024\/05\/products-5987.jpg","contentUrl":"https:\/\/toys.lt\/wp-content\/uploads\/2024\/05\/products-5987.jpg","width":1586,"height":1057,"caption":"Pripu\u010diamas plaustas INTEX Dragon 198x173cm"},{"@type":"BreadcrumbList","@id":"https:\/\/toys.lt\/lv\/produktas\/piepusamais-plosts-intex-dragon-198x173cm\/#breadcrumb","itemListElement":[{"@type":"ListItem","position":1,"name":"Home","item":"https:\/\/toys.lt\/lv\/"},{"@type":"ListItem","position":2,"name":"Veikals","item":"https:\/\/toys.lt\/lv\/shop\/"},{"@type":"ListItem","position":3,"name":"Piep\u016b\u0161amais plosts INTEX Dragon 198x173cm"}]},{"@type":"WebSite","@id":"https:\/\/toys.lt\/lv\/#website","url":"https:\/\/toys.lt\/lv\/","name":"Toys.lt","description":"","potentialAction":[{"@type":"SearchAction","target":{"@type":"EntryPoint","urlTemplate":"https:\/\/toys.lt\/lv\/?s={search_term_string}"},"query-input":{"@type":"PropertyValueSpecification","valueRequired":true,"valueName":"search_term_string"}}],"inLanguage":"lv-LV"}]}},"_links":{"self":[{"href":"https:\/\/toys.lt\/lv\/wp-json\/wp\/v2\/product\/42641","targetHints":{"allow":["GET"]}}],"collection":[{"href":"https:\/\/toys.lt\/lv\/wp-json\/wp\/v2\/product"}],"about":[{"href":"https:\/\/toys.lt\/lv\/wp-json\/wp\/v2\/types\/product"}],"replies":[{"embeddable":true,"href":"https:\/\/toys.lt\/lv\/wp-json\/wp\/v2\/comments?post=42641"}],"version-history":[{"count":1,"href":"https:\/\/toys.lt\/lv\/wp-json\/wp\/v2\/product\/42641\/revisions"}],"predecessor-version":[{"id":45857,"href":"https:\/\/toys.lt\/lv\/wp-json\/wp\/v2\/product\/42641\/revisions\/45857"}],"wp:featuredmedia":[{"embeddable":true,"href":"https:\/\/toys.lt\/lv\/wp-json\/wp\/v2\/media\/39881"}],"wp:attachment":[{"href":"https:\/\/toys.lt\/lv\/wp-json\/wp\/v2\/media?parent=42641"}],"wp:term":[{"taxonomy":"product_brand","embeddable":true,"href":"https:\/\/toys.lt\/lv\/wp-json\/wp\/v2\/product_brand?post=42641"},{"taxonomy":"product_cat","embeddable":true,"href":"https:\/\/toys.lt\/lv\/wp-json\/wp\/v2\/product_cat?post=42641"},{"taxonomy":"product_tag","embeddable":true,"href":"https:\/\/toys.lt\/lv\/wp-json\/wp\/v2\/product_tag?post=42641"}],"curies":[{"name":"wp","href":"https:\/\/api.w.org\/{rel}","templated":true}]}}