{"id":42623,"date":"2024-05-21T05:13:16","date_gmt":"2024-05-21T05:13:16","guid":{"rendered":"https:\/\/toys.lt\/produktas\/piepusamais-matracis-intex-queen-dura-beam-downy-gaisa-gulta-ar-integretu-sukni-152x203x25cm\/"},"modified":"2026-04-08T00:02:02","modified_gmt":"2026-04-08T00:02:02","slug":"piepusamais-matracis-intex-queen-dura-beam-downy-gaisa-gulta-ar-integretu-sukni-152x203x25cm","status":"publish","type":"product","link":"https:\/\/toys.lt\/lv\/produktas\/piepusamais-matracis-intex-queen-dura-beam-downy-gaisa-gulta-ar-integretu-sukni-152x203x25cm\/","title":{"rendered":"Piep\u016b\u0161amais matracis INTEX Queen Dura-Beam, Downy Gaisa gulta ar integr\u0113tu s\u016bkni 152x203x25cm"},"content":{"rendered":"<p>INTEX <strong>piep\u016b\u0161amais matracis <\/strong> <\/p>\n<ul style=\"list-style-type:disc\">\n<li>Izgatavots, izmantojot Fiber Tech tehnolo\u0123iju, kas nodro\u0161ina iztur\u012bbu un ilgm\u016b\u017e\u012bbu.<\/li>\n<li>Air Lock sist\u0113ma notur gaisu matrac\u012b.<\/li>\n<li>Matracis piem\u0113rots div\u0101m person\u0101m<\/li>\n<li>Izm\u0113ri 152 x 203 x 25 cm<\/li>\n<li>Maksim\u0101li pie\u013caujam\u0101 slodze 272 kg<\/li>\n<li>Dubultv\u0101rsts gaisa iepl\u016bdei un izpl\u016bdei<\/li>\n<li>Integr\u0113ts k\u0101jas s\u016bknis \u0113rtai matra\u010da piep\u016b\u0161anai<\/li>\n<\/ul>\n","protected":false},"excerpt":{"rendered":"<p>Matra\u010da izm\u0113ri: 152 x 203 x 25 cm<\/p>\n<p>Iepakojuma izm\u0113ri: 31 x 37 x 17 cm<\/p>\n<p>Svars 4,2 kg<\/p>\n<p>Materi\u0101ls: PVC, vel\u016brs<\/p>\n<p>Maksim\u0101l\u0101 slodze: 272 kg.<\/p>\n","protected":false},"featured_media":39974,"comment_status":"open","ping_status":"closed","template":"","meta":[],"product_brand":[],"product_cat":[1216,1215,1155],"product_tag":[],"class_list":{"0":"post-42623","1":"product","2":"type-product","3":"status-publish","4":"has-post-thumbnail","6":"product_cat-gaisa-matraci","7":"product_cat-sports-atputa-turisms","8":"product_cat-leti","9":"pa_prek-s-tipas-gaisa-matraci","10":"pa_prekes-zenklas-intex-lv","12":"first","13":"instock","14":"taxable","15":"shipping-taxable","16":"purchasable","17":"product-type-simple"},"yoast_head":"<!-- This site is optimized with the Yoast SEO plugin v26.3 - https:\/\/yoast.com\/wordpress\/plugins\/seo\/ -->\n<title>Piep\u016b\u0161amais matracis INTEX Queen Dura-Beam, Downy Gaisa gulta ar integr\u0113tu s\u016bkni 152x203x25cm - Toys.lt<\/title>\n<meta name=\"robots\" content=\"index, follow, max-snippet:-1, max-image-preview:large, max-video-preview:-1\" \/>\n<link rel=\"canonical\" href=\"https:\/\/toys.lt\/lv\/produktas\/piepusamais-matracis-intex-queen-dura-beam-downy-gaisa-gulta-ar-integretu-sukni-152x203x25cm\/\" \/>\n<meta property=\"og:locale\" content=\"lv_LV\" \/>\n<meta property=\"og:type\" content=\"article\" \/>\n<meta property=\"og:title\" content=\"Piep\u016b\u0161amais matracis INTEX Queen Dura-Beam, Downy Gaisa gulta ar integr\u0113tu s\u016bkni 152x203x25cm - Toys.lt\" \/>\n<meta property=\"og:description\" content=\"Matra\u010da izm\u0113ri: 152 x 203 x 25 cm Iepakojuma izm\u0113ri: 31 x 37 x 17 cm Svars 4,2 kg Materi\u0101ls: PVC, vel\u016brs Maksim\u0101l\u0101 slodze: 272 kg.\" \/>\n<meta property=\"og:url\" content=\"https:\/\/toys.lt\/lv\/produktas\/piepusamais-matracis-intex-queen-dura-beam-downy-gaisa-gulta-ar-integretu-sukni-152x203x25cm\/\" \/>\n<meta property=\"og:site_name\" content=\"Toys.lt\" \/>\n<meta property=\"article:modified_time\" content=\"2026-04-08T00:02:02+00:00\" \/>\n<meta property=\"og:image\" content=\"https:\/\/toys.lt\/wp-content\/uploads\/2024\/05\/products-6175.jpg\" \/>\n\t<meta property=\"og:image:width\" content=\"1586\" \/>\n\t<meta property=\"og:image:height\" content=\"1102\" \/>\n\t<meta property=\"og:image:type\" content=\"image\/jpeg\" \/>\n<meta name=\"twitter:card\" content=\"summary_large_image\" \/>\n<script type=\"application\/ld+json\" class=\"yoast-schema-graph\">{\"@context\":\"https:\/\/schema.org\",\"@graph\":[{\"@type\":\"WebPage\",\"@id\":\"https:\/\/toys.lt\/lv\/produktas\/piepusamais-matracis-intex-queen-dura-beam-downy-gaisa-gulta-ar-integretu-sukni-152x203x25cm\/\",\"url\":\"https:\/\/toys.lt\/lv\/produktas\/piepusamais-matracis-intex-queen-dura-beam-downy-gaisa-gulta-ar-integretu-sukni-152x203x25cm\/\",\"name\":\"Piep\u016b\u0161amais matracis INTEX Queen Dura-Beam, Downy Gaisa gulta ar integr\u0113tu s\u016bkni 152x203x25cm - Toys.lt\",\"isPartOf\":{\"@id\":\"https:\/\/toys.lt\/lv\/#website\"},\"primaryImageOfPage\":{\"@id\":\"https:\/\/toys.lt\/lv\/produktas\/piepusamais-matracis-intex-queen-dura-beam-downy-gaisa-gulta-ar-integretu-sukni-152x203x25cm\/#primaryimage\"},\"image\":{\"@id\":\"https:\/\/toys.lt\/lv\/produktas\/piepusamais-matracis-intex-queen-dura-beam-downy-gaisa-gulta-ar-integretu-sukni-152x203x25cm\/#primaryimage\"},\"thumbnailUrl\":\"https:\/\/toys.lt\/wp-content\/uploads\/2024\/05\/products-6175.jpg\",\"datePublished\":\"2024-05-21T05:13:16+00:00\",\"dateModified\":\"2026-04-08T00:02:02+00:00\",\"breadcrumb\":{\"@id\":\"https:\/\/toys.lt\/lv\/produktas\/piepusamais-matracis-intex-queen-dura-beam-downy-gaisa-gulta-ar-integretu-sukni-152x203x25cm\/#breadcrumb\"},\"inLanguage\":\"lv-LV\",\"potentialAction\":[{\"@type\":\"ReadAction\",\"target\":[\"https:\/\/toys.lt\/lv\/produktas\/piepusamais-matracis-intex-queen-dura-beam-downy-gaisa-gulta-ar-integretu-sukni-152x203x25cm\/\"]}]},{\"@type\":\"ImageObject\",\"inLanguage\":\"lv-LV\",\"@id\":\"https:\/\/toys.lt\/lv\/produktas\/piepusamais-matracis-intex-queen-dura-beam-downy-gaisa-gulta-ar-integretu-sukni-152x203x25cm\/#primaryimage\",\"url\":\"https:\/\/toys.lt\/wp-content\/uploads\/2024\/05\/products-6175.jpg\",\"contentUrl\":\"https:\/\/toys.lt\/wp-content\/uploads\/2024\/05\/products-6175.jpg\",\"width\":1586,\"height\":1102,\"caption\":\"Pripu\u010diamas \u010diu\u017einys INTEX Queen Dura-Beam, Downy Airbed su integruota pompa 152x203x25cm\"},{\"@type\":\"BreadcrumbList\",\"@id\":\"https:\/\/toys.lt\/lv\/produktas\/piepusamais-matracis-intex-queen-dura-beam-downy-gaisa-gulta-ar-integretu-sukni-152x203x25cm\/#breadcrumb\",\"itemListElement\":[{\"@type\":\"ListItem\",\"position\":1,\"name\":\"Home\",\"item\":\"https:\/\/toys.lt\/lv\/\"},{\"@type\":\"ListItem\",\"position\":2,\"name\":\"Veikals\",\"item\":\"https:\/\/toys.lt\/lv\/shop\/\"},{\"@type\":\"ListItem\",\"position\":3,\"name\":\"Piep\u016b\u0161amais matracis INTEX Queen Dura-Beam, Downy Gaisa gulta ar integr\u0113tu s\u016bkni 152x203x25cm\"}]},{\"@type\":\"WebSite\",\"@id\":\"https:\/\/toys.lt\/lv\/#website\",\"url\":\"https:\/\/toys.lt\/lv\/\",\"name\":\"Toys.lt\",\"description\":\"\",\"potentialAction\":[{\"@type\":\"SearchAction\",\"target\":{\"@type\":\"EntryPoint\",\"urlTemplate\":\"https:\/\/toys.lt\/lv\/?s={search_term_string}\"},\"query-input\":{\"@type\":\"PropertyValueSpecification\",\"valueRequired\":true,\"valueName\":\"search_term_string\"}}],\"inLanguage\":\"lv-LV\"}]}<\/script>\n<!-- \/ Yoast SEO plugin. -->","yoast_head_json":{"title":"Piep\u016b\u0161amais matracis INTEX Queen Dura-Beam, Downy Gaisa gulta ar integr\u0113tu s\u016bkni 152x203x25cm - Toys.lt","robots":{"index":"index","follow":"follow","max-snippet":"max-snippet:-1","max-image-preview":"max-image-preview:large","max-video-preview":"max-video-preview:-1"},"canonical":"https:\/\/toys.lt\/lv\/produktas\/piepusamais-matracis-intex-queen-dura-beam-downy-gaisa-gulta-ar-integretu-sukni-152x203x25cm\/","og_locale":"lv_LV","og_type":"article","og_title":"Piep\u016b\u0161amais matracis INTEX Queen Dura-Beam, Downy Gaisa gulta ar integr\u0113tu s\u016bkni 152x203x25cm - Toys.lt","og_description":"Matra\u010da izm\u0113ri: 152 x 203 x 25 cm Iepakojuma izm\u0113ri: 31 x 37 x 17 cm Svars 4,2 kg Materi\u0101ls: PVC, vel\u016brs Maksim\u0101l\u0101 slodze: 272 kg.","og_url":"https:\/\/toys.lt\/lv\/produktas\/piepusamais-matracis-intex-queen-dura-beam-downy-gaisa-gulta-ar-integretu-sukni-152x203x25cm\/","og_site_name":"Toys.lt","article_modified_time":"2026-04-08T00:02:02+00:00","og_image":[{"width":1586,"height":1102,"url":"https:\/\/toys.lt\/wp-content\/uploads\/2024\/05\/products-6175.jpg","type":"image\/jpeg"}],"twitter_card":"summary_large_image","schema":{"@context":"https:\/\/schema.org","@graph":[{"@type":"WebPage","@id":"https:\/\/toys.lt\/lv\/produktas\/piepusamais-matracis-intex-queen-dura-beam-downy-gaisa-gulta-ar-integretu-sukni-152x203x25cm\/","url":"https:\/\/toys.lt\/lv\/produktas\/piepusamais-matracis-intex-queen-dura-beam-downy-gaisa-gulta-ar-integretu-sukni-152x203x25cm\/","name":"Piep\u016b\u0161amais matracis INTEX Queen Dura-Beam, Downy Gaisa gulta ar integr\u0113tu s\u016bkni 152x203x25cm - Toys.lt","isPartOf":{"@id":"https:\/\/toys.lt\/lv\/#website"},"primaryImageOfPage":{"@id":"https:\/\/toys.lt\/lv\/produktas\/piepusamais-matracis-intex-queen-dura-beam-downy-gaisa-gulta-ar-integretu-sukni-152x203x25cm\/#primaryimage"},"image":{"@id":"https:\/\/toys.lt\/lv\/produktas\/piepusamais-matracis-intex-queen-dura-beam-downy-gaisa-gulta-ar-integretu-sukni-152x203x25cm\/#primaryimage"},"thumbnailUrl":"https:\/\/toys.lt\/wp-content\/uploads\/2024\/05\/products-6175.jpg","datePublished":"2024-05-21T05:13:16+00:00","dateModified":"2026-04-08T00:02:02+00:00","breadcrumb":{"@id":"https:\/\/toys.lt\/lv\/produktas\/piepusamais-matracis-intex-queen-dura-beam-downy-gaisa-gulta-ar-integretu-sukni-152x203x25cm\/#breadcrumb"},"inLanguage":"lv-LV","potentialAction":[{"@type":"ReadAction","target":["https:\/\/toys.lt\/lv\/produktas\/piepusamais-matracis-intex-queen-dura-beam-downy-gaisa-gulta-ar-integretu-sukni-152x203x25cm\/"]}]},{"@type":"ImageObject","inLanguage":"lv-LV","@id":"https:\/\/toys.lt\/lv\/produktas\/piepusamais-matracis-intex-queen-dura-beam-downy-gaisa-gulta-ar-integretu-sukni-152x203x25cm\/#primaryimage","url":"https:\/\/toys.lt\/wp-content\/uploads\/2024\/05\/products-6175.jpg","contentUrl":"https:\/\/toys.lt\/wp-content\/uploads\/2024\/05\/products-6175.jpg","width":1586,"height":1102,"caption":"Pripu\u010diamas \u010diu\u017einys INTEX Queen Dura-Beam, Downy Airbed su integruota pompa 152x203x25cm"},{"@type":"BreadcrumbList","@id":"https:\/\/toys.lt\/lv\/produktas\/piepusamais-matracis-intex-queen-dura-beam-downy-gaisa-gulta-ar-integretu-sukni-152x203x25cm\/#breadcrumb","itemListElement":[{"@type":"ListItem","position":1,"name":"Home","item":"https:\/\/toys.lt\/lv\/"},{"@type":"ListItem","position":2,"name":"Veikals","item":"https:\/\/toys.lt\/lv\/shop\/"},{"@type":"ListItem","position":3,"name":"Piep\u016b\u0161amais matracis INTEX Queen Dura-Beam, Downy Gaisa gulta ar integr\u0113tu s\u016bkni 152x203x25cm"}]},{"@type":"WebSite","@id":"https:\/\/toys.lt\/lv\/#website","url":"https:\/\/toys.lt\/lv\/","name":"Toys.lt","description":"","potentialAction":[{"@type":"SearchAction","target":{"@type":"EntryPoint","urlTemplate":"https:\/\/toys.lt\/lv\/?s={search_term_string}"},"query-input":{"@type":"PropertyValueSpecification","valueRequired":true,"valueName":"search_term_string"}}],"inLanguage":"lv-LV"}]}},"_links":{"self":[{"href":"https:\/\/toys.lt\/lv\/wp-json\/wp\/v2\/product\/42623","targetHints":{"allow":["GET"]}}],"collection":[{"href":"https:\/\/toys.lt\/lv\/wp-json\/wp\/v2\/product"}],"about":[{"href":"https:\/\/toys.lt\/lv\/wp-json\/wp\/v2\/types\/product"}],"replies":[{"embeddable":true,"href":"https:\/\/toys.lt\/lv\/wp-json\/wp\/v2\/comments?post=42623"}],"version-history":[{"count":1,"href":"https:\/\/toys.lt\/lv\/wp-json\/wp\/v2\/product\/42623\/revisions"}],"predecessor-version":[{"id":45705,"href":"https:\/\/toys.lt\/lv\/wp-json\/wp\/v2\/product\/42623\/revisions\/45705"}],"wp:featuredmedia":[{"embeddable":true,"href":"https:\/\/toys.lt\/lv\/wp-json\/wp\/v2\/media\/39974"}],"wp:attachment":[{"href":"https:\/\/toys.lt\/lv\/wp-json\/wp\/v2\/media?parent=42623"}],"wp:term":[{"taxonomy":"product_brand","embeddable":true,"href":"https:\/\/toys.lt\/lv\/wp-json\/wp\/v2\/product_brand?post=42623"},{"taxonomy":"product_cat","embeddable":true,"href":"https:\/\/toys.lt\/lv\/wp-json\/wp\/v2\/product_cat?post=42623"},{"taxonomy":"product_tag","embeddable":true,"href":"https:\/\/toys.lt\/lv\/wp-json\/wp\/v2\/product_tag?post=42623"}],"curies":[{"name":"wp","href":"https:\/\/api.w.org\/{rel}","templated":true}]}}