{"id":42611,"date":"2024-05-23T04:52:28","date_gmt":"2024-05-23T04:52:28","guid":{"rendered":"https:\/\/toys.lt\/produktas\/piepusama-laiva-intex-mariner-3-3-personam-komplekts-297x127x46cm\/"},"modified":"2026-04-08T00:01:58","modified_gmt":"2026-04-08T00:01:58","slug":"piepusama-laiva-intex-mariner-3-3-personam-komplekts-297x127x46cm","status":"publish","type":"product","link":"https:\/\/toys.lt\/lv\/produktas\/piepusama-laiva-intex-mariner-3-3-personam-komplekts-297x127x46cm\/","title":{"rendered":"Piep\u016b\u0161am\u0101 laiva INTEX Mariner 3 \/3 person\u0101m, komplekts. 297x127x46cm"},"content":{"rendered":"<p>\u0112rta, viegli un \u0101tri piep\u016b\u0161ama un iztur\u012bga INTEX <b>piep\u016b\u0161am\u0101 laiva Mariner<\/b>.<\/p>\n<ul style=\"list-style-type: disc;\">\n<li>SuperTough\u2122 tr\u012bssl\u0101\u0146u materi\u0101ls iztur\u012bbai un ilgm\u016b\u017e\u012bbai<\/li>\n<li>Izm\u0113ri: 297 x 127 x 46 cm<\/li>\n<li>Maksim\u0101lais svars: 400 kg<\/li>\n<li>Izl\u012bdzino\u0161\u0101 virve<\/li>\n<li>2 airu tur\u0113t\u0101ji<\/li>\n<li>2 airi (137cm)<\/li>\n<li>2 stie\u0146u tur\u0113t\u0101ji<\/li>\n<li>Rokas s\u016bknis<\/li>\n<li>Rokturi tur\u0113\u0161anai<\/li>\n<li>Vieta motora piestiprin\u0101\u0161anai<\/li>\n<li>Vieta akumulatoram<\/li>\n<li>Aizsardz\u012bba pret akme\u0146iem<\/li>\n<li>Iztur\u012bgs dibens<\/li>\n<li>2 piep\u016b\u0161amie s\u0113dek\u013ci<\/li>\n<\/ul>\n","protected":false},"excerpt":{"rendered":"<p>Laivas izm\u0113ri: 297 <span style=\"background-color: #ffffff; color: #212121; font-family: 'Open Sans', sans-serif; font-size: 13px;\">x 127 x 46 cm<\/span><\/p>\n<p>Iepakojuma izm\u0113ri: 46 x 77 x 40 cm<\/p>\n<p>Svars: 32 kg<\/p>\n<p>Materi\u0101ls: PVC<\/p>\n<p>Maksim\u0101l\u0101 slodze: 400 kg.<\/p>\n","protected":false},"featured_media":40102,"comment_status":"open","ping_status":"closed","template":"","meta":[],"product_brand":[],"product_cat":[1213,1155],"product_tag":[],"class_list":{"0":"post-42611","1":"product","2":"type-product","3":"status-publish","4":"has-post-thumbnail","6":"product_cat-piepusamas-laivas","7":"product_cat-leti","8":"pa_prek-s-tipas-piepusamas-laivas","9":"pa_prekes-zenklas-intex-lv","11":"first","12":"instock","13":"taxable","14":"shipping-taxable","15":"purchasable","16":"product-type-simple"},"yoast_head":"<!-- This site is optimized with the Yoast SEO plugin v26.3 - https:\/\/yoast.com\/wordpress\/plugins\/seo\/ -->\n<title>Piep\u016b\u0161am\u0101 laiva INTEX Mariner 3 \/3 person\u0101m, komplekts. 297x127x46cm - Toys.lt<\/title>\n<meta name=\"robots\" content=\"index, follow, max-snippet:-1, max-image-preview:large, max-video-preview:-1\" \/>\n<link rel=\"canonical\" href=\"https:\/\/toys.lt\/lv\/produktas\/piepusama-laiva-intex-mariner-3-3-personam-komplekts-297x127x46cm\/\" \/>\n<meta property=\"og:locale\" content=\"lv_LV\" \/>\n<meta property=\"og:type\" content=\"article\" \/>\n<meta property=\"og:title\" content=\"Piep\u016b\u0161am\u0101 laiva INTEX Mariner 3 \/3 person\u0101m, komplekts. 297x127x46cm - Toys.lt\" \/>\n<meta property=\"og:description\" content=\"Laivas izm\u0113ri: 297 x 127 x 46 cm Iepakojuma izm\u0113ri: 46 x 77 x 40 cm Svars: 32 kg Materi\u0101ls: PVC Maksim\u0101l\u0101 slodze: 400 kg.\" \/>\n<meta property=\"og:url\" content=\"https:\/\/toys.lt\/lv\/produktas\/piepusama-laiva-intex-mariner-3-3-personam-komplekts-297x127x46cm\/\" \/>\n<meta property=\"og:site_name\" content=\"Toys.lt\" \/>\n<meta property=\"article:modified_time\" content=\"2026-04-08T00:01:58+00:00\" \/>\n<meta property=\"og:image\" content=\"https:\/\/toys.lt\/wp-content\/uploads\/2024\/05\/products-6407.jpg\" \/>\n\t<meta property=\"og:image:width\" content=\"1586\" \/>\n\t<meta property=\"og:image:height\" content=\"1102\" \/>\n\t<meta property=\"og:image:type\" content=\"image\/jpeg\" \/>\n<meta name=\"twitter:card\" content=\"summary_large_image\" \/>\n<script type=\"application\/ld+json\" class=\"yoast-schema-graph\">{\"@context\":\"https:\/\/schema.org\",\"@graph\":[{\"@type\":\"WebPage\",\"@id\":\"https:\/\/toys.lt\/lv\/produktas\/piepusama-laiva-intex-mariner-3-3-personam-komplekts-297x127x46cm\/\",\"url\":\"https:\/\/toys.lt\/lv\/produktas\/piepusama-laiva-intex-mariner-3-3-personam-komplekts-297x127x46cm\/\",\"name\":\"Piep\u016b\u0161am\u0101 laiva INTEX Mariner 3 \/3 person\u0101m, komplekts. 297x127x46cm - Toys.lt\",\"isPartOf\":{\"@id\":\"https:\/\/toys.lt\/lv\/#website\"},\"primaryImageOfPage\":{\"@id\":\"https:\/\/toys.lt\/lv\/produktas\/piepusama-laiva-intex-mariner-3-3-personam-komplekts-297x127x46cm\/#primaryimage\"},\"image\":{\"@id\":\"https:\/\/toys.lt\/lv\/produktas\/piepusama-laiva-intex-mariner-3-3-personam-komplekts-297x127x46cm\/#primaryimage\"},\"thumbnailUrl\":\"https:\/\/toys.lt\/wp-content\/uploads\/2024\/05\/products-6407.jpg\",\"datePublished\":\"2024-05-23T04:52:28+00:00\",\"dateModified\":\"2026-04-08T00:01:58+00:00\",\"breadcrumb\":{\"@id\":\"https:\/\/toys.lt\/lv\/produktas\/piepusama-laiva-intex-mariner-3-3-personam-komplekts-297x127x46cm\/#breadcrumb\"},\"inLanguage\":\"lv-LV\",\"potentialAction\":[{\"@type\":\"ReadAction\",\"target\":[\"https:\/\/toys.lt\/lv\/produktas\/piepusama-laiva-intex-mariner-3-3-personam-komplekts-297x127x46cm\/\"]}]},{\"@type\":\"ImageObject\",\"inLanguage\":\"lv-LV\",\"@id\":\"https:\/\/toys.lt\/lv\/produktas\/piepusama-laiva-intex-mariner-3-3-personam-komplekts-297x127x46cm\/#primaryimage\",\"url\":\"https:\/\/toys.lt\/wp-content\/uploads\/2024\/05\/products-6407.jpg\",\"contentUrl\":\"https:\/\/toys.lt\/wp-content\/uploads\/2024\/05\/products-6407.jpg\",\"width\":1586,\"height\":1102,\"caption\":\"Pripu\u010diama valtis INTEX Mariner 3 \/3 asmenims, komplektas. 297x127x46cm\"},{\"@type\":\"BreadcrumbList\",\"@id\":\"https:\/\/toys.lt\/lv\/produktas\/piepusama-laiva-intex-mariner-3-3-personam-komplekts-297x127x46cm\/#breadcrumb\",\"itemListElement\":[{\"@type\":\"ListItem\",\"position\":1,\"name\":\"Home\",\"item\":\"https:\/\/toys.lt\/lv\/\"},{\"@type\":\"ListItem\",\"position\":2,\"name\":\"Veikals\",\"item\":\"https:\/\/toys.lt\/lv\/shop\/\"},{\"@type\":\"ListItem\",\"position\":3,\"name\":\"Piep\u016b\u0161am\u0101 laiva INTEX Mariner 3 \/3 person\u0101m, komplekts. 297x127x46cm\"}]},{\"@type\":\"WebSite\",\"@id\":\"https:\/\/toys.lt\/lv\/#website\",\"url\":\"https:\/\/toys.lt\/lv\/\",\"name\":\"Toys.lt\",\"description\":\"\",\"potentialAction\":[{\"@type\":\"SearchAction\",\"target\":{\"@type\":\"EntryPoint\",\"urlTemplate\":\"https:\/\/toys.lt\/lv\/?s={search_term_string}\"},\"query-input\":{\"@type\":\"PropertyValueSpecification\",\"valueRequired\":true,\"valueName\":\"search_term_string\"}}],\"inLanguage\":\"lv-LV\"}]}<\/script>\n<!-- \/ Yoast SEO plugin. -->","yoast_head_json":{"title":"Piep\u016b\u0161am\u0101 laiva INTEX Mariner 3 \/3 person\u0101m, komplekts. 297x127x46cm - Toys.lt","robots":{"index":"index","follow":"follow","max-snippet":"max-snippet:-1","max-image-preview":"max-image-preview:large","max-video-preview":"max-video-preview:-1"},"canonical":"https:\/\/toys.lt\/lv\/produktas\/piepusama-laiva-intex-mariner-3-3-personam-komplekts-297x127x46cm\/","og_locale":"lv_LV","og_type":"article","og_title":"Piep\u016b\u0161am\u0101 laiva INTEX Mariner 3 \/3 person\u0101m, komplekts. 297x127x46cm - Toys.lt","og_description":"Laivas izm\u0113ri: 297 x 127 x 46 cm Iepakojuma izm\u0113ri: 46 x 77 x 40 cm Svars: 32 kg Materi\u0101ls: PVC Maksim\u0101l\u0101 slodze: 400 kg.","og_url":"https:\/\/toys.lt\/lv\/produktas\/piepusama-laiva-intex-mariner-3-3-personam-komplekts-297x127x46cm\/","og_site_name":"Toys.lt","article_modified_time":"2026-04-08T00:01:58+00:00","og_image":[{"width":1586,"height":1102,"url":"https:\/\/toys.lt\/wp-content\/uploads\/2024\/05\/products-6407.jpg","type":"image\/jpeg"}],"twitter_card":"summary_large_image","schema":{"@context":"https:\/\/schema.org","@graph":[{"@type":"WebPage","@id":"https:\/\/toys.lt\/lv\/produktas\/piepusama-laiva-intex-mariner-3-3-personam-komplekts-297x127x46cm\/","url":"https:\/\/toys.lt\/lv\/produktas\/piepusama-laiva-intex-mariner-3-3-personam-komplekts-297x127x46cm\/","name":"Piep\u016b\u0161am\u0101 laiva INTEX Mariner 3 \/3 person\u0101m, komplekts. 297x127x46cm - Toys.lt","isPartOf":{"@id":"https:\/\/toys.lt\/lv\/#website"},"primaryImageOfPage":{"@id":"https:\/\/toys.lt\/lv\/produktas\/piepusama-laiva-intex-mariner-3-3-personam-komplekts-297x127x46cm\/#primaryimage"},"image":{"@id":"https:\/\/toys.lt\/lv\/produktas\/piepusama-laiva-intex-mariner-3-3-personam-komplekts-297x127x46cm\/#primaryimage"},"thumbnailUrl":"https:\/\/toys.lt\/wp-content\/uploads\/2024\/05\/products-6407.jpg","datePublished":"2024-05-23T04:52:28+00:00","dateModified":"2026-04-08T00:01:58+00:00","breadcrumb":{"@id":"https:\/\/toys.lt\/lv\/produktas\/piepusama-laiva-intex-mariner-3-3-personam-komplekts-297x127x46cm\/#breadcrumb"},"inLanguage":"lv-LV","potentialAction":[{"@type":"ReadAction","target":["https:\/\/toys.lt\/lv\/produktas\/piepusama-laiva-intex-mariner-3-3-personam-komplekts-297x127x46cm\/"]}]},{"@type":"ImageObject","inLanguage":"lv-LV","@id":"https:\/\/toys.lt\/lv\/produktas\/piepusama-laiva-intex-mariner-3-3-personam-komplekts-297x127x46cm\/#primaryimage","url":"https:\/\/toys.lt\/wp-content\/uploads\/2024\/05\/products-6407.jpg","contentUrl":"https:\/\/toys.lt\/wp-content\/uploads\/2024\/05\/products-6407.jpg","width":1586,"height":1102,"caption":"Pripu\u010diama valtis INTEX Mariner 3 \/3 asmenims, komplektas. 297x127x46cm"},{"@type":"BreadcrumbList","@id":"https:\/\/toys.lt\/lv\/produktas\/piepusama-laiva-intex-mariner-3-3-personam-komplekts-297x127x46cm\/#breadcrumb","itemListElement":[{"@type":"ListItem","position":1,"name":"Home","item":"https:\/\/toys.lt\/lv\/"},{"@type":"ListItem","position":2,"name":"Veikals","item":"https:\/\/toys.lt\/lv\/shop\/"},{"@type":"ListItem","position":3,"name":"Piep\u016b\u0161am\u0101 laiva INTEX Mariner 3 \/3 person\u0101m, komplekts. 297x127x46cm"}]},{"@type":"WebSite","@id":"https:\/\/toys.lt\/lv\/#website","url":"https:\/\/toys.lt\/lv\/","name":"Toys.lt","description":"","potentialAction":[{"@type":"SearchAction","target":{"@type":"EntryPoint","urlTemplate":"https:\/\/toys.lt\/lv\/?s={search_term_string}"},"query-input":{"@type":"PropertyValueSpecification","valueRequired":true,"valueName":"search_term_string"}}],"inLanguage":"lv-LV"}]}},"_links":{"self":[{"href":"https:\/\/toys.lt\/lv\/wp-json\/wp\/v2\/product\/42611","targetHints":{"allow":["GET"]}}],"collection":[{"href":"https:\/\/toys.lt\/lv\/wp-json\/wp\/v2\/product"}],"about":[{"href":"https:\/\/toys.lt\/lv\/wp-json\/wp\/v2\/types\/product"}],"replies":[{"embeddable":true,"href":"https:\/\/toys.lt\/lv\/wp-json\/wp\/v2\/comments?post=42611"}],"version-history":[{"count":1,"href":"https:\/\/toys.lt\/lv\/wp-json\/wp\/v2\/product\/42611\/revisions"}],"predecessor-version":[{"id":45721,"href":"https:\/\/toys.lt\/lv\/wp-json\/wp\/v2\/product\/42611\/revisions\/45721"}],"wp:featuredmedia":[{"embeddable":true,"href":"https:\/\/toys.lt\/lv\/wp-json\/wp\/v2\/media\/40102"}],"wp:attachment":[{"href":"https:\/\/toys.lt\/lv\/wp-json\/wp\/v2\/media?parent=42611"}],"wp:term":[{"taxonomy":"product_brand","embeddable":true,"href":"https:\/\/toys.lt\/lv\/wp-json\/wp\/v2\/product_brand?post=42611"},{"taxonomy":"product_cat","embeddable":true,"href":"https:\/\/toys.lt\/lv\/wp-json\/wp\/v2\/product_cat?post=42611"},{"taxonomy":"product_tag","embeddable":true,"href":"https:\/\/toys.lt\/lv\/wp-json\/wp\/v2\/product_tag?post=42611"}],"curies":[{"name":"wp","href":"https:\/\/api.w.org\/{rel}","templated":true}]}}