{"id":42599,"date":"2024-07-04T18:04:41","date_gmt":"2024-07-04T18:04:41","guid":{"rendered":"https:\/\/toys.lt\/produktas\/technok-rotalu-ugunsdzeseju-masina\/"},"modified":"2026-04-08T00:01:51","modified_gmt":"2026-04-08T00:01:51","slug":"technok-rotalu-ugunsdzeseju-masina","status":"publish","type":"product","link":"https:\/\/toys.lt\/lv\/produktas\/technok-rotalu-ugunsdzeseju-masina\/","title":{"rendered":"Technok rota\u013cu ugunsdz\u0113s\u0113ju ma\u0161\u012bna"},"content":{"rendered":"<p><strong>Funkcijas:<\/strong><\/p>\n<ul style=\"list-style-type: square;\">\n<li style=\"margin: 0px; padding: 0px; font: inherit; border: 0px;\">Piem\u0113rots rota\u013c\u0101m \u0101r\u0101<\/li>\n<li style=\"margin: 0px; padding: 0px; font: inherit; border: 0px;\">Ori\u0123in\u0101lais dizains<\/li>\n<li style=\"margin: 0px; padding: 0px; font: inherit; border: 0px;\">Dro\u0161i sp\u0113l\u0113t<\/li>\n<li style=\"margin: 0px; padding: 0px; font: inherit; border: 0px;\">Aizmugur\u0113jais rezerves ritenis<\/li>\n<\/ul>\n","protected":false},"excerpt":{"rendered":"<p>Izstr\u0101d\u0101juma veids: transportl\u012bdzeklis<\/p>\n<p>Izcelsmes valsts: Ukraina<\/p>\n<p>Izstr\u0101d\u0101juma materi\u0101ls: plastmasa<\/p>\n<p>Izm\u0113ri: 31 x 24 x 20 cm<\/p>\n<p>Ieteicamais vecums: no 3 gadiem.<\/p>\n","protected":false},"featured_media":40230,"comment_status":"open","ping_status":"closed","template":"","meta":[],"product_brand":[],"product_cat":[1176,1177],"product_tag":[],"class_list":{"0":"post-42599","1":"product","2":"type-product","3":"status-publish","4":"has-post-thumbnail","6":"product_cat-rotallietas-zeniem","7":"product_cat-rotalu-automasinas-traktori-un-kapurkedes","8":"pa_amziaus-grupe-3-lv","10":"first","11":"instock","12":"sale","13":"taxable","14":"shipping-taxable","15":"purchasable","16":"product-type-simple"},"yoast_head":"<!-- This site is optimized with the Yoast SEO plugin v26.3 - https:\/\/yoast.com\/wordpress\/plugins\/seo\/ -->\n<title>Technok rota\u013cu ugunsdz\u0113s\u0113ju ma\u0161\u012bna - Toys.lt<\/title>\n<meta name=\"robots\" content=\"index, follow, max-snippet:-1, max-image-preview:large, max-video-preview:-1\" \/>\n<link rel=\"canonical\" href=\"https:\/\/toys.lt\/lv\/produktas\/technok-rotalu-ugunsdzeseju-masina\/\" \/>\n<meta property=\"og:locale\" content=\"lv_LV\" \/>\n<meta property=\"og:type\" content=\"article\" \/>\n<meta property=\"og:title\" content=\"Technok rota\u013cu ugunsdz\u0113s\u0113ju ma\u0161\u012bna - Toys.lt\" \/>\n<meta property=\"og:description\" content=\"Izstr\u0101d\u0101juma veids: transportl\u012bdzeklis Izcelsmes valsts: Ukraina Izstr\u0101d\u0101juma materi\u0101ls: plastmasa Izm\u0113ri: 31 x 24 x 20 cm Ieteicamais vecums: no 3 gadiem.\" \/>\n<meta property=\"og:url\" content=\"https:\/\/toys.lt\/lv\/produktas\/technok-rotalu-ugunsdzeseju-masina\/\" \/>\n<meta property=\"og:site_name\" content=\"Toys.lt\" \/>\n<meta property=\"article:modified_time\" content=\"2026-04-08T00:01:51+00:00\" \/>\n<meta property=\"og:image\" content=\"https:\/\/toys.lt\/wp-content\/uploads\/2024\/07\/products-6624.jpg\" \/>\n\t<meta property=\"og:image:width\" content=\"1200\" \/>\n\t<meta property=\"og:image:height\" content=\"800\" \/>\n\t<meta property=\"og:image:type\" content=\"image\/jpeg\" \/>\n<meta name=\"twitter:card\" content=\"summary_large_image\" \/>\n<script type=\"application\/ld+json\" class=\"yoast-schema-graph\">{\"@context\":\"https:\/\/schema.org\",\"@graph\":[{\"@type\":\"WebPage\",\"@id\":\"https:\/\/toys.lt\/lv\/produktas\/technok-rotalu-ugunsdzeseju-masina\/\",\"url\":\"https:\/\/toys.lt\/lv\/produktas\/technok-rotalu-ugunsdzeseju-masina\/\",\"name\":\"Technok rota\u013cu ugunsdz\u0113s\u0113ju ma\u0161\u012bna - Toys.lt\",\"isPartOf\":{\"@id\":\"https:\/\/toys.lt\/lv\/#website\"},\"primaryImageOfPage\":{\"@id\":\"https:\/\/toys.lt\/lv\/produktas\/technok-rotalu-ugunsdzeseju-masina\/#primaryimage\"},\"image\":{\"@id\":\"https:\/\/toys.lt\/lv\/produktas\/technok-rotalu-ugunsdzeseju-masina\/#primaryimage\"},\"thumbnailUrl\":\"https:\/\/toys.lt\/wp-content\/uploads\/2024\/07\/products-6624.jpg\",\"datePublished\":\"2024-07-04T18:04:41+00:00\",\"dateModified\":\"2026-04-08T00:01:51+00:00\",\"breadcrumb\":{\"@id\":\"https:\/\/toys.lt\/lv\/produktas\/technok-rotalu-ugunsdzeseju-masina\/#breadcrumb\"},\"inLanguage\":\"lv-LV\",\"potentialAction\":[{\"@type\":\"ReadAction\",\"target\":[\"https:\/\/toys.lt\/lv\/produktas\/technok-rotalu-ugunsdzeseju-masina\/\"]}]},{\"@type\":\"ImageObject\",\"inLanguage\":\"lv-LV\",\"@id\":\"https:\/\/toys.lt\/lv\/produktas\/technok-rotalu-ugunsdzeseju-masina\/#primaryimage\",\"url\":\"https:\/\/toys.lt\/wp-content\/uploads\/2024\/07\/products-6624.jpg\",\"contentUrl\":\"https:\/\/toys.lt\/wp-content\/uploads\/2024\/07\/products-6624.jpg\",\"width\":1200,\"height\":800,\"caption\":\"Technok \u017eaislin\u0117 ugniagesi\u0173 ma\u0161ina\"},{\"@type\":\"BreadcrumbList\",\"@id\":\"https:\/\/toys.lt\/lv\/produktas\/technok-rotalu-ugunsdzeseju-masina\/#breadcrumb\",\"itemListElement\":[{\"@type\":\"ListItem\",\"position\":1,\"name\":\"Home\",\"item\":\"https:\/\/toys.lt\/lv\/\"},{\"@type\":\"ListItem\",\"position\":2,\"name\":\"Veikals\",\"item\":\"https:\/\/toys.lt\/lv\/shop\/\"},{\"@type\":\"ListItem\",\"position\":3,\"name\":\"Technok rota\u013cu ugunsdz\u0113s\u0113ju ma\u0161\u012bna\"}]},{\"@type\":\"WebSite\",\"@id\":\"https:\/\/toys.lt\/lv\/#website\",\"url\":\"https:\/\/toys.lt\/lv\/\",\"name\":\"Toys.lt\",\"description\":\"\",\"potentialAction\":[{\"@type\":\"SearchAction\",\"target\":{\"@type\":\"EntryPoint\",\"urlTemplate\":\"https:\/\/toys.lt\/lv\/?s={search_term_string}\"},\"query-input\":{\"@type\":\"PropertyValueSpecification\",\"valueRequired\":true,\"valueName\":\"search_term_string\"}}],\"inLanguage\":\"lv-LV\"}]}<\/script>\n<!-- \/ Yoast SEO plugin. -->","yoast_head_json":{"title":"Technok rota\u013cu ugunsdz\u0113s\u0113ju ma\u0161\u012bna - Toys.lt","robots":{"index":"index","follow":"follow","max-snippet":"max-snippet:-1","max-image-preview":"max-image-preview:large","max-video-preview":"max-video-preview:-1"},"canonical":"https:\/\/toys.lt\/lv\/produktas\/technok-rotalu-ugunsdzeseju-masina\/","og_locale":"lv_LV","og_type":"article","og_title":"Technok rota\u013cu ugunsdz\u0113s\u0113ju ma\u0161\u012bna - Toys.lt","og_description":"Izstr\u0101d\u0101juma veids: transportl\u012bdzeklis Izcelsmes valsts: Ukraina Izstr\u0101d\u0101juma materi\u0101ls: plastmasa Izm\u0113ri: 31 x 24 x 20 cm Ieteicamais vecums: no 3 gadiem.","og_url":"https:\/\/toys.lt\/lv\/produktas\/technok-rotalu-ugunsdzeseju-masina\/","og_site_name":"Toys.lt","article_modified_time":"2026-04-08T00:01:51+00:00","og_image":[{"width":1200,"height":800,"url":"https:\/\/toys.lt\/wp-content\/uploads\/2024\/07\/products-6624.jpg","type":"image\/jpeg"}],"twitter_card":"summary_large_image","schema":{"@context":"https:\/\/schema.org","@graph":[{"@type":"WebPage","@id":"https:\/\/toys.lt\/lv\/produktas\/technok-rotalu-ugunsdzeseju-masina\/","url":"https:\/\/toys.lt\/lv\/produktas\/technok-rotalu-ugunsdzeseju-masina\/","name":"Technok rota\u013cu ugunsdz\u0113s\u0113ju ma\u0161\u012bna - Toys.lt","isPartOf":{"@id":"https:\/\/toys.lt\/lv\/#website"},"primaryImageOfPage":{"@id":"https:\/\/toys.lt\/lv\/produktas\/technok-rotalu-ugunsdzeseju-masina\/#primaryimage"},"image":{"@id":"https:\/\/toys.lt\/lv\/produktas\/technok-rotalu-ugunsdzeseju-masina\/#primaryimage"},"thumbnailUrl":"https:\/\/toys.lt\/wp-content\/uploads\/2024\/07\/products-6624.jpg","datePublished":"2024-07-04T18:04:41+00:00","dateModified":"2026-04-08T00:01:51+00:00","breadcrumb":{"@id":"https:\/\/toys.lt\/lv\/produktas\/technok-rotalu-ugunsdzeseju-masina\/#breadcrumb"},"inLanguage":"lv-LV","potentialAction":[{"@type":"ReadAction","target":["https:\/\/toys.lt\/lv\/produktas\/technok-rotalu-ugunsdzeseju-masina\/"]}]},{"@type":"ImageObject","inLanguage":"lv-LV","@id":"https:\/\/toys.lt\/lv\/produktas\/technok-rotalu-ugunsdzeseju-masina\/#primaryimage","url":"https:\/\/toys.lt\/wp-content\/uploads\/2024\/07\/products-6624.jpg","contentUrl":"https:\/\/toys.lt\/wp-content\/uploads\/2024\/07\/products-6624.jpg","width":1200,"height":800,"caption":"Technok \u017eaislin\u0117 ugniagesi\u0173 ma\u0161ina"},{"@type":"BreadcrumbList","@id":"https:\/\/toys.lt\/lv\/produktas\/technok-rotalu-ugunsdzeseju-masina\/#breadcrumb","itemListElement":[{"@type":"ListItem","position":1,"name":"Home","item":"https:\/\/toys.lt\/lv\/"},{"@type":"ListItem","position":2,"name":"Veikals","item":"https:\/\/toys.lt\/lv\/shop\/"},{"@type":"ListItem","position":3,"name":"Technok rota\u013cu ugunsdz\u0113s\u0113ju ma\u0161\u012bna"}]},{"@type":"WebSite","@id":"https:\/\/toys.lt\/lv\/#website","url":"https:\/\/toys.lt\/lv\/","name":"Toys.lt","description":"","potentialAction":[{"@type":"SearchAction","target":{"@type":"EntryPoint","urlTemplate":"https:\/\/toys.lt\/lv\/?s={search_term_string}"},"query-input":{"@type":"PropertyValueSpecification","valueRequired":true,"valueName":"search_term_string"}}],"inLanguage":"lv-LV"}]}},"_links":{"self":[{"href":"https:\/\/toys.lt\/lv\/wp-json\/wp\/v2\/product\/42599","targetHints":{"allow":["GET"]}}],"collection":[{"href":"https:\/\/toys.lt\/lv\/wp-json\/wp\/v2\/product"}],"about":[{"href":"https:\/\/toys.lt\/lv\/wp-json\/wp\/v2\/types\/product"}],"replies":[{"embeddable":true,"href":"https:\/\/toys.lt\/lv\/wp-json\/wp\/v2\/comments?post=42599"}],"version-history":[{"count":0,"href":"https:\/\/toys.lt\/lv\/wp-json\/wp\/v2\/product\/42599\/revisions"}],"wp:featuredmedia":[{"embeddable":true,"href":"https:\/\/toys.lt\/lv\/wp-json\/wp\/v2\/media\/40230"}],"wp:attachment":[{"href":"https:\/\/toys.lt\/lv\/wp-json\/wp\/v2\/media?parent=42599"}],"wp:term":[{"taxonomy":"product_brand","embeddable":true,"href":"https:\/\/toys.lt\/lv\/wp-json\/wp\/v2\/product_brand?post=42599"},{"taxonomy":"product_cat","embeddable":true,"href":"https:\/\/toys.lt\/lv\/wp-json\/wp\/v2\/product_cat?post=42599"},{"taxonomy":"product_tag","embeddable":true,"href":"https:\/\/toys.lt\/lv\/wp-json\/wp\/v2\/product_tag?post=42599"}],"curies":[{"name":"wp","href":"https:\/\/api.w.org\/{rel}","templated":true}]}}