{"id":42589,"date":"2024-07-09T02:21:45","date_gmt":"2024-07-09T02:21:45","guid":{"rendered":"https:\/\/toys.lt\/produktas\/piepusamais-baseins-intex-rainbow-baby-pool-86x25cm\/"},"modified":"2026-04-09T00:03:26","modified_gmt":"2026-04-09T00:03:26","slug":"piepusamais-baseins-intex-rainbow-baby-pool-86x25cm","status":"publish","type":"product","link":"https:\/\/toys.lt\/lv\/produktas\/piepusamais-baseins-intex-rainbow-baby-pool-86x25cm\/","title":{"rendered":"Piep\u016b\u0161amais baseins INTEX Rainbow Baby Pool 86x25cm"},"content":{"rendered":"<p><strong>Piep\u016b\u0161amais \u0101ra baseins<\/strong><\/p>\n<ul style=\"list-style-type: disc\">\n<li>Baseina izm\u0113ri: 85 x 5 cm<\/li>\n<li>\u016adens tilpums: 63 litri<\/li>\n<li>M\u012bksti s\u0101ni un apak\u0161da\u013ca<\/li>\n<li>3 gredzeni<\/li>\n<\/ul>\n","protected":false},"excerpt":{"rendered":"<p>Produkta veids: baseins<\/p>\n<p>Baseina izm\u0113ri: 85 x 25 cm<\/p>\n<p>Iepakojuma izm\u0113ri: 5 x 19 x 19 cm<\/p>\n<p>Svars: 0,5 kg<\/p>\n<p>\u016adens tilpums: 63 litri<\/p>\n<p>Ieteicamais vecums: no 1 l\u012bdz 3 gadiem.<\/p>\n","protected":false},"featured_media":36242,"comment_status":"open","ping_status":"closed","template":"","meta":[],"product_brand":[],"product_cat":[1397,1400,1396,1398,1406],"product_tag":[],"class_list":{"0":"post-42589","1":"product","2":"type-product","3":"status-publish","4":"has-post-thumbnail","6":"product_cat-atputa","7":"product_cat-bernu-baseini-lv","8":"product_cat-sports","9":"product_cat-turisms","10":"product_cat-letakais","11":"pa_amziaus-grupe-1-lv","12":"pa_prekes-zenklas-intex-lv","14":"first","15":"instock","16":"taxable","17":"shipping-taxable","18":"purchasable","19":"product-type-simple"},"yoast_head":"<!-- This site is optimized with the Yoast SEO plugin v26.3 - https:\/\/yoast.com\/wordpress\/plugins\/seo\/ -->\n<title>Piep\u016b\u0161amais baseins INTEX Rainbow Baby Pool 86x25cm - Toys.lt<\/title>\n<meta name=\"robots\" content=\"index, follow, max-snippet:-1, max-image-preview:large, max-video-preview:-1\" \/>\n<link rel=\"canonical\" href=\"https:\/\/toys.lt\/lv\/produktas\/piepusamais-baseins-intex-rainbow-baby-pool-86x25cm\/\" \/>\n<meta property=\"og:locale\" content=\"lv_LV\" \/>\n<meta property=\"og:type\" content=\"article\" \/>\n<meta property=\"og:title\" content=\"Piep\u016b\u0161amais baseins INTEX Rainbow Baby Pool 86x25cm - Toys.lt\" \/>\n<meta property=\"og:description\" content=\"Produkta veids: baseins Baseina izm\u0113ri: 85 x 25 cm Iepakojuma izm\u0113ri: 5 x 19 x 19 cm Svars: 0,5 kg \u016adens tilpums: 63 litri Ieteicamais vecums: no 1 l\u012bdz 3 gadiem.\" \/>\n<meta property=\"og:url\" content=\"https:\/\/toys.lt\/lv\/produktas\/piepusamais-baseins-intex-rainbow-baby-pool-86x25cm\/\" \/>\n<meta property=\"og:site_name\" content=\"Toys.lt\" \/>\n<meta property=\"article:modified_time\" content=\"2026-04-09T00:03:26+00:00\" \/>\n<meta property=\"og:image\" content=\"https:\/\/toys.lt\/wp-content\/uploads\/2024\/07\/products-6657.jpg\" \/>\n\t<meta property=\"og:image:width\" content=\"450\" \/>\n\t<meta property=\"og:image:height\" content=\"450\" \/>\n\t<meta property=\"og:image:type\" content=\"image\/jpeg\" \/>\n<meta name=\"twitter:card\" content=\"summary_large_image\" \/>\n<script type=\"application\/ld+json\" class=\"yoast-schema-graph\">{\"@context\":\"https:\/\/schema.org\",\"@graph\":[{\"@type\":\"WebPage\",\"@id\":\"https:\/\/toys.lt\/lv\/produktas\/piepusamais-baseins-intex-rainbow-baby-pool-86x25cm\/\",\"url\":\"https:\/\/toys.lt\/lv\/produktas\/piepusamais-baseins-intex-rainbow-baby-pool-86x25cm\/\",\"name\":\"Piep\u016b\u0161amais baseins INTEX Rainbow Baby Pool 86x25cm - Toys.lt\",\"isPartOf\":{\"@id\":\"https:\/\/toys.lt\/lv\/#website\"},\"primaryImageOfPage\":{\"@id\":\"https:\/\/toys.lt\/lv\/produktas\/piepusamais-baseins-intex-rainbow-baby-pool-86x25cm\/#primaryimage\"},\"image\":{\"@id\":\"https:\/\/toys.lt\/lv\/produktas\/piepusamais-baseins-intex-rainbow-baby-pool-86x25cm\/#primaryimage\"},\"thumbnailUrl\":\"https:\/\/toys.lt\/wp-content\/uploads\/2024\/07\/products-6657.jpg\",\"datePublished\":\"2024-07-09T02:21:45+00:00\",\"dateModified\":\"2026-04-09T00:03:26+00:00\",\"breadcrumb\":{\"@id\":\"https:\/\/toys.lt\/lv\/produktas\/piepusamais-baseins-intex-rainbow-baby-pool-86x25cm\/#breadcrumb\"},\"inLanguage\":\"lv-LV\",\"potentialAction\":[{\"@type\":\"ReadAction\",\"target\":[\"https:\/\/toys.lt\/lv\/produktas\/piepusamais-baseins-intex-rainbow-baby-pool-86x25cm\/\"]}]},{\"@type\":\"ImageObject\",\"inLanguage\":\"lv-LV\",\"@id\":\"https:\/\/toys.lt\/lv\/produktas\/piepusamais-baseins-intex-rainbow-baby-pool-86x25cm\/#primaryimage\",\"url\":\"https:\/\/toys.lt\/wp-content\/uploads\/2024\/07\/products-6657.jpg\",\"contentUrl\":\"https:\/\/toys.lt\/wp-content\/uploads\/2024\/07\/products-6657.jpg\",\"width\":450,\"height\":450,\"caption\":\"Baseinas pripu\u010diamas INTEX Rainbow Baby Pool 86x25cm\"},{\"@type\":\"BreadcrumbList\",\"@id\":\"https:\/\/toys.lt\/lv\/produktas\/piepusamais-baseins-intex-rainbow-baby-pool-86x25cm\/#breadcrumb\",\"itemListElement\":[{\"@type\":\"ListItem\",\"position\":1,\"name\":\"Home\",\"item\":\"https:\/\/toys.lt\/lv\/\"},{\"@type\":\"ListItem\",\"position\":2,\"name\":\"Veikals\",\"item\":\"https:\/\/toys.lt\/lv\/shop\/\"},{\"@type\":\"ListItem\",\"position\":3,\"name\":\"Piep\u016b\u0161amais baseins INTEX Rainbow Baby Pool 86x25cm\"}]},{\"@type\":\"WebSite\",\"@id\":\"https:\/\/toys.lt\/lv\/#website\",\"url\":\"https:\/\/toys.lt\/lv\/\",\"name\":\"Toys.lt\",\"description\":\"\",\"potentialAction\":[{\"@type\":\"SearchAction\",\"target\":{\"@type\":\"EntryPoint\",\"urlTemplate\":\"https:\/\/toys.lt\/lv\/?s={search_term_string}\"},\"query-input\":{\"@type\":\"PropertyValueSpecification\",\"valueRequired\":true,\"valueName\":\"search_term_string\"}}],\"inLanguage\":\"lv-LV\"}]}<\/script>\n<!-- \/ Yoast SEO plugin. -->","yoast_head_json":{"title":"Piep\u016b\u0161amais baseins INTEX Rainbow Baby Pool 86x25cm - Toys.lt","robots":{"index":"index","follow":"follow","max-snippet":"max-snippet:-1","max-image-preview":"max-image-preview:large","max-video-preview":"max-video-preview:-1"},"canonical":"https:\/\/toys.lt\/lv\/produktas\/piepusamais-baseins-intex-rainbow-baby-pool-86x25cm\/","og_locale":"lv_LV","og_type":"article","og_title":"Piep\u016b\u0161amais baseins INTEX Rainbow Baby Pool 86x25cm - Toys.lt","og_description":"Produkta veids: baseins Baseina izm\u0113ri: 85 x 25 cm Iepakojuma izm\u0113ri: 5 x 19 x 19 cm Svars: 0,5 kg \u016adens tilpums: 63 litri Ieteicamais vecums: no 1 l\u012bdz 3 gadiem.","og_url":"https:\/\/toys.lt\/lv\/produktas\/piepusamais-baseins-intex-rainbow-baby-pool-86x25cm\/","og_site_name":"Toys.lt","article_modified_time":"2026-04-09T00:03:26+00:00","og_image":[{"width":450,"height":450,"url":"https:\/\/toys.lt\/wp-content\/uploads\/2024\/07\/products-6657.jpg","type":"image\/jpeg"}],"twitter_card":"summary_large_image","schema":{"@context":"https:\/\/schema.org","@graph":[{"@type":"WebPage","@id":"https:\/\/toys.lt\/lv\/produktas\/piepusamais-baseins-intex-rainbow-baby-pool-86x25cm\/","url":"https:\/\/toys.lt\/lv\/produktas\/piepusamais-baseins-intex-rainbow-baby-pool-86x25cm\/","name":"Piep\u016b\u0161amais baseins INTEX Rainbow Baby Pool 86x25cm - Toys.lt","isPartOf":{"@id":"https:\/\/toys.lt\/lv\/#website"},"primaryImageOfPage":{"@id":"https:\/\/toys.lt\/lv\/produktas\/piepusamais-baseins-intex-rainbow-baby-pool-86x25cm\/#primaryimage"},"image":{"@id":"https:\/\/toys.lt\/lv\/produktas\/piepusamais-baseins-intex-rainbow-baby-pool-86x25cm\/#primaryimage"},"thumbnailUrl":"https:\/\/toys.lt\/wp-content\/uploads\/2024\/07\/products-6657.jpg","datePublished":"2024-07-09T02:21:45+00:00","dateModified":"2026-04-09T00:03:26+00:00","breadcrumb":{"@id":"https:\/\/toys.lt\/lv\/produktas\/piepusamais-baseins-intex-rainbow-baby-pool-86x25cm\/#breadcrumb"},"inLanguage":"lv-LV","potentialAction":[{"@type":"ReadAction","target":["https:\/\/toys.lt\/lv\/produktas\/piepusamais-baseins-intex-rainbow-baby-pool-86x25cm\/"]}]},{"@type":"ImageObject","inLanguage":"lv-LV","@id":"https:\/\/toys.lt\/lv\/produktas\/piepusamais-baseins-intex-rainbow-baby-pool-86x25cm\/#primaryimage","url":"https:\/\/toys.lt\/wp-content\/uploads\/2024\/07\/products-6657.jpg","contentUrl":"https:\/\/toys.lt\/wp-content\/uploads\/2024\/07\/products-6657.jpg","width":450,"height":450,"caption":"Baseinas pripu\u010diamas INTEX Rainbow Baby Pool 86x25cm"},{"@type":"BreadcrumbList","@id":"https:\/\/toys.lt\/lv\/produktas\/piepusamais-baseins-intex-rainbow-baby-pool-86x25cm\/#breadcrumb","itemListElement":[{"@type":"ListItem","position":1,"name":"Home","item":"https:\/\/toys.lt\/lv\/"},{"@type":"ListItem","position":2,"name":"Veikals","item":"https:\/\/toys.lt\/lv\/shop\/"},{"@type":"ListItem","position":3,"name":"Piep\u016b\u0161amais baseins INTEX Rainbow Baby Pool 86x25cm"}]},{"@type":"WebSite","@id":"https:\/\/toys.lt\/lv\/#website","url":"https:\/\/toys.lt\/lv\/","name":"Toys.lt","description":"","potentialAction":[{"@type":"SearchAction","target":{"@type":"EntryPoint","urlTemplate":"https:\/\/toys.lt\/lv\/?s={search_term_string}"},"query-input":{"@type":"PropertyValueSpecification","valueRequired":true,"valueName":"search_term_string"}}],"inLanguage":"lv-LV"}]}},"_links":{"self":[{"href":"https:\/\/toys.lt\/lv\/wp-json\/wp\/v2\/product\/42589","targetHints":{"allow":["GET"]}}],"collection":[{"href":"https:\/\/toys.lt\/lv\/wp-json\/wp\/v2\/product"}],"about":[{"href":"https:\/\/toys.lt\/lv\/wp-json\/wp\/v2\/types\/product"}],"replies":[{"embeddable":true,"href":"https:\/\/toys.lt\/lv\/wp-json\/wp\/v2\/comments?post=42589"}],"version-history":[{"count":1,"href":"https:\/\/toys.lt\/lv\/wp-json\/wp\/v2\/product\/42589\/revisions"}],"predecessor-version":[{"id":45738,"href":"https:\/\/toys.lt\/lv\/wp-json\/wp\/v2\/product\/42589\/revisions\/45738"}],"wp:featuredmedia":[{"embeddable":true,"href":"https:\/\/toys.lt\/lv\/wp-json\/wp\/v2\/media\/36242"}],"wp:attachment":[{"href":"https:\/\/toys.lt\/lv\/wp-json\/wp\/v2\/media?parent=42589"}],"wp:term":[{"taxonomy":"product_brand","embeddable":true,"href":"https:\/\/toys.lt\/lv\/wp-json\/wp\/v2\/product_brand?post=42589"},{"taxonomy":"product_cat","embeddable":true,"href":"https:\/\/toys.lt\/lv\/wp-json\/wp\/v2\/product_cat?post=42589"},{"taxonomy":"product_tag","embeddable":true,"href":"https:\/\/toys.lt\/lv\/wp-json\/wp\/v2\/product_tag?post=42589"}],"curies":[{"name":"wp","href":"https:\/\/api.w.org\/{rel}","templated":true}]}}