{"id":42585,"date":"2025-05-30T13:10:03","date_gmt":"2025-05-30T13:10:03","guid":{"rendered":"https:\/\/toys.lt\/produktas\/r-b-vadama-masina-6\/"},"modified":"2026-03-30T00:25:22","modified_gmt":"2026-03-30T00:25:22","slug":"r-b-vadama-masina-6","status":"publish","type":"product","link":"https:\/\/toys.lt\/lv\/produktas\/r-b-vadama-masina-6\/","title":{"rendered":"R\/B vad\u0101ma ma\u0161\u012bna"},"content":{"rendered":"<p><strong>Funkcijas:<\/strong><\/p>\n<ul style=\"list-style-type: square;\">\n<li style=\"margin: 0px; padding: 0px; font: inherit; border: 0px;\">Vad\u012bbas panelis<\/li>\n<li style=\"margin: 0px; padding: 0px; font: inherit; border: 0px;\">P\u0101rvieto\u0161an\u0101s visos virzienos<\/li>\n<li style=\"margin: 0px; padding: 0px; font: inherit; border: 0px;\">Viegli un \u0113rti lietojams<\/li>\n<li>27Mhz frekvence<\/li>\n<li>1:24<\/li>\n<li>Ma\u0161\u012bnas izm\u0113rs 18 x 8 x 6 cm<\/li>\n<\/ul>\n","protected":false},"excerpt":{"rendered":"<p>Produkta veids: vad\u012bbas rota\u013clietas<\/p>\n<p>Izcelsmes valsts: \u0136\u012bna<\/p>\n<p>Iepakojuma izm\u0113ri: 33 x 8 x 25 cm<\/p>\n<p>Automa\u0161\u012bnas izm\u0113ri: 18 x 8 x 6 cm<\/p>\n<p>Ieteicamais vecums: no 6 gadiem<\/p>\n<p>Nepiecie\u0161amie elementi: 2xAA t\u0101lvad\u012bbas pults + 3xAA automa\u0161\u012bnai.<\/p>\n","protected":false},"featured_media":40589,"comment_status":"open","ping_status":"closed","template":"","meta":[],"product_brand":[],"product_cat":[1160],"product_tag":[],"class_list":{"0":"post-42585","1":"product","2":"type-product","3":"status-publish","4":"has-post-thumbnail","6":"product_cat-kontroletas-rotallietas","7":"pa_amziaus-grupe-6-lv","8":"pa_prek-s-spalva-black-lv","9":"pa_prek-s-spalva-sarkanais","10":"pa_prek-s-spalva-zilais","11":"pa_prek-s-tipas-automasinas","13":"first","14":"outofstock","15":"taxable","16":"shipping-taxable","17":"purchasable","18":"product-type-variable"},"yoast_head":"<!-- This site is optimized with the Yoast SEO plugin v26.3 - https:\/\/yoast.com\/wordpress\/plugins\/seo\/ -->\n<title>R\/B vad\u0101ma ma\u0161\u012bna - Toys.lt<\/title>\n<meta name=\"robots\" content=\"index, follow, max-snippet:-1, max-image-preview:large, max-video-preview:-1\" \/>\n<link rel=\"canonical\" href=\"https:\/\/toys.lt\/lv\/produktas\/r-b-vadama-masina-6\/\" \/>\n<meta property=\"og:locale\" content=\"lv_LV\" \/>\n<meta property=\"og:type\" content=\"article\" \/>\n<meta property=\"og:title\" content=\"R\/B vad\u0101ma ma\u0161\u012bna - Toys.lt\" \/>\n<meta property=\"og:description\" content=\"Produkta veids: vad\u012bbas rota\u013clietas Izcelsmes valsts: \u0136\u012bna Iepakojuma izm\u0113ri: 33 x 8 x 25 cm Automa\u0161\u012bnas izm\u0113ri: 18 x 8 x 6 cm Ieteicamais vecums: no 6 gadiem Nepiecie\u0161amie elementi: 2xAA t\u0101lvad\u012bbas pults + 3xAA automa\u0161\u012bnai.\" \/>\n<meta property=\"og:url\" content=\"https:\/\/toys.lt\/lv\/produktas\/r-b-vadama-masina-6\/\" \/>\n<meta property=\"og:site_name\" content=\"Toys.lt\" \/>\n<meta property=\"article:modified_time\" content=\"2026-03-30T00:25:22+00:00\" \/>\n<meta property=\"og:image\" content=\"https:\/\/toys.lt\/wp-content\/uploads\/2025\/05\/988-6F-rb-masina.jpg\" \/>\n\t<meta property=\"og:image:width\" content=\"1200\" \/>\n\t<meta property=\"og:image:height\" content=\"1372\" \/>\n\t<meta property=\"og:image:type\" content=\"image\/jpeg\" \/>\n<meta name=\"twitter:card\" content=\"summary_large_image\" \/>\n<script type=\"application\/ld+json\" class=\"yoast-schema-graph\">{\"@context\":\"https:\/\/schema.org\",\"@graph\":[{\"@type\":\"WebPage\",\"@id\":\"https:\/\/toys.lt\/lv\/produktas\/r-b-vadama-masina-6\/\",\"url\":\"https:\/\/toys.lt\/lv\/produktas\/r-b-vadama-masina-6\/\",\"name\":\"R\/B vad\u0101ma ma\u0161\u012bna - Toys.lt\",\"isPartOf\":{\"@id\":\"https:\/\/toys.lt\/lv\/#website\"},\"primaryImageOfPage\":{\"@id\":\"https:\/\/toys.lt\/lv\/produktas\/r-b-vadama-masina-6\/#primaryimage\"},\"image\":{\"@id\":\"https:\/\/toys.lt\/lv\/produktas\/r-b-vadama-masina-6\/#primaryimage\"},\"thumbnailUrl\":\"https:\/\/toys.lt\/wp-content\/uploads\/2025\/05\/988-6F-rb-masina.jpg\",\"datePublished\":\"2025-05-30T13:10:03+00:00\",\"dateModified\":\"2026-03-30T00:25:22+00:00\",\"breadcrumb\":{\"@id\":\"https:\/\/toys.lt\/lv\/produktas\/r-b-vadama-masina-6\/#breadcrumb\"},\"inLanguage\":\"lv-LV\",\"potentialAction\":[{\"@type\":\"ReadAction\",\"target\":[\"https:\/\/toys.lt\/lv\/produktas\/r-b-vadama-masina-6\/\"]}]},{\"@type\":\"ImageObject\",\"inLanguage\":\"lv-LV\",\"@id\":\"https:\/\/toys.lt\/lv\/produktas\/r-b-vadama-masina-6\/#primaryimage\",\"url\":\"https:\/\/toys.lt\/wp-content\/uploads\/2025\/05\/988-6F-rb-masina.jpg\",\"contentUrl\":\"https:\/\/toys.lt\/wp-content\/uploads\/2025\/05\/988-6F-rb-masina.jpg\",\"width\":1200,\"height\":1372,\"caption\":\"R\/B valdoma ma\u0161ina\"},{\"@type\":\"BreadcrumbList\",\"@id\":\"https:\/\/toys.lt\/lv\/produktas\/r-b-vadama-masina-6\/#breadcrumb\",\"itemListElement\":[{\"@type\":\"ListItem\",\"position\":1,\"name\":\"Home\",\"item\":\"https:\/\/toys.lt\/lv\/\"},{\"@type\":\"ListItem\",\"position\":2,\"name\":\"Veikals\",\"item\":\"https:\/\/toys.lt\/lv\/shop\/\"},{\"@type\":\"ListItem\",\"position\":3,\"name\":\"R\/B vad\u0101ma ma\u0161\u012bna\"}]},{\"@type\":\"WebSite\",\"@id\":\"https:\/\/toys.lt\/lv\/#website\",\"url\":\"https:\/\/toys.lt\/lv\/\",\"name\":\"Toys.lt\",\"description\":\"\",\"potentialAction\":[{\"@type\":\"SearchAction\",\"target\":{\"@type\":\"EntryPoint\",\"urlTemplate\":\"https:\/\/toys.lt\/lv\/?s={search_term_string}\"},\"query-input\":{\"@type\":\"PropertyValueSpecification\",\"valueRequired\":true,\"valueName\":\"search_term_string\"}}],\"inLanguage\":\"lv-LV\"}]}<\/script>\n<!-- \/ Yoast SEO plugin. -->","yoast_head_json":{"title":"R\/B vad\u0101ma ma\u0161\u012bna - Toys.lt","robots":{"index":"index","follow":"follow","max-snippet":"max-snippet:-1","max-image-preview":"max-image-preview:large","max-video-preview":"max-video-preview:-1"},"canonical":"https:\/\/toys.lt\/lv\/produktas\/r-b-vadama-masina-6\/","og_locale":"lv_LV","og_type":"article","og_title":"R\/B vad\u0101ma ma\u0161\u012bna - Toys.lt","og_description":"Produkta veids: vad\u012bbas rota\u013clietas Izcelsmes valsts: \u0136\u012bna Iepakojuma izm\u0113ri: 33 x 8 x 25 cm Automa\u0161\u012bnas izm\u0113ri: 18 x 8 x 6 cm Ieteicamais vecums: no 6 gadiem Nepiecie\u0161amie elementi: 2xAA t\u0101lvad\u012bbas pults + 3xAA automa\u0161\u012bnai.","og_url":"https:\/\/toys.lt\/lv\/produktas\/r-b-vadama-masina-6\/","og_site_name":"Toys.lt","article_modified_time":"2026-03-30T00:25:22+00:00","og_image":[{"width":1200,"height":1372,"url":"https:\/\/toys.lt\/wp-content\/uploads\/2025\/05\/988-6F-rb-masina.jpg","type":"image\/jpeg"}],"twitter_card":"summary_large_image","schema":{"@context":"https:\/\/schema.org","@graph":[{"@type":"WebPage","@id":"https:\/\/toys.lt\/lv\/produktas\/r-b-vadama-masina-6\/","url":"https:\/\/toys.lt\/lv\/produktas\/r-b-vadama-masina-6\/","name":"R\/B vad\u0101ma ma\u0161\u012bna - Toys.lt","isPartOf":{"@id":"https:\/\/toys.lt\/lv\/#website"},"primaryImageOfPage":{"@id":"https:\/\/toys.lt\/lv\/produktas\/r-b-vadama-masina-6\/#primaryimage"},"image":{"@id":"https:\/\/toys.lt\/lv\/produktas\/r-b-vadama-masina-6\/#primaryimage"},"thumbnailUrl":"https:\/\/toys.lt\/wp-content\/uploads\/2025\/05\/988-6F-rb-masina.jpg","datePublished":"2025-05-30T13:10:03+00:00","dateModified":"2026-03-30T00:25:22+00:00","breadcrumb":{"@id":"https:\/\/toys.lt\/lv\/produktas\/r-b-vadama-masina-6\/#breadcrumb"},"inLanguage":"lv-LV","potentialAction":[{"@type":"ReadAction","target":["https:\/\/toys.lt\/lv\/produktas\/r-b-vadama-masina-6\/"]}]},{"@type":"ImageObject","inLanguage":"lv-LV","@id":"https:\/\/toys.lt\/lv\/produktas\/r-b-vadama-masina-6\/#primaryimage","url":"https:\/\/toys.lt\/wp-content\/uploads\/2025\/05\/988-6F-rb-masina.jpg","contentUrl":"https:\/\/toys.lt\/wp-content\/uploads\/2025\/05\/988-6F-rb-masina.jpg","width":1200,"height":1372,"caption":"R\/B valdoma ma\u0161ina"},{"@type":"BreadcrumbList","@id":"https:\/\/toys.lt\/lv\/produktas\/r-b-vadama-masina-6\/#breadcrumb","itemListElement":[{"@type":"ListItem","position":1,"name":"Home","item":"https:\/\/toys.lt\/lv\/"},{"@type":"ListItem","position":2,"name":"Veikals","item":"https:\/\/toys.lt\/lv\/shop\/"},{"@type":"ListItem","position":3,"name":"R\/B vad\u0101ma ma\u0161\u012bna"}]},{"@type":"WebSite","@id":"https:\/\/toys.lt\/lv\/#website","url":"https:\/\/toys.lt\/lv\/","name":"Toys.lt","description":"","potentialAction":[{"@type":"SearchAction","target":{"@type":"EntryPoint","urlTemplate":"https:\/\/toys.lt\/lv\/?s={search_term_string}"},"query-input":{"@type":"PropertyValueSpecification","valueRequired":true,"valueName":"search_term_string"}}],"inLanguage":"lv-LV"}]}},"_links":{"self":[{"href":"https:\/\/toys.lt\/lv\/wp-json\/wp\/v2\/product\/42585","targetHints":{"allow":["GET"]}}],"collection":[{"href":"https:\/\/toys.lt\/lv\/wp-json\/wp\/v2\/product"}],"about":[{"href":"https:\/\/toys.lt\/lv\/wp-json\/wp\/v2\/types\/product"}],"replies":[{"embeddable":true,"href":"https:\/\/toys.lt\/lv\/wp-json\/wp\/v2\/comments?post=42585"}],"version-history":[{"count":1,"href":"https:\/\/toys.lt\/lv\/wp-json\/wp\/v2\/product\/42585\/revisions"}],"predecessor-version":[{"id":45683,"href":"https:\/\/toys.lt\/lv\/wp-json\/wp\/v2\/product\/42585\/revisions\/45683"}],"wp:featuredmedia":[{"embeddable":true,"href":"https:\/\/toys.lt\/lv\/wp-json\/wp\/v2\/media\/40589"}],"wp:attachment":[{"href":"https:\/\/toys.lt\/lv\/wp-json\/wp\/v2\/media?parent=42585"}],"wp:term":[{"taxonomy":"product_brand","embeddable":true,"href":"https:\/\/toys.lt\/lv\/wp-json\/wp\/v2\/product_brand?post=42585"},{"taxonomy":"product_cat","embeddable":true,"href":"https:\/\/toys.lt\/lv\/wp-json\/wp\/v2\/product_cat?post=42585"},{"taxonomy":"product_tag","embeddable":true,"href":"https:\/\/toys.lt\/lv\/wp-json\/wp\/v2\/product_tag?post=42585"}],"curies":[{"name":"wp","href":"https:\/\/api.w.org\/{rel}","templated":true}]}}