{"id":42563,"date":"2020-04-10T09:21:20","date_gmt":"2020-04-10T09:21:20","guid":{"rendered":"https:\/\/toys.lt\/produktas\/interaktivs-rotalu-lacitis\/"},"modified":"2026-04-09T00:02:34","modified_gmt":"2026-04-09T00:02:34","slug":"interaktivs-rotalu-lacitis","status":"publish","type":"product","link":"https:\/\/toys.lt\/lv\/produktas\/interaktivs-rotalu-lacitis\/","title":{"rendered":"Interakt\u012bvs rota\u013cu l\u0101c\u012btis"},"content":{"rendered":"<p class=\"MsoNormal\" align=\"center\" style=\"text-align:center;\"><i><span style=\"font-size:8.5pt;font-family:Verdana, 'sans-serif';color:#000000;\">Clementoni &#8211; dibin\u0101ts It\u0101lij\u0101 un veiksm\u012bgi darbojas jau vair\u0101k nek\u0101 50 gadus! Uz\u0146\u0113muma misija ir rad\u012bt sp\u0113les, kas pal\u012bdz b\u0113rniem augt.   <\/span><\/i><\/p>\n<\/p>\n<p class=\"MsoNormal\" align=\"center\" style=\"text-align:center;\"><i><span style=\"font-size:8.5pt;font-family:Verdana, 'sans-serif';color:#000000;\">Tas viss ir izstr\u0101d\u0101ts, lai apmierin\u0101tu jaunie\u0161u vajadz\u012bbas, \u0146emot v\u0113r\u0101 m\u016bsdienu tehnolo\u0123ijas un glob\u0101l\u0101s izgl\u012bt\u012bbas tendences.<\/span><\/i><\/p>\n<\/p>\n<\/p>\n<\/p>\n<p><video width=\"300\" height=\"150\" controls=\"\"><source src=\"\/img\/cms\/60171.mp4\" type=\"video\/mp4\"><\/source><\/source><\/video><\/p>\n<p><strong>Funkcijas:<\/strong><\/p>\n<ul style=\"list-style-type:square;\">\n<li>Run\u0101 tr\u012bs valod\u0101s: lietuvie\u0161u, latvie\u0161u un igau\u0146u.<\/li>\n<li>5 interakt\u012bvas pogas, kas pal\u012bdz izprast pirmos burtus, ciparus, fig\u016bras un kr\u0101sas.<\/li>\n<li>Rota\u013clieta ir izgatavota no m\u012bksta un netoksiska auduma, t\u0101p\u0113c t\u0101 ir dro\u0161a b\u0113rniem.<\/li>\n<li>L\u0101c\u012btim ir interakt\u012bva gaisma &#8211; sirds formas poga<\/li>\n<\/ul>\n<p>Dr\u012bzum\u0101 b\u016bs pieejams pla\u0161\u0101ks produkta apraksts.<\/p>\n<p>Lai ieg\u016btu vair\u0101k inform\u0101cijas par produktu, zvaniet pa lap\u0101 nor\u0101d\u012bto t\u0101lru\u0146a numuru.<\/p>\n","protected":false},"excerpt":{"rendered":"<p>Preces veids: interakt\u012bv\u0101 rota\u013clieta<\/p>\n<p>Z\u012bmola nosaukums: Clementoni<\/p>\n<p>Izcelsmes valsts: It\u0101lija<\/p>\n<p>Iepakojuma izm\u0113ri: 25,5 x 16 x 32 cm<\/p>\n<p>Ieteicamais vecums: no 6 m\u0113ne\u0161iem<\/p>\n<p>Baterijas: 3 x AA (iek\u013cautas komplekt\u0101)<\/p>\n","protected":false},"featured_media":36584,"comment_status":"open","ping_status":"open","template":"","meta":[],"product_brand":[384],"product_cat":[1183,1157],"product_tag":[],"class_list":{"0":"post-42563","1":"product","2":"type-product","3":"status-publish","4":"has-post-thumbnail","6":"product_brand-clementoni-2","7":"product_cat-rotallietas-maziem-berniem","8":"product_cat-izglitojosas-un-interaktivas-rotallietas","9":"pa_amziaus-grupe-6-lv","10":"pa_prek-s-tipas-rotallietas-dazadam-spejam","11":"pa_prekes-zenklas-clementoni-lv","12":"pa_spalva-dazadi","14":"first","15":"outofstock","16":"sale","17":"taxable","18":"shipping-taxable","19":"purchasable","20":"product-type-simple"},"yoast_head":"<!-- This site is optimized with the Yoast SEO plugin v26.3 - https:\/\/yoast.com\/wordpress\/plugins\/seo\/ -->\n<title>Interakt\u012bvs rota\u013cu l\u0101c\u012btis - Toys.lt<\/title>\n<meta name=\"robots\" content=\"index, follow, max-snippet:-1, max-image-preview:large, max-video-preview:-1\" \/>\n<link rel=\"canonical\" href=\"https:\/\/toys.lt\/lv\/produktas\/interaktivs-rotalu-lacitis\/\" \/>\n<meta property=\"og:locale\" content=\"lv_LV\" \/>\n<meta property=\"og:type\" content=\"article\" \/>\n<meta property=\"og:title\" content=\"Interakt\u012bvs rota\u013cu l\u0101c\u012btis - Toys.lt\" \/>\n<meta property=\"og:description\" content=\"Preces veids: interakt\u012bv\u0101 rota\u013clieta Z\u012bmola nosaukums: Clementoni Izcelsmes valsts: It\u0101lija Iepakojuma izm\u0113ri: 25,5 x 16 x 32 cm Ieteicamais vecums: no 6 m\u0113ne\u0161iem Baterijas: 3 x AA (iek\u013cautas komplekt\u0101)\" \/>\n<meta property=\"og:url\" content=\"https:\/\/toys.lt\/lv\/produktas\/interaktivs-rotalu-lacitis\/\" \/>\n<meta property=\"og:site_name\" content=\"Toys.lt\" \/>\n<meta property=\"article:modified_time\" content=\"2026-04-09T00:02:34+00:00\" \/>\n<meta property=\"og:image\" content=\"https:\/\/toys.lt\/wp-content\/uploads\/2020\/04\/products-455.jpg\" \/>\n\t<meta property=\"og:image:width\" content=\"2446\" \/>\n\t<meta property=\"og:image:height\" content=\"2354\" \/>\n\t<meta property=\"og:image:type\" content=\"image\/jpeg\" \/>\n<meta name=\"twitter:card\" content=\"summary_large_image\" \/>\n<meta name=\"twitter:label1\" content=\"Est. reading time\" \/>\n\t<meta name=\"twitter:data1\" content=\"1 minute\" \/>\n<script type=\"application\/ld+json\" class=\"yoast-schema-graph\">{\"@context\":\"https:\/\/schema.org\",\"@graph\":[{\"@type\":\"WebPage\",\"@id\":\"https:\/\/toys.lt\/lv\/produktas\/interaktivs-rotalu-lacitis\/\",\"url\":\"https:\/\/toys.lt\/lv\/produktas\/interaktivs-rotalu-lacitis\/\",\"name\":\"Interakt\u012bvs rota\u013cu l\u0101c\u012btis - Toys.lt\",\"isPartOf\":{\"@id\":\"https:\/\/toys.lt\/lv\/#website\"},\"primaryImageOfPage\":{\"@id\":\"https:\/\/toys.lt\/lv\/produktas\/interaktivs-rotalu-lacitis\/#primaryimage\"},\"image\":{\"@id\":\"https:\/\/toys.lt\/lv\/produktas\/interaktivs-rotalu-lacitis\/#primaryimage\"},\"thumbnailUrl\":\"https:\/\/toys.lt\/wp-content\/uploads\/2020\/04\/products-455.jpg\",\"datePublished\":\"2020-04-10T09:21:20+00:00\",\"dateModified\":\"2026-04-09T00:02:34+00:00\",\"breadcrumb\":{\"@id\":\"https:\/\/toys.lt\/lv\/produktas\/interaktivs-rotalu-lacitis\/#breadcrumb\"},\"inLanguage\":\"lv-LV\",\"potentialAction\":[{\"@type\":\"ReadAction\",\"target\":[\"https:\/\/toys.lt\/lv\/produktas\/interaktivs-rotalu-lacitis\/\"]}]},{\"@type\":\"ImageObject\",\"inLanguage\":\"lv-LV\",\"@id\":\"https:\/\/toys.lt\/lv\/produktas\/interaktivs-rotalu-lacitis\/#primaryimage\",\"url\":\"https:\/\/toys.lt\/wp-content\/uploads\/2020\/04\/products-455.jpg\",\"contentUrl\":\"https:\/\/toys.lt\/wp-content\/uploads\/2020\/04\/products-455.jpg\",\"width\":2446,\"height\":2354,\"caption\":\"Interaktyvus me\u0161kutis\"},{\"@type\":\"BreadcrumbList\",\"@id\":\"https:\/\/toys.lt\/lv\/produktas\/interaktivs-rotalu-lacitis\/#breadcrumb\",\"itemListElement\":[{\"@type\":\"ListItem\",\"position\":1,\"name\":\"Home\",\"item\":\"https:\/\/toys.lt\/lv\/\"},{\"@type\":\"ListItem\",\"position\":2,\"name\":\"Veikals\",\"item\":\"https:\/\/toys.lt\/lv\/shop\/\"},{\"@type\":\"ListItem\",\"position\":3,\"name\":\"Interakt\u012bvs rota\u013cu l\u0101c\u012btis\"}]},{\"@type\":\"WebSite\",\"@id\":\"https:\/\/toys.lt\/lv\/#website\",\"url\":\"https:\/\/toys.lt\/lv\/\",\"name\":\"Toys.lt\",\"description\":\"\",\"potentialAction\":[{\"@type\":\"SearchAction\",\"target\":{\"@type\":\"EntryPoint\",\"urlTemplate\":\"https:\/\/toys.lt\/lv\/?s={search_term_string}\"},\"query-input\":{\"@type\":\"PropertyValueSpecification\",\"valueRequired\":true,\"valueName\":\"search_term_string\"}}],\"inLanguage\":\"lv-LV\"}]}<\/script>\n<!-- \/ Yoast SEO plugin. -->","yoast_head_json":{"title":"Interakt\u012bvs rota\u013cu l\u0101c\u012btis - Toys.lt","robots":{"index":"index","follow":"follow","max-snippet":"max-snippet:-1","max-image-preview":"max-image-preview:large","max-video-preview":"max-video-preview:-1"},"canonical":"https:\/\/toys.lt\/lv\/produktas\/interaktivs-rotalu-lacitis\/","og_locale":"lv_LV","og_type":"article","og_title":"Interakt\u012bvs rota\u013cu l\u0101c\u012btis - Toys.lt","og_description":"Preces veids: interakt\u012bv\u0101 rota\u013clieta Z\u012bmola nosaukums: Clementoni Izcelsmes valsts: It\u0101lija Iepakojuma izm\u0113ri: 25,5 x 16 x 32 cm Ieteicamais vecums: no 6 m\u0113ne\u0161iem Baterijas: 3 x AA (iek\u013cautas komplekt\u0101)","og_url":"https:\/\/toys.lt\/lv\/produktas\/interaktivs-rotalu-lacitis\/","og_site_name":"Toys.lt","article_modified_time":"2026-04-09T00:02:34+00:00","og_image":[{"width":2446,"height":2354,"url":"https:\/\/toys.lt\/wp-content\/uploads\/2020\/04\/products-455.jpg","type":"image\/jpeg"}],"twitter_card":"summary_large_image","twitter_misc":{"Est. reading time":"1 minute"},"schema":{"@context":"https:\/\/schema.org","@graph":[{"@type":"WebPage","@id":"https:\/\/toys.lt\/lv\/produktas\/interaktivs-rotalu-lacitis\/","url":"https:\/\/toys.lt\/lv\/produktas\/interaktivs-rotalu-lacitis\/","name":"Interakt\u012bvs rota\u013cu l\u0101c\u012btis - Toys.lt","isPartOf":{"@id":"https:\/\/toys.lt\/lv\/#website"},"primaryImageOfPage":{"@id":"https:\/\/toys.lt\/lv\/produktas\/interaktivs-rotalu-lacitis\/#primaryimage"},"image":{"@id":"https:\/\/toys.lt\/lv\/produktas\/interaktivs-rotalu-lacitis\/#primaryimage"},"thumbnailUrl":"https:\/\/toys.lt\/wp-content\/uploads\/2020\/04\/products-455.jpg","datePublished":"2020-04-10T09:21:20+00:00","dateModified":"2026-04-09T00:02:34+00:00","breadcrumb":{"@id":"https:\/\/toys.lt\/lv\/produktas\/interaktivs-rotalu-lacitis\/#breadcrumb"},"inLanguage":"lv-LV","potentialAction":[{"@type":"ReadAction","target":["https:\/\/toys.lt\/lv\/produktas\/interaktivs-rotalu-lacitis\/"]}]},{"@type":"ImageObject","inLanguage":"lv-LV","@id":"https:\/\/toys.lt\/lv\/produktas\/interaktivs-rotalu-lacitis\/#primaryimage","url":"https:\/\/toys.lt\/wp-content\/uploads\/2020\/04\/products-455.jpg","contentUrl":"https:\/\/toys.lt\/wp-content\/uploads\/2020\/04\/products-455.jpg","width":2446,"height":2354,"caption":"Interaktyvus me\u0161kutis"},{"@type":"BreadcrumbList","@id":"https:\/\/toys.lt\/lv\/produktas\/interaktivs-rotalu-lacitis\/#breadcrumb","itemListElement":[{"@type":"ListItem","position":1,"name":"Home","item":"https:\/\/toys.lt\/lv\/"},{"@type":"ListItem","position":2,"name":"Veikals","item":"https:\/\/toys.lt\/lv\/shop\/"},{"@type":"ListItem","position":3,"name":"Interakt\u012bvs rota\u013cu l\u0101c\u012btis"}]},{"@type":"WebSite","@id":"https:\/\/toys.lt\/lv\/#website","url":"https:\/\/toys.lt\/lv\/","name":"Toys.lt","description":"","potentialAction":[{"@type":"SearchAction","target":{"@type":"EntryPoint","urlTemplate":"https:\/\/toys.lt\/lv\/?s={search_term_string}"},"query-input":{"@type":"PropertyValueSpecification","valueRequired":true,"valueName":"search_term_string"}}],"inLanguage":"lv-LV"}]}},"_links":{"self":[{"href":"https:\/\/toys.lt\/lv\/wp-json\/wp\/v2\/product\/42563","targetHints":{"allow":["GET"]}}],"collection":[{"href":"https:\/\/toys.lt\/lv\/wp-json\/wp\/v2\/product"}],"about":[{"href":"https:\/\/toys.lt\/lv\/wp-json\/wp\/v2\/types\/product"}],"replies":[{"embeddable":true,"href":"https:\/\/toys.lt\/lv\/wp-json\/wp\/v2\/comments?post=42563"}],"version-history":[{"count":0,"href":"https:\/\/toys.lt\/lv\/wp-json\/wp\/v2\/product\/42563\/revisions"}],"wp:featuredmedia":[{"embeddable":true,"href":"https:\/\/toys.lt\/lv\/wp-json\/wp\/v2\/media\/36584"}],"wp:attachment":[{"href":"https:\/\/toys.lt\/lv\/wp-json\/wp\/v2\/media?parent=42563"}],"wp:term":[{"taxonomy":"product_brand","embeddable":true,"href":"https:\/\/toys.lt\/lv\/wp-json\/wp\/v2\/product_brand?post=42563"},{"taxonomy":"product_cat","embeddable":true,"href":"https:\/\/toys.lt\/lv\/wp-json\/wp\/v2\/product_cat?post=42563"},{"taxonomy":"product_tag","embeddable":true,"href":"https:\/\/toys.lt\/lv\/wp-json\/wp\/v2\/product_tag?post=42563"}],"curies":[{"name":"wp","href":"https:\/\/api.w.org\/{rel}","templated":true}]}}