{"id":42561,"date":"2020-04-10T09:06:10","date_gmt":"2020-04-10T09:06:10","guid":{"rendered":"https:\/\/toys.lt\/produktas\/izglitojoso-spelu-komplekts-par-celu-satiksmes-drosibu-lteneeru\/"},"modified":"2026-04-09T00:02:35","modified_gmt":"2026-04-09T00:02:35","slug":"izglitojoso-spelu-komplekts-par-celu-satiksmes-drosibu-lteneeru","status":"publish","type":"product","link":"https:\/\/toys.lt\/lv\/produktas\/izglitojoso-spelu-komplekts-par-celu-satiksmes-drosibu-lteneeru\/","title":{"rendered":"Izgl\u012btojo\u0161o sp\u0113\u013cu komplekts par ce\u013cu satiksmes dro\u0161\u012bbu (LT+EN+EE+RU)"},"content":{"rendered":"<p class=\"MsoNormal\" style=\"text-align: center;\" align=\"center\"><i><span style=\"font-size: 8.5pt; font-family: Verdana, 'sans-serif'; color: #000000;\">Clementoni &#8211; dibin\u0101ts It\u0101lij\u0101 un veiksm\u012bgi darbojas jau vair\u0101k nek\u0101 50 gadus! Uz\u0146\u0113muma misija ir rad\u012bt sp\u0113les, kas pal\u012bdz b\u0113rniem augt.   <\/span><\/i><\/p>\n<p class=\"MsoNormal\" style=\"text-align: center;\" align=\"center\"><i><span style=\"font-size: 8.5pt; font-family: Verdana, 'sans-serif'; color: #000000;\">Tas viss ir izstr\u0101d\u0101ts, lai apmierin\u0101tu jaunie\u0161u vajadz\u012bbas, \u0146emot v\u0113r\u0101 m\u016bsdienu tehnolo\u0123ijas un glob\u0101l\u0101s izgl\u012bt\u012bbas tendences.<\/span><\/i><\/p>\n<p><strong>Komplekt\u0101 ietilpst:<\/strong><\/p>\n<ul style=\"list-style-type: square;\">\n<li>1 sp\u0113\u013cu d\u0113lis<\/li>\n<li>16 ce\u013cu satiksmes dro\u0161\u012bbas kartes<\/li>\n<li>34 testa kartes<\/li>\n<li>3 z\u012bmes &#8220;Ce\u013cu darbi&#8221;<\/li>\n<li>3 z\u012bmes &#8220;Autost\u0101vvieta&#8221;<\/li>\n<li>1 ce\u013caz\u012bme &#8220;Nebrauciet gar\u0101m&#8221;<\/li>\n<li>1 &#8220;Luksofora&#8221; kauli\u0146\u0161<\/li>\n<li>1 die &#8220;Satiksmes kontrolieris&#8221;<\/li>\n<li>1 skolas karte<\/li>\n<li>4 sp\u0113l\u0113t\u0101ju tor\u0146i<\/li>\n<li>15 da\u017e\u0101das pamatnes z\u012bmju un tor\u0146u stiprin\u0101\u0161anai<\/li>\n<li>Sp\u0113les &#8220;Ce\u013cu satiksmes noteikumi&#8221; instrukcijas un ce\u013cvedis<\/li>\n<\/ul>\n<p><strong>Funkcijas:<\/strong><\/p>\n<ul style=\"list-style-type: square;\">\n<li>Jautra sp\u0113le, kas j\u016bs aizved\u012bs ce\u013cojum\u0101 ar ce\u013cu satiksmes noteikumiem, ce\u013ca z\u012bm\u0113m un negaid\u012btiem notikumiem.<\/li>\n<li>Att\u012bsta patst\u0101v\u012bbu, soci\u0101l\u0101s prasmes, izpratni par laiku, lo\u0123isko dom\u0101\u0161anu, apk\u0101rt\u0113j\u0101s vides izp\u0113ti.<\/li>\n<\/ul>\n<p>&nbsp;<\/p>\n","protected":false},"excerpt":{"rendered":"<p>Produkta veids: izgl\u012btojo\u0161s<\/p>\n<p>Z\u012bmola nosaukums: Clementoni<\/p>\n<p>Izcelsmes valsts: It\u0101lija<\/p>\n<p>Iepakojuma izm\u0113ri: 37,2 x 5 x 28,2 cm<\/p>\n<p>Ieteicamais vecums: no 7 gadiem.<\/p>\n","protected":false},"featured_media":36582,"comment_status":"open","ping_status":"closed","template":"","meta":[],"product_brand":[384],"product_cat":[1176,1157],"product_tag":[],"class_list":{"0":"post-42561","1":"product","2":"type-product","3":"status-publish","4":"has-post-thumbnail","6":"product_brand-clementoni-2","7":"product_cat-rotallietas-zeniem","8":"product_cat-izglitojosas-un-interaktivas-rotallietas","9":"pa_amziaus-grupe-7-lv","10":"pa_prek-s-tipas-rotallietas-dazadam-spejam","11":"pa_prekes-zenklas-clementoni-lv","13":"first","14":"instock","15":"taxable","16":"shipping-taxable","17":"purchasable","18":"product-type-simple"},"yoast_head":"<!-- This site is optimized with the Yoast SEO plugin v26.3 - https:\/\/yoast.com\/wordpress\/plugins\/seo\/ -->\n<title>Izgl\u012btojo\u0161o sp\u0113\u013cu komplekts par ce\u013cu satiksmes dro\u0161\u012bbu (LT+EN+EE+RU) - Toys.lt<\/title>\n<meta name=\"robots\" content=\"index, follow, max-snippet:-1, max-image-preview:large, max-video-preview:-1\" \/>\n<link rel=\"canonical\" href=\"https:\/\/toys.lt\/lv\/produktas\/izglitojoso-spelu-komplekts-par-celu-satiksmes-drosibu-lteneeru\/\" \/>\n<meta property=\"og:locale\" content=\"lv_LV\" \/>\n<meta property=\"og:type\" content=\"article\" \/>\n<meta property=\"og:title\" content=\"Izgl\u012btojo\u0161o sp\u0113\u013cu komplekts par ce\u013cu satiksmes dro\u0161\u012bbu (LT+EN+EE+RU) - Toys.lt\" \/>\n<meta property=\"og:description\" content=\"Produkta veids: izgl\u012btojo\u0161s Z\u012bmola nosaukums: Clementoni Izcelsmes valsts: It\u0101lija Iepakojuma izm\u0113ri: 37,2 x 5 x 28,2 cm Ieteicamais vecums: no 7 gadiem.\" \/>\n<meta property=\"og:url\" content=\"https:\/\/toys.lt\/lv\/produktas\/izglitojoso-spelu-komplekts-par-celu-satiksmes-drosibu-lteneeru\/\" \/>\n<meta property=\"og:site_name\" content=\"Toys.lt\" \/>\n<meta property=\"article:modified_time\" content=\"2026-04-09T00:02:35+00:00\" \/>\n<meta property=\"og:image\" content=\"https:\/\/toys.lt\/wp-content\/uploads\/2021\/04\/products-2024.jpg\" \/>\n\t<meta property=\"og:image:width\" content=\"2397\" \/>\n\t<meta property=\"og:image:height\" content=\"2139\" \/>\n\t<meta property=\"og:image:type\" content=\"image\/jpeg\" \/>\n<meta name=\"twitter:card\" content=\"summary_large_image\" \/>\n<meta name=\"twitter:label1\" content=\"Est. reading time\" \/>\n\t<meta name=\"twitter:data1\" content=\"1 minute\" \/>\n<script type=\"application\/ld+json\" class=\"yoast-schema-graph\">{\"@context\":\"https:\/\/schema.org\",\"@graph\":[{\"@type\":\"WebPage\",\"@id\":\"https:\/\/toys.lt\/lv\/produktas\/izglitojoso-spelu-komplekts-par-celu-satiksmes-drosibu-lteneeru\/\",\"url\":\"https:\/\/toys.lt\/lv\/produktas\/izglitojoso-spelu-komplekts-par-celu-satiksmes-drosibu-lteneeru\/\",\"name\":\"Izgl\u012btojo\u0161o sp\u0113\u013cu komplekts par ce\u013cu satiksmes dro\u0161\u012bbu (LT+EN+EE+RU) - Toys.lt\",\"isPartOf\":{\"@id\":\"https:\/\/toys.lt\/lv\/#website\"},\"primaryImageOfPage\":{\"@id\":\"https:\/\/toys.lt\/lv\/produktas\/izglitojoso-spelu-komplekts-par-celu-satiksmes-drosibu-lteneeru\/#primaryimage\"},\"image\":{\"@id\":\"https:\/\/toys.lt\/lv\/produktas\/izglitojoso-spelu-komplekts-par-celu-satiksmes-drosibu-lteneeru\/#primaryimage\"},\"thumbnailUrl\":\"https:\/\/toys.lt\/wp-content\/uploads\/2021\/04\/products-2024.jpg\",\"datePublished\":\"2020-04-10T09:06:10+00:00\",\"dateModified\":\"2026-04-09T00:02:35+00:00\",\"breadcrumb\":{\"@id\":\"https:\/\/toys.lt\/lv\/produktas\/izglitojoso-spelu-komplekts-par-celu-satiksmes-drosibu-lteneeru\/#breadcrumb\"},\"inLanguage\":\"lv-LV\",\"potentialAction\":[{\"@type\":\"ReadAction\",\"target\":[\"https:\/\/toys.lt\/lv\/produktas\/izglitojoso-spelu-komplekts-par-celu-satiksmes-drosibu-lteneeru\/\"]}]},{\"@type\":\"ImageObject\",\"inLanguage\":\"lv-LV\",\"@id\":\"https:\/\/toys.lt\/lv\/produktas\/izglitojoso-spelu-komplekts-par-celu-satiksmes-drosibu-lteneeru\/#primaryimage\",\"url\":\"https:\/\/toys.lt\/wp-content\/uploads\/2021\/04\/products-2024.jpg\",\"contentUrl\":\"https:\/\/toys.lt\/wp-content\/uploads\/2021\/04\/products-2024.jpg\",\"width\":2397,\"height\":2139,\"caption\":\"\u017daidimo komplektas &#8220;Road Safety Education&#8221; (LT+LV+EE+RU)\"},{\"@type\":\"BreadcrumbList\",\"@id\":\"https:\/\/toys.lt\/lv\/produktas\/izglitojoso-spelu-komplekts-par-celu-satiksmes-drosibu-lteneeru\/#breadcrumb\",\"itemListElement\":[{\"@type\":\"ListItem\",\"position\":1,\"name\":\"Home\",\"item\":\"https:\/\/toys.lt\/lv\/\"},{\"@type\":\"ListItem\",\"position\":2,\"name\":\"Veikals\",\"item\":\"https:\/\/toys.lt\/lv\/shop\/\"},{\"@type\":\"ListItem\",\"position\":3,\"name\":\"Izgl\u012btojo\u0161o sp\u0113\u013cu komplekts par ce\u013cu satiksmes dro\u0161\u012bbu (LT+EN+EE+RU)\"}]},{\"@type\":\"WebSite\",\"@id\":\"https:\/\/toys.lt\/lv\/#website\",\"url\":\"https:\/\/toys.lt\/lv\/\",\"name\":\"Toys.lt\",\"description\":\"\",\"potentialAction\":[{\"@type\":\"SearchAction\",\"target\":{\"@type\":\"EntryPoint\",\"urlTemplate\":\"https:\/\/toys.lt\/lv\/?s={search_term_string}\"},\"query-input\":{\"@type\":\"PropertyValueSpecification\",\"valueRequired\":true,\"valueName\":\"search_term_string\"}}],\"inLanguage\":\"lv-LV\"}]}<\/script>\n<!-- \/ Yoast SEO plugin. -->","yoast_head_json":{"title":"Izgl\u012btojo\u0161o sp\u0113\u013cu komplekts par ce\u013cu satiksmes dro\u0161\u012bbu (LT+EN+EE+RU) - Toys.lt","robots":{"index":"index","follow":"follow","max-snippet":"max-snippet:-1","max-image-preview":"max-image-preview:large","max-video-preview":"max-video-preview:-1"},"canonical":"https:\/\/toys.lt\/lv\/produktas\/izglitojoso-spelu-komplekts-par-celu-satiksmes-drosibu-lteneeru\/","og_locale":"lv_LV","og_type":"article","og_title":"Izgl\u012btojo\u0161o sp\u0113\u013cu komplekts par ce\u013cu satiksmes dro\u0161\u012bbu (LT+EN+EE+RU) - Toys.lt","og_description":"Produkta veids: izgl\u012btojo\u0161s Z\u012bmola nosaukums: Clementoni Izcelsmes valsts: It\u0101lija Iepakojuma izm\u0113ri: 37,2 x 5 x 28,2 cm Ieteicamais vecums: no 7 gadiem.","og_url":"https:\/\/toys.lt\/lv\/produktas\/izglitojoso-spelu-komplekts-par-celu-satiksmes-drosibu-lteneeru\/","og_site_name":"Toys.lt","article_modified_time":"2026-04-09T00:02:35+00:00","og_image":[{"width":2397,"height":2139,"url":"https:\/\/toys.lt\/wp-content\/uploads\/2021\/04\/products-2024.jpg","type":"image\/jpeg"}],"twitter_card":"summary_large_image","twitter_misc":{"Est. reading time":"1 minute"},"schema":{"@context":"https:\/\/schema.org","@graph":[{"@type":"WebPage","@id":"https:\/\/toys.lt\/lv\/produktas\/izglitojoso-spelu-komplekts-par-celu-satiksmes-drosibu-lteneeru\/","url":"https:\/\/toys.lt\/lv\/produktas\/izglitojoso-spelu-komplekts-par-celu-satiksmes-drosibu-lteneeru\/","name":"Izgl\u012btojo\u0161o sp\u0113\u013cu komplekts par ce\u013cu satiksmes dro\u0161\u012bbu (LT+EN+EE+RU) - Toys.lt","isPartOf":{"@id":"https:\/\/toys.lt\/lv\/#website"},"primaryImageOfPage":{"@id":"https:\/\/toys.lt\/lv\/produktas\/izglitojoso-spelu-komplekts-par-celu-satiksmes-drosibu-lteneeru\/#primaryimage"},"image":{"@id":"https:\/\/toys.lt\/lv\/produktas\/izglitojoso-spelu-komplekts-par-celu-satiksmes-drosibu-lteneeru\/#primaryimage"},"thumbnailUrl":"https:\/\/toys.lt\/wp-content\/uploads\/2021\/04\/products-2024.jpg","datePublished":"2020-04-10T09:06:10+00:00","dateModified":"2026-04-09T00:02:35+00:00","breadcrumb":{"@id":"https:\/\/toys.lt\/lv\/produktas\/izglitojoso-spelu-komplekts-par-celu-satiksmes-drosibu-lteneeru\/#breadcrumb"},"inLanguage":"lv-LV","potentialAction":[{"@type":"ReadAction","target":["https:\/\/toys.lt\/lv\/produktas\/izglitojoso-spelu-komplekts-par-celu-satiksmes-drosibu-lteneeru\/"]}]},{"@type":"ImageObject","inLanguage":"lv-LV","@id":"https:\/\/toys.lt\/lv\/produktas\/izglitojoso-spelu-komplekts-par-celu-satiksmes-drosibu-lteneeru\/#primaryimage","url":"https:\/\/toys.lt\/wp-content\/uploads\/2021\/04\/products-2024.jpg","contentUrl":"https:\/\/toys.lt\/wp-content\/uploads\/2021\/04\/products-2024.jpg","width":2397,"height":2139,"caption":"\u017daidimo komplektas &#8220;Road Safety Education&#8221; (LT+LV+EE+RU)"},{"@type":"BreadcrumbList","@id":"https:\/\/toys.lt\/lv\/produktas\/izglitojoso-spelu-komplekts-par-celu-satiksmes-drosibu-lteneeru\/#breadcrumb","itemListElement":[{"@type":"ListItem","position":1,"name":"Home","item":"https:\/\/toys.lt\/lv\/"},{"@type":"ListItem","position":2,"name":"Veikals","item":"https:\/\/toys.lt\/lv\/shop\/"},{"@type":"ListItem","position":3,"name":"Izgl\u012btojo\u0161o sp\u0113\u013cu komplekts par ce\u013cu satiksmes dro\u0161\u012bbu (LT+EN+EE+RU)"}]},{"@type":"WebSite","@id":"https:\/\/toys.lt\/lv\/#website","url":"https:\/\/toys.lt\/lv\/","name":"Toys.lt","description":"","potentialAction":[{"@type":"SearchAction","target":{"@type":"EntryPoint","urlTemplate":"https:\/\/toys.lt\/lv\/?s={search_term_string}"},"query-input":{"@type":"PropertyValueSpecification","valueRequired":true,"valueName":"search_term_string"}}],"inLanguage":"lv-LV"}]}},"_links":{"self":[{"href":"https:\/\/toys.lt\/lv\/wp-json\/wp\/v2\/product\/42561","targetHints":{"allow":["GET"]}}],"collection":[{"href":"https:\/\/toys.lt\/lv\/wp-json\/wp\/v2\/product"}],"about":[{"href":"https:\/\/toys.lt\/lv\/wp-json\/wp\/v2\/types\/product"}],"replies":[{"embeddable":true,"href":"https:\/\/toys.lt\/lv\/wp-json\/wp\/v2\/comments?post=42561"}],"version-history":[{"count":1,"href":"https:\/\/toys.lt\/lv\/wp-json\/wp\/v2\/product\/42561\/revisions"}],"predecessor-version":[{"id":46320,"href":"https:\/\/toys.lt\/lv\/wp-json\/wp\/v2\/product\/42561\/revisions\/46320"}],"wp:featuredmedia":[{"embeddable":true,"href":"https:\/\/toys.lt\/lv\/wp-json\/wp\/v2\/media\/36582"}],"wp:attachment":[{"href":"https:\/\/toys.lt\/lv\/wp-json\/wp\/v2\/media?parent=42561"}],"wp:term":[{"taxonomy":"product_brand","embeddable":true,"href":"https:\/\/toys.lt\/lv\/wp-json\/wp\/v2\/product_brand?post=42561"},{"taxonomy":"product_cat","embeddable":true,"href":"https:\/\/toys.lt\/lv\/wp-json\/wp\/v2\/product_cat?post=42561"},{"taxonomy":"product_tag","embeddable":true,"href":"https:\/\/toys.lt\/lv\/wp-json\/wp\/v2\/product_tag?post=42561"}],"curies":[{"name":"wp","href":"https:\/\/api.w.org\/{rel}","templated":true}]}}