{"id":42560,"date":"2020-04-10T08:53:11","date_gmt":"2020-04-10T08:53:11","guid":{"rendered":"https:\/\/toys.lt\/produktas\/clementoni-interaktivais-dejojosais-hippo\/"},"modified":"2026-04-09T00:02:35","modified_gmt":"2026-04-09T00:02:35","slug":"clementoni-interaktivais-dejojosais-hippo","status":"publish","type":"product","link":"https:\/\/toys.lt\/lv\/produktas\/clementoni-interaktivais-dejojosais-hippo\/","title":{"rendered":"Clementoni Interakt\u012bvais dejojo\u0161ais Hippo"},"content":{"rendered":"<p class=\"MsoNormal\" align=\"center\" style=\"text-align:center\"><i><span style=\"font-size:8.5pt;font-family:Verdana, 'sans-serif';color:#000000\">Clementoni &#8211; dibin\u0101ts It\u0101lij\u0101 un veiksm\u012bgi darbojas jau vair\u0101k nek\u0101 50 gadus! Uz\u0146\u0113muma misija ir rad\u012bt sp\u0113les, kas pal\u012bdz b\u0113rniem augt.   <\/span><\/i><\/p>\n<\/p>\n<p class=\"MsoNormal\" align=\"center\" style=\"text-align:center\"><i><span style=\"font-size:8.5pt;font-family:Verdana, 'sans-serif';color:#000000\">Tas viss ir izstr\u0101d\u0101ts, lai apmierin\u0101tu jaunie\u0161u vajadz\u012bbas, \u0146emot v\u0113r\u0101 m\u016bsdienu tehnolo\u0123ijas un glob\u0101l\u0101s izgl\u012bt\u012bbas tendences.<\/span><\/i><\/p>\n<\/p>\n<\/p>\n<\/p>\n<\/p>\n<\/p>\n<\/p>\n<p><video width=\"300\" height=\"150\" controls=\"\"><\/video><\/p>\n<p><strong>Funkcijas:<\/strong><\/p>\n<ul style=\"list-style-type:square\">\n<li>run\u0101 un dzied tr\u012bs valod\u0101s: lietuvie\u0161u, latvie\u0161u un igau\u0146u.<\/li>\n<li>P\u0101rvietojieties uz s\u0101niem un klaig\u0101jiet<\/li>\n<li>Nospiediet vienu vai otru k\u0101ju, lai s\u0101ktu izdot dz\u012bvnieku ska\u0146as, nosaukt skait\u013cus un kr\u0101sas.<\/li>\n<li>Gaismas efekti<\/li>\n<li>M\u012bkstas rokas  <\/li>\n<li>Att\u012bsta sensoro, psihomotorisko, kognit\u012bvo un emocion\u0101lo att\u012bst\u012bbu.<\/li>\n<\/ul>\n<p>Dr\u012bzum\u0101 b\u016bs pieejams pla\u0161\u0101ks produkta apraksts.<\/p>\n<p>Lai ieg\u016btu vair\u0101k inform\u0101cijas par produktu, zvaniet pa lap\u0101 nor\u0101d\u012bto t\u0101lru\u0146a numuru.<\/p>\n","protected":false},"excerpt":{"rendered":"<\/p>\n<p>type=&#8221;video\/mp4&#8243;&gt;<\/p>\n<p>Preces veids: interakt\u012bv\u0101 rota\u013clieta<\/p>\n<p>Z\u012bmola nosaukums: Clementoni<\/p>\n<p>Izcelsmes valsts: It\u0101lija<\/p>\n<p>Iepakojuma izm\u0113ri: 24,5 x 14,5 x 30 cm<\/p>\n<p>Ieteicamais vecums: no 10 m\u0113ne\u0161iem<\/p>\n<p>Baterijas: 3 x AA (iek\u013cautas komplekt\u0101)<\/p>\n","protected":false},"featured_media":36580,"comment_status":"open","ping_status":"open","template":"","meta":[],"product_brand":[384],"product_cat":[1183,1157,1155],"product_tag":[],"class_list":{"0":"post-42560","1":"product","2":"type-product","3":"status-publish","4":"has-post-thumbnail","6":"product_brand-clementoni-2","7":"product_cat-rotallietas-maziem-berniem","8":"product_cat-izglitojosas-un-interaktivas-rotallietas","9":"product_cat-leti","10":"pa_amziaus-grupe-10-lv","11":"pa_prek-s-tipas-rotallietas-dazadam-spejam","12":"pa_prekes-zenklas-clementoni-lv","14":"first","15":"outofstock","16":"sale","17":"taxable","18":"shipping-taxable","19":"purchasable","20":"product-type-simple"},"yoast_head":"<!-- This site is optimized with the Yoast SEO plugin v26.3 - https:\/\/yoast.com\/wordpress\/plugins\/seo\/ -->\n<title>Clementoni Interakt\u012bvais dejojo\u0161ais Hippo - Toys.lt<\/title>\n<meta name=\"robots\" content=\"index, follow, max-snippet:-1, max-image-preview:large, max-video-preview:-1\" \/>\n<link rel=\"canonical\" href=\"https:\/\/toys.lt\/lv\/produktas\/clementoni-interaktivais-dejojosais-hippo\/\" \/>\n<meta property=\"og:locale\" content=\"lv_LV\" \/>\n<meta property=\"og:type\" content=\"article\" \/>\n<meta property=\"og:title\" content=\"Clementoni Interakt\u012bvais dejojo\u0161ais Hippo - Toys.lt\" \/>\n<meta property=\"og:description\" content=\"type=&quot;video\/mp4&quot;&gt; Preces veids: interakt\u012bv\u0101 rota\u013clieta Z\u012bmola nosaukums: Clementoni Izcelsmes valsts: It\u0101lija Iepakojuma izm\u0113ri: 24,5 x 14,5 x 30 cm Ieteicamais vecums: no 10 m\u0113ne\u0161iem Baterijas: 3 x AA (iek\u013cautas komplekt\u0101)\" \/>\n<meta property=\"og:url\" content=\"https:\/\/toys.lt\/lv\/produktas\/clementoni-interaktivais-dejojosais-hippo\/\" \/>\n<meta property=\"og:site_name\" content=\"Toys.lt\" \/>\n<meta property=\"article:modified_time\" content=\"2026-04-09T00:02:35+00:00\" \/>\n<meta property=\"og:image\" content=\"https:\/\/toys.lt\/wp-content\/uploads\/2020\/04\/products-452-scaled.jpg\" \/>\n\t<meta property=\"og:image:width\" content=\"2104\" \/>\n\t<meta property=\"og:image:height\" content=\"2560\" \/>\n\t<meta property=\"og:image:type\" content=\"image\/jpeg\" \/>\n<meta name=\"twitter:card\" content=\"summary_large_image\" \/>\n<meta name=\"twitter:label1\" content=\"Est. reading time\" \/>\n\t<meta name=\"twitter:data1\" content=\"1 minute\" \/>\n<script type=\"application\/ld+json\" class=\"yoast-schema-graph\">{\"@context\":\"https:\/\/schema.org\",\"@graph\":[{\"@type\":\"WebPage\",\"@id\":\"https:\/\/toys.lt\/lv\/produktas\/clementoni-interaktivais-dejojosais-hippo\/\",\"url\":\"https:\/\/toys.lt\/lv\/produktas\/clementoni-interaktivais-dejojosais-hippo\/\",\"name\":\"Clementoni Interakt\u012bvais dejojo\u0161ais Hippo - Toys.lt\",\"isPartOf\":{\"@id\":\"https:\/\/toys.lt\/lv\/#website\"},\"primaryImageOfPage\":{\"@id\":\"https:\/\/toys.lt\/lv\/produktas\/clementoni-interaktivais-dejojosais-hippo\/#primaryimage\"},\"image\":{\"@id\":\"https:\/\/toys.lt\/lv\/produktas\/clementoni-interaktivais-dejojosais-hippo\/#primaryimage\"},\"thumbnailUrl\":\"https:\/\/toys.lt\/wp-content\/uploads\/2020\/04\/products-452-scaled.jpg\",\"datePublished\":\"2020-04-10T08:53:11+00:00\",\"dateModified\":\"2026-04-09T00:02:35+00:00\",\"breadcrumb\":{\"@id\":\"https:\/\/toys.lt\/lv\/produktas\/clementoni-interaktivais-dejojosais-hippo\/#breadcrumb\"},\"inLanguage\":\"lv-LV\",\"potentialAction\":[{\"@type\":\"ReadAction\",\"target\":[\"https:\/\/toys.lt\/lv\/produktas\/clementoni-interaktivais-dejojosais-hippo\/\"]}]},{\"@type\":\"ImageObject\",\"inLanguage\":\"lv-LV\",\"@id\":\"https:\/\/toys.lt\/lv\/produktas\/clementoni-interaktivais-dejojosais-hippo\/#primaryimage\",\"url\":\"https:\/\/toys.lt\/wp-content\/uploads\/2020\/04\/products-452-scaled.jpg\",\"contentUrl\":\"https:\/\/toys.lt\/wp-content\/uploads\/2020\/04\/products-452-scaled.jpg\",\"width\":2104,\"height\":2560,\"caption\":\"Clementoni Interaktyvus \u0161okantis begemotukas\"},{\"@type\":\"BreadcrumbList\",\"@id\":\"https:\/\/toys.lt\/lv\/produktas\/clementoni-interaktivais-dejojosais-hippo\/#breadcrumb\",\"itemListElement\":[{\"@type\":\"ListItem\",\"position\":1,\"name\":\"Home\",\"item\":\"https:\/\/toys.lt\/lv\/\"},{\"@type\":\"ListItem\",\"position\":2,\"name\":\"Veikals\",\"item\":\"https:\/\/toys.lt\/lv\/shop\/\"},{\"@type\":\"ListItem\",\"position\":3,\"name\":\"Clementoni Interakt\u012bvais dejojo\u0161ais Hippo\"}]},{\"@type\":\"WebSite\",\"@id\":\"https:\/\/toys.lt\/lv\/#website\",\"url\":\"https:\/\/toys.lt\/lv\/\",\"name\":\"Toys.lt\",\"description\":\"\",\"potentialAction\":[{\"@type\":\"SearchAction\",\"target\":{\"@type\":\"EntryPoint\",\"urlTemplate\":\"https:\/\/toys.lt\/lv\/?s={search_term_string}\"},\"query-input\":{\"@type\":\"PropertyValueSpecification\",\"valueRequired\":true,\"valueName\":\"search_term_string\"}}],\"inLanguage\":\"lv-LV\"}]}<\/script>\n<!-- \/ Yoast SEO plugin. -->","yoast_head_json":{"title":"Clementoni Interakt\u012bvais dejojo\u0161ais Hippo - Toys.lt","robots":{"index":"index","follow":"follow","max-snippet":"max-snippet:-1","max-image-preview":"max-image-preview:large","max-video-preview":"max-video-preview:-1"},"canonical":"https:\/\/toys.lt\/lv\/produktas\/clementoni-interaktivais-dejojosais-hippo\/","og_locale":"lv_LV","og_type":"article","og_title":"Clementoni Interakt\u012bvais dejojo\u0161ais Hippo - Toys.lt","og_description":"type=\"video\/mp4\"&gt; Preces veids: interakt\u012bv\u0101 rota\u013clieta Z\u012bmola nosaukums: Clementoni Izcelsmes valsts: It\u0101lija Iepakojuma izm\u0113ri: 24,5 x 14,5 x 30 cm Ieteicamais vecums: no 10 m\u0113ne\u0161iem Baterijas: 3 x AA (iek\u013cautas komplekt\u0101)","og_url":"https:\/\/toys.lt\/lv\/produktas\/clementoni-interaktivais-dejojosais-hippo\/","og_site_name":"Toys.lt","article_modified_time":"2026-04-09T00:02:35+00:00","og_image":[{"width":2104,"height":2560,"url":"https:\/\/toys.lt\/wp-content\/uploads\/2020\/04\/products-452-scaled.jpg","type":"image\/jpeg"}],"twitter_card":"summary_large_image","twitter_misc":{"Est. reading time":"1 minute"},"schema":{"@context":"https:\/\/schema.org","@graph":[{"@type":"WebPage","@id":"https:\/\/toys.lt\/lv\/produktas\/clementoni-interaktivais-dejojosais-hippo\/","url":"https:\/\/toys.lt\/lv\/produktas\/clementoni-interaktivais-dejojosais-hippo\/","name":"Clementoni Interakt\u012bvais dejojo\u0161ais Hippo - Toys.lt","isPartOf":{"@id":"https:\/\/toys.lt\/lv\/#website"},"primaryImageOfPage":{"@id":"https:\/\/toys.lt\/lv\/produktas\/clementoni-interaktivais-dejojosais-hippo\/#primaryimage"},"image":{"@id":"https:\/\/toys.lt\/lv\/produktas\/clementoni-interaktivais-dejojosais-hippo\/#primaryimage"},"thumbnailUrl":"https:\/\/toys.lt\/wp-content\/uploads\/2020\/04\/products-452-scaled.jpg","datePublished":"2020-04-10T08:53:11+00:00","dateModified":"2026-04-09T00:02:35+00:00","breadcrumb":{"@id":"https:\/\/toys.lt\/lv\/produktas\/clementoni-interaktivais-dejojosais-hippo\/#breadcrumb"},"inLanguage":"lv-LV","potentialAction":[{"@type":"ReadAction","target":["https:\/\/toys.lt\/lv\/produktas\/clementoni-interaktivais-dejojosais-hippo\/"]}]},{"@type":"ImageObject","inLanguage":"lv-LV","@id":"https:\/\/toys.lt\/lv\/produktas\/clementoni-interaktivais-dejojosais-hippo\/#primaryimage","url":"https:\/\/toys.lt\/wp-content\/uploads\/2020\/04\/products-452-scaled.jpg","contentUrl":"https:\/\/toys.lt\/wp-content\/uploads\/2020\/04\/products-452-scaled.jpg","width":2104,"height":2560,"caption":"Clementoni Interaktyvus \u0161okantis begemotukas"},{"@type":"BreadcrumbList","@id":"https:\/\/toys.lt\/lv\/produktas\/clementoni-interaktivais-dejojosais-hippo\/#breadcrumb","itemListElement":[{"@type":"ListItem","position":1,"name":"Home","item":"https:\/\/toys.lt\/lv\/"},{"@type":"ListItem","position":2,"name":"Veikals","item":"https:\/\/toys.lt\/lv\/shop\/"},{"@type":"ListItem","position":3,"name":"Clementoni Interakt\u012bvais dejojo\u0161ais Hippo"}]},{"@type":"WebSite","@id":"https:\/\/toys.lt\/lv\/#website","url":"https:\/\/toys.lt\/lv\/","name":"Toys.lt","description":"","potentialAction":[{"@type":"SearchAction","target":{"@type":"EntryPoint","urlTemplate":"https:\/\/toys.lt\/lv\/?s={search_term_string}"},"query-input":{"@type":"PropertyValueSpecification","valueRequired":true,"valueName":"search_term_string"}}],"inLanguage":"lv-LV"}]}},"_links":{"self":[{"href":"https:\/\/toys.lt\/lv\/wp-json\/wp\/v2\/product\/42560","targetHints":{"allow":["GET"]}}],"collection":[{"href":"https:\/\/toys.lt\/lv\/wp-json\/wp\/v2\/product"}],"about":[{"href":"https:\/\/toys.lt\/lv\/wp-json\/wp\/v2\/types\/product"}],"replies":[{"embeddable":true,"href":"https:\/\/toys.lt\/lv\/wp-json\/wp\/v2\/comments?post=42560"}],"version-history":[{"count":1,"href":"https:\/\/toys.lt\/lv\/wp-json\/wp\/v2\/product\/42560\/revisions"}],"predecessor-version":[{"id":46319,"href":"https:\/\/toys.lt\/lv\/wp-json\/wp\/v2\/product\/42560\/revisions\/46319"}],"wp:featuredmedia":[{"embeddable":true,"href":"https:\/\/toys.lt\/lv\/wp-json\/wp\/v2\/media\/36580"}],"wp:attachment":[{"href":"https:\/\/toys.lt\/lv\/wp-json\/wp\/v2\/media?parent=42560"}],"wp:term":[{"taxonomy":"product_brand","embeddable":true,"href":"https:\/\/toys.lt\/lv\/wp-json\/wp\/v2\/product_brand?post=42560"},{"taxonomy":"product_cat","embeddable":true,"href":"https:\/\/toys.lt\/lv\/wp-json\/wp\/v2\/product_cat?post=42560"},{"taxonomy":"product_tag","embeddable":true,"href":"https:\/\/toys.lt\/lv\/wp-json\/wp\/v2\/product_tag?post=42560"}],"curies":[{"name":"wp","href":"https:\/\/api.w.org\/{rel}","templated":true}]}}