{"id":42526,"date":"2020-04-10T05:28:24","date_gmt":"2020-04-10T05:28:24","guid":{"rendered":"https:\/\/toys.lt\/produktas\/disney-baby-activity-train-rotalu-vilciens\/"},"modified":"2026-04-09T00:02:46","modified_gmt":"2026-04-09T00:02:46","slug":"disney-baby-activity-train-rotalu-vilciens","status":"publish","type":"product","link":"https:\/\/toys.lt\/lv\/produktas\/disney-baby-activity-train-rotalu-vilciens\/","title":{"rendered":"Disney Baby Activity Train rota\u013cu vilciens"},"content":{"rendered":"<p class=\"MsoNormal\" style=\"text-align: center;\" align=\"center\"><i><span style=\"font-size: 8.5pt; font-family: Verdana, 'sans-serif'; color: #000000;\">Clementoni &#8211; dibin\u0101ts It\u0101lij\u0101 un veiksm\u012bgi darbojas jau vair\u0101k nek\u0101 50 gadus! Uz\u0146\u0113muma misija ir rad\u012bt sp\u0113les, kas pal\u012bdz b\u0113rniem augt.   <\/span><\/i><\/p>\n<p class=\"MsoNormal\" style=\"text-align: center;\" align=\"center\"><i><span style=\"font-size: 8.5pt; font-family: Verdana, 'sans-serif'; color: #000000;\">Tas viss ir izstr\u0101d\u0101ts, lai apmierin\u0101tu jaunie\u0161u vajadz\u012bbas, \u0146emot v\u0113r\u0101 m\u016bsdienu tehnolo\u0123ijas un glob\u0101l\u0101s izgl\u012bt\u012bbas tendences.<\/span><\/i><\/p>\n<p><strong>Funkcijas:<\/strong><\/p>\n<ul style=\"list-style-type: square;\">\n<li>Kust\u012bgas deta\u013cas, rull\u012b\u0161i un zobrati, kas \u012bpa\u0161i izstr\u0101d\u0101ti, lai veicin\u0101tu mazu b\u0113rnu roku prasmes un izpratni par c\u0113lo\u0146iem un sek\u0101m.<\/li>\n<li>3 vagoni<\/li>\n<li>Stimul\u0113 roku un acu koordin\u0101ciju, c\u0113lo\u0146u un seku atpaz\u012b\u0161anu, motoriku, izt\u0113li un rado\u0161umu.<\/li>\n<\/ul>\n<p>&nbsp;<\/p>\n","protected":false},"excerpt":{"rendered":"<p>Produkta veids: izgl\u012btojo\u0161s<\/p>\n<p>Z\u012bmola nosaukums: Clementoni<\/p>\n<p>Izcelsmes valsts: It\u0101lija<\/p>\n<p>Ieteicamais vecums: no 10 m\u0113ne\u0161iem.<\/p>\n","protected":false},"featured_media":36541,"comment_status":"open","ping_status":"closed","template":"","meta":[],"product_brand":[384],"product_cat":[1183,1177,1157],"product_tag":[],"class_list":{"0":"post-42526","1":"product","2":"type-product","3":"status-publish","4":"has-post-thumbnail","6":"product_brand-clementoni-2","7":"product_cat-rotallietas-maziem-berniem","8":"product_cat-rotalu-automasinas-traktori-un-kapurkedes","9":"product_cat-izglitojosas-un-interaktivas-rotallietas","10":"pa_amziaus-grupe-10-lv","11":"pa_prek-s-tipas-rotallietas-dazadam-spejam","12":"pa_prekes-zenklas-clementoni-lv","14":"first","15":"instock","16":"sale","17":"taxable","18":"shipping-taxable","19":"purchasable","20":"product-type-simple"},"yoast_head":"<!-- This site is optimized with the Yoast SEO plugin v26.3 - https:\/\/yoast.com\/wordpress\/plugins\/seo\/ -->\n<title>Disney Baby Activity Train rota\u013cu vilciens - Toys.lt<\/title>\n<meta name=\"robots\" content=\"index, follow, max-snippet:-1, max-image-preview:large, max-video-preview:-1\" \/>\n<link rel=\"canonical\" href=\"https:\/\/toys.lt\/lv\/produktas\/disney-baby-activity-train-rotalu-vilciens\/\" \/>\n<meta property=\"og:locale\" content=\"lv_LV\" \/>\n<meta property=\"og:type\" content=\"article\" \/>\n<meta property=\"og:title\" content=\"Disney Baby Activity Train rota\u013cu vilciens - Toys.lt\" \/>\n<meta property=\"og:description\" content=\"Produkta veids: izgl\u012btojo\u0161s Z\u012bmola nosaukums: Clementoni Izcelsmes valsts: It\u0101lija Ieteicamais vecums: no 10 m\u0113ne\u0161iem.\" \/>\n<meta property=\"og:url\" content=\"https:\/\/toys.lt\/lv\/produktas\/disney-baby-activity-train-rotalu-vilciens\/\" \/>\n<meta property=\"og:site_name\" content=\"Toys.lt\" \/>\n<meta property=\"article:modified_time\" content=\"2026-04-09T00:02:46+00:00\" \/>\n<meta property=\"og:image\" content=\"https:\/\/toys.lt\/wp-content\/uploads\/2020\/04\/products-412.jpg\" \/>\n\t<meta property=\"og:image:width\" content=\"2550\" \/>\n\t<meta property=\"og:image:height\" content=\"1458\" \/>\n\t<meta property=\"og:image:type\" content=\"image\/jpeg\" \/>\n<meta name=\"twitter:card\" content=\"summary_large_image\" \/>\n<meta name=\"twitter:label1\" content=\"Est. reading time\" \/>\n\t<meta name=\"twitter:data1\" content=\"1 minute\" \/>\n<script type=\"application\/ld+json\" class=\"yoast-schema-graph\">{\"@context\":\"https:\/\/schema.org\",\"@graph\":[{\"@type\":\"WebPage\",\"@id\":\"https:\/\/toys.lt\/lv\/produktas\/disney-baby-activity-train-rotalu-vilciens\/\",\"url\":\"https:\/\/toys.lt\/lv\/produktas\/disney-baby-activity-train-rotalu-vilciens\/\",\"name\":\"Disney Baby Activity Train rota\u013cu vilciens - Toys.lt\",\"isPartOf\":{\"@id\":\"https:\/\/toys.lt\/lv\/#website\"},\"primaryImageOfPage\":{\"@id\":\"https:\/\/toys.lt\/lv\/produktas\/disney-baby-activity-train-rotalu-vilciens\/#primaryimage\"},\"image\":{\"@id\":\"https:\/\/toys.lt\/lv\/produktas\/disney-baby-activity-train-rotalu-vilciens\/#primaryimage\"},\"thumbnailUrl\":\"https:\/\/toys.lt\/wp-content\/uploads\/2020\/04\/products-412.jpg\",\"datePublished\":\"2020-04-10T05:28:24+00:00\",\"dateModified\":\"2026-04-09T00:02:46+00:00\",\"breadcrumb\":{\"@id\":\"https:\/\/toys.lt\/lv\/produktas\/disney-baby-activity-train-rotalu-vilciens\/#breadcrumb\"},\"inLanguage\":\"lv-LV\",\"potentialAction\":[{\"@type\":\"ReadAction\",\"target\":[\"https:\/\/toys.lt\/lv\/produktas\/disney-baby-activity-train-rotalu-vilciens\/\"]}]},{\"@type\":\"ImageObject\",\"inLanguage\":\"lv-LV\",\"@id\":\"https:\/\/toys.lt\/lv\/produktas\/disney-baby-activity-train-rotalu-vilciens\/#primaryimage\",\"url\":\"https:\/\/toys.lt\/wp-content\/uploads\/2020\/04\/products-412.jpg\",\"contentUrl\":\"https:\/\/toys.lt\/wp-content\/uploads\/2020\/04\/products-412.jpg\",\"width\":2550,\"height\":1458,\"caption\":\"\u017daislinis traukinukas &#8220;Disney Baby Activity Train&#8221;\"},{\"@type\":\"BreadcrumbList\",\"@id\":\"https:\/\/toys.lt\/lv\/produktas\/disney-baby-activity-train-rotalu-vilciens\/#breadcrumb\",\"itemListElement\":[{\"@type\":\"ListItem\",\"position\":1,\"name\":\"Home\",\"item\":\"https:\/\/toys.lt\/lv\/\"},{\"@type\":\"ListItem\",\"position\":2,\"name\":\"Veikals\",\"item\":\"https:\/\/toys.lt\/lv\/shop\/\"},{\"@type\":\"ListItem\",\"position\":3,\"name\":\"Disney Baby Activity Train rota\u013cu vilciens\"}]},{\"@type\":\"WebSite\",\"@id\":\"https:\/\/toys.lt\/lv\/#website\",\"url\":\"https:\/\/toys.lt\/lv\/\",\"name\":\"Toys.lt\",\"description\":\"\",\"potentialAction\":[{\"@type\":\"SearchAction\",\"target\":{\"@type\":\"EntryPoint\",\"urlTemplate\":\"https:\/\/toys.lt\/lv\/?s={search_term_string}\"},\"query-input\":{\"@type\":\"PropertyValueSpecification\",\"valueRequired\":true,\"valueName\":\"search_term_string\"}}],\"inLanguage\":\"lv-LV\"}]}<\/script>\n<!-- \/ Yoast SEO plugin. -->","yoast_head_json":{"title":"Disney Baby Activity Train rota\u013cu vilciens - Toys.lt","robots":{"index":"index","follow":"follow","max-snippet":"max-snippet:-1","max-image-preview":"max-image-preview:large","max-video-preview":"max-video-preview:-1"},"canonical":"https:\/\/toys.lt\/lv\/produktas\/disney-baby-activity-train-rotalu-vilciens\/","og_locale":"lv_LV","og_type":"article","og_title":"Disney Baby Activity Train rota\u013cu vilciens - Toys.lt","og_description":"Produkta veids: izgl\u012btojo\u0161s Z\u012bmola nosaukums: Clementoni Izcelsmes valsts: It\u0101lija Ieteicamais vecums: no 10 m\u0113ne\u0161iem.","og_url":"https:\/\/toys.lt\/lv\/produktas\/disney-baby-activity-train-rotalu-vilciens\/","og_site_name":"Toys.lt","article_modified_time":"2026-04-09T00:02:46+00:00","og_image":[{"width":2550,"height":1458,"url":"https:\/\/toys.lt\/wp-content\/uploads\/2020\/04\/products-412.jpg","type":"image\/jpeg"}],"twitter_card":"summary_large_image","twitter_misc":{"Est. reading time":"1 minute"},"schema":{"@context":"https:\/\/schema.org","@graph":[{"@type":"WebPage","@id":"https:\/\/toys.lt\/lv\/produktas\/disney-baby-activity-train-rotalu-vilciens\/","url":"https:\/\/toys.lt\/lv\/produktas\/disney-baby-activity-train-rotalu-vilciens\/","name":"Disney Baby Activity Train rota\u013cu vilciens - Toys.lt","isPartOf":{"@id":"https:\/\/toys.lt\/lv\/#website"},"primaryImageOfPage":{"@id":"https:\/\/toys.lt\/lv\/produktas\/disney-baby-activity-train-rotalu-vilciens\/#primaryimage"},"image":{"@id":"https:\/\/toys.lt\/lv\/produktas\/disney-baby-activity-train-rotalu-vilciens\/#primaryimage"},"thumbnailUrl":"https:\/\/toys.lt\/wp-content\/uploads\/2020\/04\/products-412.jpg","datePublished":"2020-04-10T05:28:24+00:00","dateModified":"2026-04-09T00:02:46+00:00","breadcrumb":{"@id":"https:\/\/toys.lt\/lv\/produktas\/disney-baby-activity-train-rotalu-vilciens\/#breadcrumb"},"inLanguage":"lv-LV","potentialAction":[{"@type":"ReadAction","target":["https:\/\/toys.lt\/lv\/produktas\/disney-baby-activity-train-rotalu-vilciens\/"]}]},{"@type":"ImageObject","inLanguage":"lv-LV","@id":"https:\/\/toys.lt\/lv\/produktas\/disney-baby-activity-train-rotalu-vilciens\/#primaryimage","url":"https:\/\/toys.lt\/wp-content\/uploads\/2020\/04\/products-412.jpg","contentUrl":"https:\/\/toys.lt\/wp-content\/uploads\/2020\/04\/products-412.jpg","width":2550,"height":1458,"caption":"\u017daislinis traukinukas &#8220;Disney Baby Activity Train&#8221;"},{"@type":"BreadcrumbList","@id":"https:\/\/toys.lt\/lv\/produktas\/disney-baby-activity-train-rotalu-vilciens\/#breadcrumb","itemListElement":[{"@type":"ListItem","position":1,"name":"Home","item":"https:\/\/toys.lt\/lv\/"},{"@type":"ListItem","position":2,"name":"Veikals","item":"https:\/\/toys.lt\/lv\/shop\/"},{"@type":"ListItem","position":3,"name":"Disney Baby Activity Train rota\u013cu vilciens"}]},{"@type":"WebSite","@id":"https:\/\/toys.lt\/lv\/#website","url":"https:\/\/toys.lt\/lv\/","name":"Toys.lt","description":"","potentialAction":[{"@type":"SearchAction","target":{"@type":"EntryPoint","urlTemplate":"https:\/\/toys.lt\/lv\/?s={search_term_string}"},"query-input":{"@type":"PropertyValueSpecification","valueRequired":true,"valueName":"search_term_string"}}],"inLanguage":"lv-LV"}]}},"_links":{"self":[{"href":"https:\/\/toys.lt\/lv\/wp-json\/wp\/v2\/product\/42526","targetHints":{"allow":["GET"]}}],"collection":[{"href":"https:\/\/toys.lt\/lv\/wp-json\/wp\/v2\/product"}],"about":[{"href":"https:\/\/toys.lt\/lv\/wp-json\/wp\/v2\/types\/product"}],"replies":[{"embeddable":true,"href":"https:\/\/toys.lt\/lv\/wp-json\/wp\/v2\/comments?post=42526"}],"version-history":[{"count":1,"href":"https:\/\/toys.lt\/lv\/wp-json\/wp\/v2\/product\/42526\/revisions"}],"predecessor-version":[{"id":46305,"href":"https:\/\/toys.lt\/lv\/wp-json\/wp\/v2\/product\/42526\/revisions\/46305"}],"wp:featuredmedia":[{"embeddable":true,"href":"https:\/\/toys.lt\/lv\/wp-json\/wp\/v2\/media\/36541"}],"wp:attachment":[{"href":"https:\/\/toys.lt\/lv\/wp-json\/wp\/v2\/media?parent=42526"}],"wp:term":[{"taxonomy":"product_brand","embeddable":true,"href":"https:\/\/toys.lt\/lv\/wp-json\/wp\/v2\/product_brand?post=42526"},{"taxonomy":"product_cat","embeddable":true,"href":"https:\/\/toys.lt\/lv\/wp-json\/wp\/v2\/product_cat?post=42526"},{"taxonomy":"product_tag","embeddable":true,"href":"https:\/\/toys.lt\/lv\/wp-json\/wp\/v2\/product_tag?post=42526"}],"curies":[{"name":"wp","href":"https:\/\/api.w.org\/{rel}","templated":true}]}}