{"id":42525,"date":"2020-04-10T04:52:40","date_gmt":"2020-04-10T04:52:40","guid":{"rendered":"https:\/\/toys.lt\/produktas\/konstruktors-bernu-kresls\/"},"modified":"2026-04-09T00:02:47","modified_gmt":"2026-04-09T00:02:47","slug":"konstruktors-bernu-kresls","status":"publish","type":"product","link":"https:\/\/toys.lt\/lv\/produktas\/konstruktors-bernu-kresls\/","title":{"rendered":"Konstruktors &#8211; B\u0113rnu kr\u0113sls"},"content":{"rendered":"<p class=\"MsoNormal\" align=\"center\" style=\"text-align:center;\"><i><span style=\"font-size:8.5pt;font-family:Verdana, 'sans-serif';color:#000000;\">Clementoni &#8211; dibin\u0101ts It\u0101lij\u0101 un veiksm\u012bgi darbojas jau vair\u0101k nek\u0101 50 gadus! Uz\u0146\u0113muma misija ir rad\u012bt sp\u0113les, kas pal\u012bdz b\u0113rniem augt.   <\/span><\/i><\/p>\n<p class=\"MsoNormal\" align=\"center\" style=\"text-align:center;\"><i><span style=\"font-size:8.5pt;font-family:Verdana, 'sans-serif';color:#000000;\">Tas viss ir izstr\u0101d\u0101ts, lai apmierin\u0101tu jaunie\u0161u vajadz\u012bbas, \u0146emot v\u0113r\u0101 m\u016bsdienu tehnolo\u0123ijas un glob\u0101l\u0101s izgl\u012bt\u012bbas tendences.<\/span><\/i><\/p>\n<p><strong>Funkcijas:<\/strong><\/p>\n<ul style=\"list-style-type:square;\">\n<li style=\"margin:0px;padding:0px;font:inherit;border:0px;\">10 m\u012bksti bloki, kas ir viegli savienojami un \u016bdensiztur\u012bgi<\/li>\n<li style=\"margin:0px;padding:0px;font:inherit;border:0px;\">Komplekt\u0101 iek\u013caut\u0101s viegli uzl\u012bm\u0113jam\u0101s uzl\u012bmes papildina s\u0113dekli ar ac\u012bm, muti un skaist\u0101m s\u0101nu deta\u013c\u0101m.<\/li>\n<li style=\"margin:0px;padding:0px;font:inherit;border:0px;\">S\u0113deklis ir viegli salok\u0101ms, kompakts un mobils.<\/li>\n<li style=\"margin:0px;padding:0px;font:inherit;border:0px;\">&#8220;Clemmy rota\u013clietas ir visdro\u0161\u0101k\u0101 dizaina, piem\u0113rotas pat pa\u0161iem maz\u0101kajiem b\u0113rniem, kuri var ar t\u0101m sp\u0113l\u0113ties, nerisk\u0113jot g\u016bt traumas.<\/li>\n<li style=\"margin:0px;padding:0px;font:inherit;border:0px;\">Dro\u0161a un sertific\u0113ta rota\u013clieta<\/li>\n<li style=\"margin:0px;padding:0px;font:inherit;border:0px;\">Stimul\u0113 ma\u0146u att\u012bst\u012bbu, izt\u0113li, smalk\u0101s motorikas prasmes.<\/li>\n<\/ul>\n<p>Dr\u012bzum\u0101 b\u016bs pieejams pla\u0161\u0101ks produkta apraksts.<\/p>\n<p>Lai ieg\u016btu vair\u0101k inform\u0101cijas par produktu, zvaniet pa lap\u0101 nor\u0101d\u012bto t\u0101lru\u0146a numuru.<\/p>\n","protected":false},"excerpt":{"rendered":"<p>Produkta veids: konstruktors<\/p>\n<p>Z\u012bmola nosaukums: Clementoni<\/p>\n<p>Izcelsmes valsts: It\u0101lija<\/p>\n<p>Ieteicamais vecums: no 10 m\u0113ne\u0161iem<\/p>\n","protected":false},"featured_media":36539,"comment_status":"open","ping_status":"open","template":"","meta":[],"product_brand":[384],"product_cat":[1183,1157,1158],"product_tag":[],"class_list":{"0":"post-42525","1":"product","2":"type-product","3":"status-publish","4":"has-post-thumbnail","6":"product_brand-clementoni-2","7":"product_cat-rotallietas-maziem-berniem","8":"product_cat-izglitojosas-un-interaktivas-rotallietas","9":"product_cat-konstruktori","10":"pa_amziaus-grupe-10-lv","11":"pa_prek-s-tipas-konstruktori-un-modulu-bloki","12":"pa_prekes-zenklas-clementoni-lv","14":"first","15":"outofstock","16":"taxable","17":"shipping-taxable","18":"purchasable","19":"product-type-simple"},"yoast_head":"<!-- This site is optimized with the Yoast SEO plugin v26.3 - https:\/\/yoast.com\/wordpress\/plugins\/seo\/ -->\n<title>Konstruktors - B\u0113rnu kr\u0113sls - Toys.lt<\/title>\n<meta name=\"robots\" content=\"index, follow, max-snippet:-1, max-image-preview:large, max-video-preview:-1\" \/>\n<link rel=\"canonical\" href=\"https:\/\/toys.lt\/lv\/produktas\/konstruktors-bernu-kresls\/\" \/>\n<meta property=\"og:locale\" content=\"lv_LV\" \/>\n<meta property=\"og:type\" content=\"article\" \/>\n<meta property=\"og:title\" content=\"Konstruktors - B\u0113rnu kr\u0113sls - Toys.lt\" \/>\n<meta property=\"og:description\" content=\"Produkta veids: konstruktors Z\u012bmola nosaukums: Clementoni Izcelsmes valsts: It\u0101lija Ieteicamais vecums: no 10 m\u0113ne\u0161iem\" \/>\n<meta property=\"og:url\" content=\"https:\/\/toys.lt\/lv\/produktas\/konstruktors-bernu-kresls\/\" \/>\n<meta property=\"og:site_name\" content=\"Toys.lt\" \/>\n<meta property=\"article:modified_time\" content=\"2026-04-09T00:02:47+00:00\" \/>\n<meta property=\"og:image\" content=\"https:\/\/toys.lt\/wp-content\/uploads\/2020\/04\/products-411-scaled.jpg\" \/>\n\t<meta property=\"og:image:width\" content=\"2560\" \/>\n\t<meta property=\"og:image:height\" content=\"1994\" \/>\n\t<meta property=\"og:image:type\" content=\"image\/jpeg\" \/>\n<meta name=\"twitter:card\" content=\"summary_large_image\" \/>\n<meta name=\"twitter:label1\" content=\"Est. reading time\" \/>\n\t<meta name=\"twitter:data1\" content=\"1 minute\" \/>\n<script type=\"application\/ld+json\" class=\"yoast-schema-graph\">{\"@context\":\"https:\/\/schema.org\",\"@graph\":[{\"@type\":\"WebPage\",\"@id\":\"https:\/\/toys.lt\/lv\/produktas\/konstruktors-bernu-kresls\/\",\"url\":\"https:\/\/toys.lt\/lv\/produktas\/konstruktors-bernu-kresls\/\",\"name\":\"Konstruktors - B\u0113rnu kr\u0113sls - Toys.lt\",\"isPartOf\":{\"@id\":\"https:\/\/toys.lt\/lv\/#website\"},\"primaryImageOfPage\":{\"@id\":\"https:\/\/toys.lt\/lv\/produktas\/konstruktors-bernu-kresls\/#primaryimage\"},\"image\":{\"@id\":\"https:\/\/toys.lt\/lv\/produktas\/konstruktors-bernu-kresls\/#primaryimage\"},\"thumbnailUrl\":\"https:\/\/toys.lt\/wp-content\/uploads\/2020\/04\/products-411-scaled.jpg\",\"datePublished\":\"2020-04-10T04:52:40+00:00\",\"dateModified\":\"2026-04-09T00:02:47+00:00\",\"breadcrumb\":{\"@id\":\"https:\/\/toys.lt\/lv\/produktas\/konstruktors-bernu-kresls\/#breadcrumb\"},\"inLanguage\":\"lv-LV\",\"potentialAction\":[{\"@type\":\"ReadAction\",\"target\":[\"https:\/\/toys.lt\/lv\/produktas\/konstruktors-bernu-kresls\/\"]}]},{\"@type\":\"ImageObject\",\"inLanguage\":\"lv-LV\",\"@id\":\"https:\/\/toys.lt\/lv\/produktas\/konstruktors-bernu-kresls\/#primaryimage\",\"url\":\"https:\/\/toys.lt\/wp-content\/uploads\/2020\/04\/products-411-scaled.jpg\",\"contentUrl\":\"https:\/\/toys.lt\/wp-content\/uploads\/2020\/04\/products-411-scaled.jpg\",\"width\":2560,\"height\":1994,\"caption\":\"Konstruktorius &#8211; k\u0117dut\u0117 &#8220;Baby Chair&#8221;\"},{\"@type\":\"BreadcrumbList\",\"@id\":\"https:\/\/toys.lt\/lv\/produktas\/konstruktors-bernu-kresls\/#breadcrumb\",\"itemListElement\":[{\"@type\":\"ListItem\",\"position\":1,\"name\":\"Home\",\"item\":\"https:\/\/toys.lt\/lv\/\"},{\"@type\":\"ListItem\",\"position\":2,\"name\":\"Veikals\",\"item\":\"https:\/\/toys.lt\/lv\/shop\/\"},{\"@type\":\"ListItem\",\"position\":3,\"name\":\"Konstruktors &#8211; B\u0113rnu kr\u0113sls\"}]},{\"@type\":\"WebSite\",\"@id\":\"https:\/\/toys.lt\/lv\/#website\",\"url\":\"https:\/\/toys.lt\/lv\/\",\"name\":\"Toys.lt\",\"description\":\"\",\"potentialAction\":[{\"@type\":\"SearchAction\",\"target\":{\"@type\":\"EntryPoint\",\"urlTemplate\":\"https:\/\/toys.lt\/lv\/?s={search_term_string}\"},\"query-input\":{\"@type\":\"PropertyValueSpecification\",\"valueRequired\":true,\"valueName\":\"search_term_string\"}}],\"inLanguage\":\"lv-LV\"}]}<\/script>\n<!-- \/ Yoast SEO plugin. -->","yoast_head_json":{"title":"Konstruktors - B\u0113rnu kr\u0113sls - Toys.lt","robots":{"index":"index","follow":"follow","max-snippet":"max-snippet:-1","max-image-preview":"max-image-preview:large","max-video-preview":"max-video-preview:-1"},"canonical":"https:\/\/toys.lt\/lv\/produktas\/konstruktors-bernu-kresls\/","og_locale":"lv_LV","og_type":"article","og_title":"Konstruktors - B\u0113rnu kr\u0113sls - Toys.lt","og_description":"Produkta veids: konstruktors Z\u012bmola nosaukums: Clementoni Izcelsmes valsts: It\u0101lija Ieteicamais vecums: no 10 m\u0113ne\u0161iem","og_url":"https:\/\/toys.lt\/lv\/produktas\/konstruktors-bernu-kresls\/","og_site_name":"Toys.lt","article_modified_time":"2026-04-09T00:02:47+00:00","og_image":[{"width":2560,"height":1994,"url":"https:\/\/toys.lt\/wp-content\/uploads\/2020\/04\/products-411-scaled.jpg","type":"image\/jpeg"}],"twitter_card":"summary_large_image","twitter_misc":{"Est. reading time":"1 minute"},"schema":{"@context":"https:\/\/schema.org","@graph":[{"@type":"WebPage","@id":"https:\/\/toys.lt\/lv\/produktas\/konstruktors-bernu-kresls\/","url":"https:\/\/toys.lt\/lv\/produktas\/konstruktors-bernu-kresls\/","name":"Konstruktors - B\u0113rnu kr\u0113sls - Toys.lt","isPartOf":{"@id":"https:\/\/toys.lt\/lv\/#website"},"primaryImageOfPage":{"@id":"https:\/\/toys.lt\/lv\/produktas\/konstruktors-bernu-kresls\/#primaryimage"},"image":{"@id":"https:\/\/toys.lt\/lv\/produktas\/konstruktors-bernu-kresls\/#primaryimage"},"thumbnailUrl":"https:\/\/toys.lt\/wp-content\/uploads\/2020\/04\/products-411-scaled.jpg","datePublished":"2020-04-10T04:52:40+00:00","dateModified":"2026-04-09T00:02:47+00:00","breadcrumb":{"@id":"https:\/\/toys.lt\/lv\/produktas\/konstruktors-bernu-kresls\/#breadcrumb"},"inLanguage":"lv-LV","potentialAction":[{"@type":"ReadAction","target":["https:\/\/toys.lt\/lv\/produktas\/konstruktors-bernu-kresls\/"]}]},{"@type":"ImageObject","inLanguage":"lv-LV","@id":"https:\/\/toys.lt\/lv\/produktas\/konstruktors-bernu-kresls\/#primaryimage","url":"https:\/\/toys.lt\/wp-content\/uploads\/2020\/04\/products-411-scaled.jpg","contentUrl":"https:\/\/toys.lt\/wp-content\/uploads\/2020\/04\/products-411-scaled.jpg","width":2560,"height":1994,"caption":"Konstruktorius &#8211; k\u0117dut\u0117 &#8220;Baby Chair&#8221;"},{"@type":"BreadcrumbList","@id":"https:\/\/toys.lt\/lv\/produktas\/konstruktors-bernu-kresls\/#breadcrumb","itemListElement":[{"@type":"ListItem","position":1,"name":"Home","item":"https:\/\/toys.lt\/lv\/"},{"@type":"ListItem","position":2,"name":"Veikals","item":"https:\/\/toys.lt\/lv\/shop\/"},{"@type":"ListItem","position":3,"name":"Konstruktors &#8211; B\u0113rnu kr\u0113sls"}]},{"@type":"WebSite","@id":"https:\/\/toys.lt\/lv\/#website","url":"https:\/\/toys.lt\/lv\/","name":"Toys.lt","description":"","potentialAction":[{"@type":"SearchAction","target":{"@type":"EntryPoint","urlTemplate":"https:\/\/toys.lt\/lv\/?s={search_term_string}"},"query-input":{"@type":"PropertyValueSpecification","valueRequired":true,"valueName":"search_term_string"}}],"inLanguage":"lv-LV"}]}},"_links":{"self":[{"href":"https:\/\/toys.lt\/lv\/wp-json\/wp\/v2\/product\/42525","targetHints":{"allow":["GET"]}}],"collection":[{"href":"https:\/\/toys.lt\/lv\/wp-json\/wp\/v2\/product"}],"about":[{"href":"https:\/\/toys.lt\/lv\/wp-json\/wp\/v2\/types\/product"}],"replies":[{"embeddable":true,"href":"https:\/\/toys.lt\/lv\/wp-json\/wp\/v2\/comments?post=42525"}],"version-history":[{"count":0,"href":"https:\/\/toys.lt\/lv\/wp-json\/wp\/v2\/product\/42525\/revisions"}],"wp:featuredmedia":[{"embeddable":true,"href":"https:\/\/toys.lt\/lv\/wp-json\/wp\/v2\/media\/36539"}],"wp:attachment":[{"href":"https:\/\/toys.lt\/lv\/wp-json\/wp\/v2\/media?parent=42525"}],"wp:term":[{"taxonomy":"product_brand","embeddable":true,"href":"https:\/\/toys.lt\/lv\/wp-json\/wp\/v2\/product_brand?post=42525"},{"taxonomy":"product_cat","embeddable":true,"href":"https:\/\/toys.lt\/lv\/wp-json\/wp\/v2\/product_cat?post=42525"},{"taxonomy":"product_tag","embeddable":true,"href":"https:\/\/toys.lt\/lv\/wp-json\/wp\/v2\/product_tag?post=42525"}],"curies":[{"name":"wp","href":"https:\/\/api.w.org\/{rel}","templated":true}]}}